{"id":2709,"date":"2018-04-23T15:39:21","date_gmt":"2018-04-23T15:39:21","guid":{"rendered":"https:\/\/agroturismesonllado.com\/appartements\/el-graner\/"},"modified":"2021-05-30T18:12:27","modified_gmt":"2021-05-30T18:12:27","slug":"el-graner","status":"publish","type":"page","link":"https:\/\/agroturismesonllado.com\/fr\/appartements\/el-graner\/","title":{"rendered":"El Graner"},"content":{"rendered":"<p><div class=\"fusion-fullwidth fullwidth-box fusion-builder-row-1 nonhundred-percent-fullwidth non-hundred-percent-height-scrolling\" style=\"--awb-border-radius-top-left:0px;--awb-border-radius-top-right:0px;--awb-border-radius-bottom-right:0px;--awb-border-radius-bottom-left:0px;--awb-flex-wrap:wrap;\" ><div class=\"fusion-builder-row fusion-row\"><div class=\"fusion-layout-column fusion_builder_column fusion-builder-column-0 fusion_builder_column_2_5 2_5 fusion-two-fifth fusion-column-first\" style=\"--awb-bg-size:cover;width:40%;width:calc(40% - ( ( 4% ) * 0.4 ) );margin-right: 4%;\"><div class=\"fusion-column-wrapper fusion-flex-column-wrapper-legacy\"><div class=\"fusion-title title fusion-title-1 fusion-sep-none fusion-title-text fusion-title-size-one\"><h1 class=\"fusion-title-heading title-heading-left\" style=\"margin:0;\">Maison Appartement de 2 chambres situ\u00e9 au premier \u00e9tage du b\u00e2timent principal, issu de la r\u00e9forme des granges, du cellier et de l&rsquo;ancien pigeonnier.<\/h1><\/div><div class=\"fusion-text fusion-text-1\"><h2>4 places. Admet un lit suppl\u00e9mentaire.<\/h2>\n<\/div><div class=\"fusion-clearfix\"><\/div><\/div><\/div><div class=\"fusion-layout-column fusion_builder_column fusion-builder-column-1 fusion_builder_column_3_5 3_5 fusion-three-fifth fusion-column-last\" style=\"--awb-bg-size:cover;width:60%;width:calc(60% - ( ( 4% ) * 0.6 ) );\"><div class=\"fusion-column-wrapper fusion-flex-column-wrapper-legacy\"><div class=\"fusion-tabs fusion-tabs-1 classic nav-is-justified horizontal-tabs icon-position-left mobile-mode-accordion\" style=\"--awb-title-border-radius-top-left:0px;--awb-title-border-radius-top-right:0px;--awb-title-border-radius-bottom-right:0px;--awb-title-border-radius-bottom-left:0px;--awb-inactive-color:#ebeaea;--awb-background-color:#ffffff;--awb-border-color:#ebeaea;--awb-active-border-color:#a0ce4e;\"><div class=\"nav\"><ul class=\"nav-tabs nav-justified\" role=\"tablist\"><li class=\"active\" role=\"presentation\"><a class=\"tab-link\" data-toggle=\"tab\" role=\"tab\" aria-controls=\"tab-feae238075a1390fe52\" aria-selected=\"true\" id=\"fusion-tab-distribution\" href=\"#tab-feae238075a1390fe52\"><h4 class=\"fusion-tab-heading\"><i class=\"fontawesome-icon fa-th-large fas\" aria-hidden=\"true\" style=\"font-size:13px;\"><\/i>Distribution<\/h4><\/a><\/li><li role=\"presentation\"><a class=\"tab-link\" data-toggle=\"tab\" role=\"tab\" aria-controls=\"tab-410b063e8b528c59f9c\" aria-selected=\"false\" tabindex=\"-1\" id=\"fusion-tab-\u00c9quipement\" href=\"#tab-410b063e8b528c59f9c\"><h4 class=\"fusion-tab-heading\"><i class=\"fontawesome-icon fa-list-alt far\" aria-hidden=\"true\" style=\"font-size:13px;\"><\/i>\u00c9quipement<\/h4><\/a><\/li><li role=\"presentation\"><a class=\"tab-link\" data-toggle=\"tab\" role=\"tab\" aria-controls=\"tab-30f283e696258bde0d0\" aria-selected=\"false\" tabindex=\"-1\" id=\"fusion-tab-autresd\u00e9tails\" href=\"#tab-30f283e696258bde0d0\"><h4 class=\"fusion-tab-heading\"><i class=\"fontawesome-icon fa-star fas\" aria-hidden=\"true\" style=\"font-size:13px;\"><\/i>Autres d\u00e9tails<\/h4><\/a><\/li><\/ul><\/div><div class=\"tab-content\"><div class=\"nav fusion-mobile-tab-nav\"><ul class=\"nav-tabs nav-justified\" role=\"tablist\"><li class=\"active\" role=\"presentation\"><a class=\"tab-link\" data-toggle=\"tab\" role=\"tab\" aria-controls=\"tab-feae238075a1390fe52\" aria-selected=\"true\" id=\"mobile-fusion-tab-distribution\" href=\"#tab-feae238075a1390fe52\"><h4 class=\"fusion-tab-heading\"><i class=\"fontawesome-icon fa-th-large fas\" aria-hidden=\"true\" style=\"font-size:13px;\"><\/i>Distribution<\/h4><\/a><\/li><\/ul><\/div><div class=\"tab-pane fade fusion-clearfix in active\" role=\"tabpanel\" tabindex=\"0\" aria-labelledby=\"fusion-tab-distribution\" id=\"tab-feae238075a1390fe52\">\n<ul>\n<li>2 chambres doubles<\/li>\n<li>2 salles de bain<\/li>\n<li>1 cuisine<\/li>\n<li>1 salon-salle \u00e0 manger<\/li>\n<li>1 terrasse priv\u00e9e<\/li>\n<li>Au total 85 m2 de logement + 20 m2 de terrasse priv\u00e9e<\/li>\n<\/ul>\n<\/div><div class=\"nav fusion-mobile-tab-nav\"><ul class=\"nav-tabs nav-justified\" role=\"tablist\"><li role=\"presentation\"><a class=\"tab-link\" data-toggle=\"tab\" role=\"tab\" aria-controls=\"tab-410b063e8b528c59f9c\" aria-selected=\"false\" tabindex=\"-1\" id=\"mobile-fusion-tab-\u00c9quipement\" href=\"#tab-410b063e8b528c59f9c\"><h4 class=\"fusion-tab-heading\"><i class=\"fontawesome-icon fa-list-alt far\" aria-hidden=\"true\" style=\"font-size:13px;\"><\/i>\u00c9quipement<\/h4><\/a><\/li><\/ul><\/div><div class=\"tab-pane fade fusion-clearfix\" role=\"tabpanel\" tabindex=\"0\" aria-labelledby=\"fusion-tab-\u00c9quipement\" id=\"tab-410b063e8b528c59f9c\">\n<ul>\n<li>Barbecue, four et buanderie communautaires<\/li>\n<li>Air conditionn\u00e9<\/li>\n<li>Chauffage central<\/li>\n<li>Po\u00eale \u00e0 bois<\/li>\n<li>R\u00e9frig\u00e9rateur, micro-ondes<\/li>\n<li>Cuisine vitroc\u00e9ramique<\/li>\n<li>Ustensiles de cuisine<\/li>\n<li>Linge de lit<\/li>\n<li>Serviettes (bain et piscine)<\/li>\n<li>Wi-Fi<\/li>\n<li>Smart TV<\/li>\n<\/ul>\n<\/div><div class=\"nav fusion-mobile-tab-nav\"><ul class=\"nav-tabs nav-justified\" role=\"tablist\"><li role=\"presentation\"><a class=\"tab-link\" data-toggle=\"tab\" role=\"tab\" aria-controls=\"tab-30f283e696258bde0d0\" aria-selected=\"false\" tabindex=\"-1\" id=\"mobile-fusion-tab-autresd\u00e9tails\" href=\"#tab-30f283e696258bde0d0\"><h4 class=\"fusion-tab-heading\"><i class=\"fontawesome-icon fa-star fas\" aria-hidden=\"true\" style=\"font-size:13px;\"><\/i>Autres d\u00e9tails<\/h4><\/a><\/li><\/ul><\/div><div class=\"tab-pane fade fusion-clearfix\" role=\"tabpanel\" tabindex=\"0\" aria-labelledby=\"fusion-tab-autresd\u00e9tails\" id=\"tab-30f283e696258bde0d0\">\n<p>Vues sur les jardins, l&rsquo;\u00e9comus\u00e9e et les champs environnants. Menuiserie en bois de qualit\u00e9 sup\u00e9rieure, style rustique. Volets en aluminium. Lit double de 180 \u00d7 200 cm avec t\u00eate de lit en bois sculpt\u00e9. Lits simples 90x190cm.<\/p>\n<\/div><\/div><\/div><div class=\"fusion-aligncenter\"><a class=\"fusion-button button-flat button-large button-default fusion-button-default button-1 fusion-button-default-span fusion-button-default-type\" target=\"_self\" href=\"http:\/\/www.agroturismesonllado.com\/fr\/reserves\"><i class=\"fa-calendar-alt fas button-icon-left\" aria-hidden=\"true\"><\/i><span class=\"fusion-button-text\">V\u00e9rifier la disponibilit\u00e9<\/span><\/a><\/div><div class=\"fusion-clearfix\"><\/div><\/div><\/div><\/div><\/div><div class=\"fusion-fullwidth fullwidth-box fusion-builder-row-2 nonhundred-percent-fullwidth non-hundred-percent-height-scrolling\" style=\"--awb-border-radius-top-left:0px;--awb-border-radius-top-right:0px;--awb-border-radius-bottom-right:0px;--awb-border-radius-bottom-left:0px;--awb-flex-wrap:wrap;\" ><div class=\"fusion-builder-row fusion-row\"><div class=\"fusion-layout-column fusion_builder_column fusion-builder-column-2 fusion_builder_column_1_1 1_1 fusion-one-full fusion-column-first fusion-column-last\" style=\"--awb-bg-size:cover;--awb-margin-bottom:0px;\"><div class=\"fusion-column-wrapper fusion-flex-column-wrapper-legacy\"><div class=\"fusion-text fusion-text-2\"><h2>Vous pouvez ici faire une visite virtuelle de notre appartement:<\/h2>\n<\/div><iframe src=\"https:\/\/www.google.com\/maps\/embed?pb=!4v1595324979704!6m8!1m7!1sCAoSLEFGMVFpcE93ZHZoWmNFRjAwQjRXdzZlamJlTXd3ZTd5T2Z0MUFyV29QZ2Fa!2m2!1d39.4007301748882!2d3.008504884572232!3f309.0856481945603!4f-24.531123224164602!5f0.7820865974627469\" width=\"600\" height=\"450\" frameborder=\"0\" style=\"border:0;\" allowfullscreen=\"\" aria-hidden=\"false\" tabindex=\"0\"><\/iframe><div class=\"fusion-clearfix\"><\/div><\/div><\/div><\/div><\/div><\/p>\n","protected":false},"excerpt":{"rendered":"","protected":false},"author":1,"featured_media":2219,"parent":2509,"menu_order":0,"comment_status":"closed","ping_status":"closed","template":"","meta":{"footnotes":""},"class_list":["post-2709","page","type-page","status-publish","has-post-thumbnail","hentry"],"_links":{"self":[{"href":"https:\/\/agroturismesonllado.com\/fr\/wp-json\/wp\/v2\/pages\/2709","targetHints":{"allow":["GET"]}}],"collection":[{"href":"https:\/\/agroturismesonllado.com\/fr\/wp-json\/wp\/v2\/pages"}],"about":[{"href":"https:\/\/agroturismesonllado.com\/fr\/wp-json\/wp\/v2\/types\/page"}],"author":[{"embeddable":true,"href":"https:\/\/agroturismesonllado.com\/fr\/wp-json\/wp\/v2\/users\/1"}],"replies":[{"embeddable":true,"href":"https:\/\/agroturismesonllado.com\/fr\/wp-json\/wp\/v2\/comments?post=2709"}],"version-history":[{"count":2,"href":"https:\/\/agroturismesonllado.com\/fr\/wp-json\/wp\/v2\/pages\/2709\/revisions"}],"predecessor-version":[{"id":2715,"href":"https:\/\/agroturismesonllado.com\/fr\/wp-json\/wp\/v2\/pages\/2709\/revisions\/2715"}],"up":[{"embeddable":true,"href":"https:\/\/agroturismesonllado.com\/fr\/wp-json\/wp\/v2\/pages\/2509"}],"wp:featuredmedia":[{"embeddable":true,"href":"https:\/\/agroturismesonllado.com\/fr\/wp-json\/wp\/v2\/media\/2219"}],"wp:attachment":[{"href":"https:\/\/agroturismesonllado.com\/fr\/wp-json\/wp\/v2\/media?parent=2709"}],"curies":[{"name":"wp","href":"https:\/\/api.w.org\/{rel}","templated":true}]}}