{"id":2660,"date":"2018-04-23T15:40:37","date_gmt":"2018-04-23T15:40:37","guid":{"rendered":"https:\/\/agroturismesonllado.com\/appartements\/la-volta\/"},"modified":"2021-05-28T16:58:44","modified_gmt":"2021-05-28T16:58:44","slug":"la-volta","status":"publish","type":"page","link":"https:\/\/agroturismesonllado.com\/fr\/appartements\/la-volta\/","title":{"rendered":"La Volta"},"content":{"rendered":"<p><div class=\"fusion-fullwidth fullwidth-box fusion-builder-row-1 nonhundred-percent-fullwidth non-hundred-percent-height-scrolling\" style=\"--awb-border-radius-top-left:0px;--awb-border-radius-top-right:0px;--awb-border-radius-bottom-right:0px;--awb-border-radius-bottom-left:0px;--awb-flex-wrap:wrap;\" ><div class=\"fusion-builder-row fusion-row\"><div class=\"fusion-layout-column fusion_builder_column fusion-builder-column-0 fusion_builder_column_2_5 2_5 fusion-two-fifth fusion-column-first\" style=\"--awb-bg-size:cover;width:40%;width:calc(40% - ( ( 4% ) * 0.4 ) );margin-right: 4%;\"><div class=\"fusion-column-wrapper fusion-flex-column-wrapper-legacy\"><div class=\"fusion-title title fusion-title-1 fusion-sep-none fusion-title-text fusion-title-size-one\"><h1 class=\"fusion-title-heading title-heading-left\" style=\"margin:0;\">Maison Appartement rural situ\u00e9 au rez-de-chauss\u00e9e du b\u00e2timent principal, issu de la r\u00e9forme de l&rsquo;ancien chalet \/ maison priv\u00e9e du Seigneur ou du propri\u00e9taire de la ferme. Le mot Volta, dont il tire son nom, d\u00e9finit un type particulier de plafond existant dans la chambre, construit avec des morceaux de gr\u00e8s formant une vo\u00fbte, en l&rsquo;occurrence quatre points.<\/h1><\/div><div class=\"fusion-text fusion-text-1\"><h2>Id\u00e9al pour 2 personnes. Possibilit\u00e9 \u00e9galement de s\u00e9journer avec 2 enfants.<\/h2>\n<\/div><div class=\"fusion-clearfix\"><\/div><\/div><\/div><div class=\"fusion-layout-column fusion_builder_column fusion-builder-column-1 fusion_builder_column_3_5 3_5 fusion-three-fifth fusion-column-last\" style=\"--awb-bg-size:cover;width:60%;width:calc(60% - ( ( 4% ) * 0.6 ) );\"><div class=\"fusion-column-wrapper fusion-flex-column-wrapper-legacy\"><div class=\"fusion-tabs fusion-tabs-1 classic nav-is-justified horizontal-tabs icon-position-left mobile-mode-accordion\" style=\"--awb-title-border-radius-top-left:0px;--awb-title-border-radius-top-right:0px;--awb-title-border-radius-bottom-right:0px;--awb-title-border-radius-bottom-left:0px;--awb-inactive-color:#ebeaea;--awb-background-color:#ffffff;--awb-border-color:#ebeaea;--awb-active-border-color:#a0ce4e;\"><div class=\"nav\"><ul class=\"nav-tabs nav-justified\" role=\"tablist\"><li class=\"active\" role=\"presentation\"><a class=\"tab-link\" data-toggle=\"tab\" role=\"tab\" aria-controls=\"tab-f224d84c92850d389a3\" aria-selected=\"true\" id=\"fusion-tab-distribution\" href=\"#tab-f224d84c92850d389a3\"><h4 class=\"fusion-tab-heading\"><i class=\"fontawesome-icon fa fa-th-large\" aria-hidden=\"true\" style=\"font-size:13px;\"><\/i>Distribution<\/h4><\/a><\/li><li role=\"presentation\"><a class=\"tab-link\" data-toggle=\"tab\" role=\"tab\" aria-controls=\"tab-0c1657316bffd5db466\" aria-selected=\"false\" tabindex=\"-1\" id=\"fusion-tab-\u00c9quipement\" href=\"#tab-0c1657316bffd5db466\"><h4 class=\"fusion-tab-heading\"><i class=\"fontawesome-icon fa-list-alt far\" aria-hidden=\"true\" style=\"font-size:13px;\"><\/i>\u00c9quipement<\/h4><\/a><\/li><li role=\"presentation\"><a class=\"tab-link\" data-toggle=\"tab\" role=\"tab\" aria-controls=\"tab-e4ff49197096e803398\" aria-selected=\"false\" tabindex=\"-1\" id=\"fusion-tab-autresd\u00e9tails\" href=\"#tab-e4ff49197096e803398\"><h4 class=\"fusion-tab-heading\"><i class=\"fontawesome-icon fa fa-star\" aria-hidden=\"true\" style=\"font-size:13px;\"><\/i>Autres d\u00e9tails<\/h4><\/a><\/li><\/ul><\/div><div class=\"tab-content\"><div class=\"nav fusion-mobile-tab-nav\"><ul class=\"nav-tabs nav-justified\" role=\"tablist\"><li class=\"active\" role=\"presentation\"><a class=\"tab-link\" data-toggle=\"tab\" role=\"tab\" aria-controls=\"tab-f224d84c92850d389a3\" aria-selected=\"true\" id=\"mobile-fusion-tab-distribution\" href=\"#tab-f224d84c92850d389a3\"><h4 class=\"fusion-tab-heading\"><i class=\"fontawesome-icon fa fa-th-large\" aria-hidden=\"true\" style=\"font-size:13px;\"><\/i>Distribution<\/h4><\/a><\/li><\/ul><\/div><div class=\"tab-pane fade fusion-clearfix in active\" role=\"tabpanel\" tabindex=\"0\" aria-labelledby=\"fusion-tab-distribution\" id=\"tab-f224d84c92850d389a3\">\n<ul>\n<li>1 chambre double + 1 mezzanine avec 2 lits simples<\/li>\n<li>1 salle de bain<\/li>\n<li>1 cuisine<\/li>\n<li>1 Salon-Salle \u00e0 manger<\/li>\n<li>1 terrasse priv\u00e9e<\/li>\n<li>Au total 48 m2 de logement + 40 m2 de terrasse priv\u00e9e<\/li>\n<li>Entr\u00e9e ind\u00e9pendante<\/li>\n<\/ul>\n<\/div><div class=\"nav fusion-mobile-tab-nav\"><ul class=\"nav-tabs nav-justified\" role=\"tablist\"><li role=\"presentation\"><a class=\"tab-link\" data-toggle=\"tab\" role=\"tab\" aria-controls=\"tab-0c1657316bffd5db466\" aria-selected=\"false\" tabindex=\"-1\" id=\"mobile-fusion-tab-\u00c9quipement\" href=\"#tab-0c1657316bffd5db466\"><h4 class=\"fusion-tab-heading\"><i class=\"fontawesome-icon fa-list-alt far\" aria-hidden=\"true\" style=\"font-size:13px;\"><\/i>\u00c9quipement<\/h4><\/a><\/li><\/ul><\/div><div class=\"tab-pane fade fusion-clearfix\" role=\"tabpanel\" tabindex=\"0\" aria-labelledby=\"fusion-tab-\u00c9quipement\" id=\"tab-0c1657316bffd5db466\">\n<ul>\n<li>Climatisation<\/li>\n<li>Chauffage central<\/li>\n<li>Po\u00eale \u00e0 bois<\/li>\n<li>Cuisine vitroc\u00e9ramique<\/li>\n<li>Frigo<\/li>\n<li>Blanchisserie communautaire<\/li>\n<li>Ustensiles de cuisine<\/li>\n<li>Linge de maison<\/li>\n<li>Serviettes (bain et piscine)<\/li>\n<li>Wifi<\/li>\n<li>Smart TV<\/li>\n<li>Barbecue communautaire<\/li>\n<\/ul>\n<\/div><div class=\"nav fusion-mobile-tab-nav\"><ul class=\"nav-tabs nav-justified\" role=\"tablist\"><li role=\"presentation\"><a class=\"tab-link\" data-toggle=\"tab\" role=\"tab\" aria-controls=\"tab-e4ff49197096e803398\" aria-selected=\"false\" tabindex=\"-1\" id=\"mobile-fusion-tab-autresd\u00e9tails\" href=\"#tab-e4ff49197096e803398\"><h4 class=\"fusion-tab-heading\"><i class=\"fontawesome-icon fa fa-star\" aria-hidden=\"true\" style=\"font-size:13px;\"><\/i>Autres d\u00e9tails<\/h4><\/a><\/li><\/ul><\/div><div class=\"tab-pane fade fusion-clearfix\" role=\"tabpanel\" tabindex=\"0\" aria-labelledby=\"fusion-tab-autresd\u00e9tails\" id=\"tab-e4ff49197096e803398\">\n<p>Vue sur les jardins, les champs avant et sur le c\u00f4t\u00e9 gauche la tour de d\u00e9fense de Son Llad\u00f3 Vell datant du XIIIe si\u00e8cle. Boiseries haut de gamme, style rustique. Lit double de 180 \u00d7 200 cm, avec t\u00eate de lit en fer forg\u00e9. Plafond de la chambre principale form\u00e9e par une vo\u00fbte en gr\u00e8s du XVIIe si\u00e8cle.<\/p>\n<\/div><\/div><\/div><div class=\"fusion-aligncenter\"><a class=\"fusion-button button-flat button-large button-default fusion-button-default button-1 fusion-button-default-span fusion-button-default-type\" target=\"_self\" href=\"http:\/\/www.agroturismesonllado.com\/fr\/reserves\/\"><i class=\"fa-calendar-alt fas button-icon-left\" aria-hidden=\"true\"><\/i><span class=\"fusion-button-text\">R\u00e9server maintenant<\/span><\/a><\/div><div class=\"fusion-clearfix\"><\/div><\/div><\/div><\/div><\/div><div class=\"fusion-fullwidth fullwidth-box fusion-builder-row-2 nonhundred-percent-fullwidth non-hundred-percent-height-scrolling\" style=\"--awb-border-radius-top-left:0px;--awb-border-radius-top-right:0px;--awb-border-radius-bottom-right:0px;--awb-border-radius-bottom-left:0px;--awb-flex-wrap:wrap;\" ><div class=\"fusion-builder-row fusion-row\"><div class=\"fusion-layout-column fusion_builder_column fusion-builder-column-2 fusion_builder_column_1_1 1_1 fusion-one-full fusion-column-first fusion-column-last\" style=\"--awb-bg-size:cover;--awb-margin-bottom:0px;\"><div class=\"fusion-column-wrapper fusion-flex-column-wrapper-legacy\"><div class=\"fusion-text fusion-text-2\"><h2>Vous pouvez ici faire une visite virtuelle de notre h\u00e9bergement:<\/h2>\n<\/div><iframe src=\"https:\/\/www.google.com\/maps\/embed?pb=!4v1594742618142!6m8!1m7!1sCAoSLEFGMVFpcFBhUFdHMzBTZFlwV180UmlsNkNITjR5c3FMOGM1OElBaDNqQVVX!2m2!1d39.40085984256008!2d3.008726013624101!3f47.49172436138474!4f-7.337532935957029!5f0.7820865974627469\" width=\"600\" height=\"450\" frameborder=\"0\" style=\"border:0;\" allowfullscreen=\"\" aria-hidden=\"false\" tabindex=\"0\"><\/iframe><div class=\"fusion-clearfix\"><\/div><\/div><\/div><\/div><\/div><\/p>\n","protected":false},"excerpt":{"rendered":"","protected":false},"author":1,"featured_media":2203,"parent":2509,"menu_order":0,"comment_status":"closed","ping_status":"closed","template":"","meta":{"footnotes":""},"class_list":["post-2660","page","type-page","status-publish","has-post-thumbnail","hentry"],"_links":{"self":[{"href":"https:\/\/agroturismesonllado.com\/fr\/wp-json\/wp\/v2\/pages\/2660","targetHints":{"allow":["GET"]}}],"collection":[{"href":"https:\/\/agroturismesonllado.com\/fr\/wp-json\/wp\/v2\/pages"}],"about":[{"href":"https:\/\/agroturismesonllado.com\/fr\/wp-json\/wp\/v2\/types\/page"}],"author":[{"embeddable":true,"href":"https:\/\/agroturismesonllado.com\/fr\/wp-json\/wp\/v2\/users\/1"}],"replies":[{"embeddable":true,"href":"https:\/\/agroturismesonllado.com\/fr\/wp-json\/wp\/v2\/comments?post=2660"}],"version-history":[{"count":3,"href":"https:\/\/agroturismesonllado.com\/fr\/wp-json\/wp\/v2\/pages\/2660\/revisions"}],"predecessor-version":[{"id":2664,"href":"https:\/\/agroturismesonllado.com\/fr\/wp-json\/wp\/v2\/pages\/2660\/revisions\/2664"}],"up":[{"embeddable":true,"href":"https:\/\/agroturismesonllado.com\/fr\/wp-json\/wp\/v2\/pages\/2509"}],"wp:featuredmedia":[{"embeddable":true,"href":"https:\/\/agroturismesonllado.com\/fr\/wp-json\/wp\/v2\/media\/2203"}],"wp:attachment":[{"href":"https:\/\/agroturismesonllado.com\/fr\/wp-json\/wp\/v2\/media?parent=2660"}],"curies":[{"name":"wp","href":"https:\/\/api.w.org\/{rel}","templated":true}]}}