{"id":2605,"date":"2018-04-23T15:39:51","date_gmt":"2018-04-23T15:39:51","guid":{"rendered":"https:\/\/agroturismesonllado.com\/appartements\/el-porxo\/"},"modified":"2021-05-27T20:28:28","modified_gmt":"2021-05-27T20:28:28","slug":"el-porxo","status":"publish","type":"page","link":"https:\/\/agroturismesonllado.com\/fr\/appartements\/el-porxo\/","title":{"rendered":"El Porxo"},"content":{"rendered":"<p><div class=\"fusion-fullwidth fullwidth-box fusion-builder-row-1 nonhundred-percent-fullwidth non-hundred-percent-height-scrolling\" style=\"--awb-border-radius-top-left:0px;--awb-border-radius-top-right:0px;--awb-border-radius-bottom-right:0px;--awb-border-radius-bottom-left:0px;--awb-flex-wrap:wrap;\" ><div class=\"fusion-builder-row fusion-row\"><div class=\"fusion-layout-column fusion_builder_column fusion-builder-column-0 fusion_builder_column_2_5 2_5 fusion-two-fifth fusion-column-first\" style=\"--awb-bg-size:cover;width:40%;width:calc(40% - ( ( 4% ) * 0.4 ) );margin-right: 4%;\"><div class=\"fusion-column-wrapper fusion-flex-column-wrapper-legacy\"><div class=\"fusion-title title fusion-title-1 fusion-sep-none fusion-title-text fusion-title-size-one\"><h1 class=\"fusion-title-heading title-heading-left\" style=\"margin:0;\">Maison rurale ind\u00e9pendante, situ\u00e9e \u00e0 60 m\u00e8tres du b\u00e2timent principal. Sur un \u00e9tage, il dispose de 3 chambres. Issu de la r\u00e9forme de l&rsquo;ancienne grange et entrep\u00f4t agricole de la ferme.<\/h1><\/div><div class=\"fusion-text fusion-text-1\"><h2>Capacit\u00e9 pour 6 personnes. Installations adapt\u00e9es aux personnes handicap\u00e9es.<\/h2>\n<\/div><div class=\"fusion-clearfix\"><\/div><\/div><\/div><div class=\"fusion-layout-column fusion_builder_column fusion-builder-column-1 fusion_builder_column_3_5 3_5 fusion-three-fifth fusion-column-last\" style=\"--awb-bg-size:cover;width:60%;width:calc(60% - ( ( 4% ) * 0.6 ) );\"><div class=\"fusion-column-wrapper fusion-flex-column-wrapper-legacy\"><div class=\"fusion-tabs fusion-tabs-1 classic nav-is-justified horizontal-tabs icon-position-left mobile-mode-accordion\" style=\"--awb-title-border-radius-top-left:0px;--awb-title-border-radius-top-right:0px;--awb-title-border-radius-bottom-right:0px;--awb-title-border-radius-bottom-left:0px;--awb-inactive-color:#ebeaea;--awb-background-color:#ffffff;--awb-border-color:#ebeaea;--awb-active-border-color:#a0ce4e;\"><div class=\"nav\"><ul class=\"nav-tabs nav-justified\" role=\"tablist\"><li class=\"active\" role=\"presentation\"><a class=\"tab-link\" data-toggle=\"tab\" role=\"tab\" aria-controls=\"tab-562c272bbb5cbd34527\" aria-selected=\"true\" id=\"fusion-tab-distribution\" href=\"#tab-562c272bbb5cbd34527\"><h4 class=\"fusion-tab-heading\"><i class=\"fontawesome-icon fa-th-large fas\" aria-hidden=\"true\" style=\"font-size:13px;\"><\/i>Distribution<\/h4><\/a><\/li><li role=\"presentation\"><a class=\"tab-link\" data-toggle=\"tab\" role=\"tab\" aria-controls=\"tab-34086ea6c9814ecccaf\" aria-selected=\"false\" tabindex=\"-1\" id=\"fusion-tab-\u00c9quipement\" href=\"#tab-34086ea6c9814ecccaf\"><h4 class=\"fusion-tab-heading\"><i class=\"fontawesome-icon fa-list-alt far\" aria-hidden=\"true\" style=\"font-size:13px;\"><\/i>\u00c9quipement<\/h4><\/a><\/li><li role=\"presentation\"><a class=\"tab-link\" data-toggle=\"tab\" role=\"tab\" aria-controls=\"tab-a5945d1791254ceb5fa\" aria-selected=\"false\" tabindex=\"-1\" id=\"fusion-tab-autresd\u00e9tails\" href=\"#tab-a5945d1791254ceb5fa\"><h4 class=\"fusion-tab-heading\"><i class=\"fontawesome-icon fa-star fas\" aria-hidden=\"true\" style=\"font-size:13px;\"><\/i>Autres d\u00e9tails<\/h4><\/a><\/li><\/ul><\/div><div class=\"tab-content\"><div class=\"nav fusion-mobile-tab-nav\"><ul class=\"nav-tabs nav-justified\" role=\"tablist\"><li class=\"active\" role=\"presentation\"><a class=\"tab-link\" data-toggle=\"tab\" role=\"tab\" aria-controls=\"tab-562c272bbb5cbd34527\" aria-selected=\"true\" id=\"mobile-fusion-tab-distribution\" href=\"#tab-562c272bbb5cbd34527\"><h4 class=\"fusion-tab-heading\"><i class=\"fontawesome-icon fa-th-large fas\" aria-hidden=\"true\" style=\"font-size:13px;\"><\/i>Distribution<\/h4><\/a><\/li><\/ul><\/div><div class=\"tab-pane fade fusion-clearfix in active\" role=\"tabpanel\" tabindex=\"0\" aria-labelledby=\"fusion-tab-distribution\" id=\"tab-562c272bbb5cbd34527\">\n<ul>\n<li>3 chambres doubles<\/li>\n<li>2 salles de bain<\/li>\n<li>1 cuisine<\/li>\n<li>1 salon &#8211; salle \u00e0 manger<\/li>\n<li>1 d\u00e9barras &#8211; buanderie<\/li>\n<li>1 terrasse couverte priv\u00e9e<\/li>\n<li>1 barbecue priv\u00e9<\/li>\n<li>Au total 120 m2 de logement + 30 m2 de terrasse priv\u00e9e couverte + 30 m2 de terrasse priv\u00e9e ouverte<\/li>\n<\/ul>\n<\/div><div class=\"nav fusion-mobile-tab-nav\"><ul class=\"nav-tabs nav-justified\" role=\"tablist\"><li role=\"presentation\"><a class=\"tab-link\" data-toggle=\"tab\" role=\"tab\" aria-controls=\"tab-34086ea6c9814ecccaf\" aria-selected=\"false\" tabindex=\"-1\" id=\"mobile-fusion-tab-\u00c9quipement\" href=\"#tab-34086ea6c9814ecccaf\"><h4 class=\"fusion-tab-heading\"><i class=\"fontawesome-icon fa-list-alt far\" aria-hidden=\"true\" style=\"font-size:13px;\"><\/i>\u00c9quipement<\/h4><\/a><\/li><\/ul><\/div><div class=\"tab-pane fade fusion-clearfix\" role=\"tabpanel\" tabindex=\"0\" aria-labelledby=\"fusion-tab-\u00c9quipement\" id=\"tab-34086ea6c9814ecccaf\">\n<ul>\n<li>Air conditionn\u00e9<\/li>\n<li>Bombe de chaleur<\/li>\n<li>Po\u00eale \u00e0 bois<\/li>\n<li>Ventilateurs de plafond dans les chambres<\/li>\n<li>Plaque vitroc\u00e9ramique, four<\/li>\n<li>Ustensiles de cuisine<\/li>\n<li>R\u00e9frig\u00e9rateur, lave-vaisselle<\/li>\n<li>Machine \u00e0 laver<\/li>\n<li>Smart TV<\/li>\n<li>Wifi (Internet est fourni avec la fibre optique)<\/li>\n<\/ul>\n<\/div><div class=\"nav fusion-mobile-tab-nav\"><ul class=\"nav-tabs nav-justified\" role=\"tablist\"><li role=\"presentation\"><a class=\"tab-link\" data-toggle=\"tab\" role=\"tab\" aria-controls=\"tab-a5945d1791254ceb5fa\" aria-selected=\"false\" tabindex=\"-1\" id=\"mobile-fusion-tab-autresd\u00e9tails\" href=\"#tab-a5945d1791254ceb5fa\"><h4 class=\"fusion-tab-heading\"><i class=\"fontawesome-icon fa-star fas\" aria-hidden=\"true\" style=\"font-size:13px;\"><\/i>Autres d\u00e9tails<\/h4><\/a><\/li><\/ul><\/div><div class=\"tab-pane fade fusion-clearfix\" role=\"tabpanel\" tabindex=\"0\" aria-labelledby=\"fusion-tab-autresd\u00e9tails\" id=\"tab-a5945d1791254ceb5fa\">\n<p>Vues sur les jardins et les champs. Portes int\u00e9rieures en menuiserie en bois rustique de premi\u00e8re qualit\u00e9. Fen\u00eatres en PVC et volets en aluminium. Lits doubles de 180 \u00d7 200 cm. Lits simples 90 \u00d7 200 cm. Couverture ventil\u00e9e. Faux plafond dans le salon, le hall, la salle \u00e0 manger et la chambre principale compos\u00e9e d&rsquo;une vo\u00fbte en berceau pl\u00e2tr\u00e9e.<\/p>\n<\/div><\/div><\/div><div class=\"fusion-aligncenter\"><a class=\"fusion-button button-flat button-large button-default fusion-button-default button-1 fusion-button-default-span fusion-button-default-type\" target=\"_self\" href=\"https:\/\/agroturismesonllado.com\/fr\/reserves\/\"><i class=\"fa-calendar-alt fas button-icon-left\" aria-hidden=\"true\"><\/i><span class=\"fusion-button-text\">V\u00e9rifier la disponibilit\u00e9<\/span><\/a><\/div><div class=\"fusion-clearfix\"><\/div><\/div><\/div><\/div><\/div><div class=\"fusion-fullwidth fullwidth-box fusion-builder-row-2 nonhundred-percent-fullwidth non-hundred-percent-height-scrolling\" style=\"--awb-border-radius-top-left:0px;--awb-border-radius-top-right:0px;--awb-border-radius-bottom-right:0px;--awb-border-radius-bottom-left:0px;--awb-flex-wrap:wrap;\" ><div class=\"fusion-builder-row fusion-row\"><div class=\"fusion-layout-column fusion_builder_column fusion-builder-column-2 fusion_builder_column_1_1 1_1 fusion-one-full fusion-column-first fusion-column-last\" style=\"--awb-bg-size:cover;--awb-margin-bottom:0px;\"><div class=\"fusion-column-wrapper fusion-flex-column-wrapper-legacy\"><div class=\"fusion-text fusion-text-2\"><h2>Ici, vous pouvez faire une visite virtuelle de cet h\u00e9bergement:<\/h2>\n<\/div><iframe src=\"https:\/\/www.google.com\/maps\/embed?pb=!4v1594215156396!6m8!1m7!1sCAoSLEFGMVFpcE5vNWdzWG50U01VbFcwN0Z2M21MZHRNWW9mSTdhTVhQd0N2dUhT!2m2!1d39.40068809389503!2d3.007889447820631!3f34.494790827912794!4f-14.654985259242835!5f0.7820865974627469\" width=\"600\" height=\"450\" frameborder=\"0\" style=\"border:0;\" allowfullscreen=\"\" aria-hidden=\"false\" tabindex=\"0\"><\/iframe><div class=\"fusion-clearfix\"><\/div><\/div><\/div><\/div><\/div><\/p>\n","protected":false},"excerpt":{"rendered":"","protected":false},"author":1,"featured_media":2107,"parent":2509,"menu_order":0,"comment_status":"closed","ping_status":"closed","template":"","meta":{"footnotes":""},"class_list":["post-2605","page","type-page","status-publish","has-post-thumbnail","hentry"],"_links":{"self":[{"href":"https:\/\/agroturismesonllado.com\/fr\/wp-json\/wp\/v2\/pages\/2605","targetHints":{"allow":["GET"]}}],"collection":[{"href":"https:\/\/agroturismesonllado.com\/fr\/wp-json\/wp\/v2\/pages"}],"about":[{"href":"https:\/\/agroturismesonllado.com\/fr\/wp-json\/wp\/v2\/types\/page"}],"author":[{"embeddable":true,"href":"https:\/\/agroturismesonllado.com\/fr\/wp-json\/wp\/v2\/users\/1"}],"replies":[{"embeddable":true,"href":"https:\/\/agroturismesonllado.com\/fr\/wp-json\/wp\/v2\/comments?post=2605"}],"version-history":[{"count":3,"href":"https:\/\/agroturismesonllado.com\/fr\/wp-json\/wp\/v2\/pages\/2605\/revisions"}],"predecessor-version":[{"id":2609,"href":"https:\/\/agroturismesonllado.com\/fr\/wp-json\/wp\/v2\/pages\/2605\/revisions\/2609"}],"up":[{"embeddable":true,"href":"https:\/\/agroturismesonllado.com\/fr\/wp-json\/wp\/v2\/pages\/2509"}],"wp:featuredmedia":[{"embeddable":true,"href":"https:\/\/agroturismesonllado.com\/fr\/wp-json\/wp\/v2\/media\/2107"}],"wp:attachment":[{"href":"https:\/\/agroturismesonllado.com\/fr\/wp-json\/wp\/v2\/media?parent=2605"}],"curies":[{"name":"wp","href":"https:\/\/api.w.org\/{rel}","templated":true}]}}