{"id":2593,"date":"2021-05-27T19:33:50","date_gmt":"2021-05-27T19:33:50","guid":{"rendered":"https:\/\/agroturismesonllado.com\/appartements\/bovera\/"},"modified":"2021-05-30T12:26:41","modified_gmt":"2021-05-30T12:26:41","slug":"bovera","status":"publish","type":"page","link":"https:\/\/agroturismesonllado.com\/fr\/appartements\/bovera\/","title":{"rendered":"Bovera"},"content":{"rendered":"<p><div class=\"fusion-fullwidth fullwidth-box fusion-builder-row-1 nonhundred-percent-fullwidth non-hundred-percent-height-scrolling\" style=\"--awb-border-radius-top-left:0px;--awb-border-radius-top-right:0px;--awb-border-radius-bottom-right:0px;--awb-border-radius-bottom-left:0px;--awb-flex-wrap:wrap;\" ><div class=\"fusion-builder-row fusion-row\"><div class=\"fusion-layout-column fusion_builder_column fusion-builder-column-0 fusion_builder_column_2_5 2_5 fusion-two-fifth fusion-column-first\" style=\"--awb-bg-size:cover;width:40%;width:calc(40% - ( ( 4% ) * 0.4 ) );margin-right: 4%;\"><div class=\"fusion-column-wrapper fusion-flex-column-wrapper-legacy\"><div class=\"fusion-title title fusion-title-1 fusion-sep-none fusion-title-text fusion-title-size-one\"><h1 class=\"fusion-title-heading title-heading-left\" style=\"margin:0;\">Maison rurale-Villa avec 2 chambres situ\u00e9e dans l&rsquo;ancien b\u00e2timent o\u00f9 les vaches \u00e9taient traites (Bovera \u00e0 Majorque). Le b\u00e2timent est isol\u00e9, avec un jardin autour et \u00e0 c\u00f4t\u00e9 de la piscine et dispose de 2 terrasses priv\u00e9es.<\/h1><\/div><div class=\"fusion-text fusion-text-1\"><h2>4 places. Admet un lit suppl\u00e9mentaire.<\/h2>\n<\/div><div class=\"fusion-clearfix\"><\/div><\/div><\/div><div class=\"fusion-layout-column fusion_builder_column fusion-builder-column-1 fusion_builder_column_3_5 3_5 fusion-three-fifth fusion-column-last\" style=\"--awb-bg-size:cover;width:60%;width:calc(60% - ( ( 4% ) * 0.6 ) );\"><div class=\"fusion-column-wrapper fusion-flex-column-wrapper-legacy\"><div class=\"fusion-tabs fusion-tabs-1 classic nav-is-justified horizontal-tabs icon-position-left mobile-mode-accordion\" style=\"--awb-title-border-radius-top-left:0px;--awb-title-border-radius-top-right:0px;--awb-title-border-radius-bottom-right:0px;--awb-title-border-radius-bottom-left:0px;--awb-inactive-color:#ebeaea;--awb-background-color:#ffffff;--awb-border-color:#ebeaea;--awb-active-border-color:#a0ce4e;\"><div class=\"nav\"><ul class=\"nav-tabs nav-justified\" role=\"tablist\"><li class=\"active\" role=\"presentation\"><a class=\"tab-link\" data-toggle=\"tab\" role=\"tab\" aria-controls=\"tab-3ca3651d37b58336e33\" aria-selected=\"true\" id=\"fusion-tab-distribution\" href=\"#tab-3ca3651d37b58336e33\"><h4 class=\"fusion-tab-heading\"><i class=\"fontawesome-icon fa-th-large fas\" aria-hidden=\"true\" style=\"font-size:13px;\"><\/i>Distribution<\/h4><\/a><\/li><li role=\"presentation\"><a class=\"tab-link\" data-toggle=\"tab\" role=\"tab\" aria-controls=\"tab-7777e08039a76af5c8e\" aria-selected=\"false\" tabindex=\"-1\" id=\"fusion-tab-\u00c9quipement\" href=\"#tab-7777e08039a76af5c8e\"><h4 class=\"fusion-tab-heading\"><i class=\"fontawesome-icon fa-list-alt far\" aria-hidden=\"true\" style=\"font-size:13px;\"><\/i>\u00c9quipement<\/h4><\/a><\/li><li role=\"presentation\"><a class=\"tab-link\" data-toggle=\"tab\" role=\"tab\" aria-controls=\"tab-c52f2e476da570d8cc9\" aria-selected=\"false\" tabindex=\"-1\" id=\"fusion-tab-detalles\" href=\"#tab-c52f2e476da570d8cc9\"><h4 class=\"fusion-tab-heading\"><i class=\"fontawesome-icon fa-star fas\" aria-hidden=\"true\" style=\"font-size:13px;\"><\/i>Detalles<\/h4><\/a><\/li><\/ul><\/div><div class=\"tab-content\"><div class=\"nav fusion-mobile-tab-nav\"><ul class=\"nav-tabs nav-justified\" role=\"tablist\"><li class=\"active\" role=\"presentation\"><a class=\"tab-link\" data-toggle=\"tab\" role=\"tab\" aria-controls=\"tab-3ca3651d37b58336e33\" aria-selected=\"true\" id=\"mobile-fusion-tab-distribution\" href=\"#tab-3ca3651d37b58336e33\"><h4 class=\"fusion-tab-heading\"><i class=\"fontawesome-icon fa-th-large fas\" aria-hidden=\"true\" style=\"font-size:13px;\"><\/i>Distribution<\/h4><\/a><\/li><\/ul><\/div><div class=\"tab-pane fade fusion-clearfix in active\" role=\"tabpanel\" tabindex=\"0\" aria-labelledby=\"fusion-tab-distribution\" id=\"tab-3ca3651d37b58336e33\">\n<ul>\n<li>2 chambres doubles<\/li>\n<li>2 salles de bain<\/li>\n<li>1 cuisine<\/li>\n<li>1 salon-salle \u00e0 manger<\/li>\n<li>2 terrasses priv\u00e9es<\/li>\n<li>Au total 85 m2 de logements + 40 m2 de terrasses priv\u00e9es<\/li>\n<\/ul>\n<\/div><div class=\"nav fusion-mobile-tab-nav\"><ul class=\"nav-tabs nav-justified\" role=\"tablist\"><li role=\"presentation\"><a class=\"tab-link\" data-toggle=\"tab\" role=\"tab\" aria-controls=\"tab-7777e08039a76af5c8e\" aria-selected=\"false\" tabindex=\"-1\" id=\"mobile-fusion-tab-\u00c9quipement\" href=\"#tab-7777e08039a76af5c8e\"><h4 class=\"fusion-tab-heading\"><i class=\"fontawesome-icon fa-list-alt far\" aria-hidden=\"true\" style=\"font-size:13px;\"><\/i>\u00c9quipement<\/h4><\/a><\/li><\/ul><\/div><div class=\"tab-pane fade fusion-clearfix\" role=\"tabpanel\" tabindex=\"0\" aria-labelledby=\"fusion-tab-\u00c9quipement\" id=\"tab-7777e08039a76af5c8e\">\n<ul>\n<li>Barbecue four et communautaires<\/li>\n<li>Air conditionn\u00e9 dans le salon<\/li>\n<li>Ventilateur de plafond dans les chambres<\/li>\n<li>Chauffage central<\/li>\n<li>Po\u00eale \u00e0 bois<\/li>\n<li>Cuisine vitroc\u00e9ramique<\/li>\n<li>R\u00e9frig\u00e9rateur,  micro-ondes et lave-vaisselle<\/li>\n<li>Ustensiles de cuisine<\/li>\n<li>Linge de lit<\/li>\n<li>Serviettes (bain et piscine)<\/li>\n<li>Machine \u00e0 laver<\/li>\n<li>Wi-Fi<\/li>\n<li>Smart TV<\/li>\n<\/ul>\n<\/div><div class=\"nav fusion-mobile-tab-nav\"><ul class=\"nav-tabs nav-justified\" role=\"tablist\"><li role=\"presentation\"><a class=\"tab-link\" data-toggle=\"tab\" role=\"tab\" aria-controls=\"tab-c52f2e476da570d8cc9\" aria-selected=\"false\" tabindex=\"-1\" id=\"mobile-fusion-tab-detalles\" href=\"#tab-c52f2e476da570d8cc9\"><h4 class=\"fusion-tab-heading\"><i class=\"fontawesome-icon fa-star fas\" aria-hidden=\"true\" style=\"font-size:13px;\"><\/i>Detalles<\/h4><\/a><\/li><\/ul><\/div><div class=\"tab-pane fade fusion-clearfix\" role=\"tabpanel\" tabindex=\"0\" aria-labelledby=\"fusion-tab-detalles\" id=\"tab-c52f2e476da570d8cc9\">\n<p>Vues sur les jardins et les champs environnants. Menuiserie de qualit\u00e9 sup\u00e9rieure et style rustique. Lit double 180x200cm avec t\u00eate de lit en fer forg\u00e9. Lits simples 90x190cm. Murs de ma\u00eetre en gr\u00e8s de 25 cm d&rsquo;\u00e9paisseur et toit ventil\u00e9 avec isolation, ce qui rend l&rsquo;utilisation de la climatisation presque inutile en \u00e9t\u00e9. Vues spectaculaires sur le coucher du soleil.<\/p>\n<\/div><\/div><\/div><div class=\"fusion-aligncenter\"><a class=\"fusion-button button-flat button-large button-default fusion-button-default button-1 fusion-button-default-span fusion-button-default-type\" target=\"_self\" href=\"https:\/\/agroturismesonllado.com\/fr\/reserves\/\"><i class=\"fa-calendar-alt fas button-icon-left\" aria-hidden=\"true\"><\/i><span class=\"fusion-button-text\">VOIR LES DISPONIBILIT\u00c9S<\/span><\/a><\/div><div class=\"fusion-clearfix\"><\/div><\/div><\/div><\/div><\/div><div class=\"fusion-fullwidth fullwidth-box fusion-builder-row-2 nonhundred-percent-fullwidth non-hundred-percent-height-scrolling\" style=\"--awb-border-radius-top-left:0px;--awb-border-radius-top-right:0px;--awb-border-radius-bottom-right:0px;--awb-border-radius-bottom-left:0px;--awb-flex-wrap:wrap;\" ><div class=\"fusion-builder-row fusion-row\"><div class=\"fusion-layout-column fusion_builder_column fusion-builder-column-2 fusion_builder_column_1_1 1_1 fusion-one-full fusion-column-first fusion-column-last\" style=\"--awb-bg-size:cover;--awb-margin-bottom:0px;\"><div class=\"fusion-column-wrapper fusion-flex-column-wrapper-legacy\"><div class=\"fusion-text fusion-text-2\"><h2>Vous pouvez ici faire une visite virtuelle de notre appartement:<\/h2>\n<\/div><iframe src=\"https:\/\/www.google.com\/maps\/embed?pb=!4v1594742999056!6m8!1m7!1sCAoSLEFGMVFpcE1UWjlnZXRDckFkMmEwb3NicmEzQ0t0SzVDaFduaGlZMW1vNHEy!2m2!1d39.40033200382357!2d3.008009937345308!3f172.06004379957784!4f-1.5449707806495212!5f0.7820865974627469\" width=\"600\" height=\"450\" frameborder=\"0\" style=\"border:0;\" allowfullscreen=\"\" aria-hidden=\"false\" tabindex=\"0\"><\/iframe><div class=\"fusion-clearfix\"><\/div><\/div><\/div><\/div><\/div><\/p>\n","protected":false},"excerpt":{"rendered":"","protected":false},"author":1,"featured_media":2075,"parent":2509,"menu_order":0,"comment_status":"closed","ping_status":"closed","template":"","meta":{"footnotes":""},"class_list":["post-2593","page","type-page","status-publish","has-post-thumbnail","hentry"],"_links":{"self":[{"href":"https:\/\/agroturismesonllado.com\/fr\/wp-json\/wp\/v2\/pages\/2593","targetHints":{"allow":["GET"]}}],"collection":[{"href":"https:\/\/agroturismesonllado.com\/fr\/wp-json\/wp\/v2\/pages"}],"about":[{"href":"https:\/\/agroturismesonllado.com\/fr\/wp-json\/wp\/v2\/types\/page"}],"author":[{"embeddable":true,"href":"https:\/\/agroturismesonllado.com\/fr\/wp-json\/wp\/v2\/users\/1"}],"replies":[{"embeddable":true,"href":"https:\/\/agroturismesonllado.com\/fr\/wp-json\/wp\/v2\/comments?post=2593"}],"version-history":[{"count":5,"href":"https:\/\/agroturismesonllado.com\/fr\/wp-json\/wp\/v2\/pages\/2593\/revisions"}],"predecessor-version":[{"id":2697,"href":"https:\/\/agroturismesonllado.com\/fr\/wp-json\/wp\/v2\/pages\/2593\/revisions\/2697"}],"up":[{"embeddable":true,"href":"https:\/\/agroturismesonllado.com\/fr\/wp-json\/wp\/v2\/pages\/2509"}],"wp:featuredmedia":[{"embeddable":true,"href":"https:\/\/agroturismesonllado.com\/fr\/wp-json\/wp\/v2\/media\/2075"}],"wp:attachment":[{"href":"https:\/\/agroturismesonllado.com\/fr\/wp-json\/wp\/v2\/media?parent=2593"}],"curies":[{"name":"wp","href":"https:\/\/api.w.org\/{rel}","templated":true}]}}