{"id":2507,"date":"2021-05-26T19:48:32","date_gmt":"2021-05-26T19:48:32","guid":{"rendered":"https:\/\/agroturismesonllado.com\/about-the-property\/"},"modified":"2021-05-28T16:40:34","modified_gmt":"2021-05-28T16:40:34","slug":"a-propos-de-la-ferme","status":"publish","type":"page","link":"https:\/\/agroturismesonllado.com\/fr\/a-propos-de-la-ferme\/","title":{"rendered":"\u00c0 propos de la ferme"},"content":{"rendered":"<p><div class=\"fusion-fullwidth fullwidth-box fusion-builder-row-1 nonhundred-percent-fullwidth non-hundred-percent-height-scrolling\" style=\"--awb-border-radius-top-left:0px;--awb-border-radius-top-right:0px;--awb-border-radius-bottom-right:0px;--awb-border-radius-bottom-left:0px;--awb-flex-wrap:wrap;\" ><div class=\"fusion-builder-row fusion-row\"><div class=\"fusion-layout-column fusion_builder_column fusion-builder-column-0 fusion_builder_column_1_1 1_1 fusion-one-full fusion-column-first fusion-column-last\" style=\"--awb-bg-size:cover;\"><div class=\"fusion-column-wrapper fusion-flex-column-wrapper-legacy\"><div class=\"fusion-title title fusion-title-1 fusion-sep-none fusion-title-text fusion-title-size-one\"><h1 class=\"fusion-title-heading title-heading-left\" style=\"margin:0;\">\u00c0 Son Llad\u00f3, vous ne vous ennuierez pas. Nous vous proposons diff\u00e9rentes activit\u00e9s et services pour que vous et votre famille profitiez de vos vacances.<\/h1><\/div><div class=\"fusion-clearfix\"><\/div><\/div><\/div><\/div><\/div><div class=\"fusion-fullwidth fullwidth-box fusion-builder-row-2 nonhundred-percent-fullwidth non-hundred-percent-height-scrolling\" style=\"--awb-border-radius-top-left:0px;--awb-border-radius-top-right:0px;--awb-border-radius-bottom-right:0px;--awb-border-radius-bottom-left:0px;--awb-flex-wrap:wrap;\" ><div class=\"fusion-builder-row fusion-row\"><div class=\"fusion-layout-column fusion_builder_column fusion-builder-column-1 fusion_builder_column_1_4 1_4 fusion-one-fourth fusion-column-first\" style=\"--awb-bg-size:cover;width:25%;width:calc(25% - ( ( 4% + 4% + 4% ) * 0.25 ) );margin-right: 4%;\"><div class=\"fusion-column-wrapper fusion-flex-column-wrapper-legacy\"><div class=\"fusion-image-element in-legacy-container\" style=\"--awb-caption-title-font-family:var(--h2_typography-font-family);--awb-caption-title-font-weight:var(--h2_typography-font-weight);--awb-caption-title-font-style:var(--h2_typography-font-style);--awb-caption-title-size:var(--h2_typography-font-size);--awb-caption-title-transform:var(--h2_typography-text-transform);--awb-caption-title-line-height:var(--h2_typography-line-height);--awb-caption-title-letter-spacing:var(--h2_typography-letter-spacing);\"><span class=\" fusion-imageframe imageframe-none imageframe-1 hover-type-zoomin\" style=\"border:5px solid #f6f6f6;\"><img decoding=\"async\" width=\"300\" height=\"188\" title=\"piscina\" src=\"https:\/\/agroturismesonllado.com\/wp-content\/uploads\/2018\/05\/piscina-1-300x188.jpeg\" alt class=\"img-responsive wp-image-2311\" srcset=\"https:\/\/agroturismesonllado.com\/wp-content\/uploads\/2018\/05\/piscina-1-300x188.jpeg 300w, https:\/\/agroturismesonllado.com\/wp-content\/uploads\/2018\/05\/piscina-1-768x480.jpeg 768w, https:\/\/agroturismesonllado.com\/wp-content\/uploads\/2018\/05\/piscina-1.jpeg 1020w\" sizes=\"(max-width: 300px) 100vw, 300px\" \/><\/span><\/div><div class=\"fusion-text fusion-text-1\"><p>La <b>piscine<\/b>, avec un syst\u00e8me <b>d&rsquo;\u00e9puration naturelle<\/b>, par <b>\u00e9lectrolyse saline<\/b>, et entour\u00e9e d&rsquo;un grand <b>solarium<\/b> avec vue d\u00e9gag\u00e9e sur les jardins et les champs attenants au domaine.<\/p>\n<\/div><div class=\"fusion-clearfix\"><\/div><\/div><\/div><div class=\"fusion-layout-column fusion_builder_column fusion-builder-column-2 fusion_builder_column_1_4 1_4 fusion-one-fourth\" style=\"--awb-bg-size:cover;width:25%;width:calc(25% - ( ( 4% + 4% + 4% ) * 0.25 ) );margin-right: 4%;\"><div class=\"fusion-column-wrapper fusion-flex-column-wrapper-legacy\"><div class=\"fusion-image-element in-legacy-container\" style=\"--awb-caption-title-font-family:var(--h2_typography-font-family);--awb-caption-title-font-weight:var(--h2_typography-font-weight);--awb-caption-title-font-style:var(--h2_typography-font-style);--awb-caption-title-size:var(--h2_typography-font-size);--awb-caption-title-transform:var(--h2_typography-text-transform);--awb-caption-title-line-height:var(--h2_typography-line-height);--awb-caption-title-letter-spacing:var(--h2_typography-letter-spacing);\"><span class=\" fusion-imageframe imageframe-none imageframe-2 hover-type-zoomin\" style=\"border:5px solid #f6f6f6;\"><img decoding=\"async\" width=\"300\" height=\"188\" title=\"bicicletes-min\" src=\"https:\/\/agroturismesonllado.com\/wp-content\/uploads\/2018\/05\/bicicletes-min-1-300x188.jpeg\" alt class=\"img-responsive wp-image-2327\" srcset=\"https:\/\/agroturismesonllado.com\/wp-content\/uploads\/2018\/05\/bicicletes-min-1-300x188.jpeg 300w, https:\/\/agroturismesonllado.com\/wp-content\/uploads\/2018\/05\/bicicletes-min-1-768x480.jpeg 768w, https:\/\/agroturismesonllado.com\/wp-content\/uploads\/2018\/05\/bicicletes-min-1-1024x640.jpeg 1024w, https:\/\/agroturismesonllado.com\/wp-content\/uploads\/2018\/05\/bicicletes-min-1.jpeg 1200w\" sizes=\"(max-width: 300px) 100vw, 300px\" \/><\/span><\/div><div class=\"fusion-text fusion-text-2\"><p>Des <b>v\u00e9los<\/b> pour aller \u00e0 la plage, dans les villes environnantes ou pour circuler sur les diff\u00e9rentes pistes cyclables qui passent pr\u00e8s de Son Llad\u00f3.<\/p>\n<\/div><div class=\"fusion-clearfix\"><\/div><\/div><\/div><div class=\"fusion-layout-column fusion_builder_column fusion-builder-column-3 fusion_builder_column_1_4 1_4 fusion-one-fourth\" style=\"--awb-bg-size:cover;width:25%;width:calc(25% - ( ( 4% + 4% + 4% ) * 0.25 ) );margin-right: 4%;\"><div class=\"fusion-column-wrapper fusion-flex-column-wrapper-legacy\"><div class=\"fusion-image-element in-legacy-container\" style=\"--awb-caption-title-font-family:var(--h2_typography-font-family);--awb-caption-title-font-weight:var(--h2_typography-font-weight);--awb-caption-title-font-style:var(--h2_typography-font-style);--awb-caption-title-size:var(--h2_typography-font-size);--awb-caption-title-transform:var(--h2_typography-text-transform);--awb-caption-title-line-height:var(--h2_typography-line-height);--awb-caption-title-letter-spacing:var(--h2_typography-letter-spacing);\"><span class=\" fusion-imageframe imageframe-none imageframe-3 hover-type-zoomin\" style=\"border:5px solid #f6f6f6;\"><img decoding=\"async\" width=\"300\" height=\"188\" title=\"barbacoa\" src=\"https:\/\/agroturismesonllado.com\/wp-content\/uploads\/2018\/05\/barbacoa-e1525943425938-1-300x188.jpeg\" alt class=\"img-responsive wp-image-2295\" srcset=\"https:\/\/agroturismesonllado.com\/wp-content\/uploads\/2018\/05\/barbacoa-e1525943425938-1-300x188.jpeg 300w, https:\/\/agroturismesonllado.com\/wp-content\/uploads\/2018\/05\/barbacoa-e1525943425938-1-768x480.jpeg 768w, https:\/\/agroturismesonllado.com\/wp-content\/uploads\/2018\/05\/barbacoa-e1525943425938-1.jpeg 1019w\" sizes=\"(max-width: 300px) 100vw, 300px\" \/><\/span><\/div><div class=\"fusion-text fusion-text-3\"><p><b>Barbecue<\/b><\/p>\n<p><strong>\u00a0<\/strong><\/p>\n<\/div><div class=\"fusion-clearfix\"><\/div><\/div><\/div><div class=\"fusion-layout-column fusion_builder_column fusion-builder-column-4 fusion_builder_column_1_4 1_4 fusion-one-fourth fusion-column-last\" style=\"--awb-bg-size:cover;width:25%;width:calc(25% - ( ( 4% + 4% + 4% ) * 0.25 ) );\"><div class=\"fusion-column-wrapper fusion-flex-column-wrapper-legacy\"><div class=\"fusion-image-element in-legacy-container\" style=\"--awb-caption-title-font-family:var(--h2_typography-font-family);--awb-caption-title-font-weight:var(--h2_typography-font-weight);--awb-caption-title-font-style:var(--h2_typography-font-style);--awb-caption-title-size:var(--h2_typography-font-size);--awb-caption-title-transform:var(--h2_typography-text-transform);--awb-caption-title-line-height:var(--h2_typography-line-height);--awb-caption-title-letter-spacing:var(--h2_typography-letter-spacing);\"><span class=\" fusion-imageframe imageframe-none imageframe-4 hover-type-zoomin\" style=\"border:5px solid #f6f6f6;\"><img decoding=\"async\" width=\"300\" height=\"188\" title=\"porc-negre\" src=\"https:\/\/agroturismesonllado.com\/wp-content\/uploads\/2018\/05\/porc-negre-1-300x188.jpeg\" alt class=\"img-responsive wp-image-2319\" srcset=\"https:\/\/agroturismesonllado.com\/wp-content\/uploads\/2018\/05\/porc-negre-1-300x188.jpeg 300w, https:\/\/agroturismesonllado.com\/wp-content\/uploads\/2018\/05\/porc-negre-1-768x480.jpeg 768w, https:\/\/agroturismesonllado.com\/wp-content\/uploads\/2018\/05\/porc-negre-1.jpeg 1020w\" sizes=\"(max-width: 300px) 100vw, 300px\" \/><\/span><\/div><div class=\"fusion-text fusion-text-4\"><p><b>Ferme <\/b>avec des animaux de race<b> indig\u00e8ne.<\/b><\/p>\n<\/div><div class=\"fusion-clearfix\"><\/div><\/div><\/div><\/div><\/div><div class=\"fusion-fullwidth fullwidth-box fusion-builder-row-3 nonhundred-percent-fullwidth non-hundred-percent-height-scrolling\" style=\"--awb-border-radius-top-left:0px;--awb-border-radius-top-right:0px;--awb-border-radius-bottom-right:0px;--awb-border-radius-bottom-left:0px;--awb-flex-wrap:wrap;\" ><div class=\"fusion-builder-row fusion-row\"><div class=\"fusion-layout-column fusion_builder_column fusion-builder-column-5 fusion_builder_column_1_4 1_4 fusion-one-fourth fusion-column-first\" style=\"--awb-bg-size:cover;width:25%;width:calc(25% - ( ( 4% + 4% + 4% ) * 0.25 ) );margin-right: 4%;\"><div class=\"fusion-column-wrapper fusion-flex-column-wrapper-legacy\"><div class=\"fusion-image-element in-legacy-container\" style=\"--awb-caption-title-font-family:var(--h2_typography-font-family);--awb-caption-title-font-weight:var(--h2_typography-font-weight);--awb-caption-title-font-style:var(--h2_typography-font-style);--awb-caption-title-size:var(--h2_typography-font-size);--awb-caption-title-transform:var(--h2_typography-text-transform);--awb-caption-title-line-height:var(--h2_typography-line-height);--awb-caption-title-letter-spacing:var(--h2_typography-letter-spacing);\"><span class=\" fusion-imageframe imageframe-none imageframe-5 hover-type-zoomin\" style=\"border:5px solid #f6f6f6;\"><img decoding=\"async\" width=\"300\" height=\"188\" title=\"areadejocs\" src=\"https:\/\/agroturismesonllado.com\/wp-content\/uploads\/2018\/05\/areadejocs-e1525943563619-1-300x188.jpeg\" alt class=\"img-responsive wp-image-2291\" srcset=\"https:\/\/agroturismesonllado.com\/wp-content\/uploads\/2018\/05\/areadejocs-e1525943563619-1-300x188.jpeg 300w, https:\/\/agroturismesonllado.com\/wp-content\/uploads\/2018\/05\/areadejocs-e1525943563619-1-768x480.jpeg 768w, https:\/\/agroturismesonllado.com\/wp-content\/uploads\/2018\/05\/areadejocs-e1525943563619-1.jpeg 1019w\" sizes=\"(max-width: 300px) 100vw, 300px\" \/><\/span><\/div><div class=\"fusion-text fusion-text-5\"><p><b>Parc pour enfants, <\/b>avec une aire de jeux ext\u00e9rieure.<\/p>\n<\/div><div class=\"fusion-clearfix\"><\/div><\/div><\/div><div class=\"fusion-layout-column fusion_builder_column fusion-builder-column-6 fusion_builder_column_1_4 1_4 fusion-one-fourth\" style=\"--awb-bg-size:cover;width:25%;width:calc(25% - ( ( 4% + 4% + 4% ) * 0.25 ) );margin-right: 4%;\"><div class=\"fusion-column-wrapper fusion-flex-column-wrapper-legacy\"><div class=\"fusion-image-element in-legacy-container\" style=\"--awb-caption-title-font-family:var(--h2_typography-font-family);--awb-caption-title-font-weight:var(--h2_typography-font-weight);--awb-caption-title-font-style:var(--h2_typography-font-style);--awb-caption-title-size:var(--h2_typography-font-size);--awb-caption-title-transform:var(--h2_typography-text-transform);--awb-caption-title-line-height:var(--h2_typography-line-height);--awb-caption-title-letter-spacing:var(--h2_typography-letter-spacing);\"><span class=\" fusion-imageframe imageframe-none imageframe-6 hover-type-zoomin\" style=\"border:5px solid #f6f6f6;\"><img decoding=\"async\" width=\"300\" height=\"188\" title=\"hort\" src=\"https:\/\/agroturismesonllado.com\/wp-content\/uploads\/2018\/05\/hort-1-300x188.jpeg\" alt class=\"img-responsive wp-image-2307\" srcset=\"https:\/\/agroturismesonllado.com\/wp-content\/uploads\/2018\/05\/hort-1-300x188.jpeg 300w, https:\/\/agroturismesonllado.com\/wp-content\/uploads\/2018\/05\/hort-1-768x480.jpeg 768w, https:\/\/agroturismesonllado.com\/wp-content\/uploads\/2018\/05\/hort-1.jpeg 1020w\" sizes=\"(max-width: 300px) 100vw, 300px\" \/><\/span><\/div><div class=\"fusion-text fusion-text-6\"><p><b>Jardin potager \u00e9cologique<\/b> dans lequel sont cultiv\u00e9s les l\u00e9gumes de chaque saison.<\/p>\n<\/div><div class=\"fusion-clearfix\"><\/div><\/div><\/div><div class=\"fusion-layout-column fusion_builder_column fusion-builder-column-7 fusion_builder_column_1_4 1_4 fusion-one-fourth\" style=\"--awb-bg-size:cover;width:25%;width:calc(25% - ( ( 4% + 4% + 4% ) * 0.25 ) );margin-right: 4%;\"><div class=\"fusion-column-wrapper fusion-flex-column-wrapper-legacy\"><div class=\"fusion-image-element in-legacy-container\" style=\"--awb-caption-title-font-family:var(--h2_typography-font-family);--awb-caption-title-font-weight:var(--h2_typography-font-weight);--awb-caption-title-font-style:var(--h2_typography-font-style);--awb-caption-title-size:var(--h2_typography-font-size);--awb-caption-title-transform:var(--h2_typography-text-transform);--awb-caption-title-line-height:var(--h2_typography-line-height);--awb-caption-title-letter-spacing:var(--h2_typography-letter-spacing);\"><span class=\" fusion-imageframe imageframe-none imageframe-7 hover-type-zoomin\" style=\"border:5px solid #f6f6f6;\"><img decoding=\"async\" width=\"300\" height=\"187\" title=\"ponnei\" src=\"https:\/\/agroturismesonllado.com\/wp-content\/uploads\/2018\/02\/ponnei-e1525943067732-1-300x187.jpg\" alt class=\"img-responsive wp-image-1859\" srcset=\"https:\/\/agroturismesonllado.com\/wp-content\/uploads\/2018\/02\/ponnei-e1525943067732-1-300x187.jpg 300w, https:\/\/agroturismesonllado.com\/wp-content\/uploads\/2018\/02\/ponnei-e1525943067732-1.jpg 700w\" sizes=\"(max-width: 300px) 100vw, 300px\" \/><\/span><\/div><div class=\"fusion-text fusion-text-7\"><p><b>Poneys<\/b> pour enfants.<\/p>\n<\/div><div class=\"fusion-clearfix\"><\/div><\/div><\/div><div class=\"fusion-layout-column fusion_builder_column fusion-builder-column-8 fusion_builder_column_1_4 1_4 fusion-one-fourth fusion-column-last\" style=\"--awb-bg-size:cover;width:25%;width:calc(25% - ( ( 4% + 4% + 4% ) * 0.25 ) );\"><div class=\"fusion-column-wrapper fusion-flex-column-wrapper-legacy\"><div class=\"fusion-image-element in-legacy-container\" style=\"--awb-caption-title-font-family:var(--h2_typography-font-family);--awb-caption-title-font-weight:var(--h2_typography-font-weight);--awb-caption-title-font-style:var(--h2_typography-font-style);--awb-caption-title-size:var(--h2_typography-font-size);--awb-caption-title-transform:var(--h2_typography-text-transform);--awb-caption-title-line-height:var(--h2_typography-line-height);--awb-caption-title-letter-spacing:var(--h2_typography-letter-spacing);\"><span class=\" fusion-imageframe imageframe-none imageframe-8 hover-type-zoomin\" style=\"border:5px solid #f6f6f6;\"><img decoding=\"async\" width=\"300\" height=\"188\" title=\"terrassa_coberta-min\" src=\"https:\/\/agroturismesonllado.com\/wp-content\/uploads\/2018\/05\/terrassa_coberta-min-1-300x188.jpeg\" alt class=\"img-responsive wp-image-2331\" srcset=\"https:\/\/agroturismesonllado.com\/wp-content\/uploads\/2018\/05\/terrassa_coberta-min-1-300x188.jpeg 300w, https:\/\/agroturismesonllado.com\/wp-content\/uploads\/2018\/05\/terrassa_coberta-min-1-768x480.jpeg 768w, https:\/\/agroturismesonllado.com\/wp-content\/uploads\/2018\/05\/terrassa_coberta-min-1-1024x640.jpeg 1024w, https:\/\/agroturismesonllado.com\/wp-content\/uploads\/2018\/05\/terrassa_coberta-min-1.jpeg 1200w\" sizes=\"(max-width: 300px) 100vw, 300px\" \/><\/span><\/div><div class=\"fusion-text fusion-text-8\"><p><b>La terrasse couverte<\/b>, \u00e0 c\u00f4t\u00e9 de la piscine, \u00e9quip\u00e9e de tables et d&rsquo;un bar avec cafeti\u00e8re et r\u00e9frig\u00e9rateur (<i>bar honn\u00eate<\/i>).<\/p>\n<\/div><div class=\"fusion-clearfix\"><\/div><\/div><\/div><\/div><\/div><div class=\"fusion-fullwidth fullwidth-box fusion-builder-row-4 nonhundred-percent-fullwidth non-hundred-percent-height-scrolling\" style=\"--awb-border-radius-top-left:0px;--awb-border-radius-top-right:0px;--awb-border-radius-bottom-right:0px;--awb-border-radius-bottom-left:0px;--awb-flex-wrap:wrap;\" ><div class=\"fusion-builder-row fusion-row\"><div class=\"fusion-layout-column fusion_builder_column fusion-builder-column-9 fusion_builder_column_1_4 1_4 fusion-one-fourth fusion-column-first\" style=\"--awb-bg-size:cover;width:25%;width:calc(25% - ( ( 4% + 4% + 4% ) * 0.25 ) );margin-right: 4%;\"><div class=\"fusion-column-wrapper fusion-flex-column-wrapper-legacy\"><div class=\"fusion-image-element in-legacy-container\" style=\"--awb-caption-title-font-family:var(--h2_typography-font-family);--awb-caption-title-font-weight:var(--h2_typography-font-weight);--awb-caption-title-font-style:var(--h2_typography-font-style);--awb-caption-title-size:var(--h2_typography-font-size);--awb-caption-title-transform:var(--h2_typography-text-transform);--awb-caption-title-line-height:var(--h2_typography-line-height);--awb-caption-title-letter-spacing:var(--h2_typography-letter-spacing);\"><span class=\" fusion-imageframe imageframe-none imageframe-9 hover-type-zoomin\" style=\"border:5px solid #f6f6f6;\"><img decoding=\"async\" width=\"300\" height=\"187\" title=\"obejas\" src=\"https:\/\/agroturismesonllado.com\/wp-content\/uploads\/2018\/02\/obejas-e1525943673238-1-300x187.jpg\" alt class=\"img-responsive wp-image-1867\" srcset=\"https:\/\/agroturismesonllado.com\/wp-content\/uploads\/2018\/02\/obejas-e1525943673238-1-300x187.jpg 300w, https:\/\/agroturismesonllado.com\/wp-content\/uploads\/2018\/02\/obejas-e1525943673238-1.jpg 700w\" sizes=\"(max-width: 300px) 100vw, 300px\" \/><\/span><\/div><div class=\"fusion-text fusion-text-9\"><p>7 ha de <b>champs cultiv\u00e9s<\/b> et 1 ha de <b>for\u00eat<\/b> \u00e0 la flore m\u00e9diterran\u00e9enne (vous pouvez vous promener le long des sentiers existants).<\/p>\n<\/div><div class=\"fusion-clearfix\"><\/div><\/div><\/div><div class=\"fusion-layout-column fusion_builder_column fusion-builder-column-10 fusion_builder_column_1_4 1_4 fusion-one-fourth\" style=\"--awb-bg-size:cover;width:25%;width:calc(25% - ( ( 4% + 4% + 4% ) * 0.25 ) );margin-right: 4%;\"><div class=\"fusion-column-wrapper fusion-flex-column-wrapper-legacy\"><div class=\"fusion-image-element in-legacy-container\" style=\"--awb-caption-title-font-family:var(--h2_typography-font-family);--awb-caption-title-font-weight:var(--h2_typography-font-weight);--awb-caption-title-font-style:var(--h2_typography-font-style);--awb-caption-title-size:var(--h2_typography-font-size);--awb-caption-title-transform:var(--h2_typography-text-transform);--awb-caption-title-line-height:var(--h2_typography-line-height);--awb-caption-title-letter-spacing:var(--h2_typography-letter-spacing);\"><span class=\" fusion-imageframe imageframe-none imageframe-10 hover-type-zoomin\" style=\"border:5px solid #f6f6f6;\"><img decoding=\"async\" width=\"300\" height=\"225\" title=\"P1040139\" src=\"http:\/\/www.agroturismesonllado.com\/wp-content\/uploads\/2018\/06\/P1040139-300x225.jpg\" alt class=\"img-responsive wp-image-2339\"\/><\/span><\/div><div class=\"fusion-text fusion-text-10\"><p>10 000 m2 de<b> jardins<\/b>, avec des all\u00e9es autour des b\u00e2timents.<\/p>\n<\/div><div class=\"fusion-clearfix\"><\/div><\/div><\/div><div class=\"fusion-layout-column fusion_builder_column fusion-builder-column-11 fusion_builder_column_1_4 1_4 fusion-one-fourth\" style=\"--awb-bg-size:cover;width:25%;width:calc(25% - ( ( 4% + 4% + 4% ) * 0.25 ) );margin-right: 4%;\"><div class=\"fusion-column-wrapper fusion-flex-column-wrapper-legacy\"><div class=\"fusion-image-element in-legacy-container\" style=\"--awb-caption-title-font-family:var(--h2_typography-font-family);--awb-caption-title-font-weight:var(--h2_typography-font-weight);--awb-caption-title-font-style:var(--h2_typography-font-style);--awb-caption-title-size:var(--h2_typography-font-size);--awb-caption-title-transform:var(--h2_typography-text-transform);--awb-caption-title-line-height:var(--h2_typography-line-height);--awb-caption-title-letter-spacing:var(--h2_typography-letter-spacing);\"><span class=\" fusion-imageframe imageframe-none imageframe-11 hover-type-zoomin\" style=\"border:5px solid #f6f6f6;\"><img decoding=\"async\" width=\"300\" height=\"188\" title=\"aparcament\" src=\"https:\/\/agroturismesonllado.com\/wp-content\/uploads\/2018\/05\/aparcament-e1525943725276-1-300x188.jpeg\" alt class=\"img-responsive wp-image-2287\" srcset=\"https:\/\/agroturismesonllado.com\/wp-content\/uploads\/2018\/05\/aparcament-e1525943725276-1-300x188.jpeg 300w, https:\/\/agroturismesonllado.com\/wp-content\/uploads\/2018\/05\/aparcament-e1525943725276-1-768x480.jpeg 768w, https:\/\/agroturismesonllado.com\/wp-content\/uploads\/2018\/05\/aparcament-e1525943725276-1.jpeg 1019w\" sizes=\"(max-width: 300px) 100vw, 300px\" \/><\/span><\/div><div class=\"fusion-text fusion-text-11\"><p><b>Parking.<\/b><\/p>\n<p><strong>\u00a0<\/strong><\/p>\n<\/div><div class=\"fusion-clearfix\"><\/div><\/div><\/div><div class=\"fusion-layout-column fusion_builder_column fusion-builder-column-12 fusion_builder_column_1_4 1_4 fusion-one-fourth fusion-column-last\" style=\"--awb-bg-size:cover;width:25%;width:calc(25% - ( ( 4% + 4% + 4% ) * 0.25 ) );\"><div class=\"fusion-column-wrapper fusion-flex-column-wrapper-legacy\"><div class=\"fusion-image-element in-legacy-container\" style=\"--awb-caption-title-font-family:var(--h2_typography-font-family);--awb-caption-title-font-weight:var(--h2_typography-font-weight);--awb-caption-title-font-style:var(--h2_typography-font-style);--awb-caption-title-size:var(--h2_typography-font-size);--awb-caption-title-transform:var(--h2_typography-text-transform);--awb-caption-title-line-height:var(--h2_typography-line-height);--awb-caption-title-letter-spacing:var(--h2_typography-letter-spacing);\"><span class=\" fusion-imageframe imageframe-none imageframe-12 hover-type-zoomin\" style=\"border:5px solid #f6f6f6;\"><img decoding=\"async\" width=\"300\" height=\"187\" title=\"bugaderia\" src=\"https:\/\/agroturismesonllado.com\/wp-content\/uploads\/2018\/05\/bugaderia-e1525943758677-1-300x187.jpeg\" alt class=\"img-responsive wp-image-2299\" srcset=\"https:\/\/agroturismesonllado.com\/wp-content\/uploads\/2018\/05\/bugaderia-e1525943758677-1-300x187.jpeg 300w, https:\/\/agroturismesonllado.com\/wp-content\/uploads\/2018\/05\/bugaderia-e1525943758677-1-768x479.jpeg 768w, https:\/\/agroturismesonllado.com\/wp-content\/uploads\/2018\/05\/bugaderia-e1525943758677-1.jpeg 1017w\" sizes=\"(max-width: 300px) 100vw, 300px\" \/><\/span><\/div><div class=\"fusion-text fusion-text-12\"><p><b>Buanderie communautaire<\/b>, avec machine \u00e0 laver automatique, fer \u00e0 repasser et espace pour suspendre les v\u00eatements.<\/p>\n<\/div><div class=\"fusion-clearfix\"><\/div><\/div><\/div><\/div><\/div><\/p>\n","protected":false},"excerpt":{"rendered":"","protected":false},"author":1,"featured_media":0,"parent":0,"menu_order":0,"comment_status":"closed","ping_status":"closed","template":"","meta":{"footnotes":""},"class_list":["post-2507","page","type-page","status-publish","hentry"],"_links":{"self":[{"href":"https:\/\/agroturismesonllado.com\/fr\/wp-json\/wp\/v2\/pages\/2507","targetHints":{"allow":["GET"]}}],"collection":[{"href":"https:\/\/agroturismesonllado.com\/fr\/wp-json\/wp\/v2\/pages"}],"about":[{"href":"https:\/\/agroturismesonllado.com\/fr\/wp-json\/wp\/v2\/types\/page"}],"author":[{"embeddable":true,"href":"https:\/\/agroturismesonllado.com\/fr\/wp-json\/wp\/v2\/users\/1"}],"replies":[{"embeddable":true,"href":"https:\/\/agroturismesonllado.com\/fr\/wp-json\/wp\/v2\/comments?post=2507"}],"version-history":[{"count":3,"href":"https:\/\/agroturismesonllado.com\/fr\/wp-json\/wp\/v2\/pages\/2507\/revisions"}],"predecessor-version":[{"id":2656,"href":"https:\/\/agroturismesonllado.com\/fr\/wp-json\/wp\/v2\/pages\/2507\/revisions\/2656"}],"wp:attachment":[{"href":"https:\/\/agroturismesonllado.com\/fr\/wp-json\/wp\/v2\/media?parent=2507"}],"curies":[{"name":"wp","href":"https:\/\/api.w.org\/{rel}","templated":true}]}}