{"id":2503,"date":"2018-06-16T10:40:14","date_gmt":"2018-06-16T10:40:14","guid":{"rendered":"https:\/\/agroturismesonllado.com\/home\/"},"modified":"2025-06-15T12:39:16","modified_gmt":"2025-06-15T10:39:16","slug":"home","status":"publish","type":"page","link":"https:\/\/agroturismesonllado.com\/fr\/","title":{"rendered":"Accueil"},"content":{"rendered":"<p><div class=\"fusion-fullwidth fullwidth-box fusion-builder-row-1 nonhundred-percent-fullwidth non-hundred-percent-height-scrolling\" style=\"--awb-border-radius-top-left:0px;--awb-border-radius-top-right:0px;--awb-border-radius-bottom-right:0px;--awb-border-radius-bottom-left:0px;--awb-flex-wrap:wrap;\" ><div class=\"fusion-builder-row fusion-row\"><div class=\"fusion-layout-column fusion_builder_column fusion-builder-column-0 fusion_builder_column_1_1 1_1 fusion-one-full fusion-column-first fusion-column-last fusion-no-large-visibility\" style=\"--awb-bg-size:cover;\"><div class=\"fusion-column-wrapper fusion-flex-column-wrapper-legacy\"><div class=\"fusion-column-content-centered\"><div class=\"fusion-column-content\"><\/div><\/div><div class=\"fusion-clearfix\"><\/div><\/div><\/div><\/div><\/div><div class=\"fusion-fullwidth fullwidth-box fusion-builder-row-2 nonhundred-percent-fullwidth non-hundred-percent-height-scrolling\" style=\"--awb-border-radius-top-left:0px;--awb-border-radius-top-right:0px;--awb-border-radius-bottom-right:0px;--awb-border-radius-bottom-left:0px;--awb-flex-wrap:wrap;\" ><div class=\"fusion-builder-row fusion-row\"><div class=\"fusion-layout-column fusion_builder_column fusion-builder-column-1 fusion_builder_column_1_2 1_2 fusion-one-half fusion-column-first\" style=\"--awb-bg-size:cover;width:50%;width:calc(50% - ( ( 4% ) * 0.5 ) );margin-right: 4%;\"><div class=\"fusion-column-wrapper fusion-flex-column-wrapper-legacy\"><div class=\"fusion-text fusion-text-1\"><h2 style=\"text-align: left;\"><em><strong><span style=\"font-size: 19pt; color: #ff0000;\">25 ans d&rsquo;amour et d&rsquo;hospitalit\u00e9 <\/span><span style=\"font-size: 19pt; color: #000080;\">(2000-2025)<\/span><\/strong><\/em><\/h2>\n<h2 style=\"text-align: left;\"><!--more--><\/h2>\n<\/div><div class=\"fusion-text fusion-text-2\"><p><strong>AUTHENTIQUE:<\/strong> Son Llad\u00f3 est une authentique <i>possessi\u00f3<\/i>\u00a0majorquine du XVIIe si\u00e8cle, restaur\u00e9e et transform\u00e9e en agrotourisme. Ici vous trouverez calme, nature et confort. L&rsquo;environnement intime et rural vous invite \u00e0 vous connecter avec l&rsquo;essence de l&rsquo;\u00eele, avec la terre, les animaux, la mer et les montagnes.<\/p>\n<\/div><div class=\"fusion-text fusion-text-3\"><p><strong>FAMILIAL<\/strong>: Nous sommes Pep et Maria, majorquins amoureux de Majorque et d\u00e9sireux de vous faire sentir comme chez vous \u00e0 Son Llad\u00f3.<\/p>\n<p><strong>\u00c9COLOGIQUE<\/strong>: Nous d\u00e9veloppons les propres activit\u00e9s agricoles et d&rsquo;\u00e9levage de la ferme selon des pratiques \u00e9cologiques.<\/p>\n<\/div><div class=\"fusion-text fusion-text-4\"><p><strong>ENGAGEMENT<\/strong>: Nous souhaitons offrir un maximum de confort et de commodit\u00e9 \u00e0 nos clients, mais en m\u00eame temps, nous sommes conscients de la n\u00e9cessit\u00e9 de prot\u00e9ger l&rsquo;environnement et de mettre en \u0153uvre des politiques de d\u00e9veloppement durable.<\/p>\n<p><span style=\"color: #993300;\"><strong>INTERNET<\/strong>: Nous offrons une connexion Wi-Fi haut d\u00e9bit gratuite \u00e0 300 Mo!<\/span><\/p>\n<\/div><div class=\"fusion-clearfix\"><\/div><\/div><\/div><div class=\"fusion-layout-column fusion_builder_column fusion-builder-column-2 fusion_builder_column_1_2 1_2 fusion-one-half fusion-column-last\" style=\"--awb-bg-size:cover;width:50%;width:calc(50% - ( ( 4% ) * 0.5 ) );\"><div class=\"fusion-column-wrapper fusion-flex-column-wrapper-legacy\"><div class=\"fusion-video fusion-youtube\" style=\"--awb-max-width:600px;--awb-max-height:360px;\"><div class=\"video-shortcode\"><div class=\"fluid-width-video-wrapper\" style=\"padding-top:60%;\" ><iframe title=\"YouTube video player 1\" src=\"https:\/\/www.youtube.com\/embed\/wDLBvhVHt9E?wmode=transparent&autoplay=0\" width=\"600\" height=\"360\" allowfullscreen allow=\"autoplay; fullscreen\"><\/iframe><\/div><\/div><\/div><div class=\"fusion-text fusion-text-5\"><p><span style=\"color: #ffffff;\">\u00b7<\/span><\/p>\n<\/div><div class=\"fusion-clearfix\"><\/div><\/div><\/div><\/div><\/div><div class=\"fusion-fullwidth fullwidth-box fusion-builder-row-3 nonhundred-percent-fullwidth non-hundred-percent-height-scrolling fusion-equal-height-columns\" style=\"--awb-border-radius-top-left:0px;--awb-border-radius-top-right:0px;--awb-border-radius-bottom-right:0px;--awb-border-radius-bottom-left:0px;--awb-flex-wrap:wrap;\" ><div class=\"fusion-builder-row fusion-row\"><div class=\"fusion-layout-column fusion_builder_column fusion-builder-column-3 fusion_builder_column_2_5 2_5 fusion-two-fifth fusion-column-first\" style=\"--awb-bg-size:cover;width:40%;width:calc(40% - ( ( 4% + 4% ) * 0.4 ) );margin-right: 4%;\"><div class=\"fusion-column-wrapper fusion-flex-column-wrapper-legacy\"><div class=\"fusion-text fusion-text-6\"><h3><strong>Visite virtuelle \u00e0 360\u00ba:<\/strong><\/h3>\n<iframe src=\"https:\/\/www.google.com\/maps\/embed?pb=!4v1594820617885!6m8!1m7!1sCAoSLEFGMVFpcE9ldVdTVzdvRk1INHQzSmYxbHBkVUotcGtycUlSZmh4c01vRlQt!2m2!1d39.40073514544785!2d3.008689370001285!3f251.5985236089412!4f-1.2284308341717747!5f0.7820865974627469\" width=\"600\" height=\"450\" frameborder=\"0\" style=\"border:0;\" allowfullscreen=\"\" aria-hidden=\"false\" tabindex=\"0\"><\/iframe>\n<\/div><div class=\"fusion-clearfix\"><\/div><\/div><\/div><div class=\"fusion-layout-column fusion_builder_column fusion-builder-column-4 fusion_builder_column_1_5 1_5 fusion-one-fifth\" style=\"--awb-bg-size:cover;width:20%;width:calc(20% - ( ( 4% + 4% ) * 0.2 ) );margin-right: 4%;\"><div class=\"fusion-column-wrapper fusion-flex-column-wrapper-legacy\"><div class=\"fusion-clearfix\"><\/div><\/div><\/div><div class=\"fusion-layout-column fusion_builder_column fusion-builder-column-5 fusion_builder_column_2_5 2_5 fusion-two-fifth fusion-column-last\" style=\"--awb-bg-size:cover;width:40%;width:calc(40% - ( ( 4% + 4% ) * 0.4 ) );\"><div class=\"fusion-column-wrapper fusion-flex-column-wrapper-legacy\"><div class=\"fusion-text fusion-text-7\"><h3><strong>Carte:<\/strong><\/h3>\n<h3><iframe style=\"border: 0;\" src=\"https:\/\/www.google.com\/maps\/embed?pb=!1m18!1m12!1m3!1d13970.12261976366!2d3.0011021676663097!3d39.40011367949631!2m3!1f0!2f0!3f0!3m2!1i1024!2i768!4f13.1!3m3!1m2!1s0x1297ae842cd3c463%3A0x7e63339727604439!2sAgroturisme%20Son%20Llado!5e1!3m2!1ses!2ses!4v1622213630657!5m2!1ses!2ses\" width=\"100%\" height=\"450\" allowfullscreen=\"allowfullscreen\"><\/iframe><\/h3>\n<\/div><div class=\"fusion-clearfix\"><\/div><\/div><\/div><\/div><\/div><div class=\"fusion-fullwidth fullwidth-box fusion-builder-row-4 nonhundred-percent-fullwidth non-hundred-percent-height-scrolling\" style=\"--awb-border-radius-top-left:0px;--awb-border-radius-top-right:0px;--awb-border-radius-bottom-right:0px;--awb-border-radius-bottom-left:0px;--awb-padding-top:20px;--awb-flex-wrap:wrap;\" ><div class=\"fusion-builder-row fusion-row\"><div class=\"fusion-layout-column fusion_builder_column fusion-builder-column-6 fusion_builder_column_1_1 1_1 fusion-one-full fusion-column-first fusion-column-last\" style=\"--awb-bg-size:cover;\"><div class=\"fusion-column-wrapper fusion-flex-column-wrapper-legacy\"><div class=\"fusion-text fusion-text-8\"><h3>Nous vous pr\u00e9sentons un authentique Possessi\u00f3 de Mallorca avec des b\u00e2timents du XVIIe si\u00e8cle qui depuis l&rsquo;ann\u00e9e 2000, en plus de d\u00e9velopper ses propres activit\u00e9s agricoles, il dispose \u00e9galement d&rsquo;appartements ou de maisons rurales pour l&rsquo;exploitation touristique.<\/h3>\n<h3>En parcourant les diff\u00e9rentes sections de notre site, vous d\u00e9couvrirez des <strong>h\u00e9bergements de charme<\/strong>, situ\u00e9s dans un lieu privil\u00e9gi\u00e9 au sud de l&rsquo;\u00eele, une philosophie de vacances avec des valeurs ajout\u00e9es et une famille autochtone attentive \u00e0 vos besoins et qui fera en sorte que, lors de votre visite \u00e0 Majorque, votre s\u00e9jour \u00e0 Finca Son Llad\u00f3 soit inoubliable.<\/h3>\n<\/div><div class=\"fusion-text fusion-text-9\"><h3>Dans notre agrotourisme \u00e9cologique Son Llad\u00f3, nous voulons un maximum de confort et de commodit\u00e9 pour nos clients, mais en m\u00eame temps, nous sommes conscients de la n\u00e9cessit\u00e9 et de l&rsquo;importance de collaborer \u00e0 la <strong>protection de l&rsquo;environnement<\/strong>, \u00e0 travers la mise en \u0153uvre de politiques de <strong>d\u00e9veloppement durable<\/strong>.<\/h3>\n<\/div><div class=\"fusion-clearfix\"><\/div><\/div><\/div><\/div><\/div><div class=\"fusion-fullwidth fullwidth-box fusion-builder-row-5 nonhundred-percent-fullwidth non-hundred-percent-height-scrolling\" style=\"--awb-border-radius-top-left:0px;--awb-border-radius-top-right:0px;--awb-border-radius-bottom-right:0px;--awb-border-radius-bottom-left:0px;--awb-padding-top:25px;--awb-flex-wrap:wrap;\" ><div class=\"fusion-builder-row fusion-row\"><div class=\"fusion-layout-column fusion_builder_column fusion-builder-column-7 fusion_builder_column_1_4 1_4 fusion-one-fourth fusion-column-first\" style=\"--awb-bg-size:cover;width:25%;width:calc(25% - ( ( 4% + 4% + 4% ) * 0.25 ) );margin-right: 4%;\"><div class=\"fusion-column-wrapper fusion-flex-column-wrapper-legacy\"><div class=\"fusion-fa-align-center\"><i class=\"fb-icon-element-1 fb-icon-element fontawesome-icon fa-leaf fas circle-no\" style=\"--awb-iconcolor:#8bc34a;--awb-iconcolor-hover:#8bc34a;--awb-font-size:50px;--awb-margin-bottom:20px;\"><\/i><\/div><div class=\"fusion-text fusion-text-10\"><p><strong>\u00c9NERGIE SOLAIRE<\/strong>. Nous disposons de l&rsquo;\u00e9nergie solaire thermique avec laquelle nous produisons de l&rsquo;eau chaude sanitaire. Et l&rsquo;\u00e9nergie solaire photovolta\u00efque que nous appliquons pour \u00e9conomiser la consommation d&rsquo;\u00e9lectricit\u00e9 dans le complexe touristique et les installations agricoles.<\/p>\n<\/div><div class=\"fusion-clearfix\"><\/div><\/div><\/div><div class=\"fusion-layout-column fusion_builder_column fusion-builder-column-8 fusion_builder_column_1_4 1_4 fusion-one-fourth\" style=\"--awb-bg-size:cover;width:25%;width:calc(25% - ( ( 4% + 4% + 4% ) * 0.25 ) );margin-right: 4%;\"><div class=\"fusion-column-wrapper fusion-flex-column-wrapper-legacy\"><div class=\"fusion-fa-align-center\"><i class=\"fb-icon-element-2 fb-icon-element fontawesome-icon fa-cloud fas circle-no\" style=\"--awb-iconcolor:#8bc34a;--awb-iconcolor-hover:#8bc34a;--awb-font-size:50px;--awb-margin-bottom:20px;\"><\/i><\/div><div class=\"fusion-text fusion-text-11\"><p><strong>EAU DE PLUIE<\/strong>. La r\u00e9cup\u00e9ration des eaux pluviales est essentielle dans notre r\u00e9gion, o\u00f9 les pr\u00e9cipitations sont semi-d\u00e9sertiques (150-250 ml \/ an) et l&rsquo;eau des puits est salinis\u00e9e. Gr\u00e2ce \u00e0 un r\u00e9servoir, un pipeline et un syst\u00e8me de pompage, nous collectons l&rsquo;eau de pluie des toits et des terrasses. Stock\u00e9s dans la citerne, en \u00e9t\u00e9, nous avons suffisamment d&rsquo;eau pour irriguer le jardin, le verger, les arbres, ainsi que pour nettoyer les voitures et les terrasses.<\/p>\n<\/div><div class=\"fusion-clearfix\"><\/div><\/div><\/div><div class=\"fusion-layout-column fusion_builder_column fusion-builder-column-9 fusion_builder_column_1_4 1_4 fusion-one-fourth\" style=\"--awb-bg-size:cover;width:25%;width:calc(25% - ( ( 4% + 4% + 4% ) * 0.25 ) );margin-right: 4%;\"><div class=\"fusion-column-wrapper fusion-flex-column-wrapper-legacy\"><div class=\"fusion-fa-align-center\"><i class=\"fb-icon-element-3 fb-icon-element fontawesome-icon fa-recycle fas circle-no\" style=\"--awb-iconcolor:#8bc34a;--awb-iconcolor-hover:#8bc34a;--awb-font-size:50px;--awb-margin-bottom:20px;\"><\/i><\/div><div class=\"fusion-text fusion-text-12\"><p><strong>RECYCLAGE<\/strong>. Nous collectons personnellement tout le verre, le plastique, le papier et le carton g\u00e9n\u00e9r\u00e9s par nos clients et qu&rsquo;ils ont pr\u00e9alablement s\u00e9lectionn\u00e9s parmi le reste des d\u00e9chets. Avec les mati\u00e8res recyclables que nous g\u00e9n\u00e9rons nous-m\u00eames, nous les d\u00e9posons dans les points de collecte ou points verts install\u00e9s \u00e0 Campos.<\/p>\n<\/div><div class=\"fusion-clearfix\"><\/div><\/div><\/div><div class=\"fusion-layout-column fusion_builder_column fusion-builder-column-10 fusion_builder_column_1_4 1_4 fusion-one-fourth fusion-column-last\" style=\"--awb-bg-size:cover;width:25%;width:calc(25% - ( ( 4% + 4% + 4% ) * 0.25 ) );\"><div class=\"fusion-column-wrapper fusion-flex-column-wrapper-legacy\"><div class=\"fusion-fa-align-center\"><i class=\"fb-icon-element-4 fb-icon-element fontawesome-icon fa-filter fas circle-no\" style=\"--awb-iconcolor:#8bc34a;--awb-iconcolor-hover:#8bc34a;--awb-font-size:50px;--awb-margin-bottom:20px;\"><\/i><\/div><div class=\"fusion-text fusion-text-13\"><p><span class=\"Apple-style-span\"><strong>TRAITEMENT<\/strong>. Avec la mise en place d&rsquo;un syst\u00e8me de traitement des eaux us\u00e9es, avec un filtre vert (syst\u00e8me de roseli\u00e8re), nous avons r\u00e9ussi \u00e0 arr\u00eater l&rsquo;infiltration des eaux grises dans le sous-sol en r\u00e9utilisant cette eau. Avec ce syst\u00e8me, nous fournissons de l&rsquo;eau et de la mati\u00e8re organique \u00e0 nos terres en plus d&rsquo;avoir une biomasse suppl\u00e9mentaire qui peut \u00eatre utilis\u00e9e pour nourrir le b\u00e9tail ou comme couverture v\u00e9g\u00e9tale dans le jardin.<br \/>\n<\/span><\/p>\n<\/div><div class=\"fusion-clearfix\"><\/div><\/div><\/div><\/div><\/div><div class=\"fusion-fullwidth fullwidth-box fusion-builder-row-6 nonhundred-percent-fullwidth non-hundred-percent-height-scrolling\" style=\"--awb-border-radius-top-left:0px;--awb-border-radius-top-right:0px;--awb-border-radius-bottom-right:0px;--awb-border-radius-bottom-left:0px;--awb-padding-top:25px;--awb-flex-wrap:wrap;\" ><div class=\"fusion-builder-row fusion-row\"><div class=\"fusion-layout-column fusion_builder_column fusion-builder-column-11 fusion_builder_column_1_5 1_5 fusion-one-fifth fusion-column-first\" style=\"--awb-bg-size:cover;width:20%;width:calc(20% - ( ( 4% ) * 0.2 ) );margin-right: 4%;\"><div class=\"fusion-column-wrapper fusion-flex-column-wrapper-legacy\"><div class=\"fusion-text fusion-text-14\"><p><img decoding=\"async\" class=\"alignnone size-full wp-image-3289\" src=\"https:\/\/agroturismesonllado.com\/wp-content\/uploads\/2022\/03\/autosroig.jpg\" alt=\"Autos Roig\" width=\"500\" height=\"152\" srcset=\"https:\/\/agroturismesonllado.com\/wp-content\/uploads\/2022\/03\/autosroig-200x61.jpg 200w, https:\/\/agroturismesonllado.com\/wp-content\/uploads\/2022\/03\/autosroig-300x91.jpg 300w, https:\/\/agroturismesonllado.com\/wp-content\/uploads\/2022\/03\/autosroig-400x122.jpg 400w, https:\/\/agroturismesonllado.com\/wp-content\/uploads\/2022\/03\/autosroig.jpg 500w\" sizes=\"(max-width: 500px) 100vw, 500px\" \/><\/p>\n<\/div><div class=\"fusion-clearfix\"><\/div><\/div><\/div><div class=\"fusion-layout-column fusion_builder_column fusion-builder-column-12 fusion_builder_column_4_5 4_5 fusion-four-fifth fusion-column-last\" style=\"--awb-bg-size:cover;width:80%;width:calc(80% - ( ( 4% ) * 0.8 ) );\"><div class=\"fusion-column-wrapper fusion-flex-column-wrapper-legacy\"><div class=\"fusion-text fusion-text-15\"><h3><span style=\"color: #800000;\">Les meilleures offres de location de voiture et de transfert \u00e0 Majorque avee <em>ROIG<\/em><\/span> <span style=\"color: #008000;\">&#8211;&gt;<\/span> <strong><a href=\"https:\/\/booking.roig.com\/fr\/?partnerID=137469\" target=\"_blank\" rel=\"noopener\">Tarifs et R\u00e9servations<\/a><\/strong><\/h3>\n<\/div><div class=\"fusion-clearfix\"><\/div><\/div><\/div><\/div><\/div><div class=\"fusion-fullwidth fullwidth-box fusion-builder-row-7 nonhundred-percent-fullwidth non-hundred-percent-height-scrolling\" style=\"--awb-border-radius-top-left:0px;--awb-border-radius-top-right:0px;--awb-border-radius-bottom-right:0px;--awb-border-radius-bottom-left:0px;--awb-padding-top:25px;--awb-flex-wrap:wrap;\" ><div class=\"fusion-builder-row fusion-row\"><div class=\"fusion-layout-column fusion_builder_column fusion-builder-column-13 fusion_builder_column_1_1 1_1 fusion-one-full fusion-column-first fusion-column-last\" style=\"--awb-bg-size:cover;\"><div class=\"fusion-column-wrapper fusion-flex-column-wrapper-legacy\"><div class=\"fusion-text fusion-text-16\"><h3><strong>25 ans d\u2019amour et d\u2019hospitalit\u00e9 (2000-2025):<\/strong><\/h3>\n<\/div><div class=\"fusion-text fusion-text-17\"><div style=\"width: 1100px;\" class=\"wp-video\"><video class=\"wp-video-shortcode\" id=\"video-2503-1\" width=\"1100\" height=\"619\" preload=\"metadata\" controls=\"controls\"><source type=\"video\/mp4\" src=\"https:\/\/agroturismesonllado.com\/wp-content\/uploads\/2025\/06\/SON-LLADO-ENGLISH-SUBTITLES1.mp4?_=1\" \/><a href=\"https:\/\/agroturismesonllado.com\/wp-content\/uploads\/2025\/06\/SON-LLADO-ENGLISH-SUBTITLES1.mp4\">https:\/\/agroturismesonllado.com\/wp-content\/uploads\/2025\/06\/SON-LLADO-ENGLISH-SUBTITLES1.mp4<\/a><\/video><\/div>\n<\/div><div class=\"fusion-clearfix\"><\/div><\/div><\/div><\/div><\/div><\/p>\n","protected":false},"excerpt":{"rendered":"<p>25 ans d&rsquo;amour et d&rsquo;hospitalit\u00e9 (2000-2025)<\/p>\n","protected":false},"author":1,"featured_media":0,"parent":0,"menu_order":0,"comment_status":"closed","ping_status":"closed","template":"","meta":{"footnotes":""},"class_list":["post-2503","page","type-page","status-publish","hentry"],"_links":{"self":[{"href":"https:\/\/agroturismesonllado.com\/fr\/wp-json\/wp\/v2\/pages\/2503","targetHints":{"allow":["GET"]}}],"collection":[{"href":"https:\/\/agroturismesonllado.com\/fr\/wp-json\/wp\/v2\/pages"}],"about":[{"href":"https:\/\/agroturismesonllado.com\/fr\/wp-json\/wp\/v2\/types\/page"}],"author":[{"embeddable":true,"href":"https:\/\/agroturismesonllado.com\/fr\/wp-json\/wp\/v2\/users\/1"}],"replies":[{"embeddable":true,"href":"https:\/\/agroturismesonllado.com\/fr\/wp-json\/wp\/v2\/comments?post=2503"}],"version-history":[{"count":13,"href":"https:\/\/agroturismesonllado.com\/fr\/wp-json\/wp\/v2\/pages\/2503\/revisions"}],"predecessor-version":[{"id":3450,"href":"https:\/\/agroturismesonllado.com\/fr\/wp-json\/wp\/v2\/pages\/2503\/revisions\/3450"}],"wp:attachment":[{"href":"https:\/\/agroturismesonllado.com\/fr\/wp-json\/wp\/v2\/media?parent=2503"}],"curies":[{"name":"wp","href":"https:\/\/api.w.org\/{rel}","templated":true}]}}