{"id":358,"date":"2018-04-23T15:52:12","date_gmt":"2018-04-23T15:52:12","guid":{"rendered":"http:\/\/77.104.147.42\/~agrotur6\/sobre-la-finca\/"},"modified":"2021-05-25T23:03:33","modified_gmt":"2021-05-25T23:03:33","slug":"sobre-la-finca","status":"publish","type":"page","link":"https:\/\/agroturismesonllado.com\/es\/sobre-la-finca\/","title":{"rendered":"Sobre la finca"},"content":{"rendered":"<p><div class=\"fusion-fullwidth fullwidth-box fusion-builder-row-1 nonhundred-percent-fullwidth non-hundred-percent-height-scrolling\" style=\"--awb-border-radius-top-left:0px;--awb-border-radius-top-right:0px;--awb-border-radius-bottom-right:0px;--awb-border-radius-bottom-left:0px;--awb-flex-wrap:wrap;\" ><div class=\"fusion-builder-row fusion-row\"><div class=\"fusion-layout-column fusion_builder_column fusion-builder-column-0 fusion_builder_column_1_1 1_1 fusion-one-full fusion-column-first fusion-column-last\" style=\"--awb-bg-size:cover;\"><div class=\"fusion-column-wrapper fusion-flex-column-wrapper-legacy\"><div class=\"fusion-title title fusion-title-1 fusion-sep-none fusion-title-text fusion-title-size-one\"><h1 class=\"fusion-title-heading title-heading-left\" style=\"margin:0;\"><p>En Son Llad\u00f3 no te aburrir\u00e1s. Te ofrecemos diferentes actividades y servicios para que t\u00fa y tu familia disfrut\u00e9is de vuestras vacaciones.<strong><br \/>\n<\/strong><\/p><\/h1><\/div><div class=\"fusion-clearfix\"><\/div><\/div><\/div><\/div><\/div><div class=\"fusion-fullwidth fullwidth-box fusion-builder-row-2 nonhundred-percent-fullwidth non-hundred-percent-height-scrolling\" style=\"--awb-border-radius-top-left:0px;--awb-border-radius-top-right:0px;--awb-border-radius-bottom-right:0px;--awb-border-radius-bottom-left:0px;--awb-flex-wrap:wrap;\" ><div class=\"fusion-builder-row fusion-row\"><div class=\"fusion-layout-column fusion_builder_column fusion-builder-column-1 fusion_builder_column_1_4 1_4 fusion-one-fourth fusion-column-first\" style=\"--awb-bg-size:cover;width:25%;width:calc(25% - ( ( 4% + 4% + 4% ) * 0.25 ) );margin-right: 4%;\"><div class=\"fusion-column-wrapper fusion-flex-column-wrapper-legacy\"><div class=\"fusion-image-element in-legacy-container\" style=\"--awb-caption-title-font-family:var(--h2_typography-font-family);--awb-caption-title-font-weight:var(--h2_typography-font-weight);--awb-caption-title-font-style:var(--h2_typography-font-style);--awb-caption-title-size:var(--h2_typography-font-size);--awb-caption-title-transform:var(--h2_typography-text-transform);--awb-caption-title-line-height:var(--h2_typography-line-height);--awb-caption-title-letter-spacing:var(--h2_typography-letter-spacing);\"><span class=\" fusion-imageframe imageframe-none imageframe-1 hover-type-zoomin\" style=\"border:5px solid #f6f6f6;\"><img decoding=\"async\" width=\"300\" height=\"188\" title=\"piscina\" src=\"https:\/\/agroturismesonllado.com\/wp-content\/uploads\/2018\/05\/piscina-1-300x188.jpeg\" alt class=\"img-responsive wp-image-2313\" srcset=\"https:\/\/agroturismesonllado.com\/wp-content\/uploads\/2018\/05\/piscina-1-300x188.jpeg 300w, https:\/\/agroturismesonllado.com\/wp-content\/uploads\/2018\/05\/piscina-1-768x480.jpeg 768w, https:\/\/agroturismesonllado.com\/wp-content\/uploads\/2018\/05\/piscina-1.jpeg 1020w\" sizes=\"(max-width: 300px) 100vw, 300px\" \/><\/span><\/div><div class=\"fusion-text fusion-text-1\"><p><strong>La\u00a0piscina<\/strong>, con un sistema de\u00a0<strong>depuraci\u00f3n natural, por electr\u00f3lisis salina<\/strong>, y rodeada por un gran <strong>sol\u00e1rium<\/strong> con vistas abiertas a los jardines y campos colindantes de la finca.<\/p>\n<\/div><div class=\"fusion-clearfix\"><\/div><\/div><\/div><div class=\"fusion-layout-column fusion_builder_column fusion-builder-column-2 fusion_builder_column_1_4 1_4 fusion-one-fourth\" style=\"--awb-bg-size:cover;width:25%;width:calc(25% - ( ( 4% + 4% + 4% ) * 0.25 ) );margin-right: 4%;\"><div class=\"fusion-column-wrapper fusion-flex-column-wrapper-legacy\"><div class=\"fusion-image-element in-legacy-container\" style=\"--awb-caption-title-font-family:var(--h2_typography-font-family);--awb-caption-title-font-weight:var(--h2_typography-font-weight);--awb-caption-title-font-style:var(--h2_typography-font-style);--awb-caption-title-size:var(--h2_typography-font-size);--awb-caption-title-transform:var(--h2_typography-text-transform);--awb-caption-title-line-height:var(--h2_typography-line-height);--awb-caption-title-letter-spacing:var(--h2_typography-letter-spacing);\"><span class=\" fusion-imageframe imageframe-none imageframe-2 hover-type-zoomin\" style=\"border:5px solid #f6f6f6;\"><img decoding=\"async\" width=\"300\" height=\"188\" title=\"bicicletes-min\" src=\"https:\/\/agroturismesonllado.com\/wp-content\/uploads\/2018\/05\/bicicletes-min-1-300x188.jpeg\" alt class=\"img-responsive wp-image-2329\" srcset=\"https:\/\/agroturismesonllado.com\/wp-content\/uploads\/2018\/05\/bicicletes-min-1-300x188.jpeg 300w, https:\/\/agroturismesonllado.com\/wp-content\/uploads\/2018\/05\/bicicletes-min-1-768x480.jpeg 768w, https:\/\/agroturismesonllado.com\/wp-content\/uploads\/2018\/05\/bicicletes-min-1-1024x640.jpeg 1024w, https:\/\/agroturismesonllado.com\/wp-content\/uploads\/2018\/05\/bicicletes-min-1.jpeg 1200w\" sizes=\"(max-width: 300px) 100vw, 300px\" \/><\/span><\/div><div class=\"fusion-text fusion-text-2\"><p><strong>Bicicletas<\/strong>\u00a0para ir a la playa, a los pueblos de los alrededores o circular por las diferentes rutas ciclotur\u00edsticas\u00a0que pasan por Son Llad\u00f3.<\/p>\n<\/div><div class=\"fusion-clearfix\"><\/div><\/div><\/div><div class=\"fusion-layout-column fusion_builder_column fusion-builder-column-3 fusion_builder_column_1_4 1_4 fusion-one-fourth\" style=\"--awb-bg-size:cover;width:25%;width:calc(25% - ( ( 4% + 4% + 4% ) * 0.25 ) );margin-right: 4%;\"><div class=\"fusion-column-wrapper fusion-flex-column-wrapper-legacy\"><div class=\"fusion-image-element in-legacy-container\" style=\"--awb-caption-title-font-family:var(--h2_typography-font-family);--awb-caption-title-font-weight:var(--h2_typography-font-weight);--awb-caption-title-font-style:var(--h2_typography-font-style);--awb-caption-title-size:var(--h2_typography-font-size);--awb-caption-title-transform:var(--h2_typography-text-transform);--awb-caption-title-line-height:var(--h2_typography-line-height);--awb-caption-title-letter-spacing:var(--h2_typography-letter-spacing);\"><span class=\" fusion-imageframe imageframe-none imageframe-3 hover-type-zoomin\" style=\"border:5px solid #f6f6f6;\"><img decoding=\"async\" width=\"300\" height=\"188\" title=\"barbacoa\" src=\"https:\/\/agroturismesonllado.com\/wp-content\/uploads\/2018\/05\/barbacoa-e1525943425938-1-300x188.jpeg\" alt class=\"img-responsive wp-image-2297\" srcset=\"https:\/\/agroturismesonllado.com\/wp-content\/uploads\/2018\/05\/barbacoa-e1525943425938-1-300x188.jpeg 300w, https:\/\/agroturismesonllado.com\/wp-content\/uploads\/2018\/05\/barbacoa-e1525943425938-1-768x480.jpeg 768w, https:\/\/agroturismesonllado.com\/wp-content\/uploads\/2018\/05\/barbacoa-e1525943425938-1.jpeg 1019w\" sizes=\"(max-width: 300px) 100vw, 300px\" \/><\/span><\/div><div class=\"fusion-text fusion-text-3\"><p>Barbacoa<\/p>\n<\/div><div class=\"fusion-clearfix\"><\/div><\/div><\/div><div class=\"fusion-layout-column fusion_builder_column fusion-builder-column-4 fusion_builder_column_1_4 1_4 fusion-one-fourth fusion-column-last\" style=\"--awb-bg-size:cover;width:25%;width:calc(25% - ( ( 4% + 4% + 4% ) * 0.25 ) );\"><div class=\"fusion-column-wrapper fusion-flex-column-wrapper-legacy\"><div class=\"fusion-image-element in-legacy-container\" style=\"--awb-caption-title-font-family:var(--h2_typography-font-family);--awb-caption-title-font-weight:var(--h2_typography-font-weight);--awb-caption-title-font-style:var(--h2_typography-font-style);--awb-caption-title-size:var(--h2_typography-font-size);--awb-caption-title-transform:var(--h2_typography-text-transform);--awb-caption-title-line-height:var(--h2_typography-line-height);--awb-caption-title-letter-spacing:var(--h2_typography-letter-spacing);\"><span class=\" fusion-imageframe imageframe-none imageframe-4 hover-type-zoomin\" style=\"border:5px solid #f6f6f6;\"><img decoding=\"async\" width=\"300\" height=\"188\" title=\"porc-negre\" src=\"https:\/\/agroturismesonllado.com\/wp-content\/uploads\/2018\/05\/porc-negre-1-300x188.jpeg\" alt class=\"img-responsive wp-image-2321\" srcset=\"https:\/\/agroturismesonllado.com\/wp-content\/uploads\/2018\/05\/porc-negre-1-300x188.jpeg 300w, https:\/\/agroturismesonllado.com\/wp-content\/uploads\/2018\/05\/porc-negre-1-768x480.jpeg 768w, https:\/\/agroturismesonllado.com\/wp-content\/uploads\/2018\/05\/porc-negre-1.jpeg 1020w\" sizes=\"(max-width: 300px) 100vw, 300px\" \/><\/span><\/div><div class=\"fusion-text fusion-text-4\"><p>Granja con animales de raza aut\u00f3ctona.<\/p>\n<\/div><div class=\"fusion-clearfix\"><\/div><\/div><\/div><\/div><\/div><div class=\"fusion-fullwidth fullwidth-box fusion-builder-row-3 nonhundred-percent-fullwidth non-hundred-percent-height-scrolling\" style=\"--awb-border-radius-top-left:0px;--awb-border-radius-top-right:0px;--awb-border-radius-bottom-right:0px;--awb-border-radius-bottom-left:0px;--awb-flex-wrap:wrap;\" ><div class=\"fusion-builder-row fusion-row\"><div class=\"fusion-layout-column fusion_builder_column fusion-builder-column-5 fusion_builder_column_1_4 1_4 fusion-one-fourth fusion-column-first\" style=\"--awb-bg-size:cover;width:25%;width:calc(25% - ( ( 4% + 4% + 4% ) * 0.25 ) );margin-right: 4%;\"><div class=\"fusion-column-wrapper fusion-flex-column-wrapper-legacy\"><div class=\"fusion-image-element in-legacy-container\" style=\"--awb-caption-title-font-family:var(--h2_typography-font-family);--awb-caption-title-font-weight:var(--h2_typography-font-weight);--awb-caption-title-font-style:var(--h2_typography-font-style);--awb-caption-title-size:var(--h2_typography-font-size);--awb-caption-title-transform:var(--h2_typography-text-transform);--awb-caption-title-line-height:var(--h2_typography-line-height);--awb-caption-title-letter-spacing:var(--h2_typography-letter-spacing);\"><span class=\" fusion-imageframe imageframe-none imageframe-5 hover-type-zoomin\" style=\"border:5px solid #f6f6f6;\"><img decoding=\"async\" width=\"300\" height=\"188\" title=\"areadejocs\" src=\"https:\/\/agroturismesonllado.com\/wp-content\/uploads\/2018\/05\/areadejocs-e1525943563619-1-300x188.jpeg\" alt class=\"img-responsive wp-image-2293\" srcset=\"https:\/\/agroturismesonllado.com\/wp-content\/uploads\/2018\/05\/areadejocs-e1525943563619-1-300x188.jpeg 300w, https:\/\/agroturismesonllado.com\/wp-content\/uploads\/2018\/05\/areadejocs-e1525943563619-1-768x480.jpeg 768w, https:\/\/agroturismesonllado.com\/wp-content\/uploads\/2018\/05\/areadejocs-e1525943563619-1.jpeg 1019w\" sizes=\"(max-width: 300px) 100vw, 300px\" \/><\/span><\/div><div class=\"fusion-text fusion-text-5\"><p><strong>Parque infantil<\/strong>, con \u00e1rea de juegos exterior.<\/p>\n<\/div><div class=\"fusion-clearfix\"><\/div><\/div><\/div><div class=\"fusion-layout-column fusion_builder_column fusion-builder-column-6 fusion_builder_column_1_4 1_4 fusion-one-fourth\" style=\"--awb-bg-size:cover;width:25%;width:calc(25% - ( ( 4% + 4% + 4% ) * 0.25 ) );margin-right: 4%;\"><div class=\"fusion-column-wrapper fusion-flex-column-wrapper-legacy\"><div class=\"fusion-image-element in-legacy-container\" style=\"--awb-caption-title-font-family:var(--h2_typography-font-family);--awb-caption-title-font-weight:var(--h2_typography-font-weight);--awb-caption-title-font-style:var(--h2_typography-font-style);--awb-caption-title-size:var(--h2_typography-font-size);--awb-caption-title-transform:var(--h2_typography-text-transform);--awb-caption-title-line-height:var(--h2_typography-line-height);--awb-caption-title-letter-spacing:var(--h2_typography-letter-spacing);\"><span class=\" fusion-imageframe imageframe-none imageframe-6 hover-type-zoomin\" style=\"border:5px solid #f6f6f6;\"><img decoding=\"async\" width=\"300\" height=\"188\" title=\"hort\" src=\"https:\/\/agroturismesonllado.com\/wp-content\/uploads\/2018\/05\/hort-1-300x188.jpeg\" alt class=\"img-responsive wp-image-2309\" srcset=\"https:\/\/agroturismesonllado.com\/wp-content\/uploads\/2018\/05\/hort-1-300x188.jpeg 300w, https:\/\/agroturismesonllado.com\/wp-content\/uploads\/2018\/05\/hort-1-768x480.jpeg 768w, https:\/\/agroturismesonllado.com\/wp-content\/uploads\/2018\/05\/hort-1.jpeg 1020w\" sizes=\"(max-width: 300px) 100vw, 300px\" \/><\/span><\/div><div class=\"fusion-text fusion-text-6\"><p><strong>Huerto ecol\u00f3gico<\/strong>\u00a0en el que se cultivan las hortalizas propias de cada\u00a0temporada.<\/p>\n<\/div><div class=\"fusion-clearfix\"><\/div><\/div><\/div><div class=\"fusion-layout-column fusion_builder_column fusion-builder-column-7 fusion_builder_column_1_4 1_4 fusion-one-fourth\" style=\"--awb-bg-size:cover;width:25%;width:calc(25% - ( ( 4% + 4% + 4% ) * 0.25 ) );margin-right: 4%;\"><div class=\"fusion-column-wrapper fusion-flex-column-wrapper-legacy\"><div class=\"fusion-image-element in-legacy-container\" style=\"--awb-caption-title-font-family:var(--h2_typography-font-family);--awb-caption-title-font-weight:var(--h2_typography-font-weight);--awb-caption-title-font-style:var(--h2_typography-font-style);--awb-caption-title-size:var(--h2_typography-font-size);--awb-caption-title-transform:var(--h2_typography-text-transform);--awb-caption-title-line-height:var(--h2_typography-line-height);--awb-caption-title-letter-spacing:var(--h2_typography-letter-spacing);\"><span class=\" fusion-imageframe imageframe-none imageframe-7 hover-type-zoomin\" style=\"border:5px solid #f6f6f6;\"><img decoding=\"async\" width=\"300\" height=\"187\" title=\"ponnei\" src=\"https:\/\/agroturismesonllado.com\/wp-content\/uploads\/2018\/02\/ponnei-e1525943067732-1-300x187.jpg\" alt class=\"img-responsive wp-image-1861\" srcset=\"https:\/\/agroturismesonllado.com\/wp-content\/uploads\/2018\/02\/ponnei-e1525943067732-1-300x187.jpg 300w, https:\/\/agroturismesonllado.com\/wp-content\/uploads\/2018\/02\/ponnei-e1525943067732-1.jpg 700w\" sizes=\"(max-width: 300px) 100vw, 300px\" \/><\/span><\/div><div class=\"fusion-text fusion-text-7\"><p><strong>Ponis<\/strong>\u00a0para ni\u00f1os.<\/p>\n<\/div><div class=\"fusion-clearfix\"><\/div><\/div><\/div><div class=\"fusion-layout-column fusion_builder_column fusion-builder-column-8 fusion_builder_column_1_4 1_4 fusion-one-fourth fusion-column-last\" style=\"--awb-bg-size:cover;width:25%;width:calc(25% - ( ( 4% + 4% + 4% ) * 0.25 ) );\"><div class=\"fusion-column-wrapper fusion-flex-column-wrapper-legacy\"><div class=\"fusion-image-element in-legacy-container\" style=\"--awb-caption-title-font-family:var(--h2_typography-font-family);--awb-caption-title-font-weight:var(--h2_typography-font-weight);--awb-caption-title-font-style:var(--h2_typography-font-style);--awb-caption-title-size:var(--h2_typography-font-size);--awb-caption-title-transform:var(--h2_typography-text-transform);--awb-caption-title-line-height:var(--h2_typography-line-height);--awb-caption-title-letter-spacing:var(--h2_typography-letter-spacing);\"><span class=\" fusion-imageframe imageframe-none imageframe-8 hover-type-zoomin\" style=\"border:5px solid #f6f6f6;\"><img decoding=\"async\" width=\"300\" height=\"188\" title=\"terrassa_coberta-min\" src=\"https:\/\/agroturismesonllado.com\/wp-content\/uploads\/2018\/05\/terrassa_coberta-min-1-300x188.jpeg\" alt class=\"img-responsive wp-image-2333\" srcset=\"https:\/\/agroturismesonllado.com\/wp-content\/uploads\/2018\/05\/terrassa_coberta-min-1-300x188.jpeg 300w, https:\/\/agroturismesonllado.com\/wp-content\/uploads\/2018\/05\/terrassa_coberta-min-1-768x480.jpeg 768w, https:\/\/agroturismesonllado.com\/wp-content\/uploads\/2018\/05\/terrassa_coberta-min-1-1024x640.jpeg 1024w, https:\/\/agroturismesonllado.com\/wp-content\/uploads\/2018\/05\/terrassa_coberta-min-1.jpeg 1200w\" sizes=\"(max-width: 300px) 100vw, 300px\" \/><\/span><\/div><div class=\"fusion-text fusion-text-8\"><p>La\u00a0<strong>terraza cubierta<\/strong>, al lado de la piscina, equipada con mesas y una barra de bar que dispone de cafetera y nevera (<em>honest bar<\/em>).<\/p>\n<\/div><div class=\"fusion-clearfix\"><\/div><\/div><\/div><\/div><\/div><div class=\"fusion-fullwidth fullwidth-box fusion-builder-row-4 nonhundred-percent-fullwidth non-hundred-percent-height-scrolling\" style=\"--awb-border-radius-top-left:0px;--awb-border-radius-top-right:0px;--awb-border-radius-bottom-right:0px;--awb-border-radius-bottom-left:0px;--awb-flex-wrap:wrap;\" ><div class=\"fusion-builder-row fusion-row\"><div class=\"fusion-layout-column fusion_builder_column fusion-builder-column-9 fusion_builder_column_1_4 1_4 fusion-one-fourth fusion-column-first\" style=\"--awb-bg-size:cover;width:25%;width:calc(25% - ( ( 4% + 4% + 4% ) * 0.25 ) );margin-right: 4%;\"><div class=\"fusion-column-wrapper fusion-flex-column-wrapper-legacy\"><div class=\"fusion-image-element in-legacy-container\" style=\"--awb-caption-title-font-family:var(--h2_typography-font-family);--awb-caption-title-font-weight:var(--h2_typography-font-weight);--awb-caption-title-font-style:var(--h2_typography-font-style);--awb-caption-title-size:var(--h2_typography-font-size);--awb-caption-title-transform:var(--h2_typography-text-transform);--awb-caption-title-line-height:var(--h2_typography-line-height);--awb-caption-title-letter-spacing:var(--h2_typography-letter-spacing);\"><span class=\" fusion-imageframe imageframe-none imageframe-9 hover-type-zoomin\" style=\"border:5px solid #f6f6f6;\"><img decoding=\"async\" width=\"300\" height=\"187\" title=\"obejas\" src=\"https:\/\/agroturismesonllado.com\/wp-content\/uploads\/2018\/02\/obejas-e1525943673238-1-300x187.jpg\" alt class=\"img-responsive wp-image-1869\" srcset=\"https:\/\/agroturismesonllado.com\/wp-content\/uploads\/2018\/02\/obejas-e1525943673238-1-300x187.jpg 300w, https:\/\/agroturismesonllado.com\/wp-content\/uploads\/2018\/02\/obejas-e1525943673238-1.jpg 700w\" sizes=\"(max-width: 300px) 100vw, 300px\" \/><\/span><\/div><div class=\"fusion-text fusion-text-9\"><p><strong>23 ha de<\/strong> <strong>campos cultivados<\/strong>\u00a0y 1 ha de <strong>bosque con flora<\/strong> <strong>mediterr\u00e1nea<\/strong> (se puede pasear por los caminos existentes).<\/p>\n<\/div><div class=\"fusion-clearfix\"><\/div><\/div><\/div><div class=\"fusion-layout-column fusion_builder_column fusion-builder-column-10 fusion_builder_column_1_4 1_4 fusion-one-fourth\" style=\"--awb-bg-size:cover;width:25%;width:calc(25% - ( ( 4% + 4% + 4% ) * 0.25 ) );margin-right: 4%;\"><div class=\"fusion-column-wrapper fusion-flex-column-wrapper-legacy\"><div class=\"fusion-image-element in-legacy-container\" style=\"--awb-caption-title-font-family:var(--h2_typography-font-family);--awb-caption-title-font-weight:var(--h2_typography-font-weight);--awb-caption-title-font-style:var(--h2_typography-font-style);--awb-caption-title-size:var(--h2_typography-font-size);--awb-caption-title-transform:var(--h2_typography-text-transform);--awb-caption-title-line-height:var(--h2_typography-line-height);--awb-caption-title-letter-spacing:var(--h2_typography-letter-spacing);\"><span class=\" fusion-imageframe imageframe-none imageframe-10 hover-type-zoomin\" style=\"border:5px solid #f6f6f6;\"><img decoding=\"async\" width=\"300\" height=\"225\" title=\"P1040139\" src=\"http:\/\/www.agroturismesonllado.com\/wp-content\/uploads\/2018\/06\/P1040139-300x225.jpg\" alt class=\"img-responsive wp-image-2341\"\/><\/span><\/div><div class=\"fusion-text fusion-text-10\"><p>5.000 m2 de <strong>jardines y terrazas<\/strong>.<\/p>\n<\/div><div class=\"fusion-clearfix\"><\/div><\/div><\/div><div class=\"fusion-layout-column fusion_builder_column fusion-builder-column-11 fusion_builder_column_1_4 1_4 fusion-one-fourth\" style=\"--awb-bg-size:cover;width:25%;width:calc(25% - ( ( 4% + 4% + 4% ) * 0.25 ) );margin-right: 4%;\"><div class=\"fusion-column-wrapper fusion-flex-column-wrapper-legacy\"><div class=\"fusion-image-element in-legacy-container\" style=\"--awb-caption-title-font-family:var(--h2_typography-font-family);--awb-caption-title-font-weight:var(--h2_typography-font-weight);--awb-caption-title-font-style:var(--h2_typography-font-style);--awb-caption-title-size:var(--h2_typography-font-size);--awb-caption-title-transform:var(--h2_typography-text-transform);--awb-caption-title-line-height:var(--h2_typography-line-height);--awb-caption-title-letter-spacing:var(--h2_typography-letter-spacing);\"><span class=\" fusion-imageframe imageframe-none imageframe-11 hover-type-zoomin\" style=\"border:5px solid #f6f6f6;\"><img decoding=\"async\" width=\"300\" height=\"188\" title=\"aparcament\" src=\"https:\/\/agroturismesonllado.com\/wp-content\/uploads\/2018\/05\/aparcament-e1525943725276-1-300x188.jpeg\" alt class=\"img-responsive wp-image-2289\" srcset=\"https:\/\/agroturismesonllado.com\/wp-content\/uploads\/2018\/05\/aparcament-e1525943725276-1-300x188.jpeg 300w, https:\/\/agroturismesonllado.com\/wp-content\/uploads\/2018\/05\/aparcament-e1525943725276-1-768x480.jpeg 768w, https:\/\/agroturismesonllado.com\/wp-content\/uploads\/2018\/05\/aparcament-e1525943725276-1.jpeg 1019w\" sizes=\"(max-width: 300px) 100vw, 300px\" \/><\/span><\/div><div class=\"fusion-text fusion-text-11\"><p><strong>Aparcamiento.<\/strong><\/p>\n<\/div><div class=\"fusion-clearfix\"><\/div><\/div><\/div><div class=\"fusion-layout-column fusion_builder_column fusion-builder-column-12 fusion_builder_column_1_4 1_4 fusion-one-fourth fusion-column-last\" style=\"--awb-bg-size:cover;width:25%;width:calc(25% - ( ( 4% + 4% + 4% ) * 0.25 ) );\"><div class=\"fusion-column-wrapper fusion-flex-column-wrapper-legacy\"><div class=\"fusion-image-element in-legacy-container\" style=\"--awb-caption-title-font-family:var(--h2_typography-font-family);--awb-caption-title-font-weight:var(--h2_typography-font-weight);--awb-caption-title-font-style:var(--h2_typography-font-style);--awb-caption-title-size:var(--h2_typography-font-size);--awb-caption-title-transform:var(--h2_typography-text-transform);--awb-caption-title-line-height:var(--h2_typography-line-height);--awb-caption-title-letter-spacing:var(--h2_typography-letter-spacing);\"><span class=\" fusion-imageframe imageframe-none imageframe-12 hover-type-zoomin\" style=\"border:5px solid #f6f6f6;\"><img decoding=\"async\" width=\"300\" height=\"187\" title=\"bugaderia\" src=\"https:\/\/agroturismesonllado.com\/wp-content\/uploads\/2018\/05\/bugaderia-e1525943758677-1-300x187.jpeg\" alt class=\"img-responsive wp-image-2301\" srcset=\"https:\/\/agroturismesonllado.com\/wp-content\/uploads\/2018\/05\/bugaderia-e1525943758677-1-300x187.jpeg 300w, https:\/\/agroturismesonllado.com\/wp-content\/uploads\/2018\/05\/bugaderia-e1525943758677-1-768x479.jpeg 768w, https:\/\/agroturismesonllado.com\/wp-content\/uploads\/2018\/05\/bugaderia-e1525943758677-1.jpeg 1017w\" sizes=\"(max-width: 300px) 100vw, 300px\" \/><\/span><\/div><div class=\"fusion-text fusion-text-12\"><p><strong>Lavander\u00eda comunitaria<\/strong>, con lavadora autom\u00e1tica, plancha y espacio para tender la ropa.<\/p>\n<\/div><div class=\"fusion-clearfix\"><\/div><\/div><\/div><\/div><\/div><\/p>\n","protected":false},"excerpt":{"rendered":"","protected":false},"author":1,"featured_media":0,"parent":0,"menu_order":0,"comment_status":"closed","ping_status":"closed","template":"","meta":{"footnotes":""},"class_list":["post-358","page","type-page","status-publish","hentry"],"_links":{"self":[{"href":"https:\/\/agroturismesonllado.com\/es\/wp-json\/wp\/v2\/pages\/358","targetHints":{"allow":["GET"]}}],"collection":[{"href":"https:\/\/agroturismesonllado.com\/es\/wp-json\/wp\/v2\/pages"}],"about":[{"href":"https:\/\/agroturismesonllado.com\/es\/wp-json\/wp\/v2\/types\/page"}],"author":[{"embeddable":true,"href":"https:\/\/agroturismesonllado.com\/es\/wp-json\/wp\/v2\/users\/1"}],"replies":[{"embeddable":true,"href":"https:\/\/agroturismesonllado.com\/es\/wp-json\/wp\/v2\/comments?post=358"}],"version-history":[{"count":1,"href":"https:\/\/agroturismesonllado.com\/es\/wp-json\/wp\/v2\/pages\/358\/revisions"}],"predecessor-version":[{"id":2488,"href":"https:\/\/agroturismesonllado.com\/es\/wp-json\/wp\/v2\/pages\/358\/revisions\/2488"}],"wp:attachment":[{"href":"https:\/\/agroturismesonllado.com\/es\/wp-json\/wp\/v2\/media?parent=358"}],"curies":[{"name":"wp","href":"https:\/\/api.w.org\/{rel}","templated":true}]}}