{"id":352,"date":"2018-04-23T15:40:37","date_gmt":"2018-04-23T15:40:37","guid":{"rendered":"http:\/\/77.104.147.42\/~agrotur6\/apartamentos\/la-volta\/"},"modified":"2021-05-28T16:49:38","modified_gmt":"2021-05-28T16:49:38","slug":"la-volta","status":"publish","type":"page","link":"https:\/\/agroturismesonllado.com\/es\/apartamentos\/la-volta\/","title":{"rendered":"La Volta"},"content":{"rendered":"<p><div class=\"fusion-fullwidth fullwidth-box fusion-builder-row-1 nonhundred-percent-fullwidth non-hundred-percent-height-scrolling\" style=\"--awb-border-radius-top-left:0px;--awb-border-radius-top-right:0px;--awb-border-radius-bottom-right:0px;--awb-border-radius-bottom-left:0px;--awb-flex-wrap:wrap;\" ><div class=\"fusion-builder-row fusion-row\"><div class=\"fusion-layout-column fusion_builder_column fusion-builder-column-0 fusion_builder_column_2_5 2_5 fusion-two-fifth fusion-column-first\" style=\"--awb-bg-size:cover;width:40%;width:calc(40% - ( ( 4% ) * 0.4 ) );margin-right: 4%;\"><div class=\"fusion-column-wrapper fusion-flex-column-wrapper-legacy\"><div class=\"fusion-title title fusion-title-1 fusion-sep-none fusion-title-text fusion-title-size-one\"><h1 class=\"fusion-title-heading title-heading-left\" style=\"margin:0;\">Casa Apartamento rural situado en la planta baja del edificio principal, procedente de la reforma del antiguo chalet \/ casa privada del se\u00f1or o propietario de la finca. La palabra <i>Volta<\/i>, de la que toma su nombre, define un tipo especial de techo existente en el dormitorio, construido con piezas de piedra arenisca formando una b\u00f3veda, en este caso de cuatro puntos.<\/h1><\/div><div class=\"fusion-text fusion-text-1\"><h2>Ideal para 2 personas. Posibilidad tambi\u00e9n de alojarse con 2 ni\u00f1os.<\/h2>\n<\/div><div class=\"fusion-clearfix\"><\/div><\/div><\/div><div class=\"fusion-layout-column fusion_builder_column fusion-builder-column-1 fusion_builder_column_3_5 3_5 fusion-three-fifth fusion-column-last\" style=\"--awb-bg-size:cover;width:60%;width:calc(60% - ( ( 4% ) * 0.6 ) );\"><div class=\"fusion-column-wrapper fusion-flex-column-wrapper-legacy\"><div class=\"fusion-tabs fusion-tabs-1 classic nav-is-justified horizontal-tabs icon-position-left mobile-mode-accordion\" style=\"--awb-title-border-radius-top-left:0px;--awb-title-border-radius-top-right:0px;--awb-title-border-radius-bottom-right:0px;--awb-title-border-radius-bottom-left:0px;--awb-inactive-color:#ebeaea;--awb-background-color:#ffffff;--awb-border-color:#ebeaea;--awb-active-border-color:#a0ce4e;\"><div class=\"nav\"><ul class=\"nav-tabs nav-justified\" role=\"tablist\"><li class=\"active\" role=\"presentation\"><a class=\"tab-link\" data-toggle=\"tab\" role=\"tab\" aria-controls=\"tab-7ed9e033f26cb4cf763\" aria-selected=\"true\" id=\"fusion-tab-distribuci\u00f3n\" href=\"#tab-7ed9e033f26cb4cf763\"><h4 class=\"fusion-tab-heading\"><i class=\"fontawesome-icon fa-th-large fas\" aria-hidden=\"true\" style=\"font-size:13px;\"><\/i>Distribuci\u00f3n<\/h4><\/a><\/li><li role=\"presentation\"><a class=\"tab-link\" data-toggle=\"tab\" role=\"tab\" aria-controls=\"tab-a3e3e352eca8bc1a54b\" aria-selected=\"false\" tabindex=\"-1\" id=\"fusion-tab-equipamiento\" href=\"#tab-a3e3e352eca8bc1a54b\"><h4 class=\"fusion-tab-heading\"><i class=\"fontawesome-icon fa-list-alt far\" aria-hidden=\"true\" style=\"font-size:13px;\"><\/i>Equipamiento<\/h4><\/a><\/li><li role=\"presentation\"><a class=\"tab-link\" data-toggle=\"tab\" role=\"tab\" aria-controls=\"tab-8c7c9a43723e00f538a\" aria-selected=\"false\" tabindex=\"-1\" id=\"fusion-tab-otrosdetalles\" href=\"#tab-8c7c9a43723e00f538a\"><h4 class=\"fusion-tab-heading\"><i class=\"fontawesome-icon fa-star fas\" aria-hidden=\"true\" style=\"font-size:13px;\"><\/i>Otros detalles<\/h4><\/a><\/li><\/ul><\/div><div class=\"tab-content\"><div class=\"nav fusion-mobile-tab-nav\"><ul class=\"nav-tabs nav-justified\" role=\"tablist\"><li class=\"active\" role=\"presentation\"><a class=\"tab-link\" data-toggle=\"tab\" role=\"tab\" aria-controls=\"tab-7ed9e033f26cb4cf763\" aria-selected=\"true\" id=\"mobile-fusion-tab-distribuci\u00f3n\" href=\"#tab-7ed9e033f26cb4cf763\"><h4 class=\"fusion-tab-heading\"><i class=\"fontawesome-icon fa-th-large fas\" aria-hidden=\"true\" style=\"font-size:13px;\"><\/i>Distribuci\u00f3n<\/h4><\/a><\/li><\/ul><\/div><div class=\"tab-pane fade fusion-clearfix in active\" role=\"tabpanel\" tabindex=\"0\" aria-labelledby=\"fusion-tab-distribuci\u00f3n\" id=\"tab-7ed9e033f26cb4cf763\">\n<ul>\n<li>1 Habitacion doble + 1 buhardilla con 2 camas individuales<\/li>\n<li>1 Cuarto de Ba\u00f1o<\/li>\n<li>1 Cocina<\/li>\n<li>1 Sal\u00f3n-Comedor<\/li>\n<li>1 Terraza privada<\/li>\n<li>En total 48 m<sup>2<\/sup> de vivienda + 40 m<sup>2<\/sup> de terraza privada<\/li>\n<li>Entrada independiente<\/li>\n<\/ul>\n<\/div><div class=\"nav fusion-mobile-tab-nav\"><ul class=\"nav-tabs nav-justified\" role=\"tablist\"><li role=\"presentation\"><a class=\"tab-link\" data-toggle=\"tab\" role=\"tab\" aria-controls=\"tab-a3e3e352eca8bc1a54b\" aria-selected=\"false\" tabindex=\"-1\" id=\"mobile-fusion-tab-equipamiento\" href=\"#tab-a3e3e352eca8bc1a54b\"><h4 class=\"fusion-tab-heading\"><i class=\"fontawesome-icon fa-list-alt far\" aria-hidden=\"true\" style=\"font-size:13px;\"><\/i>Equipamiento<\/h4><\/a><\/li><\/ul><\/div><div class=\"tab-pane fade fusion-clearfix\" role=\"tabpanel\" tabindex=\"0\" aria-labelledby=\"fusion-tab-equipamiento\" id=\"tab-a3e3e352eca8bc1a54b\">\n<ul>\n<li>Aire Acondicionado<\/li>\n<li>Calefacci\u00f3n central<\/li>\n<li>Estufa de le\u00f1a<\/li>\n<li>Cocina vitrocer\u00e1mica<\/li>\n<li>Nevera<\/li>\n<li>Lavanderia Comunitaria<\/li>\n<li>Menaje de cocina<\/li>\n<li>Ropa de cama<\/li>\n<li>Toallas (de ba\u00f1o y piscina)<\/li>\n<li>Wi-Fi r\u00e1pido<\/li>\n<li>Smart TV<\/li>\n<li>Barbacoa comunitaria<\/li>\n<\/ul>\n<\/div><div class=\"nav fusion-mobile-tab-nav\"><ul class=\"nav-tabs nav-justified\" role=\"tablist\"><li role=\"presentation\"><a class=\"tab-link\" data-toggle=\"tab\" role=\"tab\" aria-controls=\"tab-8c7c9a43723e00f538a\" aria-selected=\"false\" tabindex=\"-1\" id=\"mobile-fusion-tab-otrosdetalles\" href=\"#tab-8c7c9a43723e00f538a\"><h4 class=\"fusion-tab-heading\"><i class=\"fontawesome-icon fa-star fas\" aria-hidden=\"true\" style=\"font-size:13px;\"><\/i>Otros detalles<\/h4><\/a><\/li><\/ul><\/div><div class=\"tab-pane fade fusion-clearfix\" role=\"tabpanel\" tabindex=\"0\" aria-labelledby=\"fusion-tab-otrosdetalles\" id=\"tab-8c7c9a43723e00f538a\">\n<p>Vistas a los jardines, campos frontales y en el lado izquierdo la torre de defensa de <i>Son Llad\u00f3 Vell<\/i> que data del siglo XIII. Carpinter\u00eda de madera de primera calidad, estilo r\u00fastico. Cama de matrimonio de 180 \u00d7 200 cm, con cabecero de hierro forjado. Techo del dormitorio formado por b\u00f3veda de cruceria del siglo XVII.<\/p>\n<\/div><\/div><\/div><div class=\"fusion-aligncenter\"><a class=\"fusion-button button-flat button-large button-default fusion-button-default button-1 fusion-button-default-span fusion-button-default-type\" target=\"_self\" href=\"http:\/\/www.agroturismesonllado.com\/es\/reservas\/\"><i class=\"fa-calendar-alt fas button-icon-left\" aria-hidden=\"true\"><\/i><span class=\"fusion-button-text\">COMPRUEBA LA DISPONIBILIDAD<\/span><\/a><\/div><div class=\"fusion-clearfix\"><\/div><\/div><\/div><\/div><\/div><div class=\"fusion-fullwidth fullwidth-box fusion-builder-row-2 nonhundred-percent-fullwidth non-hundred-percent-height-scrolling\" style=\"--awb-border-radius-top-left:0px;--awb-border-radius-top-right:0px;--awb-border-radius-bottom-right:0px;--awb-border-radius-bottom-left:0px;--awb-flex-wrap:wrap;\" ><div class=\"fusion-builder-row fusion-row\"><div class=\"fusion-layout-column fusion_builder_column fusion-builder-column-2 fusion_builder_column_1_1 1_1 fusion-one-full fusion-column-first fusion-column-last\" style=\"--awb-bg-size:cover;--awb-margin-bottom:0px;\"><div class=\"fusion-column-wrapper fusion-flex-column-wrapper-legacy\"><div class=\"fusion-text fusion-text-2\"><h2>Aqu\u00ed puedes hacer una visita virtual a nuestro apartamento:<\/h2>\n<\/div><iframe src=\"https:\/\/www.google.com\/maps\/embed?pb=!4v1594742618142!6m8!1m7!1sCAoSLEFGMVFpcFBhUFdHMzBTZFlwV180UmlsNkNITjR5c3FMOGM1OElBaDNqQVVX!2m2!1d39.40085984256008!2d3.008726013624101!3f47.49172436138474!4f-7.337532935957029!5f0.7820865974627469\" width=\"600\" height=\"450\" frameborder=\"0\" style=\"border:0;\" allowfullscreen=\"\" aria-hidden=\"false\" tabindex=\"0\"><\/iframe><div class=\"fusion-clearfix\"><\/div><\/div><\/div><\/div><\/div><\/p>\n","protected":false},"excerpt":{"rendered":"","protected":false},"author":1,"featured_media":2205,"parent":313,"menu_order":0,"comment_status":"closed","ping_status":"closed","template":"","meta":{"footnotes":""},"class_list":["post-352","page","type-page","status-publish","has-post-thumbnail","hentry"],"_links":{"self":[{"href":"https:\/\/agroturismesonllado.com\/es\/wp-json\/wp\/v2\/pages\/352","targetHints":{"allow":["GET"]}}],"collection":[{"href":"https:\/\/agroturismesonllado.com\/es\/wp-json\/wp\/v2\/pages"}],"about":[{"href":"https:\/\/agroturismesonllado.com\/es\/wp-json\/wp\/v2\/types\/page"}],"author":[{"embeddable":true,"href":"https:\/\/agroturismesonllado.com\/es\/wp-json\/wp\/v2\/users\/1"}],"replies":[{"embeddable":true,"href":"https:\/\/agroturismesonllado.com\/es\/wp-json\/wp\/v2\/comments?post=352"}],"version-history":[{"count":1,"href":"https:\/\/agroturismesonllado.com\/es\/wp-json\/wp\/v2\/pages\/352\/revisions"}],"predecessor-version":[{"id":2658,"href":"https:\/\/agroturismesonllado.com\/es\/wp-json\/wp\/v2\/pages\/352\/revisions\/2658"}],"up":[{"embeddable":true,"href":"https:\/\/agroturismesonllado.com\/es\/wp-json\/wp\/v2\/pages\/313"}],"wp:featuredmedia":[{"embeddable":true,"href":"https:\/\/agroturismesonllado.com\/es\/wp-json\/wp\/v2\/media\/2205"}],"wp:attachment":[{"href":"https:\/\/agroturismesonllado.com\/es\/wp-json\/wp\/v2\/media?parent=352"}],"curies":[{"name":"wp","href":"https:\/\/api.w.org\/{rel}","templated":true}]}}