{"id":350,"date":"2018-04-23T15:39:51","date_gmt":"2018-04-23T15:39:51","guid":{"rendered":"http:\/\/77.104.147.42\/~agrotur6\/apartamentos\/el-porxo\/"},"modified":"2021-05-27T20:22:57","modified_gmt":"2021-05-27T20:22:57","slug":"el-porxo","status":"publish","type":"page","link":"https:\/\/agroturismesonllado.com\/es\/apartamentos\/el-porxo\/","title":{"rendered":"El Porxo"},"content":{"rendered":"<p><div class=\"fusion-fullwidth fullwidth-box fusion-builder-row-1 nonhundred-percent-fullwidth non-hundred-percent-height-scrolling\" style=\"--awb-border-radius-top-left:0px;--awb-border-radius-top-right:0px;--awb-border-radius-bottom-right:0px;--awb-border-radius-bottom-left:0px;--awb-flex-wrap:wrap;\" ><div class=\"fusion-builder-row fusion-row\"><div class=\"fusion-layout-column fusion_builder_column fusion-builder-column-0 fusion_builder_column_2_5 2_5 fusion-two-fifth fusion-column-first\" style=\"--awb-bg-size:cover;width:40%;width:calc(40% - ( ( 4% ) * 0.4 ) );margin-right: 4%;\"><div class=\"fusion-column-wrapper fusion-flex-column-wrapper-legacy\"><div class=\"fusion-title title fusion-title-1 fusion-sep-none fusion-title-text fusion-title-size-one\"><h1 class=\"fusion-title-heading title-heading-left\" style=\"margin:0;\"><p>Casa rural independiente, situada a 60 metros de la edificaci\u00f3n principal. De una sola planta, dispone de 3 habitaciones. Proveniente de la reforma del antiguo pajar y almac\u00e9n agr\u00edcola de la finca.<\/p>\n<p><span id=\"result_box\" class=\"\" lang=\"es\" tabindex=\"-1\">\u00a0<\/span><\/p><\/h1><\/div><div class=\"fusion-text fusion-text-1\"><h2>Capacidad para 6 personas. Instalaciones adaptadas para personas discapacitadas.<\/h2>\n<\/div><div class=\"fusion-clearfix\"><\/div><\/div><\/div><div class=\"fusion-layout-column fusion_builder_column fusion-builder-column-1 fusion_builder_column_3_5 3_5 fusion-three-fifth fusion-column-last\" style=\"--awb-bg-size:cover;width:60%;width:calc(60% - ( ( 4% ) * 0.6 ) );\"><div class=\"fusion-column-wrapper fusion-flex-column-wrapper-legacy\"><div class=\"fusion-tabs fusion-tabs-1 classic nav-is-justified horizontal-tabs icon-position-left mobile-mode-accordion\" style=\"--awb-title-border-radius-top-left:0px;--awb-title-border-radius-top-right:0px;--awb-title-border-radius-bottom-right:0px;--awb-title-border-radius-bottom-left:0px;--awb-inactive-color:#ebeaea;--awb-background-color:#ffffff;--awb-border-color:#ebeaea;--awb-active-border-color:#a0ce4e;\"><div class=\"nav\"><ul class=\"nav-tabs nav-justified\" role=\"tablist\"><li class=\"active\" role=\"presentation\"><a class=\"tab-link\" data-toggle=\"tab\" role=\"tab\" aria-controls=\"tab-63584e7cbf7c349fda7\" aria-selected=\"true\" id=\"fusion-tab-distribuci\u00f3n\" href=\"#tab-63584e7cbf7c349fda7\"><h4 class=\"fusion-tab-heading\">Distribuci\u00f3n<\/h4><\/a><\/li><li role=\"presentation\"><a class=\"tab-link\" data-toggle=\"tab\" role=\"tab\" aria-controls=\"tab-8ca15a48364a96f782b\" aria-selected=\"false\" tabindex=\"-1\" id=\"fusion-tab-equipamiento\" href=\"#tab-8ca15a48364a96f782b\"><h4 class=\"fusion-tab-heading\">Equipamiento<\/h4><\/a><\/li><li role=\"presentation\"><a class=\"tab-link\" data-toggle=\"tab\" role=\"tab\" aria-controls=\"tab-4250d6ab1a8dd6c3c94\" aria-selected=\"false\" tabindex=\"-1\" id=\"fusion-tab-otrosdetalles\" href=\"#tab-4250d6ab1a8dd6c3c94\"><h4 class=\"fusion-tab-heading\"><i class=\"fontawesome-icon fa-star fas\" aria-hidden=\"true\" style=\"font-size:13px;\"><\/i>Otros detalles<\/h4><\/a><\/li><\/ul><\/div><div class=\"tab-content\"><div class=\"nav fusion-mobile-tab-nav\"><ul class=\"nav-tabs nav-justified\" role=\"tablist\"><li class=\"active\" role=\"presentation\"><a class=\"tab-link\" data-toggle=\"tab\" role=\"tab\" aria-controls=\"tab-63584e7cbf7c349fda7\" aria-selected=\"true\" id=\"mobile-fusion-tab-distribuci\u00f3n\" href=\"#tab-63584e7cbf7c349fda7\"><h4 class=\"fusion-tab-heading\">Distribuci\u00f3n<\/h4><\/a><\/li><\/ul><\/div><div class=\"tab-pane fade fusion-clearfix in active\" role=\"tabpanel\" tabindex=\"0\" aria-labelledby=\"fusion-tab-distribuci\u00f3n\" id=\"tab-63584e7cbf7c349fda7\">\n<ul>\n<li>3 habitaciones dobles<\/li>\n<li>2 ba\u00f1os<\/li>\n<li>1 cocina<\/li>\n<li>1 sala \u2013 comedor<\/li>\n<li>1 <span id=\"result_box\" class=\"short_text\" lang=\"es\" tabindex=\"-1\"><span class=\"\">trastero<\/span> &#8211; <span class=\"\">lavander\u00eda<\/span><\/span><\/li>\n<li>1 terraza privada cubierta<\/li>\n<li>En total 120 m<sup>2<\/sup> de vivienda + 30 m<sup>2<\/sup> de terraza privada cubierta + 30 m2 terraza privada descubierta<\/li>\n<\/ul>\n<\/div><div class=\"nav fusion-mobile-tab-nav\"><ul class=\"nav-tabs nav-justified\" role=\"tablist\"><li role=\"presentation\"><a class=\"tab-link\" data-toggle=\"tab\" role=\"tab\" aria-controls=\"tab-8ca15a48364a96f782b\" aria-selected=\"false\" tabindex=\"-1\" id=\"mobile-fusion-tab-equipamiento\" href=\"#tab-8ca15a48364a96f782b\"><h4 class=\"fusion-tab-heading\">Equipamiento<\/h4><\/a><\/li><\/ul><\/div><div class=\"tab-pane fade fusion-clearfix\" role=\"tabpanel\" tabindex=\"0\" aria-labelledby=\"fusion-tab-equipamiento\" id=\"tab-8ca15a48364a96f782b\">\n<ul>\n<li>Aire Acondicionado<\/li>\n<li>bomba de calor<\/li>\n<li>Estufa de le\u00f1a<\/li>\n<li>Ventiladores en el techo de los dormitorios<\/li>\n<li>Cocina vitrocer\u00e1mica, Horno<\/li>\n<li>Menaje de cocina<\/li>\n<li>Nevera, Lavavajillas<\/li>\n<li>Lavadora<\/li>\n<li>Smart TV<\/li>\n<li>Wifi (Internet llega v\u00eda fibra \u00f3ptica)<\/li>\n<\/ul>\n<\/div><div class=\"nav fusion-mobile-tab-nav\"><ul class=\"nav-tabs nav-justified\" role=\"tablist\"><li role=\"presentation\"><a class=\"tab-link\" data-toggle=\"tab\" role=\"tab\" aria-controls=\"tab-4250d6ab1a8dd6c3c94\" aria-selected=\"false\" tabindex=\"-1\" id=\"mobile-fusion-tab-otrosdetalles\" href=\"#tab-4250d6ab1a8dd6c3c94\"><h4 class=\"fusion-tab-heading\"><i class=\"fontawesome-icon fa-star fas\" aria-hidden=\"true\" style=\"font-size:13px;\"><\/i>Otros detalles<\/h4><\/a><\/li><\/ul><\/div><div class=\"tab-pane fade fusion-clearfix\" role=\"tabpanel\" tabindex=\"0\" aria-labelledby=\"fusion-tab-otrosdetalles\" id=\"tab-4250d6ab1a8dd6c3c94\">\n<p>Vistas a los jardines y campos de cultivo. Puertas interiores en carpinter\u00eda en madera de estilo r\u00fastico de primera calidad. Cristaleras en PVC y persianas en aluminio. Camas de matrimonio de medidas 180 \u00d7 200 cm. Camas individuales de 90 \u00d7 200 cm. Cubierta ventilada. Falso techo de la sala de estar, recibidor, comedor y dormitorio principal formados por b\u00f3veda de ca\u00f1\u00f3n enyesada.<\/p>\n<p><span id=\"result_box\" class=\"\" lang=\"es\" tabindex=\"-1\">\u00a0<\/span><\/p>\n<\/div><\/div><\/div><div class=\"fusion-aligncenter\"><a class=\"fusion-button button-flat button-large button-default fusion-button-default button-1 fusion-button-default-span fusion-button-default-type\" target=\"_self\" href=\"https:\/\/www.agroturismesonllado.com\/es\/reservas\"><i class=\"fa-calendar-alt fas button-icon-left\" aria-hidden=\"true\"><\/i><span class=\"fusion-button-text\">COMPRUEBA LA DISPONIBILIDAD<\/span><\/a><\/div><div class=\"fusion-clearfix\"><\/div><\/div><\/div><\/div><\/div><div class=\"fusion-fullwidth fullwidth-box fusion-builder-row-2 nonhundred-percent-fullwidth non-hundred-percent-height-scrolling\" style=\"--awb-border-radius-top-left:0px;--awb-border-radius-top-right:0px;--awb-border-radius-bottom-right:0px;--awb-border-radius-bottom-left:0px;--awb-flex-wrap:wrap;\" ><div class=\"fusion-builder-row fusion-row\"><div class=\"fusion-layout-column fusion_builder_column fusion-builder-column-2 fusion_builder_column_1_1 1_1 fusion-one-full fusion-column-first fusion-column-last\" style=\"--awb-bg-size:cover;--awb-margin-bottom:0px;\"><div class=\"fusion-column-wrapper fusion-flex-column-wrapper-legacy\"><div class=\"fusion-text fusion-text-2\"><h2>Aqu\u00ed puedes hacer una visita virtual a este alojamiento:<\/h2>\n<\/div><iframe src=\"https:\/\/www.google.com\/maps\/embed?pb=!4v1594747118782!6m8!1m7!1sCAoSLEFGMVFpcE1vUmJMeXlVVHBCM21iUnRUZGp6ZklHS2NNZGRYMFlUazJvejRl!2m2!1d39.40069883133457!2d3.00792143590878!3f172.3066818540931!4f-6.638156301943226!5f0.7820865974627469\" width=\"600\" height=\"450\" frameborder=\"0\" style=\"border:0;\" allowfullscreen=\"\" aria-hidden=\"false\" tabindex=\"0\"><\/iframe><div class=\"fusion-clearfix\"><\/div><\/div><\/div><\/div><\/div><\/p>\n","protected":false},"excerpt":{"rendered":"","protected":false},"author":1,"featured_media":2109,"parent":313,"menu_order":0,"comment_status":"closed","ping_status":"closed","template":"","meta":{"footnotes":""},"class_list":["post-350","page","type-page","status-publish","has-post-thumbnail","hentry"],"_links":{"self":[{"href":"https:\/\/agroturismesonllado.com\/es\/wp-json\/wp\/v2\/pages\/350","targetHints":{"allow":["GET"]}}],"collection":[{"href":"https:\/\/agroturismesonllado.com\/es\/wp-json\/wp\/v2\/pages"}],"about":[{"href":"https:\/\/agroturismesonllado.com\/es\/wp-json\/wp\/v2\/types\/page"}],"author":[{"embeddable":true,"href":"https:\/\/agroturismesonllado.com\/es\/wp-json\/wp\/v2\/users\/1"}],"replies":[{"embeddable":true,"href":"https:\/\/agroturismesonllado.com\/es\/wp-json\/wp\/v2\/comments?post=350"}],"version-history":[{"count":2,"href":"https:\/\/agroturismesonllado.com\/es\/wp-json\/wp\/v2\/pages\/350\/revisions"}],"predecessor-version":[{"id":2603,"href":"https:\/\/agroturismesonllado.com\/es\/wp-json\/wp\/v2\/pages\/350\/revisions\/2603"}],"up":[{"embeddable":true,"href":"https:\/\/agroturismesonllado.com\/es\/wp-json\/wp\/v2\/pages\/313"}],"wp:featuredmedia":[{"embeddable":true,"href":"https:\/\/agroturismesonllado.com\/es\/wp-json\/wp\/v2\/media\/2109"}],"wp:attachment":[{"href":"https:\/\/agroturismesonllado.com\/es\/wp-json\/wp\/v2\/media?parent=350"}],"curies":[{"name":"wp","href":"https:\/\/api.w.org\/{rel}","templated":true}]}}