{"id":349,"date":"2018-04-23T15:39:21","date_gmt":"2018-04-23T15:39:21","guid":{"rendered":"http:\/\/77.104.147.42\/~agrotur6\/apartamentos\/el-graner\/"},"modified":"2021-05-30T17:33:44","modified_gmt":"2021-05-30T17:33:44","slug":"el-graner","status":"publish","type":"page","link":"https:\/\/agroturismesonllado.com\/es\/apartamentos\/el-graner\/","title":{"rendered":"El Graner"},"content":{"rendered":"<p><div class=\"fusion-fullwidth fullwidth-box fusion-builder-row-1 nonhundred-percent-fullwidth non-hundred-percent-height-scrolling\" style=\"--awb-border-radius-top-left:0px;--awb-border-radius-top-right:0px;--awb-border-radius-bottom-right:0px;--awb-border-radius-bottom-left:0px;--awb-flex-wrap:wrap;\" ><div class=\"fusion-builder-row fusion-row\"><div class=\"fusion-layout-column fusion_builder_column fusion-builder-column-0 fusion_builder_column_2_5 2_5 fusion-two-fifth fusion-column-first\" style=\"--awb-bg-size:cover;width:40%;width:calc(40% - ( ( 4% ) * 0.4 ) );margin-right: 4%;\"><div class=\"fusion-column-wrapper fusion-flex-column-wrapper-legacy\"><div class=\"fusion-title title fusion-title-1 fusion-sep-none fusion-title-text fusion-title-size-one\"><h1 class=\"fusion-title-heading title-heading-left\" style=\"margin:0;\">Casa Apartamento de 2 dormitorios situado en la planta primera de la edificaci\u00f3n principal, proveniente de la reforma de los graneros, la despensa y el antiguo palomar.<\/h1><\/div><div class=\"fusion-text fusion-text-1\"><h2>4 plazas. Admite cama supletoria.<\/h2>\n<\/div><div class=\"fusion-clearfix\"><\/div><\/div><\/div><div class=\"fusion-layout-column fusion_builder_column fusion-builder-column-1 fusion_builder_column_3_5 3_5 fusion-three-fifth fusion-column-last\" style=\"--awb-bg-size:cover;width:60%;width:calc(60% - ( ( 4% ) * 0.6 ) );\"><div class=\"fusion-column-wrapper fusion-flex-column-wrapper-legacy\"><div class=\"fusion-tabs fusion-tabs-1 classic nav-is-justified horizontal-tabs icon-position-left mobile-mode-accordion\" style=\"--awb-title-border-radius-top-left:0px;--awb-title-border-radius-top-right:0px;--awb-title-border-radius-bottom-right:0px;--awb-title-border-radius-bottom-left:0px;--awb-inactive-color:#ebeaea;--awb-background-color:#ffffff;--awb-border-color:#ebeaea;--awb-active-border-color:#a0ce4e;\"><div class=\"nav\"><ul class=\"nav-tabs nav-justified\" role=\"tablist\"><li class=\"active\" role=\"presentation\"><a class=\"tab-link\" data-toggle=\"tab\" role=\"tab\" aria-controls=\"tab-658df1db168b73bc4f5\" aria-selected=\"true\" id=\"fusion-tab-distribuci\u00f3n\" href=\"#tab-658df1db168b73bc4f5\"><h4 class=\"fusion-tab-heading\"><i class=\"fontawesome-icon fa-th-large fas\" aria-hidden=\"true\" style=\"font-size:13px;\"><\/i>Distribuci\u00f3n<\/h4><\/a><\/li><li role=\"presentation\"><a class=\"tab-link\" data-toggle=\"tab\" role=\"tab\" aria-controls=\"tab-0bc2f8608d61e32b269\" aria-selected=\"false\" tabindex=\"-1\" id=\"fusion-tab-equipamiento\" href=\"#tab-0bc2f8608d61e32b269\"><h4 class=\"fusion-tab-heading\"><i class=\"fontawesome-icon fa-list-alt far\" aria-hidden=\"true\" style=\"font-size:13px;\"><\/i>Equipamiento<\/h4><\/a><\/li><li role=\"presentation\"><a class=\"tab-link\" data-toggle=\"tab\" role=\"tab\" aria-controls=\"tab-f6ef6617f66712d7db2\" aria-selected=\"false\" tabindex=\"-1\" id=\"fusion-tab-otrosdetalles\" href=\"#tab-f6ef6617f66712d7db2\"><h4 class=\"fusion-tab-heading\"><i class=\"fontawesome-icon fa-star fas\" aria-hidden=\"true\" style=\"font-size:13px;\"><\/i>Otros detalles<\/h4><\/a><\/li><\/ul><\/div><div class=\"tab-content\"><div class=\"nav fusion-mobile-tab-nav\"><ul class=\"nav-tabs nav-justified\" role=\"tablist\"><li class=\"active\" role=\"presentation\"><a class=\"tab-link\" data-toggle=\"tab\" role=\"tab\" aria-controls=\"tab-658df1db168b73bc4f5\" aria-selected=\"true\" id=\"mobile-fusion-tab-distribuci\u00f3n\" href=\"#tab-658df1db168b73bc4f5\"><h4 class=\"fusion-tab-heading\"><i class=\"fontawesome-icon fa-th-large fas\" aria-hidden=\"true\" style=\"font-size:13px;\"><\/i>Distribuci\u00f3n<\/h4><\/a><\/li><\/ul><\/div><div class=\"tab-pane fade fusion-clearfix in active\" role=\"tabpanel\" tabindex=\"0\" aria-labelledby=\"fusion-tab-distribuci\u00f3n\" id=\"tab-658df1db168b73bc4f5\">\n<ul>\n<li>2 Dormitorios dobles<\/li>\n<li>2 Ba\u00f1os<\/li>\n<li>1 Cocina<\/li>\n<li>1 Sala-Comedor<\/li>\n<li>1 Terraza privada<\/li>\n<li>En total 85 m<sup>2<\/sup> de vivienda + 20 m<sup>2<\/sup> de terraza privada<\/li>\n<\/ul>\n<\/div><div class=\"nav fusion-mobile-tab-nav\"><ul class=\"nav-tabs nav-justified\" role=\"tablist\"><li role=\"presentation\"><a class=\"tab-link\" data-toggle=\"tab\" role=\"tab\" aria-controls=\"tab-0bc2f8608d61e32b269\" aria-selected=\"false\" tabindex=\"-1\" id=\"mobile-fusion-tab-equipamiento\" href=\"#tab-0bc2f8608d61e32b269\"><h4 class=\"fusion-tab-heading\"><i class=\"fontawesome-icon fa-list-alt far\" aria-hidden=\"true\" style=\"font-size:13px;\"><\/i>Equipamiento<\/h4><\/a><\/li><\/ul><\/div><div class=\"tab-pane fade fusion-clearfix\" role=\"tabpanel\" tabindex=\"0\" aria-labelledby=\"fusion-tab-equipamiento\" id=\"tab-0bc2f8608d61e32b269\">\n<ul>\n<li>Barbacoa, horno y lavander\u00eda comunitarias<\/li>\n<li>Aire Acondicionado<\/li>\n<li>Calefacci\u00f3n central<\/li>\n<li>Estufa de le\u00f1a<\/li>\n<li>Cocina Vitrocer\u00e1mica<\/li>\n<li>Nevera, microondas<\/li>\n<li>Menaje de cocina<\/li>\n<li>Ropa de cama<\/li>\n<li>Toallas (de ba\u00f1o y piscina)<\/li>\n<li>Wi-Fi<\/li>\n<li>Smart TV<\/li>\n<li>Acceso independiente por escalera de piedra<\/li>\n<\/ul>\n<\/div><div class=\"nav fusion-mobile-tab-nav\"><ul class=\"nav-tabs nav-justified\" role=\"tablist\"><li role=\"presentation\"><a class=\"tab-link\" data-toggle=\"tab\" role=\"tab\" aria-controls=\"tab-f6ef6617f66712d7db2\" aria-selected=\"false\" tabindex=\"-1\" id=\"mobile-fusion-tab-otrosdetalles\" href=\"#tab-f6ef6617f66712d7db2\"><h4 class=\"fusion-tab-heading\"><i class=\"fontawesome-icon fa-star fas\" aria-hidden=\"true\" style=\"font-size:13px;\"><\/i>Otros detalles<\/h4><\/a><\/li><\/ul><\/div><div class=\"tab-pane fade fusion-clearfix\" role=\"tabpanel\" tabindex=\"0\" aria-labelledby=\"fusion-tab-otrosdetalles\" id=\"tab-f6ef6617f66712d7db2\">\n<p>Vistas a los jardines, el ecomuseo y los campos de los alrededores. Carpinter\u00eda en madera de primera calidad, de estilo r\u00fastico. Persianas de aluminio. Cama de matrimonio de medidas 180 \u00d7 200 cm con cabezal de madera tallada. Camas individuales de 90x190cm.<\/p>\n<\/div><\/div><\/div><div class=\"fusion-aligncenter\"><a class=\"fusion-button button-flat button-large button-default fusion-button-default button-1 fusion-button-default-span fusion-button-default-type\" target=\"_self\" href=\"http:\/\/www.agroturismesonllado.com\/reservas\/?lang=es\"><i class=\"fa-calendar-alt fas button-icon-left\" aria-hidden=\"true\"><\/i><span class=\"fusion-button-text\">COMPRUEBA LA DISPONIBILIDAD<\/span><\/a><\/div><div class=\"fusion-clearfix\"><\/div><\/div><\/div><\/div><\/div><div class=\"fusion-fullwidth fullwidth-box fusion-builder-row-2 nonhundred-percent-fullwidth non-hundred-percent-height-scrolling\" style=\"--awb-border-radius-top-left:0px;--awb-border-radius-top-right:0px;--awb-border-radius-bottom-right:0px;--awb-border-radius-bottom-left:0px;--awb-flex-wrap:wrap;\" ><div class=\"fusion-builder-row fusion-row\"><div class=\"fusion-layout-column fusion_builder_column fusion-builder-column-2 fusion_builder_column_1_1 1_1 fusion-one-full fusion-column-first fusion-column-last\" style=\"--awb-bg-size:cover;--awb-margin-bottom:0px;\"><div class=\"fusion-column-wrapper fusion-flex-column-wrapper-legacy\"><div class=\"fusion-text fusion-text-2\"><h2>Aqu\u00ed puedes hacer una visita virtual a nuestro apartamento:<\/h2>\n<\/div><iframe src=\"https:\/\/www.google.com\/maps\/embed?pb=!4v1595324979704!6m8!1m7!1sCAoSLEFGMVFpcE93ZHZoWmNFRjAwQjRXdzZlamJlTXd3ZTd5T2Z0MUFyV29QZ2Fa!2m2!1d39.4007301748882!2d3.008504884572232!3f309.0856481945603!4f-24.531123224164602!5f0.7820865974627469\" width=\"600\" height=\"450\" frameborder=\"0\" style=\"border:0;\" allowfullscreen=\"\" aria-hidden=\"false\" tabindex=\"0\"><\/iframe><div class=\"fusion-clearfix\"><\/div><\/div><\/div><\/div><\/div><\/p>\n","protected":false},"excerpt":{"rendered":"","protected":false},"author":1,"featured_media":2221,"parent":313,"menu_order":0,"comment_status":"closed","ping_status":"closed","template":"","meta":{"footnotes":""},"class_list":["post-349","page","type-page","status-publish","has-post-thumbnail","hentry"],"_links":{"self":[{"href":"https:\/\/agroturismesonllado.com\/es\/wp-json\/wp\/v2\/pages\/349","targetHints":{"allow":["GET"]}}],"collection":[{"href":"https:\/\/agroturismesonllado.com\/es\/wp-json\/wp\/v2\/pages"}],"about":[{"href":"https:\/\/agroturismesonllado.com\/es\/wp-json\/wp\/v2\/types\/page"}],"author":[{"embeddable":true,"href":"https:\/\/agroturismesonllado.com\/es\/wp-json\/wp\/v2\/users\/1"}],"replies":[{"embeddable":true,"href":"https:\/\/agroturismesonllado.com\/es\/wp-json\/wp\/v2\/comments?post=349"}],"version-history":[{"count":1,"href":"https:\/\/agroturismesonllado.com\/es\/wp-json\/wp\/v2\/pages\/349\/revisions"}],"predecessor-version":[{"id":2707,"href":"https:\/\/agroturismesonllado.com\/es\/wp-json\/wp\/v2\/pages\/349\/revisions\/2707"}],"up":[{"embeddable":true,"href":"https:\/\/agroturismesonllado.com\/es\/wp-json\/wp\/v2\/pages\/313"}],"wp:featuredmedia":[{"embeddable":true,"href":"https:\/\/agroturismesonllado.com\/es\/wp-json\/wp\/v2\/media\/2221"}],"wp:attachment":[{"href":"https:\/\/agroturismesonllado.com\/es\/wp-json\/wp\/v2\/media?parent=349"}],"curies":[{"name":"wp","href":"https:\/\/api.w.org\/{rel}","templated":true}]}}