{"id":329,"date":"2018-04-23T15:37:05","date_gmt":"2018-04-23T15:37:05","guid":{"rendered":"http:\/\/77.104.147.42\/~agrotur6\/apartamentos\/bovera\/"},"modified":"2021-05-30T15:29:05","modified_gmt":"2021-05-30T15:29:05","slug":"bovera","status":"publish","type":"page","link":"https:\/\/agroturismesonllado.com\/es\/apartamentos\/bovera\/","title":{"rendered":"Bovera"},"content":{"rendered":"<p><div class=\"fusion-fullwidth fullwidth-box fusion-builder-row-1 nonhundred-percent-fullwidth non-hundred-percent-height-scrolling\" style=\"--awb-border-radius-top-left:0px;--awb-border-radius-top-right:0px;--awb-border-radius-bottom-right:0px;--awb-border-radius-bottom-left:0px;--awb-flex-wrap:wrap;\" ><div class=\"fusion-builder-row fusion-row\"><div class=\"fusion-layout-column fusion_builder_column fusion-builder-column-0 fusion_builder_column_2_5 2_5 fusion-two-fifth fusion-column-first\" style=\"--awb-bg-size:cover;width:40%;width:calc(40% - ( ( 4% ) * 0.4 ) );margin-right: 4%;\"><div class=\"fusion-column-wrapper fusion-flex-column-wrapper-legacy\"><div class=\"fusion-title title fusion-title-1 fusion-sep-none fusion-title-text fusion-title-size-one\"><h1 class=\"fusion-title-heading title-heading-left\" style=\"margin:0;\">Casa-Villa rural de 2 habitaciones ubicada en el antiguo edificio donde se orde\u00f1aban las vacas (<i>Bovera<\/i> en mallorqu\u00edn). La edificaci\u00f3n est\u00e1 aislada, con jard\u00edn alrededor y al lado de la piscina. Dispone de un porche y una terraza privada.<\/h1><\/div><div class=\"fusion-text fusion-text-1\"><h2>4 plazas. Admite cama supletoria.<\/h2>\n<\/div><div class=\"fusion-clearfix\"><\/div><\/div><\/div><div class=\"fusion-layout-column fusion_builder_column fusion-builder-column-1 fusion_builder_column_3_5 3_5 fusion-three-fifth fusion-column-last\" style=\"--awb-bg-size:cover;width:60%;width:calc(60% - ( ( 4% ) * 0.6 ) );\"><div class=\"fusion-column-wrapper fusion-flex-column-wrapper-legacy\"><div class=\"fusion-tabs fusion-tabs-1 classic nav-is-justified horizontal-tabs icon-position-left mobile-mode-accordion\" style=\"--awb-title-border-radius-top-left:0px;--awb-title-border-radius-top-right:0px;--awb-title-border-radius-bottom-right:0px;--awb-title-border-radius-bottom-left:0px;--awb-inactive-color:#ebeaea;--awb-background-color:#ffffff;--awb-border-color:#ebeaea;--awb-active-border-color:#a0ce4e;\"><div class=\"nav\"><ul class=\"nav-tabs nav-justified\" role=\"tablist\"><li class=\"active\" role=\"presentation\"><a class=\"tab-link\" data-toggle=\"tab\" role=\"tab\" aria-controls=\"tab-6a2169868c8d1428231\" aria-selected=\"true\" id=\"fusion-tab-distribuci\u00f3n\" href=\"#tab-6a2169868c8d1428231\"><h4 class=\"fusion-tab-heading\"><i class=\"fontawesome-icon fa-th-large fas\" aria-hidden=\"true\" style=\"font-size:13px;\"><\/i>Distribuci\u00f3n<\/h4><\/a><\/li><li role=\"presentation\"><a class=\"tab-link\" data-toggle=\"tab\" role=\"tab\" aria-controls=\"tab-fadf6ad7c9f8cc182f7\" aria-selected=\"false\" tabindex=\"-1\" id=\"fusion-tab-equipamiento\" href=\"#tab-fadf6ad7c9f8cc182f7\"><h4 class=\"fusion-tab-heading\"><i class=\"fontawesome-icon fa-list-alt far\" aria-hidden=\"true\" style=\"font-size:13px;\"><\/i>Equipamiento<\/h4><\/a><\/li><li role=\"presentation\"><a class=\"tab-link\" data-toggle=\"tab\" role=\"tab\" aria-controls=\"tab-c448dfa2f0e646d1b46\" aria-selected=\"false\" tabindex=\"-1\" id=\"fusion-tab-detalles\" href=\"#tab-c448dfa2f0e646d1b46\"><h4 class=\"fusion-tab-heading\"><i class=\"fontawesome-icon fa-star fas\" aria-hidden=\"true\" style=\"font-size:13px;\"><\/i>Detalles<\/h4><\/a><\/li><\/ul><\/div><div class=\"tab-content\"><div class=\"nav fusion-mobile-tab-nav\"><ul class=\"nav-tabs nav-justified\" role=\"tablist\"><li class=\"active\" role=\"presentation\"><a class=\"tab-link\" data-toggle=\"tab\" role=\"tab\" aria-controls=\"tab-6a2169868c8d1428231\" aria-selected=\"true\" id=\"mobile-fusion-tab-distribuci\u00f3n\" href=\"#tab-6a2169868c8d1428231\"><h4 class=\"fusion-tab-heading\"><i class=\"fontawesome-icon fa-th-large fas\" aria-hidden=\"true\" style=\"font-size:13px;\"><\/i>Distribuci\u00f3n<\/h4><\/a><\/li><\/ul><\/div><div class=\"tab-pane fade fusion-clearfix in active\" role=\"tabpanel\" tabindex=\"0\" aria-labelledby=\"fusion-tab-distribuci\u00f3n\" id=\"tab-6a2169868c8d1428231\">\n<ul>\n<li>2 Dormitorios dobles<\/li>\n<li>2 Ba\u00f1os<\/li>\n<li>1 Cocina<\/li>\n<li>1 Sala-Comedor<\/li>\n<li>1 Porche<\/li>\n<li>1 Terraza privada<\/li>\n<li>En total 85 m2 de vivienda + 40 m2 de poche y terraza privada<\/li>\n<\/ul>\n<\/div><div class=\"nav fusion-mobile-tab-nav\"><ul class=\"nav-tabs nav-justified\" role=\"tablist\"><li role=\"presentation\"><a class=\"tab-link\" data-toggle=\"tab\" role=\"tab\" aria-controls=\"tab-fadf6ad7c9f8cc182f7\" aria-selected=\"false\" tabindex=\"-1\" id=\"mobile-fusion-tab-equipamiento\" href=\"#tab-fadf6ad7c9f8cc182f7\"><h4 class=\"fusion-tab-heading\"><i class=\"fontawesome-icon fa-list-alt far\" aria-hidden=\"true\" style=\"font-size:13px;\"><\/i>Equipamiento<\/h4><\/a><\/li><\/ul><\/div><div class=\"tab-pane fade fusion-clearfix\" role=\"tabpanel\" tabindex=\"0\" aria-labelledby=\"fusion-tab-equipamiento\" id=\"tab-fadf6ad7c9f8cc182f7\">\n<ul>\n<li>Barbacoa y horno comunitarios<\/li>\n<li>Aire acondicionado en Sala-Comedor<\/li>\n<li>Ventiladores de techo en los dormitorios<\/li>\n<li>Calefacci\u00f3n central<\/li>\n<li>Estufa de le\u00f1a<\/li>\n<li>Cocina Vitrocer\u00e1mica<\/li>\n<li>Nevera, microondas y lavavajillas<\/li>\n<li>Menaje de cocina<\/li>\n<li>Ropa de cama<\/li>\n<li>Toallas (de ba\u00f1o y piscina)<\/li>\n<li>Lavadora autom\u00e1tica<\/li>\n<li>Wi-Fi<\/li>\n<li>Smart TV<\/li>\n<\/ul>\n<\/div><div class=\"nav fusion-mobile-tab-nav\"><ul class=\"nav-tabs nav-justified\" role=\"tablist\"><li role=\"presentation\"><a class=\"tab-link\" data-toggle=\"tab\" role=\"tab\" aria-controls=\"tab-c448dfa2f0e646d1b46\" aria-selected=\"false\" tabindex=\"-1\" id=\"mobile-fusion-tab-detalles\" href=\"#tab-c448dfa2f0e646d1b46\"><h4 class=\"fusion-tab-heading\"><i class=\"fontawesome-icon fa-star fas\" aria-hidden=\"true\" style=\"font-size:13px;\"><\/i>Detalles<\/h4><\/a><\/li><\/ul><\/div><div class=\"tab-pane fade fusion-clearfix\" role=\"tabpanel\" tabindex=\"0\" aria-labelledby=\"fusion-tab-detalles\" id=\"tab-c448dfa2f0e646d1b46\">\n<p>Vistas a los jardines y a los campos de los alrededores. Carpinter\u00eda de madera de primera calidad en estilo r\u00fastico. Cama de matrimonio de 180x200cm con cabezal de hierro forjado. Camas individuales de 90x190cm. Paredes maestras con piedra arenisca de 25cm de grosor y cubierta ventilada con aislante en techo, que hacen pr\u00e1cticamente innecesario el uso del aire acondicionado en verano. Espectaculares vistas a la puesta del sol.<\/p>\n<\/div><\/div><\/div><div class=\"fusion-aligncenter\"><a class=\"fusion-button button-flat button-large button-default fusion-button-default button-1 fusion-button-default-span fusion-button-default-type\" target=\"_self\" href=\"http:\/\/www.agroturismesonllado.com\/reservas\/?lang=es\"><i class=\"fa-calendar-alt fas button-icon-left\" aria-hidden=\"true\"><\/i><span class=\"fusion-button-text\">Comprueba la disponibilidad<\/span><\/a><\/div><div class=\"fusion-clearfix\"><\/div><\/div><\/div><\/div><\/div><div class=\"fusion-fullwidth fullwidth-box fusion-builder-row-2 nonhundred-percent-fullwidth non-hundred-percent-height-scrolling\" style=\"--awb-border-radius-top-left:0px;--awb-border-radius-top-right:0px;--awb-border-radius-bottom-right:0px;--awb-border-radius-bottom-left:0px;--awb-flex-wrap:wrap;\" ><div class=\"fusion-builder-row fusion-row\"><div class=\"fusion-layout-column fusion_builder_column fusion-builder-column-2 fusion_builder_column_1_1 1_1 fusion-one-full fusion-column-first fusion-column-last\" style=\"--awb-bg-size:cover;--awb-margin-bottom:0px;\"><div class=\"fusion-column-wrapper fusion-flex-column-wrapper-legacy\"><div class=\"fusion-text fusion-text-2\"><h2>Aqu\u00ed puedes hacer una visita virtual a nuestro apartamento:<\/h2>\n<\/div><iframe src=\"https:\/\/www.google.com\/maps\/embed?pb=!4v1594742999056!6m8!1m7!1sCAoSLEFGMVFpcE1UWjlnZXRDckFkMmEwb3NicmEzQ0t0SzVDaFduaGlZMW1vNHEy!2m2!1d39.40033200382357!2d3.008009937345308!3f172.06004379957784!4f-1.5449707806495212!5f0.7820865974627469\" width=\"600\" height=\"450\" frameborder=\"0\" style=\"border:0;\" allowfullscreen=\"\" aria-hidden=\"false\" tabindex=\"0\"><\/iframe><div class=\"fusion-clearfix\"><\/div><\/div><\/div><\/div><\/div><\/p>\n","protected":false},"excerpt":{"rendered":"","protected":false},"author":1,"featured_media":2077,"parent":313,"menu_order":0,"comment_status":"closed","ping_status":"closed","template":"","meta":{"footnotes":""},"class_list":["post-329","page","type-page","status-publish","has-post-thumbnail","hentry"],"_links":{"self":[{"href":"https:\/\/agroturismesonllado.com\/es\/wp-json\/wp\/v2\/pages\/329","targetHints":{"allow":["GET"]}}],"collection":[{"href":"https:\/\/agroturismesonllado.com\/es\/wp-json\/wp\/v2\/pages"}],"about":[{"href":"https:\/\/agroturismesonllado.com\/es\/wp-json\/wp\/v2\/types\/page"}],"author":[{"embeddable":true,"href":"https:\/\/agroturismesonllado.com\/es\/wp-json\/wp\/v2\/users\/1"}],"replies":[{"embeddable":true,"href":"https:\/\/agroturismesonllado.com\/es\/wp-json\/wp\/v2\/comments?post=329"}],"version-history":[{"count":2,"href":"https:\/\/agroturismesonllado.com\/es\/wp-json\/wp\/v2\/pages\/329\/revisions"}],"predecessor-version":[{"id":2699,"href":"https:\/\/agroturismesonllado.com\/es\/wp-json\/wp\/v2\/pages\/329\/revisions\/2699"}],"up":[{"embeddable":true,"href":"https:\/\/agroturismesonllado.com\/es\/wp-json\/wp\/v2\/pages\/313"}],"wp:featuredmedia":[{"embeddable":true,"href":"https:\/\/agroturismesonllado.com\/es\/wp-json\/wp\/v2\/media\/2077"}],"wp:attachment":[{"href":"https:\/\/agroturismesonllado.com\/es\/wp-json\/wp\/v2\/media?parent=329"}],"curies":[{"name":"wp","href":"https:\/\/api.w.org\/{rel}","templated":true}]}}