{"id":313,"date":"2018-04-23T15:26:12","date_gmt":"2018-04-23T15:26:12","guid":{"rendered":"http:\/\/77.104.147.42\/~agrotur6\/apartamentos\/"},"modified":"2024-12-26T10:55:40","modified_gmt":"2024-12-26T08:55:40","slug":"apartamentos","status":"publish","type":"page","link":"https:\/\/agroturismesonllado.com\/es\/apartamentos\/","title":{"rendered":"Apartamentos"},"content":{"rendered":"<p><div class=\"fusion-fullwidth fullwidth-box fusion-builder-row-1 nonhundred-percent-fullwidth non-hundred-percent-height-scrolling\" style=\"--awb-border-radius-top-left:0px;--awb-border-radius-top-right:0px;--awb-border-radius-bottom-right:0px;--awb-border-radius-bottom-left:0px;--awb-flex-wrap:wrap;\" ><div class=\"fusion-builder-row fusion-row\"><div class=\"fusion-layout-column fusion_builder_column fusion-builder-column-0 fusion_builder_column_1_5 1_5 fusion-one-fifth fusion-column-first\" style=\"--awb-bg-size:cover;width:20%;width:calc(20% - ( ( 4% + 4% + 4% + 4% ) * 0.2 ) );margin-right: 4%;\"><div class=\"fusion-column-wrapper fusion-flex-column-wrapper-legacy\"><div class=\"fusion-title title fusion-title-1 fusion-sep-none fusion-title-text fusion-title-size-one\"><h1 class=\"fusion-title-heading title-heading-left\" style=\"margin:0;\">La Bovera<\/h1><\/div><div class=\"fusion-image-element in-legacy-container\" style=\"--awb-caption-title-font-family:var(--h2_typography-font-family);--awb-caption-title-font-weight:var(--h2_typography-font-weight);--awb-caption-title-font-style:var(--h2_typography-font-style);--awb-caption-title-size:var(--h2_typography-font-size);--awb-caption-title-transform:var(--h2_typography-text-transform);--awb-caption-title-line-height:var(--h2_typography-line-height);--awb-caption-title-letter-spacing:var(--h2_typography-letter-spacing);\"><span class=\" fusion-imageframe imageframe-none imageframe-1 hover-type-zoomin\" style=\"border:5px solid #f6f6f6;\"><a class=\"fusion-no-lightbox\" href=\"http:\/\/www.agroturismesonllado.com\/apartamentos\/bovera\/?lang=es\" target=\"_self\" aria-label=\"bovera_001\"><img decoding=\"async\" width=\"300\" height=\"188\" src=\"https:\/\/agroturismesonllado.com\/wp-content\/uploads\/2018\/04\/bovera_001-1-300x188.jpeg\" alt class=\"img-responsive wp-image-2065\" srcset=\"https:\/\/agroturismesonllado.com\/wp-content\/uploads\/2018\/04\/bovera_001-1-300x188.jpeg 300w, https:\/\/agroturismesonllado.com\/wp-content\/uploads\/2018\/04\/bovera_001-1-768x480.jpeg 768w, https:\/\/agroturismesonllado.com\/wp-content\/uploads\/2018\/04\/bovera_001-1-1024x640.jpeg 1024w, https:\/\/agroturismesonllado.com\/wp-content\/uploads\/2018\/04\/bovera_001-1-1536x960.jpeg 1536w, https:\/\/agroturismesonllado.com\/wp-content\/uploads\/2018\/04\/bovera_001-1.jpeg 1568w\" sizes=\"(max-width: 300px) 100vw, 300px\" \/><\/a><\/span><\/div><div class=\"fusion-sep-clear\"><\/div><div class=\"fusion-separator fusion-full-width-sep\" style=\"margin-left: auto;margin-right: auto;width:100%;\"><div class=\"fusion-separator-border sep-single sep-solid\" style=\"--awb-height:20px;--awb-amount:20px;border-color:#e0dede;border-top-width:1px;\"><\/div><\/div><div class=\"fusion-sep-clear\"><\/div><div class=\"fusion-text fusion-text-1\"><p>Casa-Villa rural de 2 habitaciones ubicada en el antiguo edificio donde se orde\u00f1aban las vacas. Edificaci\u00f3n aislada con jard\u00edn.<\/p>\n<\/div><div class=\"fusion-align-block\"><a class=\"fusion-button button-flat fusion-button-default-size button-default fusion-button-default button-1 fusion-button-span-yes fusion-button-default-type\" target=\"_self\" href=\"https:\/\/agroturismesonllado.com\/es\/apartamentos\/bovera\/\"><span class=\"fusion-button-text\">Detalles<\/span><\/a><\/div><div class=\"fusion-clearfix\"><\/div><\/div><\/div><div class=\"fusion-layout-column fusion_builder_column fusion-builder-column-1 fusion_builder_column_1_5 1_5 fusion-one-fifth\" style=\"--awb-bg-size:cover;width:20%;width:calc(20% - ( ( 4% + 4% + 4% + 4% ) * 0.2 ) );margin-right: 4%;\"><div class=\"fusion-column-wrapper fusion-flex-column-wrapper-legacy\"><div class=\"fusion-title title fusion-title-2 fusion-sep-none fusion-title-text fusion-title-size-one\"><h1 class=\"fusion-title-heading title-heading-left\" style=\"margin:0;\">El Graner<\/h1><\/div><div class=\"fusion-image-element in-legacy-container\" style=\"--awb-caption-title-font-family:var(--h2_typography-font-family);--awb-caption-title-font-weight:var(--h2_typography-font-weight);--awb-caption-title-font-style:var(--h2_typography-font-style);--awb-caption-title-size:var(--h2_typography-font-size);--awb-caption-title-transform:var(--h2_typography-text-transform);--awb-caption-title-line-height:var(--h2_typography-line-height);--awb-caption-title-letter-spacing:var(--h2_typography-letter-spacing);\"><span class=\" fusion-imageframe imageframe-none imageframe-2 hover-type-zoomin\" style=\"border:5px solid #f6f6f6;\"><a class=\"fusion-no-lightbox\" href=\"http:\/\/www.agroturismesonllado.com\/apartamentos\/el-graner\/?lang=es\" target=\"_self\" aria-label=\"Es-porxo-001\"><img decoding=\"async\" width=\"300\" height=\"188\" src=\"https:\/\/agroturismesonllado.com\/wp-content\/uploads\/2018\/04\/Es-porxo-001-1-300x188.jpg\" alt class=\"img-responsive wp-image-2221\" srcset=\"https:\/\/agroturismesonllado.com\/wp-content\/uploads\/2018\/04\/Es-porxo-001-1-300x188.jpg 300w, https:\/\/agroturismesonllado.com\/wp-content\/uploads\/2018\/04\/Es-porxo-001-1-768x480.jpg 768w, https:\/\/agroturismesonllado.com\/wp-content\/uploads\/2018\/04\/Es-porxo-001-1-1024x640.jpg 1024w, https:\/\/agroturismesonllado.com\/wp-content\/uploads\/2018\/04\/Es-porxo-001-1-1536x960.jpg 1536w, https:\/\/agroturismesonllado.com\/wp-content\/uploads\/2018\/04\/Es-porxo-001-1.jpg 1568w\" sizes=\"(max-width: 300px) 100vw, 300px\" \/><\/a><\/span><\/div><div class=\"fusion-sep-clear\"><\/div><div class=\"fusion-separator fusion-full-width-sep\" style=\"margin-left: auto;margin-right: auto;width:100%;\"><div class=\"fusion-separator-border sep-single sep-solid\" style=\"--awb-height:20px;--awb-amount:20px;border-color:#e0dede;border-top-width:1px;\"><\/div><\/div><div class=\"fusion-sep-clear\"><\/div><div class=\"fusion-text fusion-text-2\"><p>Casa-apartamento rural de 2 habitaciones resultado de la reforma de los antiguos graneros y despensa ubicados en la primera planta de la edificaci\u00f3n principal.<\/p>\n<\/div><div class=\"fusion-align-block\"><a class=\"fusion-button button-flat fusion-button-default-size button-default fusion-button-default button-2 fusion-button-span-yes fusion-button-default-type\" target=\"_self\" href=\"https:\/\/agroturismesonllado.com\/es\/apartamentos\/el-graner\/\"><span class=\"fusion-button-text\">Detalles<\/span><\/a><\/div><div class=\"fusion-clearfix\"><\/div><\/div><\/div><div class=\"fusion-layout-column fusion_builder_column fusion-builder-column-2 fusion_builder_column_1_5 1_5 fusion-one-fifth\" style=\"--awb-bg-size:cover;width:20%;width:calc(20% - ( ( 4% + 4% + 4% + 4% ) * 0.2 ) );margin-right: 4%;\"><div class=\"fusion-column-wrapper fusion-flex-column-wrapper-legacy\"><div class=\"fusion-title title fusion-title-3 fusion-sep-none fusion-title-text fusion-title-size-one\"><h1 class=\"fusion-title-heading title-heading-left\" style=\"margin:0;\">La Pa\u00efssa<\/h1><\/div><div class=\"fusion-image-element in-legacy-container\" style=\"--awb-caption-title-font-family:var(--h2_typography-font-family);--awb-caption-title-font-weight:var(--h2_typography-font-weight);--awb-caption-title-font-style:var(--h2_typography-font-style);--awb-caption-title-size:var(--h2_typography-font-size);--awb-caption-title-transform:var(--h2_typography-text-transform);--awb-caption-title-line-height:var(--h2_typography-line-height);--awb-caption-title-letter-spacing:var(--h2_typography-letter-spacing);\"><span class=\" fusion-imageframe imageframe-none imageframe-3 hover-type-zoomin\" style=\"border:5px solid #f6f6f6;\"><a class=\"fusion-no-lightbox\" href=\"http:\/\/www.agroturismesonllado.com\/apartamentos\/la-paissa\/?lang=es\" target=\"_self\" aria-label=\"paissa_007\"><img decoding=\"async\" width=\"300\" height=\"188\" src=\"https:\/\/agroturismesonllado.com\/wp-content\/uploads\/2018\/04\/paissa_007-1-300x188.jpeg\" alt class=\"img-responsive wp-image-2169\" srcset=\"https:\/\/agroturismesonllado.com\/wp-content\/uploads\/2018\/04\/paissa_007-1-300x188.jpeg 300w, https:\/\/agroturismesonllado.com\/wp-content\/uploads\/2018\/04\/paissa_007-1-768x480.jpeg 768w, https:\/\/agroturismesonllado.com\/wp-content\/uploads\/2018\/04\/paissa_007-1-1024x640.jpeg 1024w, https:\/\/agroturismesonllado.com\/wp-content\/uploads\/2018\/04\/paissa_007-1-1536x960.jpeg 1536w, https:\/\/agroturismesonllado.com\/wp-content\/uploads\/2018\/04\/paissa_007-1.jpeg 1568w\" sizes=\"(max-width: 300px) 100vw, 300px\" \/><\/a><\/span><\/div><div class=\"fusion-sep-clear\"><\/div><div class=\"fusion-separator fusion-full-width-sep\" style=\"margin-left: auto;margin-right: auto;width:100%;\"><div class=\"fusion-separator-border sep-single sep-solid\" style=\"--awb-height:20px;--awb-amount:20px;border-color:#e0dede;border-top-width:1px;\"><\/div><\/div><div class=\"fusion-sep-clear\"><\/div><div class=\"fusion-text fusion-text-3\"><p>Casa-apartamento rural de 2 habitaciones resultado de la reforma del antiguo establo o cuadra de los caballos y mulas de la finca.<\/p>\n<\/div><div class=\"fusion-align-block\"><a class=\"fusion-button button-flat fusion-button-default-size button-default fusion-button-default button-3 fusion-button-span-yes fusion-button-default-type\" target=\"_self\" href=\"https:\/\/agroturismesonllado.com\/es\/apartamentos\/la-paissa\/\"><span class=\"fusion-button-text\">Detalles<\/span><\/a><\/div><div class=\"fusion-clearfix\"><\/div><\/div><\/div><div class=\"fusion-layout-column fusion_builder_column fusion-builder-column-3 fusion_builder_column_1_5 1_5 fusion-one-fifth\" style=\"--awb-bg-size:cover;width:20%;width:calc(20% - ( ( 4% + 4% + 4% + 4% ) * 0.2 ) );margin-right: 4%;\"><div class=\"fusion-column-wrapper fusion-flex-column-wrapper-legacy\"><div class=\"fusion-title title fusion-title-4 fusion-sep-none fusion-title-text fusion-title-size-one\"><h1 class=\"fusion-title-heading title-heading-left\" style=\"margin:0;\">La Volta<\/h1><\/div><div class=\"fusion-image-element in-legacy-container\" style=\"--awb-caption-title-font-family:var(--h2_typography-font-family);--awb-caption-title-font-weight:var(--h2_typography-font-weight);--awb-caption-title-font-style:var(--h2_typography-font-style);--awb-caption-title-size:var(--h2_typography-font-size);--awb-caption-title-transform:var(--h2_typography-text-transform);--awb-caption-title-line-height:var(--h2_typography-line-height);--awb-caption-title-letter-spacing:var(--h2_typography-letter-spacing);\"><span class=\" fusion-imageframe imageframe-none imageframe-4 hover-type-zoomin\" style=\"border:5px solid #f6f6f6;\"><a class=\"fusion-no-lightbox\" href=\"http:\/\/www.agroturismesonllado.com\/apartamentos\/la-volta\/?lang=es\" target=\"_self\" aria-label=\"volta_009\"><img decoding=\"async\" width=\"300\" height=\"188\" src=\"https:\/\/agroturismesonllado.com\/wp-content\/uploads\/2018\/04\/volta_009-1-300x188.jpeg\" alt class=\"img-responsive wp-image-2205\" srcset=\"https:\/\/agroturismesonllado.com\/wp-content\/uploads\/2018\/04\/volta_009-1-300x188.jpeg 300w, https:\/\/agroturismesonllado.com\/wp-content\/uploads\/2018\/04\/volta_009-1-768x480.jpeg 768w, https:\/\/agroturismesonllado.com\/wp-content\/uploads\/2018\/04\/volta_009-1-1024x640.jpeg 1024w, https:\/\/agroturismesonllado.com\/wp-content\/uploads\/2018\/04\/volta_009-1-1536x960.jpeg 1536w, https:\/\/agroturismesonllado.com\/wp-content\/uploads\/2018\/04\/volta_009-1-1568x980.jpeg 1568w\" sizes=\"(max-width: 300px) 100vw, 300px\" \/><\/a><\/span><\/div><div class=\"fusion-sep-clear\"><\/div><div class=\"fusion-separator fusion-full-width-sep\" style=\"margin-left: auto;margin-right: auto;width:100%;\"><div class=\"fusion-separator-border sep-single sep-solid\" style=\"--awb-height:20px;--awb-amount:20px;border-color:#e0dede;border-top-width:1px;\"><\/div><\/div><div class=\"fusion-sep-clear\"><\/div><div class=\"fusion-text fusion-text-4\"><p>Casa-apartamento rural resultado de la reforma de la antigua casa del propietario o se\u00f1or de la finca.<\/p>\n<\/div><div class=\"fusion-align-block\"><a class=\"fusion-button button-flat fusion-button-default-size button-default fusion-button-default button-4 fusion-button-span-yes fusion-button-default-type\" target=\"_self\" href=\"https:\/\/agroturismesonllado.com\/es\/apartamentos\/la-volta\/\"><span class=\"fusion-button-text\">Detalles<\/span><\/a><\/div><div class=\"fusion-clearfix\"><\/div><\/div><\/div><div class=\"fusion-layout-column fusion_builder_column fusion-builder-column-4 fusion_builder_column_1_5 1_5 fusion-one-fifth fusion-column-last\" style=\"--awb-bg-size:cover;width:20%;width:calc(20% - ( ( 4% + 4% + 4% + 4% ) * 0.2 ) );\"><div class=\"fusion-column-wrapper fusion-flex-column-wrapper-legacy\"><div class=\"fusion-title title fusion-title-5 fusion-sep-none fusion-title-text fusion-title-size-one\"><h1 class=\"fusion-title-heading title-heading-left\" style=\"margin:0;\">El Porxo<\/h1><\/div><div class=\"fusion-image-element in-legacy-container\" style=\"--awb-caption-title-font-family:var(--h2_typography-font-family);--awb-caption-title-font-weight:var(--h2_typography-font-weight);--awb-caption-title-font-style:var(--h2_typography-font-style);--awb-caption-title-size:var(--h2_typography-font-size);--awb-caption-title-transform:var(--h2_typography-text-transform);--awb-caption-title-line-height:var(--h2_typography-line-height);--awb-caption-title-letter-spacing:var(--h2_typography-letter-spacing);\"><span class=\" fusion-imageframe imageframe-none imageframe-5 hover-type-zoomin\" style=\"border:5px solid #f6f6f6;\"><a class=\"fusion-no-lightbox\" href=\"http:\/\/www.agroturismesonllado.com\/apartamentos\/el-porxo\/?lang=es\" target=\"_self\" aria-label=\"esporxo_006\"><img decoding=\"async\" width=\"300\" height=\"188\" src=\"https:\/\/agroturismesonllado.com\/wp-content\/uploads\/2018\/04\/esporxo_006-1-300x188.jpeg\" alt class=\"img-responsive wp-image-2109\" srcset=\"https:\/\/agroturismesonllado.com\/wp-content\/uploads\/2018\/04\/esporxo_006-1-300x188.jpeg 300w, https:\/\/agroturismesonllado.com\/wp-content\/uploads\/2018\/04\/esporxo_006-1-768x480.jpeg 768w, https:\/\/agroturismesonllado.com\/wp-content\/uploads\/2018\/04\/esporxo_006-1-1024x640.jpeg 1024w, https:\/\/agroturismesonllado.com\/wp-content\/uploads\/2018\/04\/esporxo_006-1-1536x960.jpeg 1536w, https:\/\/agroturismesonllado.com\/wp-content\/uploads\/2018\/04\/esporxo_006-1.jpeg 1568w\" sizes=\"(max-width: 300px) 100vw, 300px\" \/><\/a><\/span><\/div><div class=\"fusion-sep-clear\"><\/div><div class=\"fusion-separator fusion-full-width-sep\" style=\"margin-left: auto;margin-right: auto;width:100%;\"><div class=\"fusion-separator-border sep-single sep-solid\" style=\"--awb-height:20px;--awb-amount:20px;border-color:#e0dede;border-top-width:1px;\"><\/div><\/div><div class=\"fusion-sep-clear\"><\/div><div class=\"fusion-text fusion-text-5\"><p>Casa-Villa rural de 3 habitaciones resultado de la reforma del antiguo pajar y porche-almac\u00e9n agr\u00edcola de la finca.<\/p>\n<\/div><div class=\"fusion-align-block\"><a class=\"fusion-button button-flat fusion-button-default-size button-default fusion-button-default button-5 fusion-button-span-yes fusion-button-default-type\" target=\"_self\" href=\"https:\/\/agroturismesonllado.com\/es\/apartamentos\/el-porxo\/\"><span class=\"fusion-button-text\">Detalles<\/span><\/a><\/div><div class=\"fusion-clearfix\"><\/div><\/div><\/div><div class=\"fusion-layout-column fusion_builder_column fusion-builder-column-5 fusion_builder_column_1_1 1_1 fusion-one-full fusion-column-first fusion-column-last\" style=\"--awb-bg-size:cover;\"><div class=\"fusion-column-wrapper fusion-flex-column-wrapper-legacy\"><div class=\"fusion-title title fusion-title-6 fusion-title-center fusion-title-text fusion-title-size-one\"><div class=\"title-sep-container title-sep-container-left\"><div class=\"title-sep sep-single sep-dotted\" style=\"border-color:#e0dede;\"><\/div><\/div><span class=\"awb-title-spacer\"><\/span><h1 class=\"fusion-title-heading title-heading-center\" style=\"margin:0;\">Tarifas 2025 (impuestos no incluidos)<\/h1><span class=\"awb-title-spacer\"><\/span><div class=\"title-sep-container title-sep-container-right\"><div class=\"title-sep sep-single sep-dotted\" style=\"border-color:#e0dede;\"><\/div><\/div><\/div>\n<div class=\"table-2\">\n<table width=\"100%\">\n<thead>\n<tr>\n<th align=\"left\">Apartamento\/ Casa (*)<\/th>\n<th align=\"left\">Nov\/ Dic\/ Ene\/ Feb\/ Mar<\/th>\n<th align=\"left\">Abr\/ May\/ Jun<\/th>\n<th align=\"left\">Jul\/ Ago\/ Sep\/ Oct<\/th>\n<\/tr>\n<\/thead>\n<tbody>\n<tr>\n<td>PA\u00cfSSA (4 pax)<\/td>\n<td>157,50\u20ac<\/td>\n<td>170,00\u20ac<\/td>\n<td>180,00\u20ac<\/td>\n<\/tr>\n<tr>\n<td><\/td>\n<td><\/td>\n<td><\/td>\n<td><\/td>\n<\/tr>\n<tr>\n<td>VOLTA (2 pax)<\/td>\n<td>126,00\u20ac<\/td>\n<td>143,00\u20ac<\/td>\n<td>159,50\u20ac<\/td>\n<\/tr>\n<tr>\n<td><\/td>\n<td><\/td>\n<td><\/td>\n<td><\/td>\n<\/tr>\n<tr>\n<td>GRANER (4 pax)<\/td>\n<td>168,00\u20ac<\/td>\n<td>180,00\u20ac<\/td>\n<td>195,00\u20ac<\/td>\n<\/tr>\n<tr>\n<td><\/td>\n<td><\/td>\n<td><\/td>\n<td><\/td>\n<\/tr>\n<tr>\n<td>BOVERA (4 pax)<\/td>\n<td>168,00\u20ac<\/td>\n<td>180,00\u20ac<\/td>\n<td>195,00\u20ac<\/td>\n<\/tr>\n<tr>\n<td><\/td>\n<td><\/td>\n<td><\/td>\n<td><\/td>\n<\/tr>\n<tr>\n<td>PORXO (6 pax)<\/td>\n<td>220,50\u20ac<\/td>\n<td>235,00\u20ac<\/td>\n<td>250,00\u20ac<\/td>\n<\/tr>\n<tr>\n<td><\/td>\n<td><\/td>\n<td><\/td>\n<td><\/td>\n<\/tr>\n<\/tbody>\n<\/table>\n<\/div>\n<div class=\"fusion-sep-clear\"><\/div><div class=\"fusion-separator fusion-full-width-sep\" style=\"margin-left: auto;margin-right: auto;width:100%;\"><div class=\"fusion-separator-border sep-single sep-dotted\" style=\"--awb-height:20px;--awb-amount:20px;border-color:#e0dede;border-top-width:1px;\"><\/div><\/div><div class=\"fusion-sep-clear\"><\/div><div class=\"fusion-clearfix\"><\/div><\/div><\/div><\/div><\/div><div class=\"fusion-fullwidth fullwidth-box fusion-builder-row-2 nonhundred-percent-fullwidth non-hundred-percent-height-scrolling\" style=\"--awb-border-radius-top-left:0px;--awb-border-radius-top-right:0px;--awb-border-radius-bottom-right:0px;--awb-border-radius-bottom-left:0px;--awb-flex-wrap:wrap;\" ><div class=\"fusion-builder-row fusion-row\"><div class=\"fusion-layout-column fusion_builder_column fusion-builder-column-6 fusion_builder_column_1_1 1_1 fusion-one-full fusion-column-first fusion-column-last\" style=\"--awb-bg-size:cover;\"><div class=\"fusion-column-wrapper fusion-flex-column-wrapper-legacy\"><div class=\"fusion-text fusion-text-6\"><p>(*) Precios diarios por alojamiento y servicio de limpieza cada 4 d\u00edas por apartamento\/casa\/villa en euros, para una ocupaci\u00f3n de hasta 2, 4 o 6 personas seg\u00fan tipo y capacidad de cada unidad de alojamiento.<\/p>\n<p>La limpieza de cada 4 d\u00edas incluye tambi\u00e9n el cambio de s\u00e1banas.<\/p>\n<p>Para casos no previstos consulte directamente con el propietario: <a href=\"mailto:pep@agroturismesonllado.com\">pep@agroturismesonllado.com<\/a><\/p>\n<\/div>\n<div class=\"table-2\">\n<table width=\"100%\">\n<thead>\n<tr>\n<th align=\"left\">Servicios opcionales<\/th>\n<th align=\"left\">Precio<\/th>\n<\/tr>\n<\/thead>\n<tbody>\n<tr>\n<td align=\"left\">Servicio de limpieza<\/td>\n<td align=\"left\">\u00a09,00 \u20ac\/persona\/d\u00eda<\/td>\n<\/tr>\n<tr>\n<td align=\"left\">Cama supletoria<\/td>\n<td align=\"left\">19,50 \u20ac\/persona\/d\u00eda<\/td>\n<\/tr>\n<tr>\n<td align=\"left\">Cuna<\/td>\n<td align=\"left\">Gratuita<\/td>\n<\/tr>\n<tr>\n<td align=\"left\"><\/td>\n<td align=\"left\"><\/td>\n<\/tr>\n<tr>\n<td align=\"left\"><\/td>\n<td align=\"left\"><\/td>\n<\/tr>\n<tr>\n<td align=\"left\"><\/td>\n<td align=\"left\"><\/td>\n<\/tr>\n<\/tbody>\n<\/table>\n<\/div>\n<div class=\"fusion-text fusion-text-7\"><p><strong>IVA al 10% no incluido.<\/strong><\/p>\n<p><strong>Ecotasa 2025: 2,- eur\/persona (mayor de 16 a\u00f1os)\/d\u00eda m\u00e1s 10% IVA.<\/strong><\/p>\n<\/div><div class=\"fusion-clearfix\"><\/div><\/div><\/div><\/div><\/div><\/p>\n","protected":false},"excerpt":{"rendered":"","protected":false},"author":1,"featured_media":0,"parent":0,"menu_order":0,"comment_status":"closed","ping_status":"closed","template":"","meta":{"footnotes":""},"class_list":["post-313","page","type-page","status-publish","hentry"],"_links":{"self":[{"href":"https:\/\/agroturismesonllado.com\/es\/wp-json\/wp\/v2\/pages\/313","targetHints":{"allow":["GET"]}}],"collection":[{"href":"https:\/\/agroturismesonllado.com\/es\/wp-json\/wp\/v2\/pages"}],"about":[{"href":"https:\/\/agroturismesonllado.com\/es\/wp-json\/wp\/v2\/types\/page"}],"author":[{"embeddable":true,"href":"https:\/\/agroturismesonllado.com\/es\/wp-json\/wp\/v2\/users\/1"}],"replies":[{"embeddable":true,"href":"https:\/\/agroturismesonllado.com\/es\/wp-json\/wp\/v2\/comments?post=313"}],"version-history":[{"count":13,"href":"https:\/\/agroturismesonllado.com\/es\/wp-json\/wp\/v2\/pages\/313\/revisions"}],"predecessor-version":[{"id":3379,"href":"https:\/\/agroturismesonllado.com\/es\/wp-json\/wp\/v2\/pages\/313\/revisions\/3379"}],"wp:attachment":[{"href":"https:\/\/agroturismesonllado.com\/es\/wp-json\/wp\/v2\/media?parent=313"}],"curies":[{"name":"wp","href":"https:\/\/api.w.org\/{rel}","templated":true}]}}