{"id":300,"date":"2018-04-23T14:25:04","date_gmt":"2018-04-23T14:25:04","guid":{"rendered":"http:\/\/77.104.147.42\/~agrotur6\/inicio\/"},"modified":"2025-06-17T20:06:50","modified_gmt":"2025-06-17T18:06:50","slug":"inicio","status":"publish","type":"page","link":"https:\/\/agroturismesonllado.com\/es\/","title":{"rendered":"Inicio"},"content":{"rendered":"<p><div class=\"fusion-fullwidth fullwidth-box fusion-builder-row-1 nonhundred-percent-fullwidth non-hundred-percent-height-scrolling\" style=\"--awb-border-radius-top-left:0px;--awb-border-radius-top-right:0px;--awb-border-radius-bottom-right:0px;--awb-border-radius-bottom-left:0px;--awb-flex-wrap:wrap;\" ><div class=\"fusion-builder-row fusion-row\"><div class=\"fusion-layout-column fusion_builder_column fusion-builder-column-0 fusion_builder_column_1_1 1_1 fusion-one-full fusion-column-first fusion-column-last fusion-no-large-visibility\" style=\"--awb-bg-size:cover;\"><div class=\"fusion-column-wrapper fusion-flex-column-wrapper-legacy\"><div class=\"fusion-column-content-centered\"><div class=\"fusion-column-content\"><\/div><\/div><div class=\"fusion-clearfix\"><\/div><\/div><\/div><\/div><\/div><div class=\"fusion-fullwidth fullwidth-box fusion-builder-row-2 nonhundred-percent-fullwidth non-hundred-percent-height-scrolling\" style=\"--awb-border-radius-top-left:0px;--awb-border-radius-top-right:0px;--awb-border-radius-bottom-right:0px;--awb-border-radius-bottom-left:0px;--awb-flex-wrap:wrap;\" ><div class=\"fusion-builder-row fusion-row\"><div class=\"fusion-layout-column fusion_builder_column fusion-builder-column-1 fusion_builder_column_1_2 1_2 fusion-one-half fusion-column-first\" style=\"--awb-bg-size:cover;width:50%;width:calc(50% - ( ( 4% ) * 0.5 ) );margin-right: 4%;\"><div class=\"fusion-column-wrapper fusion-flex-column-wrapper-legacy\"><div class=\"fusion-text fusion-text-1\"><h2 style=\"text-align: left;\"><em><strong><span style=\"font-size: 18pt; color: #ff0000;\">25 a\u00f1os de amor y hospitalidad <\/span><span style=\"font-size: 18pt; color: #000080;\">(2000-2025)<\/span><\/strong><\/em><\/h2>\n<h2 style=\"text-align: left;\"><!--more--><\/h2>\n<\/div><div class=\"fusion-text fusion-text-2\"><p><strong>AUT\u00c9NTICO<\/strong>: Son Llad\u00f3 es una aut\u00e9ntica <em>possessi\u00f3<\/em> mallorquina del siglo XVII, restaurada y habilitada como agroturismo. Aqu\u00ed encontrar\u00e1s calma, naturaleza y comodidad. El entorno \u00edntimo y rural te invita a conectar con la esencia de la isla, con la tierra, los animales, el mar y la monta\u00f1a.<!--more--><\/p>\n<\/div><div class=\"fusion-text fusion-text-3\"><p><strong>FAMILIAR<\/strong>: Somos Pep y Maria, mallorquines enamorados de Mallorca y dispuestos a que t\u00fa tambi\u00e9n te sientas como en casa.<\/p>\n<p><strong>ECOL\u00d3GICO<\/strong>: Desarrollamos las actividades agr\u00edcolas y ganaderas propias de la finca siguiendo practicas ecol\u00f3gicas<\/p>\n<\/div><div class=\"fusion-text fusion-text-4\"><p><strong>COMPROMETIDO<\/strong>: Deseamos el m\u00e1ximo confort y comodidad para nuestros hu\u00e9spedes, pero al mismo tiempo somos conscientes de la necesidad de proteger el medio ambiente e implementar pol\u00edticas de desarrollo sostenible.<\/p>\n<p><span style=\"color: #993300;\"><strong>INTERNET<\/strong>: Ofrecemos WiFi gratis de alta velocidad a 300MB\/seg.!<\/span><\/p>\n<\/div><div class=\"fusion-clearfix\"><\/div><\/div><\/div><div class=\"fusion-layout-column fusion_builder_column fusion-builder-column-2 fusion_builder_column_1_2 1_2 fusion-one-half fusion-column-last\" style=\"--awb-bg-size:cover;width:50%;width:calc(50% - ( ( 4% ) * 0.5 ) );\"><div class=\"fusion-column-wrapper fusion-flex-column-wrapper-legacy\"><div class=\"fusion-video fusion-youtube\" style=\"--awb-max-width:600px;--awb-max-height:360px;\"><div class=\"video-shortcode\"><div class=\"fluid-width-video-wrapper\" style=\"padding-top:60%;\" ><iframe title=\"YouTube video player 1\" src=\"https:\/\/www.youtube.com\/embed\/wDLBvhVHt9E?wmode=transparent&autoplay=0\" width=\"600\" height=\"360\" allowfullscreen allow=\"autoplay; fullscreen\"><\/iframe><\/div><\/div><\/div><div class=\"fusion-text fusion-text-5\"><p><span style=\"color: #ffffff;\">\u00b7<\/span><\/p>\n<\/div><div class=\"fusion-clearfix\"><\/div><\/div><\/div><\/div><\/div><div class=\"fusion-fullwidth fullwidth-box fusion-builder-row-3 nonhundred-percent-fullwidth non-hundred-percent-height-scrolling fusion-equal-height-columns\" style=\"--awb-border-radius-top-left:0px;--awb-border-radius-top-right:0px;--awb-border-radius-bottom-right:0px;--awb-border-radius-bottom-left:0px;--awb-flex-wrap:wrap;\" ><div class=\"fusion-builder-row fusion-row\"><div class=\"fusion-layout-column fusion_builder_column fusion-builder-column-3 fusion_builder_column_2_5 2_5 fusion-two-fifth fusion-column-first\" style=\"--awb-bg-size:cover;width:40%;width:calc(40% - ( ( 4% + 4% ) * 0.4 ) );margin-right: 4%;\"><div class=\"fusion-column-wrapper fusion-flex-column-wrapper-legacy\"><div class=\"fusion-text fusion-text-6\"><h3><strong>Tour virtual 360\u00ba:<\/strong><\/h3>\n<iframe src=\"https:\/\/www.google.com\/maps\/embed?pb=!4v1594820617885!6m8!1m7!1sCAoSLEFGMVFpcE9ldVdTVzdvRk1INHQzSmYxbHBkVUotcGtycUlSZmh4c01vRlQt!2m2!1d39.40073514544785!2d3.008689370001285!3f251.5985236089412!4f-1.2284308341717747!5f0.7820865974627469\" width=\"600\" height=\"450\" frameborder=\"0\" style=\"border:0;\" allowfullscreen=\"\" aria-hidden=\"false\" tabindex=\"0\"><\/iframe>\n<\/div><div class=\"fusion-clearfix\"><\/div><\/div><\/div><div class=\"fusion-layout-column fusion_builder_column fusion-builder-column-4 fusion_builder_column_1_5 1_5 fusion-one-fifth\" style=\"--awb-bg-size:cover;width:20%;width:calc(20% - ( ( 4% + 4% ) * 0.2 ) );margin-right: 4%;\"><div class=\"fusion-column-wrapper fusion-flex-column-wrapper-legacy\"><div class=\"fusion-clearfix\"><\/div><\/div><\/div><div class=\"fusion-layout-column fusion_builder_column fusion-builder-column-5 fusion_builder_column_2_5 2_5 fusion-two-fifth fusion-column-last\" style=\"--awb-bg-size:cover;width:40%;width:calc(40% - ( ( 4% + 4% ) * 0.4 ) );\"><div class=\"fusion-column-wrapper fusion-flex-column-wrapper-legacy\"><div class=\"fusion-text fusion-text-7\"><h3><strong>Mapa:<\/strong><\/h3>\n<h3><iframe style=\"border: 0;\" src=\"https:\/\/www.google.com\/maps\/embed?pb=!1m18!1m12!1m3!1d13970.12261976366!2d3.0011021676663097!3d39.40011367949631!2m3!1f0!2f0!3f0!3m2!1i1024!2i768!4f13.1!3m3!1m2!1s0x1297ae842cd3c463%3A0x7e63339727604439!2sAgroturisme%20Son%20Llado!5e1!3m2!1ses!2ses!4v1622213630657!5m2!1ses!2ses\" width=\"100%\" height=\"450\" allowfullscreen=\"allowfullscreen\"><\/iframe><\/h3>\n<\/div><div class=\"fusion-clearfix\"><\/div><\/div><\/div><\/div><\/div><div class=\"fusion-fullwidth fullwidth-box fusion-builder-row-4 nonhundred-percent-fullwidth non-hundred-percent-height-scrolling\" style=\"--awb-border-radius-top-left:0px;--awb-border-radius-top-right:0px;--awb-border-radius-bottom-right:0px;--awb-border-radius-bottom-left:0px;--awb-padding-top:20px;--awb-flex-wrap:wrap;\" ><div class=\"fusion-builder-row fusion-row\"><div class=\"fusion-layout-column fusion_builder_column fusion-builder-column-6 fusion_builder_column_1_1 1_1 fusion-one-full fusion-column-first fusion-column-last\" style=\"--awb-bg-size:cover;\"><div class=\"fusion-column-wrapper fusion-flex-column-wrapper-legacy\"><div class=\"fusion-text fusion-text-8\"><h3>Os presentamos una aut\u00e9ntica <strong><em>Possessi\u00f3<\/em> de Mallorca<\/strong> con unas edificaciones del siglo XVII y que a partir del a\u00f1o 2000, adem\u00e1s de desarrollar las actividades agr\u00edcolas y ramaderas propias, dispone tambi\u00e9n de unos apartamentos o casas rurales para su explotaci\u00f3n tur\u00edstica.<\/h3>\n<h3>Navegando por las diferentes secciones de nuestra web descubrir\u00e9is unos <strong>alojamientos con encanto<\/strong>, situados en un <strong>lugar privilegiado<\/strong> en el sur de la isla; una filosof\u00eda de vacaciones con valores a\u00f1adidos y una <strong>familia nativa<\/strong> atenta a vuestras necesidades y que se ocupar\u00e1 de que, en vuestra visita a Mallorca, el tiempo en la Finca Son Llad\u00f3 resulte inolvidable.<\/h3>\n<\/div><div class=\"fusion-text fusion-text-9\"><h3>Adem\u00e1s de colaborar en la <strong>protecci\u00f3n del medio ambiente,<\/strong> mediante la implementaci\u00f3n de pol\u00edticas de <strong>desarrollo sostenible <\/strong>en la faceta tur\u00edstica, trabajamos la tierra con m\u00e9todos <strong>agro-ecol\u00f3gicos<\/strong>, estando <strong>certificada<\/strong> la finca por el <strong>CBPAE<\/strong> (Consell Balear de la Producci\u00f3 Agr\u00e0ria Ecol\u00f2gic). Tambi\u00e9n las <strong>razas aut\u00f3ctonas<\/strong> son una pieza fundamental entre los animales presentes en nuestra granja.<\/h3>\n<\/div><div class=\"fusion-clearfix\"><\/div><\/div><\/div><\/div><\/div><div class=\"fusion-fullwidth fullwidth-box fusion-builder-row-5 nonhundred-percent-fullwidth non-hundred-percent-height-scrolling\" style=\"--awb-border-radius-top-left:0px;--awb-border-radius-top-right:0px;--awb-border-radius-bottom-right:0px;--awb-border-radius-bottom-left:0px;--awb-padding-top:25px;--awb-flex-wrap:wrap;\" ><div class=\"fusion-builder-row fusion-row\"><div class=\"fusion-layout-column fusion_builder_column fusion-builder-column-7 fusion_builder_column_1_4 1_4 fusion-one-fourth fusion-column-first\" style=\"--awb-bg-size:cover;width:25%;width:calc(25% - ( ( 4% + 4% + 4% ) * 0.25 ) );margin-right: 4%;\"><div class=\"fusion-column-wrapper fusion-flex-column-wrapper-legacy\"><div class=\"fusion-fa-align-center\"><i class=\"fb-icon-element-1 fb-icon-element fontawesome-icon fa-leaf fas circle-no\" style=\"--awb-iconcolor:#8bc34a;--awb-iconcolor-hover:#8bc34a;--awb-font-size:50px;--awb-margin-bottom:20px;\"><\/i><\/div><div class=\"fusion-text fusion-text-10\"><p><strong>ENERG\u00cdA SOLAR<\/strong>. Disponemos de energ\u00eda solar t\u00e9rmica con la que generamos agua caliente sanitaria. Y de energ\u00eda solar fotovoltaica que aplicamos en el ahorro del consumo el\u00e9ctrico del complejo tur\u00edstico e instalaciones agrarias.<\/p>\n<\/div><div class=\"fusion-clearfix\"><\/div><\/div><\/div><div class=\"fusion-layout-column fusion_builder_column fusion-builder-column-8 fusion_builder_column_1_4 1_4 fusion-one-fourth\" style=\"--awb-bg-size:cover;width:25%;width:calc(25% - ( ( 4% + 4% + 4% ) * 0.25 ) );margin-right: 4%;\"><div class=\"fusion-column-wrapper fusion-flex-column-wrapper-legacy\"><div class=\"fusion-fa-align-center\"><i class=\"fb-icon-element-2 fb-icon-element fontawesome-icon fa-cloud fas circle-no\" style=\"--awb-iconcolor:#8bc34a;--awb-iconcolor-hover:#8bc34a;--awb-font-size:50px;--awb-margin-bottom:20px;\"><\/i><\/div><div class=\"fusion-text fusion-text-11\"><p><strong>AGUA DE LLUVIA<\/strong>. La recuperaci\u00f3n del agua de lluvia es esencial en nuestra comarca, donde los niveles de precipitaciones son <strong>semides\u00e9rticos<\/strong> (200-300 ml\/a\u00f1o) y el agua de los pozos est\u00e1 <strong>salinizada<\/strong>. Mediante un dep\u00f3sito y un sistema de canalizaciones y bombeo recogemos el agua de lluvia de las cubiertas y terrazas de la finca. Almacenada en el estanque, en verano disponemos \u00a0del <strong>agua suficiente<\/strong> para el riego del jard\u00edn, el huerto, los \u00e1rboles, adem\u00e1s de la limpieza de los coches y las terrazas.<\/p>\n<\/div><div class=\"fusion-clearfix\"><\/div><\/div><\/div><div class=\"fusion-layout-column fusion_builder_column fusion-builder-column-9 fusion_builder_column_1_4 1_4 fusion-one-fourth\" style=\"--awb-bg-size:cover;width:25%;width:calc(25% - ( ( 4% + 4% + 4% ) * 0.25 ) );margin-right: 4%;\"><div class=\"fusion-column-wrapper fusion-flex-column-wrapper-legacy\"><div class=\"fusion-fa-align-center\"><i class=\"fb-icon-element-3 fb-icon-element fontawesome-icon fa-recycle fas circle-no\" style=\"--awb-iconcolor:#8bc34a;--awb-iconcolor-hover:#8bc34a;--awb-font-size:50px;--awb-margin-bottom:20px;\"><\/i><\/div><div class=\"fusion-text fusion-text-12\"><p><b>RECICLAJE<\/b>. <strong>Recogemos<\/strong> personalmente todo el <strong>cristal, pl\u00e1stico, papel y cart\u00f3n<\/strong> generado por nuestros hu\u00e9spedes y que ellos previamente han seleccionado del resto de basura. Junto con los materiales reciclables que generamos nosotros mismos, los <strong>depositamos<\/strong> en los puntos de recogida o <strong>puntos verdes<\/strong> habilitados en Campos.<\/p>\n<\/div><div class=\"fusion-clearfix\"><\/div><\/div><\/div><div class=\"fusion-layout-column fusion_builder_column fusion-builder-column-10 fusion_builder_column_1_4 1_4 fusion-one-fourth fusion-column-last\" style=\"--awb-bg-size:cover;width:25%;width:calc(25% - ( ( 4% + 4% + 4% ) * 0.25 ) );\"><div class=\"fusion-column-wrapper fusion-flex-column-wrapper-legacy\"><div class=\"fusion-fa-align-center\"><i class=\"fb-icon-element-4 fb-icon-element fontawesome-icon fa-filter fas circle-no\" style=\"--awb-iconcolor:#8bc34a;--awb-iconcolor-hover:#8bc34a;--awb-font-size:50px;--awb-margin-bottom:20px;\"><\/i><\/div><div class=\"fusion-text fusion-text-13\"><p><span class=\"Apple-style-span\"><strong>DEPURADORA<\/strong>. Con la implantaci\u00f3n de un sistema de depuraci\u00f3n de <strong>aguas residuales<\/strong>, con filtro verde (reed bed system), conseguimos dejar de <strong>infiltrar<\/strong> aguas grises al subsuelo <strong>re-utilizando<\/strong> esta agua. Con este sistema aportamos <strong>agua y materia org\u00e1nica<\/strong> a nuestra tierra adem\u00e1s de disponer de una <strong>biomasa<\/strong> extra que puede ser utilizada en la alimentaci\u00f3n del ganado o como cubierta vegetal en la huerta.<br \/>\n<\/span><\/p>\n<\/div><div class=\"fusion-clearfix\"><\/div><\/div><\/div><\/div><\/div><div class=\"fusion-fullwidth fullwidth-box fusion-builder-row-6 nonhundred-percent-fullwidth non-hundred-percent-height-scrolling\" style=\"--awb-border-radius-top-left:0px;--awb-border-radius-top-right:0px;--awb-border-radius-bottom-right:0px;--awb-border-radius-bottom-left:0px;--awb-padding-top:25px;--awb-flex-wrap:wrap;\" ><div class=\"fusion-builder-row fusion-row\"><div class=\"fusion-layout-column fusion_builder_column fusion-builder-column-11 fusion_builder_column_1_5 1_5 fusion-one-fifth fusion-column-first\" style=\"--awb-bg-size:cover;width:20%;width:calc(20% - ( ( 4% ) * 0.2 ) );margin-right: 4%;\"><div class=\"fusion-column-wrapper fusion-flex-column-wrapper-legacy\"><div class=\"fusion-text fusion-text-14\"><p><img decoding=\"async\" class=\"alignnone size-full wp-image-3291\" src=\"https:\/\/agroturismesonllado.com\/wp-content\/uploads\/2022\/03\/autosroig.jpg\" alt=\"Autos Roig\" width=\"500\" height=\"152\" srcset=\"https:\/\/agroturismesonllado.com\/wp-content\/uploads\/2022\/03\/autosroig-200x61.jpg 200w, https:\/\/agroturismesonllado.com\/wp-content\/uploads\/2022\/03\/autosroig-300x91.jpg 300w, https:\/\/agroturismesonllado.com\/wp-content\/uploads\/2022\/03\/autosroig-400x122.jpg 400w, https:\/\/agroturismesonllado.com\/wp-content\/uploads\/2022\/03\/autosroig.jpg 500w\" sizes=\"(max-width: 500px) 100vw, 500px\" \/><\/p>\n<\/div><div class=\"fusion-clearfix\"><\/div><\/div><\/div><div class=\"fusion-layout-column fusion_builder_column fusion-builder-column-12 fusion_builder_column_4_5 4_5 fusion-four-fifth fusion-column-last\" style=\"--awb-bg-size:cover;width:80%;width:calc(80% - ( ( 4% ) * 0.8 ) );\"><div class=\"fusion-column-wrapper fusion-flex-column-wrapper-legacy\"><div class=\"fusion-text fusion-text-15\"><h3><span style=\"color: #800000;\">Las mejores ofertas de coches de alquiler y traslados en Mallorca con <em>ROIG<\/em><\/span> <span style=\"color: #008000;\">&#8211;&gt;<\/span> <strong><a href=\"https:\/\/booking.roig.com\/?partnerID=137469\" target=\"_blank\" rel=\"noopener\">Tarifas y Reservas<\/a><\/strong><\/h3>\n<\/div><div class=\"fusion-clearfix\"><\/div><\/div><\/div><\/div><\/div><div class=\"fusion-fullwidth fullwidth-box fusion-builder-row-7 nonhundred-percent-fullwidth non-hundred-percent-height-scrolling\" style=\"--awb-border-radius-top-left:0px;--awb-border-radius-top-right:0px;--awb-border-radius-bottom-right:0px;--awb-border-radius-bottom-left:0px;--awb-padding-top:25px;--awb-flex-wrap:wrap;\" ><div class=\"fusion-builder-row fusion-row\"><div class=\"fusion-layout-column fusion_builder_column fusion-builder-column-13 fusion_builder_column_1_1 1_1 fusion-one-full fusion-column-first fusion-column-last\" style=\"--awb-bg-size:cover;\"><div class=\"fusion-column-wrapper fusion-flex-column-wrapper-legacy\"><div class=\"fusion-text fusion-text-16\"><h3><strong>25 a\u00f1os de amor y hospitalidad (2000-2025):<\/strong><\/h3>\n<\/div><div class=\"fusion-text fusion-text-17\"><div style=\"width: 1100px;\" class=\"wp-video\"><video class=\"wp-video-shortcode\" id=\"video-300-1\" width=\"1100\" height=\"619\" preload=\"metadata\" controls=\"controls\"><source type=\"video\/mp4\" src=\"https:\/\/agroturismesonllado.com\/wp-content\/uploads\/2025\/06\/SON-LLADO-SUBTITULOS-CASTELLANO1.mp4?_=1\" \/><a href=\"https:\/\/agroturismesonllado.com\/wp-content\/uploads\/2025\/06\/SON-LLADO-SUBTITULOS-CASTELLANO1.mp4\">https:\/\/agroturismesonllado.com\/wp-content\/uploads\/2025\/06\/SON-LLADO-SUBTITULOS-CASTELLANO1.mp4<\/a><\/video><\/div>\n<\/div><div class=\"fusion-clearfix\"><\/div><\/div><\/div><\/div><\/div><\/p>\n","protected":false},"excerpt":{"rendered":"<p>25 a\u00f1os de amor y hospitalidad (2000-2025)<\/p>\n","protected":false},"author":1,"featured_media":0,"parent":0,"menu_order":0,"comment_status":"closed","ping_status":"closed","template":"","meta":{"footnotes":""},"class_list":["post-300","page","type-page","status-publish","hentry"],"_links":{"self":[{"href":"https:\/\/agroturismesonllado.com\/es\/wp-json\/wp\/v2\/pages\/300","targetHints":{"allow":["GET"]}}],"collection":[{"href":"https:\/\/agroturismesonllado.com\/es\/wp-json\/wp\/v2\/pages"}],"about":[{"href":"https:\/\/agroturismesonllado.com\/es\/wp-json\/wp\/v2\/types\/page"}],"author":[{"embeddable":true,"href":"https:\/\/agroturismesonllado.com\/es\/wp-json\/wp\/v2\/users\/1"}],"replies":[{"embeddable":true,"href":"https:\/\/agroturismesonllado.com\/es\/wp-json\/wp\/v2\/comments?post=300"}],"version-history":[{"count":17,"href":"https:\/\/agroturismesonllado.com\/es\/wp-json\/wp\/v2\/pages\/300\/revisions"}],"predecessor-version":[{"id":3459,"href":"https:\/\/agroturismesonllado.com\/es\/wp-json\/wp\/v2\/pages\/300\/revisions\/3459"}],"wp:attachment":[{"href":"https:\/\/agroturismesonllado.com\/es\/wp-json\/wp\/v2\/media?parent=300"}],"curies":[{"name":"wp","href":"https:\/\/api.w.org\/{rel}","templated":true}]}}