{"id":2551,"date":"2021-05-26T21:59:46","date_gmt":"2021-05-26T21:59:46","guid":{"rendered":"https:\/\/agroturismesonllado.com\/avis-legal\/"},"modified":"2021-05-26T22:08:36","modified_gmt":"2021-05-26T22:08:36","slug":"aviso-legal","status":"publish","type":"page","link":"https:\/\/agroturismesonllado.com\/es\/aviso-legal\/","title":{"rendered":"Aviso legal"},"content":{"rendered":"<ol>\n<li>\n<p><span style=\"color: #333333;\"><span style=\"font-family: Raleway, serif;\"><span style=\"font-size: small;\"><b>DATOS IDENTIFICATIVOS<br \/><\/b><\/span><\/span><\/span><span style=\"color: #333333;\"><span style=\"font-family: Raleway, serif;\"><span style=\"font-size: small;\">En cumplimiento con el deber de informaci\u00f3n recogido en el art\u00edculo 10 de la Ley 34\/2002, de 11 de julio, de Servicios de la Sociedad de la Informaci\u00f3n y del Comercio Electr\u00f3nico, a continuaci\u00f3n se reflejan los siguientes datos: La persona titular del dominio web agroturismesonllado.com es JOSE OLLERS ALCOVER, con domicilio a estos efectos en POLIGONO 19, PARCELA 278, 07630 CAMPOS, ILLES BALEARS; con NIF 43021933L.\u00a0\u00a0 <\/span><\/span><\/span><span style=\"color: #333333;\"><span style=\"font-family: Raleway, serif;\"><span style=\"font-size: small;\">Correo electr\u00f3nico de contacto: <\/span><\/span><\/span><span style=\"color: #0563c1;\"><u><a href=\"mailto:pep@agroturismesonllado.com\" target=\"_top\" rel=\"noopener\"><span style=\"font-family: Raleway, serif;\"><span style=\"font-size: small;\">pep@agroturismesonllado.com<\/span><\/span><\/a><\/u><\/span><u> <\/u><\/p>\n<\/li>\n<\/ol>\n<p><span style=\"color: #333333;\">\u00a0<\/span><\/p>\n<ol start=\"2\">\n<li>\n<p><span style=\"color: #333333;\"><span style=\"font-family: Raleway, serif;\"><span style=\"font-size: small;\"><b>USUARIOS<br \/><\/b><\/span><\/span><\/span><span style=\"color: #333333;\"><span style=\"font-family: Raleway, serif;\"><span style=\"font-size: small;\">El acceso y\/o uso de este portal del AGROTURISME SON LLADO atribuye la condici\u00f3n de USUARIO, que acepta desde dicho acceso y\/o uso, las Condiciones Generales de Uso aqu\u00ed reflejadas. Las citadas Condiciones ser\u00e1n de aplicaci\u00f3n independientemente de las Condiciones Generales de Contrataci\u00f3n que en su caso resulten de obligado cumplimiento.<\/span><\/span><\/span><\/p>\n<\/li>\n<\/ol>\n<p><span style=\"color: #333333;\">\u00a0<\/span><\/p>\n<ol start=\"3\">\n<li>\n<p><span style=\"color: #333333;\"><span style=\"font-family: Raleway, serif;\"><span style=\"font-size: small;\"><b>USO DEL PORTAL<\/b><\/span><\/span><\/span> <span style=\"color: #333333;\"><span style=\"font-family: Raleway, serif;\"><span style=\"font-size: small;\"><b><br \/><\/b><\/span><\/span><\/span><span style=\"color: #dc7b13;\"><span style=\"font-family: Raleway, serif;\"><span style=\"font-size: small;\"><u>http:\/\/www.agroturismesonllado.com<\/u><\/span><\/span><\/span><span style=\"color: #333333;\"><span style=\"font-family: Raleway, serif;\"><span style=\"font-size: small;\"> proporciona el acceso a multitud de informaciones, servicios, programas o datos (en adelante \u201clos contenidos\u201d) en Internet pertenecientes a JOSE OLLERS ALCOVER (en adelante AGROTURISME SON LLADO) o a sus licenciantes a los que el Usuario pueda tener acceso. El Usuario asume la responsabilidad del uso del portal. Dicha responsabilidad se extiende al registro que fuese necesario para acceder a determinados servicios o contenidos. En dicho registro el Usuario ser\u00e1 responsable de aportar informaci\u00f3n veraz y l\u00edcita. El usuario se compromete a hacer un uso adecuado de los contenidos y servicios (como por ejemplo servicios de chat, foros de discusi\u00f3n o grupos de noticias) que AGROTURISME SON LLADO ofrece a trav\u00e9s de su portal y con car\u00e1cter enunciativo pero no limitativo, a no emplearlos para (i) incurrir en actividades il\u00edcitas, ilegales o contrarias a la buena fe y al orden p\u00fablico; (ii) difundir contenidos o propaganda de car\u00e1cter racista, xen\u00f3fobo, pornogr\u00e1fico-ilegal; de apolog\u00eda del terrorismo o atentatoria contra los derechos humanos; (iii) provocar da\u00f1o en los sistemas f\u00edsicos y l\u00f3gicos de AGROTURISME SON LLADO, de sus proveedores o de terceras personas, introducir o difundir en la red virus inform\u00e1ticos o cualesquiera otros sistemas f\u00edsicos o l\u00f3gicos que sean susceptibles de provocar los da\u00f1os anteriormente mencionados; (iv) intentar acceder y, en su caso, utilizar las cuentas de correo electr\u00f3nico de otros usuarios y modificar o manipular sus mensajes. AGROTURISME SON LLADO se reserva el derecho de retirar todos aquellos comentarios y aportaciones que vulneren el respeto a la dignidad de la personal, que sean discriminatorios, xen\u00f3fobos, racistas, pornogr\u00e1ficos, que atenten contra la juventud o la infancia, el orden o la seguridad p\u00fablica o que, a su juicio, no resultaran adecuados para su publicaci\u00f3n. En cualquier caso, AGROTURISME SON LLADO no ser\u00e1 responsable de las opiniones vertidas por los usuarios a trav\u00e9s de los foros, chats, u otras herramientas de participaci\u00f3n.<\/span><\/span><\/span><\/p>\n<\/li>\n<\/ol>\n<p><span style=\"color: #333333;\">\u00a0<\/span><\/p>\n<ol start=\"4\">\n<li>\n<p><span style=\"color: #333333;\"><span style=\"font-family: Raleway, serif;\"><span style=\"font-size: small;\"><b>PROTECCI\u00d3N DE DATOS<br \/><\/b><\/span><\/span><\/span><span style=\"color: #333333;\"><span style=\"font-family: Raleway, serif;\"><span style=\"font-size: small;\">JOSE OLLERS ALCOVER cumple con las directrices de la Ley Org\u00e1nica 15\/1999 de 13 de diciembre de Protecci\u00f3n de Datos de Car\u00e1cter Personal, el Real Decreto 1720\/2007 de 21 de diciembre por el que se aprueba el Reglamento de desarrollo de la Ley Org\u00e1nica y dem\u00e1s normativa vigente en cada momento, y vela por garantizar un correcto uso y tratamiento de los datos personales del usuario. Para ello, junto a cada formulario de recabo de datos de car\u00e1cter personal, en los servicios que el usuario pueda solicitar a AGROTURISME SON LLADO har\u00e1 saber al usuario de la existencia y aceptaci\u00f3n de las condiciones particulares del tratamiento de sus datos en cada caso, inform\u00e1ndole de la responsabilidad de ejercer sus derechos de acceso, rectificaci\u00f3n, cancelaci\u00f3n u oposici\u00f3n, la finalidad del tratamiento y las comunicaciones de datos a terceros en su caso. Asimismo, informa que da cumplimiento a la Ley 34\/2002 de julio, de Servicios de la Sociedad de la Informaci\u00f3n y el Comercio Electr\u00f3nico con fines comerciales en cada momento.<\/span><\/span><\/span><\/p>\n<\/li>\n<\/ol>\n<p><span style=\"color: #333333;\">\u00a0<\/span><\/p>\n<ol start=\"5\">\n<li>\n<p><span style=\"color: #333333;\"><span style=\"font-family: Raleway, serif;\"><span style=\"font-size: small;\"><b>PROPIEDAD INTELECTUAL E INDUSTRIAL<br \/><\/b><\/span><\/span><\/span><span style=\"color: #333333;\"><span style=\"font-family: Raleway, serif;\"><span style=\"font-size: small;\">JOSE OLLERS ALCOVER es titular de todos los derechos de propiedad intelectual e industrial de su p\u00e1gina web, as\u00ed como de los elementos contenidos en la misma. Todos los derechos reservados. En virtud de lo dispuesto en los art\u00edculos 8 y 32.1, p\u00e1rrafo segundo, de la Ley de Propiedad Intelectual, quedan expresamente prohibidas la reproducci\u00f3n, la distribuci\u00f3n y la comunicaci\u00f3n p\u00fablica, incluida su modalidad de puesta a disposici\u00f3n, de la totalidad o parte de los contenidos de esta p\u00e1gina web, con fines comerciales, en cualquier soporte y por cualquier medio t\u00e9cnico, sin la autorizaci\u00f3n de JOSE OLLERS ALCOVER.\u00a0 El Usuario se compromete a respetar los derechos de Propiedad Intelectual e Industrial titularidad de JOSE OLLERS ALCOVER. Podr\u00e1 visualizar los elementos del portal e incluso imprimirlos, copiarlos y almacenarlos en el disco duro de su ordenador o en cualquier otro soporte f\u00edsico siempre y cuando sea, \u00fanica y exclusivamente, para su uso personal y privado. El Usuario deber\u00e1 abstenerse de suprimir, alterar, eludir o manipular cualquier dispositivo de protecci\u00f3n o sistema de seguridad que estuviera instalado en las p\u00e1ginas de AGROTURISME SON LLADO.<\/span><\/span><\/span><\/p>\n<\/li>\n<\/ol>\n<p><span style=\"color: #333333;\">\u00a0<\/span><\/p>\n<ol start=\"6\">\n<li>\n<p><span style=\"color: #333333;\"><span style=\"font-family: Raleway, serif;\"><span style=\"font-size: small;\"><b>EXCLUSI\u00d3N DE GARANT\u00cdAS Y RESPONSABILIDAD<br \/><\/b><\/span><\/span><\/span><span style=\"color: #333333;\"><span style=\"font-family: Raleway, serif;\"><span style=\"font-size: small;\">JOSE OLLERS ALCOVER no se hace responsable, en ning\u00fan caso, de los da\u00f1os y perjuicios de cualquier naturaleza que pudiera ocasionar, a t\u00edtulo enunciativo, errores u omisiones en los contenidos, falta de disponibilidad del portal o la transmisi\u00f3n de virus o programas maliciosos o lesivos en los contenidos, a pesar de haber adoptado todas las medidas tecnol\u00f3gicas necesarias para evitarlo.<\/span><\/span><\/span><\/p>\n<\/li>\n<\/ol>\n<p><span style=\"color: #333333;\">\u00a0<\/span><\/p>\n<ol start=\"7\">\n<li>\n<p><span style=\"color: #333333;\"><span style=\"font-family: Raleway, serif;\"><span style=\"font-size: small;\"><b>MODIFICACIONES<br \/><\/b><\/span><\/span><\/span><span style=\"color: #333333;\"><span style=\"font-family: Raleway, serif;\"><span style=\"font-size: small;\">JOSE OLLERS ALCOVER se reserva el derecho de efectuar sin previo aviso las modificaciones que considere oportunas en su portal, pudiendo cambiar, suprimir o a\u00f1adir tanto los contenidos y servicios que se presten a trav\u00e9s de la misma como la forma en la que \u00e9stos aparezcan presentados o localizados en su portal.<\/span><\/span><\/span><\/p>\n<\/li>\n<\/ol>\n<p><span style=\"color: #333333;\">\u00a0<\/span><\/p>\n<ol start=\"8\">\n<li>\n<p><span style=\"color: #333333;\"><span style=\"font-family: Raleway, serif;\"><span style=\"font-size: small;\"><b>ENLACES<br \/><\/b><\/span><\/span><\/span><span style=\"color: #333333;\"><span style=\"font-family: Raleway, serif;\"><span style=\"font-size: small;\">En el caso de que en\u00a0<\/span><\/span><\/span><span style=\"color: #dc7b13;\"><span style=\"font-family: Raleway, serif;\"><span style=\"font-size: small;\"><u>http:\/\/www.agroturismesonllado.com <\/u><\/span><\/span><\/span><span style=\"color: #333333;\"><span style=\"font-family: Raleway, serif;\"><span style=\"font-size: small;\"> se dispusiesen enlaces o hiperv\u00ednculos hac\u00eda otros sitios de Internet, JOSE OLLERS ALCOVER no ejercer\u00e1 ning\u00fan tipo de control sobre dichos sitios y contenidos. En ning\u00fan caso asumir\u00e1 responsabilidad alguna por los contenidos de alg\u00fan enlace perteneciente a un sitio web ajeno, ni garantizar\u00e1 la disponibilidad t\u00e9cnica, calidad, fiabilidad, exactitud, amplitud, veracidad, validez y constitucionalidad de cualquier material o informaci\u00f3n contenida en ninguno de dichos hiperv\u00ednculos u otros sitios de Internet. Igualmente la inclusi\u00f3n de estas conexiones externas no implicar\u00e1 ning\u00fan tipo de asociaci\u00f3n, fusi\u00f3n o participaci\u00f3n con las entidades conectadas.<\/span><\/span><\/span><\/p>\n<\/li>\n<\/ol>\n<p><span style=\"color: #333333;\">\u00a0<\/span><\/p>\n<ol start=\"9\">\n<li>\n<p><span style=\"color: #333333;\"><span style=\"font-family: Raleway, serif;\"><span style=\"font-size: small;\"><b>DERECHO DE EXCLUSI\u00d3N<br \/><\/b><\/span><\/span><\/span><span style=\"color: #333333;\"><span style=\"font-family: Raleway, serif;\"><span style=\"font-size: small;\">JOSE OLLERS ALCOVER se reserva el derecho a denegar o retirar el acceso al portal y\/o los servicios ofrecidos sin necesidad de preaviso, a instancia propia o de un tercero, a aquellos usuarios que incumplan las presentes Condiciones Generales de Uso.<\/span><\/span><\/span><\/p>\n<\/li>\n<\/ol>\n<p><span style=\"color: #333333;\">\u00a0<\/span><\/p>\n<ol start=\"10\">\n<li>\n<p><span style=\"color: #333333;\"><span style=\"font-family: Raleway, serif;\"><span style=\"font-size: small;\"><b>GENERALIDADES<br \/><\/b><\/span><\/span><\/span><span style=\"color: #333333;\"><span style=\"font-family: Raleway, serif;\"><span style=\"font-size: small;\">JOSE OLLERS ALCOVER perseguir\u00e1 el incumplimiento de las presentes condiciones as\u00ed como cualquier utilizaci\u00f3n indebida de su portal ejerciendo todas las acciones civiles y penales que le puedan corresponder en derecho.<\/span><\/span><\/span><\/p>\n<\/li>\n<\/ol>\n<p><span style=\"color: #333333;\">\u00a0<\/span><\/p>\n<ol start=\"11\">\n<li>\n<p><span style=\"color: #333333;\"><span style=\"font-family: Raleway, serif;\"><span style=\"font-size: small;\"><b>MODIFICACI\u00d3N DE LAS PRESENTES CONDICIONES Y DURACI\u00d3N<br \/><\/b><\/span><\/span><\/span><span style=\"color: #333333;\"><span style=\"font-family: Raleway, serif;\"><span style=\"font-size: small;\">JOSE OLLERS ALCOVER podr\u00e1 modificar en cualquier momento las condiciones aqu\u00ed determinadas, siendo debidamente publicadas como aqu\u00ed aparecen. La vigencia de las citadas condiciones ir\u00e1 en funci\u00f3n de su exposici\u00f3n y estar\u00e1n vigentes hasta que sean modificadas por otras debidamente publicadas.<\/span><\/span><\/span><\/p>\n<\/li>\n<\/ol>\n<p><span style=\"color: #333333;\">\u00a0<\/span><\/p>\n<ol start=\"12\">\n<li>\n<p><span style=\"color: #333333;\"><span style=\"font-family: Raleway, serif;\"><span style=\"font-size: small;\"><b>LEGISLACI\u00d3N APLICABLE Y JURISDICCI\u00d3N<br \/><\/b><\/span><\/span><\/span><span style=\"color: #333333;\"><span style=\"font-family: Raleway, serif;\"><span style=\"font-size: small;\">La relaci\u00f3n entre JOSE OLLERS ALCOVER y el Usuario se regir\u00e1 por la normativa espa\u00f1ola vigente y cualquier controversia se someter\u00e1 a los Juzgados y Tribunales de la ciudad de Palma de Mallorca.<\/span><\/span><\/span><\/p>\n<\/li>\n<\/ol>\n","protected":false},"excerpt":{"rendered":"<p>DATOS IDENTIFICATIVOSEn cumplimiento con el deber de informaci\u00f3n recogido en el art\u00edculo 10 de la Ley 34\/2002, de 11 de julio, de Servicios de la Sociedad de la Informaci\u00f3n y del Comercio Electr\u00f3nico, a continuaci\u00f3n se reflejan los siguientes datos: La persona titular del dominio web agroturismesonllado.com es JOSE [&hellip;]<\/p>\n","protected":false},"author":1,"featured_media":0,"parent":0,"menu_order":0,"comment_status":"closed","ping_status":"open","template":"","meta":{"footnotes":""},"class_list":["post-2551","page","type-page","status-publish","hentry"],"_links":{"self":[{"href":"https:\/\/agroturismesonllado.com\/es\/wp-json\/wp\/v2\/pages\/2551","targetHints":{"allow":["GET"]}}],"collection":[{"href":"https:\/\/agroturismesonllado.com\/es\/wp-json\/wp\/v2\/pages"}],"about":[{"href":"https:\/\/agroturismesonllado.com\/es\/wp-json\/wp\/v2\/types\/page"}],"author":[{"embeddable":true,"href":"https:\/\/agroturismesonllado.com\/es\/wp-json\/wp\/v2\/users\/1"}],"replies":[{"embeddable":true,"href":"https:\/\/agroturismesonllado.com\/es\/wp-json\/wp\/v2\/comments?post=2551"}],"version-history":[{"count":2,"href":"https:\/\/agroturismesonllado.com\/es\/wp-json\/wp\/v2\/pages\/2551\/revisions"}],"predecessor-version":[{"id":2553,"href":"https:\/\/agroturismesonllado.com\/es\/wp-json\/wp\/v2\/pages\/2551\/revisions\/2553"}],"wp:attachment":[{"href":"https:\/\/agroturismesonllado.com\/es\/wp-json\/wp\/v2\/media?parent=2551"}],"curies":[{"name":"wp","href":"https:\/\/api.w.org\/{rel}","templated":true}]}}