{"id":2532,"date":"2021-05-24T18:20:04","date_gmt":"2021-05-24T18:20:04","guid":{"rendered":"https:\/\/agroturismesonllado.com\/politica-privacidad\/"},"modified":"2021-05-26T22:08:24","modified_gmt":"2021-05-26T22:08:24","slug":"politica-de-privacidad","status":"publish","type":"page","link":"https:\/\/agroturismesonllado.com\/es\/politica-de-privacidad\/","title":{"rendered":"Pol\u00edtica de privacidad"},"content":{"rendered":"<p><strong><span style=\"color: #0563c1;\"><u><a href=\"https:\/\/agroturismesonllado.com\/es\/\" target=\"_top\" rel=\"noopener\"><span style=\"font-family: Raleway, serif;\"><span style=\"font-size: small;\">https:\/\/agroturismesonllado.com<\/span><\/span><\/a><\/u><\/span><span style=\"color: #333333;\"><span style=\"font-family: Raleway, serif;\"><span style=\"font-size: small;\"> es un dominio en Internet propiedad de:<\/span><\/span><\/span><\/strong><\/p>\r\n<p><span style=\"color: #333333;\"><span style=\"font-family: Raleway, serif;\"><span style=\"font-size: small;\">JOSE OLLERS ALCOVER<br \/>43021933L<br \/>POL. 19, PARC. 278, 07630 CAMPOS, BALEARES.<\/span><\/span><\/span><\/p>\r\n<p><span style=\"color: #333333;\"><span style=\"font-family: Raleway, serif;\"><span style=\"font-size: small;\">Conforme a lo dispuesto en el Reglamento (UE) 2016\/679 del Parlamento Europeo y del Consejo de 27 de abril, relativo a la protecci\u00f3n de datos de las personas f\u00edsicas en lo que respecta al tratamiento de datos personales y a la libre circulaci\u00f3n de los mismos y Ley Org\u00e1nica 3\/2018 de Protecci\u00f3n de Datos Personales y garant\u00eda de los derechos digitales detallamos la Pol\u00edtica de Privacidad.<\/span><\/span><\/span><\/p>\r\n<p><span style=\"color: #333333;\"><span style=\"font-family: Raleway, serif;\"><span style=\"font-size: small;\">Nos reservamos la facultad de modificar la presente Pol\u00edtica de Privacidad para adaptarla a las novedades legislativas, jurisprudenciales o de interpretaci\u00f3n de la Agencia Espa\u00f1ola de Protecci\u00f3n de Datos. En este caso, se anunciar\u00e1 dichos cambios, indicando claramente y con la debida antelaci\u00f3n las modificaciones efectuadas, y solicitando, en caso de que sea necesario, la aceptaci\u00f3n de dichos cambios.<\/span><\/span><\/span><\/p>\r\n<p><span style=\"color: #333333;\"><span style=\"font-family: Raleway, serif;\"><span style=\"font-size: small;\">El Usuario se compromete a que todos los datos facilitados por \u00e9l son ciertos y correctos.<\/span><\/span><\/span><\/p>\r\n<p>&nbsp;<\/p>\r\n<p><strong><span style=\"color: #333333;\"><span style=\"font-family: Raleway, serif;\"><span style=\"font-size: small;\">\u00bfQU\u00c9 TIPO DE DATOS VAMOS A UTILIZAR?<\/span><\/span><\/span><\/strong><\/p>\r\n<p><span style=\"color: #333333;\"><span style=\"font-family: Raleway, serif;\"><span style=\"font-size: small;\">Datos de car\u00e1cter identificativo.<\/span><\/span><\/span><\/p>\r\n<p>&nbsp;<\/p>\r\n<p><strong><span style=\"color: #333333;\"><span style=\"font-family: Raleway, serif;\"><span style=\"font-size: small;\">\u00bfCON QU\u00c9 FINALIDADES VAMOS A UTILIZAR LOS DATOS DEL USUARIO?<\/span><\/span><\/span><\/strong><\/p>\r\n<ul>\r\n<li>\r\n<p><span style=\"color: #333333;\"><span style=\"font-family: Raleway, serif;\"><span style=\"font-size: small;\">En el caso de hacer una reserva trataremos los datos recabados de los formularios de venta con el fin de poder prestar el servicio.<\/span><\/span><\/span><\/p>\r\n<\/li>\r\n<li>\r\n<p><span style=\"color: #333333;\"><span style=\"font-family: Raleway, serif;\"><span style=\"font-size: small;\">Para atender las consultas de los Usuarios que se pongan en contacto con nosotros a trav\u00e9s de los formularios de Contacto o Formularios habilitados para ello.<\/span><\/span><\/span><\/p>\r\n<\/li>\r\n<li>\r\n<p><span style=\"color: #333333;\"><span style=\"font-family: Raleway, serif;\"><span style=\"font-size: small;\">Para la gesti\u00f3n fiscal, contable y administrativa con el fin de poder gestionar el servicio que el Usuario que solicita y las obligaciones legales correspondientes que por el servicio prestado dan lugar.\u00a0<\/span><\/span><\/span><\/p>\r\n<\/li>\r\n<li>\r\n<p><span style=\"color: #333333;\"><span style=\"font-family: Raleway, serif;\"><span style=\"font-size: small;\">Al remitirnos el CV para procesos de selecci\u00f3n de personal.<\/span><\/span><\/span><\/p>\r\n<\/li>\r\n<li>\r\n<p><span style=\"color: #333333;\"><span style=\"font-family: Raleway, serif;\"><span style=\"font-size: small;\">Si el Usuario acepta las cookies se recoger\u00e1n los datos como direcci\u00f3n IP, geolocalizaci\u00f3n, registro de utilizaci\u00f3n del servicio, sitios y h\u00e1bitos, con el fin de mejorar la calidad del servicio\/producto y con finalidad estad\u00edstica.<\/span><\/span><\/span><\/p>\r\n<\/li>\r\n<li>\r\n<p><span style=\"color: #333333;\"><span style=\"font-family: Raleway, serif;\"><span style=\"font-size: small;\">En el caso de Usuarios con los que exista una relaci\u00f3n contractual, podemos enviar comunicaciones comerciales publicitarias relacionadas con los productos o servicios similares a los que fueron inicialmente contratados por e-mail, fax, SMS, MMS, comunidades sociales u otro medio electr\u00f3nico o f\u00edsico.<\/span><\/span><\/span><\/p>\r\n<\/li>\r\n<\/ul>\r\n<p><span style=\"color: #333333;\">\u00a0<\/span><\/p>\r\n<p><strong><span style=\"color: #333333;\"><span style=\"font-family: Raleway, serif;\"><span style=\"font-size: small;\">\u00bfCU\u00c1LES SON LAS BASES LEG\u00cdTIMAS PARA EL TRATAMIENTO?<\/span><\/span><\/span><\/strong><\/p>\r\n<p><span style=\"color: #333333;\"><span style=\"font-family: Raleway, serif;\"><span style=\"font-size: small;\">Podemos tratar los datos personales del Usuario debido a un inter\u00e9s leg\u00edtimo, respecto al servicio que prestamos y al env\u00edo de comunicaciones comerciales personalizadas o newsletters, tanto por medios ordinarios como electr\u00f3nicos, relativas a nuestros servicios.\u00a0<\/span><\/span><\/span><\/p>\r\n<p><span style=\"color: #333333;\"><span style=\"font-family: Raleway, serif;\"><span style=\"font-size: small;\">Cuando la base del tratamiento sea el consentimiento, solicitaremos la aceptaci\u00f3n como base leg\u00edtima para utilizar los datos. Teniendo en cuenta que el Usuario podr\u00e1 revocarlo en cualquier momento envi\u00e1ndonos un mensaje a <\/span><\/span><\/span><span style=\"color: #0563c1;\"><u><a href=\"mailto:pep@agroturismesonllado.com\" target=\"_top\" rel=\"noopener\"><span style=\"font-family: Raleway, serif;\"><span style=\"font-size: small;\">pep@agroturismesonllado.com<\/span><\/span><\/a><\/u><\/span><span style=\"color: #333333;\"><span style=\"font-family: Raleway, serif;\"><span style=\"font-size: small;\"> \u00a0\u00a0\u00a0<\/span><\/span><\/span><\/p>\r\n<p><span style=\"color: #333333;\">\u00a0<\/span><\/p>\r\n<p><strong><span style=\"color: #333333;\"><span style=\"font-family: Raleway, serif;\"><span style=\"font-size: small;\">\u00bfCU\u00c1NTO TIEMPO VAMOS A CONSERVAR LOS DATOS DEL USUARIO?<\/span><\/span><\/span><\/strong><\/p>\r\n<p><span style=\"color: #333333;\"><span style=\"font-family: Raleway, serif;\"><span style=\"font-size: small;\">Mantendremos los datos personales del Usuario en nuestros sistemas de informaci\u00f3n mientras sean necesarios, contin\u00fae la relaci\u00f3n como cliente y para dar cumplimiento a obligaciones legales.<\/span><\/span><\/span><\/p>\r\n<p><span style=\"color: #333333;\">\u00a0<\/span><\/p>\r\n<p><strong><span style=\"color: #333333;\"><span style=\"font-family: Raleway, serif;\"><span style=\"font-size: small;\">\u00bfA QUI\u00c9N PODEMOS COMUNICAR LOS DATOS DEL USUARIO?<\/span><\/span><\/span><\/strong><\/p>\r\n<p><span style=\"color: #333333;\"><span style=\"font-family: Raleway, serif;\"><span style=\"font-size: small;\">Los datos del Usuario no se ceder\u00e1n a terceros salvo en los casos en que exista una obligaci\u00f3n legal, nos autorice expresamente para ello y\/o cuando sea necesario para cumplir con el contrato acordado para prestar nuestros servicios.<\/span><\/span><\/span><\/p>\r\n<p><span style=\"color: #333333;\"><span style=\"font-family: Raleway, serif;\"><span style=\"font-size: small;\">Para poder gestionar los servicios y\/o productos que nos solicite, en algunos casos, ser\u00e1 necesario ceder los datos a empresas del mismo grupo y\/o prestadores de servicios, con fines administrativos, almacenamiento o para dar soporte a la comunicaci\u00f3n.<\/span><\/span><\/span><\/p>\r\n<p><span style=\"color: #333333;\"><span style=\"font-family: Raleway, serif;\"><span style=\"font-size: small;\">No est\u00e1n previstas las transferencias de datos fuera de la Uni\u00f3n Europea, excepto en los casos que el Usuario nos autorice expresamente para gestionar el servicio que ofrecemos.<\/span><\/span><\/span><\/p>\r\n<p><span style=\"color: #333333;\">\u00a0<\/span><\/p>\r\n<p><strong><span style=\"color: #333333;\"><span style=\"font-family: Raleway, serif;\"><span style=\"font-size: small;\">\u00bfC\u00d3MO PUEDE EL USUARIO EJERCER SUS DERECHOS?<\/span><\/span><\/span><\/strong><\/p>\r\n<p><span style=\"color: #333333;\"><span style=\"font-family: Raleway, serif;\"><span style=\"font-size: small;\">El Usuario Puede ejercer sus derechos de acceso, rectificaci\u00f3n, oposici\u00f3n y supresi\u00f3n de sus datos, as\u00ed como solicitar la limitaci\u00f3n y la portabilidad de los mismos al siguiente mail:\u00a0<\/span><\/span><\/span><span style=\"color: #0563c1;\"><u><a href=\"mailto:pep@agroturismesonllado.com\" target=\"_top\" rel=\"noopener\"><span style=\"font-family: Raleway, serif;\"><span style=\"font-size: small;\">pep@agroturismesonllado.com<\/span><\/span><\/a><\/u><\/span><span style=\"color: #333333;\"><span style=\"font-family: Raleway, serif;\"><span style=\"font-size: small;\"> \u00a0\u00a0<\/span><\/span><\/span><\/p>\r\n<p><span style=\"color: #333333;\"><span style=\"font-family: Raleway, serif;\"><span style=\"font-size: small;\">En los siguientes casos:<\/span><\/span><\/span><\/p>\r\n<ul>\r\n<li>\r\n<p><span style=\"color: #333333;\"><span style=\"font-family: Raleway, serif;\"><span style=\"font-size: small;\">Para rectificar los datos inexactos o, en su caso, solicitar su supresi\u00f3n (derecho al olvido) cuando, por ejemplo, haya retirado su consentimiento. En ese caso, \u00fanicamente los conservaremos para el ejercicio o la defensa de reclamaciones y\/o para el cumplimiento de una obligaci\u00f3n legal.<\/span><\/span><\/span><\/p>\r\n<\/li>\r\n<li>\r\n<p><span style=\"color: #333333;\"><span style=\"font-family: Raleway, serif;\"><span style=\"font-size: small;\">Para solicitar la limitaci\u00f3n del tratamiento de los datos cuando, por ejemplo, los datos ya no sean necesarios para los fines que fueron recogidos.<\/span><\/span><\/span><\/p>\r\n<\/li>\r\n<li>\r\n<p><span style=\"color: #333333;\"><span style=\"font-family: Raleway, serif;\"><span style=\"font-size: small;\">Para solicitar la portabilidad de los datos del Usuario en un formato automatizado que permita su copia, traslado y transmisi\u00f3n, cuando el tratamiento se efect\u00fae por medios automatizados.<\/span><\/span><\/span><\/p>\r\n<\/li>\r\n<li>\r\n<p><span style=\"color: #333333;\"><span style=\"font-family: Raleway, serif;\"><span style=\"font-size: small;\">Adem\u00e1s podr\u00e1 reclamar ante la Autoridad de Control (Agencia Espa\u00f1ola de Protecci\u00f3n de Datos\u00a0<\/span><\/span><\/span><a href=\"http:\/\/www.agpd.es\/\" target=\"_top\" rel=\"noopener\"><span style=\"color: #dc7b13;\"><span style=\"font-family: Raleway, serif;\"><span style=\"font-size: small;\"><u>www.agpd.es<\/u><\/span><\/span><\/span><\/a><span style=\"color: #333333;\"><span style=\"font-family: Raleway, serif;\"><span style=\"font-size: small;\">\u00a0)<\/span><\/span><\/span><\/p>\r\n<\/li>\r\n<\/ul>\r\n<p><span style=\"color: #333333;\">\u00a0<\/span><\/p>\r\n<p><strong><span style=\"color: #333333;\">\u00a0<span style=\"font-family: Raleway, serif;\"><span style=\"font-size: small;\">\u00bfQU\u00c9 TIPO DE DATOS SON PRESCINDIBLES?<\/span><\/span><\/span><\/strong><\/p>\r\n<p><span style=\"color: #333333;\"><span style=\"font-family: Raleway, serif;\"><span style=\"font-size: small;\">Se comunicar\u00e1 el car\u00e1cter no obligatorio en los formularios que haya en la web, con respecto a la recogida de algunos datos, salvo en los campos que se indique lo contrario mediante un (*). \u00a0La no cumplimentaci\u00f3n de dichos datos podr\u00e1 impedir prestar todos aquellos servicios vinculados a tales datos, liber\u00e1ndonos de toda responsabilidad por la no prestaci\u00f3n o prestaci\u00f3n incompleta de estos servicios.<\/span><\/span><\/span><\/p>\r\n","protected":false},"excerpt":{"rendered":"<p>https:\/\/agroturismesonllado.com es un dominio en Internet propiedad de: JOSE OLLERS ALCOVER43021933LPOL. 19, PARC. 278, 07630 CAMPOS, BALEARES. Conforme a lo dispuesto en el Reglamento (UE) 2016\/679 del Parlamento Europeo y del Consejo de 27 de abril, relativo a la protecci\u00f3n de datos de las personas f\u00edsicas en lo que [&hellip;]<\/p>\n","protected":false},"author":1,"featured_media":0,"parent":0,"menu_order":0,"comment_status":"closed","ping_status":"open","template":"","meta":{"footnotes":""},"class_list":["post-2532","page","type-page","status-publish","hentry"],"_links":{"self":[{"href":"https:\/\/agroturismesonllado.com\/es\/wp-json\/wp\/v2\/pages\/2532","targetHints":{"allow":["GET"]}}],"collection":[{"href":"https:\/\/agroturismesonllado.com\/es\/wp-json\/wp\/v2\/pages"}],"about":[{"href":"https:\/\/agroturismesonllado.com\/es\/wp-json\/wp\/v2\/types\/page"}],"author":[{"embeddable":true,"href":"https:\/\/agroturismesonllado.com\/es\/wp-json\/wp\/v2\/users\/1"}],"replies":[{"embeddable":true,"href":"https:\/\/agroturismesonllado.com\/es\/wp-json\/wp\/v2\/comments?post=2532"}],"version-history":[{"count":3,"href":"https:\/\/agroturismesonllado.com\/es\/wp-json\/wp\/v2\/pages\/2532\/revisions"}],"predecessor-version":[{"id":2539,"href":"https:\/\/agroturismesonllado.com\/es\/wp-json\/wp\/v2\/pages\/2532\/revisions\/2539"}],"wp:attachment":[{"href":"https:\/\/agroturismesonllado.com\/es\/wp-json\/wp\/v2\/media?parent=2532"}],"curies":[{"name":"wp","href":"https:\/\/api.w.org\/{rel}","templated":true}]}}