{"id":528,"date":"2018-06-16T10:40:14","date_gmt":"2018-06-16T10:40:14","guid":{"rendered":"http:\/\/www.agroturismesonllado.com\/home\/"},"modified":"2025-06-15T12:38:47","modified_gmt":"2025-06-15T10:38:47","slug":"home","status":"publish","type":"page","link":"https:\/\/agroturismesonllado.com\/en\/","title":{"rendered":"Home"},"content":{"rendered":"<p><div class=\"fusion-fullwidth fullwidth-box fusion-builder-row-1 nonhundred-percent-fullwidth non-hundred-percent-height-scrolling\" style=\"--awb-border-radius-top-left:0px;--awb-border-radius-top-right:0px;--awb-border-radius-bottom-right:0px;--awb-border-radius-bottom-left:0px;--awb-flex-wrap:wrap;\" ><div class=\"fusion-builder-row fusion-row\"><div class=\"fusion-layout-column fusion_builder_column fusion-builder-column-0 fusion_builder_column_1_1 1_1 fusion-one-full fusion-column-first fusion-column-last fusion-no-large-visibility\" style=\"--awb-bg-size:cover;\"><div class=\"fusion-column-wrapper fusion-flex-column-wrapper-legacy\"><div class=\"fusion-column-content-centered\"><div class=\"fusion-column-content\"><\/div><\/div><div class=\"fusion-clearfix\"><\/div><\/div><\/div><\/div><\/div><div class=\"fusion-fullwidth fullwidth-box fusion-builder-row-2 nonhundred-percent-fullwidth non-hundred-percent-height-scrolling\" style=\"--awb-border-radius-top-left:0px;--awb-border-radius-top-right:0px;--awb-border-radius-bottom-right:0px;--awb-border-radius-bottom-left:0px;--awb-flex-wrap:wrap;\" ><div class=\"fusion-builder-row fusion-row\"><div class=\"fusion-layout-column fusion_builder_column fusion-builder-column-1 fusion_builder_column_1_2 1_2 fusion-one-half fusion-column-first\" style=\"--awb-bg-size:cover;width:50%;width:calc(50% - ( ( 4% ) * 0.5 ) );margin-right: 4%;\"><div class=\"fusion-column-wrapper fusion-flex-column-wrapper-legacy\"><div class=\"fusion-text fusion-text-1\"><h2 style=\"text-align: left;\"><em><strong><span style=\"font-size: 18pt; color: #ff0000;\">25 years of love and hospitality <\/span><span style=\"font-size: 18pt; color: #000080;\">(2000-2025)<\/span><\/strong><\/em><\/h2>\n<h2 style=\"text-align: left;\"><!--more--><\/h2>\n<\/div><div class=\"fusion-text fusion-text-2\"><p><strong>AUTHENTIC:<\/strong> Son Llad\u00f3 is an authentic Majorcan <em>possessi\u00f3<\/em> (manor farm) of the seventeenth century, restored and enabled as agrotourism. Here you will find tranquility, nature and comfort. The intimate and rural environment invites you to connect with the essence of the island, with the land, the animals, the sea and the mountains.<br \/>\n<!--more--><\/p>\n<\/div><div class=\"fusion-text fusion-text-3\"><p><strong>FAMILIAR<\/strong>: We are Pep and Maria, Majorcan lovers and ready to make you feel at home.<\/p>\n<p><strong>ECOLOGICAL:<\/strong> We develop the agricultural and livestock activities of the farm following ecological practices.<\/p>\n<\/div><div class=\"fusion-text fusion-text-4\"><p><strong>COMMITTED:<\/strong> We wish the maximum comfort \u00a0for our guests, but at the same time we are aware of the need and importance to collaborate in the protection of the environment trough a policy of sustainable development.<\/p>\n<p><span style=\"color: #993300;\"><strong>INTERNET<\/strong>: We offer free high speed WiFi with 300MB\/sec!<\/span><\/p>\n<\/div><div class=\"fusion-clearfix\"><\/div><\/div><\/div><div class=\"fusion-layout-column fusion_builder_column fusion-builder-column-2 fusion_builder_column_1_2 1_2 fusion-one-half fusion-column-last\" style=\"--awb-bg-size:cover;width:50%;width:calc(50% - ( ( 4% ) * 0.5 ) );\"><div class=\"fusion-column-wrapper fusion-flex-column-wrapper-legacy\"><div class=\"fusion-video fusion-youtube\" style=\"--awb-max-width:600px;--awb-max-height:360px;\"><div class=\"video-shortcode\"><div class=\"fluid-width-video-wrapper\" style=\"padding-top:60%;\" ><iframe title=\"YouTube video player 1\" src=\"https:\/\/www.youtube.com\/embed\/wDLBvhVHt9E?wmode=transparent&autoplay=0\" width=\"600\" height=\"360\" allowfullscreen allow=\"autoplay; fullscreen\"><\/iframe><\/div><\/div><\/div><div class=\"fusion-text fusion-text-5\"><p><span style=\"color: #ffffff;\">\u00b7<\/span><\/p>\n<\/div><div class=\"fusion-clearfix\"><\/div><\/div><\/div><\/div><\/div><div class=\"fusion-fullwidth fullwidth-box fusion-builder-row-3 nonhundred-percent-fullwidth non-hundred-percent-height-scrolling fusion-equal-height-columns\" style=\"--awb-border-radius-top-left:0px;--awb-border-radius-top-right:0px;--awb-border-radius-bottom-right:0px;--awb-border-radius-bottom-left:0px;--awb-flex-wrap:wrap;\" ><div class=\"fusion-builder-row fusion-row\"><div class=\"fusion-layout-column fusion_builder_column fusion-builder-column-3 fusion_builder_column_2_5 2_5 fusion-two-fifth fusion-column-first\" style=\"--awb-bg-size:cover;width:40%;width:calc(40% - ( ( 4% + 4% ) * 0.4 ) );margin-right: 4%;\"><div class=\"fusion-column-wrapper fusion-flex-column-wrapper-legacy\"><div class=\"fusion-text fusion-text-6\"><h3><strong>Virtual 360\u00ba Tour:<\/strong><\/h3>\n<iframe style=\"border: 0;\" tabindex=\"0\" src=\"https:\/\/www.google.com\/maps\/embed?pb=!4v1594820617885!6m8!1m7!1sCAoSLEFGMVFpcE9ldVdTVzdvRk1INHQzSmYxbHBkVUotcGtycUlSZmh4c01vRlQt!2m2!1d39.40073514544785!2d3.008689370001285!3f251.5985236089412!4f-1.2284308341717747!5f0.7820865974627469\" width=\"600\" height=\"450\" frameborder=\"0\" allowfullscreen=\"allowfullscreen\" aria-hidden=\"false\"><\/iframe>\n<\/div><div class=\"fusion-clearfix\"><\/div><\/div><\/div><div class=\"fusion-layout-column fusion_builder_column fusion-builder-column-4 fusion_builder_column_1_5 1_5 fusion-one-fifth\" style=\"--awb-bg-size:cover;width:20%;width:calc(20% - ( ( 4% + 4% ) * 0.2 ) );margin-right: 4%;\"><div class=\"fusion-column-wrapper fusion-flex-column-wrapper-legacy\"><div class=\"fusion-clearfix\"><\/div><\/div><\/div><div class=\"fusion-layout-column fusion_builder_column fusion-builder-column-5 fusion_builder_column_2_5 2_5 fusion-two-fifth fusion-column-last\" style=\"--awb-bg-size:cover;width:40%;width:calc(40% - ( ( 4% + 4% ) * 0.4 ) );\"><div class=\"fusion-column-wrapper fusion-flex-column-wrapper-legacy\"><div class=\"fusion-text fusion-text-7\"><h3><strong>Map:<\/strong><\/h3>\n<h3><iframe style=\"border: 0;\" src=\"https:\/\/www.google.com\/maps\/embed?pb=!1m18!1m12!1m3!1d13970.12261976366!2d3.0011021676663097!3d39.40011367949631!2m3!1f0!2f0!3f0!3m2!1i1024!2i768!4f13.1!3m3!1m2!1s0x1297ae842cd3c463%3A0x7e63339727604439!2sAgroturisme%20Son%20Llado!5e1!3m2!1ses!2ses!4v1622213630657!5m2!1ses!2ses\" width=\"100%\" height=\"450\" allowfullscreen=\"allowfullscreen\"><\/iframe><\/h3>\n<\/div><div class=\"fusion-clearfix\"><\/div><\/div><\/div><\/div><\/div><div class=\"fusion-fullwidth fullwidth-box fusion-builder-row-4 nonhundred-percent-fullwidth non-hundred-percent-height-scrolling\" style=\"--awb-border-radius-top-left:0px;--awb-border-radius-top-right:0px;--awb-border-radius-bottom-right:0px;--awb-border-radius-bottom-left:0px;--awb-padding-top:20px;--awb-flex-wrap:wrap;\" ><div class=\"fusion-builder-row fusion-row\"><div class=\"fusion-layout-column fusion_builder_column fusion-builder-column-6 fusion_builder_column_1_1 1_1 fusion-one-full fusion-column-first fusion-column-last\" style=\"--awb-bg-size:cover;\"><div class=\"fusion-column-wrapper fusion-flex-column-wrapper-legacy\"><div class=\"fusion-text fusion-text-8\"><h3>We present you an authentic Majorcan manor. Its buildings date back to the XVII century. Since the year 2000, in addition to the agricultural and cattle raisingactivities, there are various apartments farm houses for tourist use available.<\/h3>\n<h3>Looking at the different headings of our site and social media you will discover <strong>charming accommodations<\/strong> set in a privileged hideaway, a holiday philosophy with aaded value and a <strong>local family<\/strong> attentive to your every need, who will make sure, that your visit to <strong>Majorca<\/strong> and your stay in the <strong>Finca Son Llad\u00f3<\/strong> will become an unforgettable experience.<\/h3>\n<\/div><div class=\"fusion-text fusion-text-9\"><h3>Besides collaborating in the protection of the <strong>environment<\/strong>, through the implementation of <strong>sustainable development policies<\/strong> in the tourism aspect, we work the land with <strong>agro-ecological methods<\/strong>, the farm being certified by the <strong>CBPAE<\/strong> <em>(Consell Balear de la Producci\u00f3 Agr\u00e0ria Ecol\u00f2gica)<\/em>. Also the animals of <strong>autochthonous race<\/strong> have an outstanding presence in our farm..<\/h3>\n<\/div><div class=\"fusion-clearfix\"><\/div><\/div><\/div><\/div><\/div><div class=\"fusion-fullwidth fullwidth-box fusion-builder-row-5 nonhundred-percent-fullwidth non-hundred-percent-height-scrolling\" style=\"--awb-border-radius-top-left:0px;--awb-border-radius-top-right:0px;--awb-border-radius-bottom-right:0px;--awb-border-radius-bottom-left:0px;--awb-padding-top:25px;--awb-flex-wrap:wrap;\" ><div class=\"fusion-builder-row fusion-row\"><div class=\"fusion-layout-column fusion_builder_column fusion-builder-column-7 fusion_builder_column_1_4 1_4 fusion-one-fourth fusion-column-first\" style=\"--awb-bg-size:cover;width:25%;width:calc(25% - ( ( 4% + 4% + 4% ) * 0.25 ) );margin-right: 4%;\"><div class=\"fusion-column-wrapper fusion-flex-column-wrapper-legacy\"><div class=\"fusion-fa-align-center\"><i class=\"fb-icon-element-1 fb-icon-element fontawesome-icon fa-leaf fas circle-no\" style=\"--awb-iconcolor:#8bc34a;--awb-iconcolor-hover:#8bc34a;--awb-font-size:50px;--awb-margin-bottom:20px;\"><\/i><\/div><div class=\"fusion-text fusion-text-10\"><p><strong>SOLAR ENERGY<\/strong>. We have solar thermal energy with which we generate sanitary hot water. And photovoltaic solar energy that we apply to save electricity consumption in the tourist complex and agricultural facilities.<\/p>\n<\/div><div class=\"fusion-clearfix\"><\/div><\/div><\/div><div class=\"fusion-layout-column fusion_builder_column fusion-builder-column-8 fusion_builder_column_1_4 1_4 fusion-one-fourth\" style=\"--awb-bg-size:cover;width:25%;width:calc(25% - ( ( 4% + 4% + 4% ) * 0.25 ) );margin-right: 4%;\"><div class=\"fusion-column-wrapper fusion-flex-column-wrapper-legacy\"><div class=\"fusion-fa-align-center\"><i class=\"fb-icon-element-2 fb-icon-element fontawesome-icon fa-cloud fas circle-no\" style=\"--awb-iconcolor:#8bc34a;--awb-iconcolor-hover:#8bc34a;--awb-font-size:50px;--awb-margin-bottom:20px;\"><\/i><\/div><div class=\"fusion-text fusion-text-11\"><p><strong>RAIN WATER.<\/strong> The recovery of <strong>rainwater<\/strong> is essential in our region, where rainfall levels are <strong>semi-desert<\/strong> (200-300 mm \/ year) and well water is <strong>salinized<\/strong>. Through a reservoir and a system of pipelines and pumping we collect rainwater from the roofs and terraces of the farm. Stored in the pond, in<strong> summer<\/strong> we have enough water for watering the garden, the trees, as well as cleaning the cars and terraces.<\/p>\n<\/div><div class=\"fusion-clearfix\"><\/div><\/div><\/div><div class=\"fusion-layout-column fusion_builder_column fusion-builder-column-9 fusion_builder_column_1_4 1_4 fusion-one-fourth\" style=\"--awb-bg-size:cover;width:25%;width:calc(25% - ( ( 4% + 4% + 4% ) * 0.25 ) );margin-right: 4%;\"><div class=\"fusion-column-wrapper fusion-flex-column-wrapper-legacy\"><div class=\"fusion-fa-align-center\"><i class=\"fb-icon-element-3 fb-icon-element fontawesome-icon fa-recycle fas circle-no\" style=\"--awb-iconcolor:#8bc34a;--awb-iconcolor-hover:#8bc34a;--awb-font-size:50px;--awb-margin-bottom:20px;\"><\/i><\/div><div class=\"fusion-text fusion-text-12\"><p><strong>RECYCLING<\/strong>. We collect personally all the <strong>glass, plastic, paper and cardboard<\/strong> generated by our guests and that they have previously selected from the rest of manure. Along with the recyclable materials that we generate ourselves, <strong>we deposit<\/strong> them to the points of collection or <strong>green points<\/strong> enabled in Campos.<\/p>\n<\/div><div class=\"fusion-clearfix\"><\/div><\/div><\/div><div class=\"fusion-layout-column fusion_builder_column fusion-builder-column-10 fusion_builder_column_1_4 1_4 fusion-one-fourth fusion-column-last\" style=\"--awb-bg-size:cover;width:25%;width:calc(25% - ( ( 4% + 4% + 4% ) * 0.25 ) );\"><div class=\"fusion-column-wrapper fusion-flex-column-wrapper-legacy\"><div class=\"fusion-fa-align-center\"><i class=\"fb-icon-element-4 fb-icon-element fontawesome-icon fa-filter fas circle-no\" style=\"--awb-iconcolor:#8bc34a;--awb-iconcolor-hover:#8bc34a;--awb-font-size:50px;--awb-margin-bottom:20px;\"><\/i><\/div><div class=\"fusion-text fusion-text-13\"><p><span class=\"Apple-style-span\"><strong>BIOLOGICAL WATER PURIFIER.<\/strong> With the implementation of a wastewater treatment system, with a <strong>green filter<\/strong> (reed bed system), we managed to <strong>stop<\/strong> infiltrating gray water to the subsoil by <strong>reusing<\/strong> this <strong>water<\/strong>. With this system we provide water and organic matter to our land as well as having an extra <strong>biomass<\/strong> that can be used in livestock feed or as a vegetable cover in the garden.<\/span><\/p>\n<\/div><div class=\"fusion-clearfix\"><\/div><\/div><\/div><\/div><\/div><div class=\"fusion-fullwidth fullwidth-box fusion-builder-row-6 nonhundred-percent-fullwidth non-hundred-percent-height-scrolling\" style=\"--awb-border-radius-top-left:0px;--awb-border-radius-top-right:0px;--awb-border-radius-bottom-right:0px;--awb-border-radius-bottom-left:0px;--awb-padding-top:25px;--awb-flex-wrap:wrap;\" ><div class=\"fusion-builder-row fusion-row\"><div class=\"fusion-layout-column fusion_builder_column fusion-builder-column-11 fusion_builder_column_1_5 1_5 fusion-one-fifth fusion-column-first\" style=\"--awb-bg-size:cover;width:20%;width:calc(20% - ( ( 4% ) * 0.2 ) );margin-right: 4%;\"><div class=\"fusion-column-wrapper fusion-flex-column-wrapper-legacy\"><div class=\"fusion-text fusion-text-14\"><p><img decoding=\"async\" class=\"alignnone size-full wp-image-3288\" src=\"https:\/\/agroturismesonllado.com\/wp-content\/uploads\/2022\/03\/autosroig.jpg\" alt=\"Autos Roig\" width=\"500\" height=\"152\" srcset=\"https:\/\/agroturismesonllado.com\/wp-content\/uploads\/2022\/03\/autosroig-200x61.jpg 200w, https:\/\/agroturismesonllado.com\/wp-content\/uploads\/2022\/03\/autosroig-300x91.jpg 300w, https:\/\/agroturismesonllado.com\/wp-content\/uploads\/2022\/03\/autosroig-400x122.jpg 400w, https:\/\/agroturismesonllado.com\/wp-content\/uploads\/2022\/03\/autosroig.jpg 500w\" sizes=\"(max-width: 500px) 100vw, 500px\" \/><\/p>\n<\/div><div class=\"fusion-clearfix\"><\/div><\/div><\/div><div class=\"fusion-layout-column fusion_builder_column fusion-builder-column-12 fusion_builder_column_4_5 4_5 fusion-four-fifth fusion-column-last\" style=\"--awb-bg-size:cover;width:80%;width:calc(80% - ( ( 4% ) * 0.8 ) );\"><div class=\"fusion-column-wrapper fusion-flex-column-wrapper-legacy\"><div class=\"fusion-text fusion-text-15\"><h3><span style=\"color: #800000;\">The best rental car and transfer offers in Majorca with <em>ROIG<\/em><\/span> <span style=\"color: #008000;\">&#8211;&gt;<\/span> <strong><a href=\"https:\/\/booking.roig.com\/en\/?partnerID=137469\" target=\"_blank\" rel=\"noopener\">Rates &amp; Bookings<\/a><\/strong><\/h3>\n<\/div><div class=\"fusion-clearfix\"><\/div><\/div><\/div><\/div><\/div><div class=\"fusion-fullwidth fullwidth-box fusion-builder-row-7 nonhundred-percent-fullwidth non-hundred-percent-height-scrolling\" style=\"--awb-border-radius-top-left:0px;--awb-border-radius-top-right:0px;--awb-border-radius-bottom-right:0px;--awb-border-radius-bottom-left:0px;--awb-padding-top:25px;--awb-flex-wrap:wrap;\" ><div class=\"fusion-builder-row fusion-row\"><div class=\"fusion-layout-column fusion_builder_column fusion-builder-column-13 fusion_builder_column_1_1 1_1 fusion-one-full fusion-column-first fusion-column-last\" style=\"--awb-bg-size:cover;\"><div class=\"fusion-column-wrapper fusion-flex-column-wrapper-legacy\"><div class=\"fusion-text fusion-text-16\"><h3><strong>25 years of love and hospitality (2000-2025):<\/strong><\/h3>\n<\/div><div class=\"fusion-text fusion-text-17\"><div style=\"width: 1100px;\" class=\"wp-video\"><video class=\"wp-video-shortcode\" id=\"video-528-1\" width=\"1100\" height=\"619\" preload=\"metadata\" controls=\"controls\"><source type=\"video\/mp4\" src=\"https:\/\/agroturismesonllado.com\/wp-content\/uploads\/2025\/06\/SON-LLADO-ENGLISH-SUBTITLES1.mp4?_=1\" \/><a href=\"https:\/\/agroturismesonllado.com\/wp-content\/uploads\/2025\/06\/SON-LLADO-ENGLISH-SUBTITLES1.mp4\">https:\/\/agroturismesonllado.com\/wp-content\/uploads\/2025\/06\/SON-LLADO-ENGLISH-SUBTITLES1.mp4<\/a><\/video><\/div>\n<\/div><div class=\"fusion-clearfix\"><\/div><\/div><\/div><\/div><\/div><\/p>\n","protected":false},"excerpt":{"rendered":"<p>25 years of love and hospitality (2000-2025)<\/p>\n","protected":false},"author":1,"featured_media":0,"parent":0,"menu_order":0,"comment_status":"closed","ping_status":"closed","template":"","meta":{"footnotes":""},"class_list":["post-528","page","type-page","status-publish","hentry"],"_links":{"self":[{"href":"https:\/\/agroturismesonllado.com\/en\/wp-json\/wp\/v2\/pages\/528","targetHints":{"allow":["GET"]}}],"collection":[{"href":"https:\/\/agroturismesonllado.com\/en\/wp-json\/wp\/v2\/pages"}],"about":[{"href":"https:\/\/agroturismesonllado.com\/en\/wp-json\/wp\/v2\/types\/page"}],"author":[{"embeddable":true,"href":"https:\/\/agroturismesonllado.com\/en\/wp-json\/wp\/v2\/users\/1"}],"replies":[{"embeddable":true,"href":"https:\/\/agroturismesonllado.com\/en\/wp-json\/wp\/v2\/comments?post=528"}],"version-history":[{"count":14,"href":"https:\/\/agroturismesonllado.com\/en\/wp-json\/wp\/v2\/pages\/528\/revisions"}],"predecessor-version":[{"id":3431,"href":"https:\/\/agroturismesonllado.com\/en\/wp-json\/wp\/v2\/pages\/528\/revisions\/3431"}],"wp:attachment":[{"href":"https:\/\/agroturismesonllado.com\/en\/wp-json\/wp\/v2\/media?parent=528"}],"curies":[{"name":"wp","href":"https:\/\/api.w.org\/{rel}","templated":true}]}}