{"id":536,"date":"2018-02-11T22:05:03","date_gmt":"2018-02-11T22:05:03","guid":{"rendered":"http:\/\/www.agroturismesonllado.com\/sobre-la-finca\/"},"modified":"2021-05-25T23:06:56","modified_gmt":"2021-05-25T23:06:56","slug":"uber-das-eigentum","status":"publish","type":"page","link":"https:\/\/agroturismesonllado.com\/de\/uber-das-eigentum\/","title":{"rendered":"\u00dcber die Finca"},"content":{"rendered":"<p><div class=\"fusion-fullwidth fullwidth-box fusion-builder-row-1 nonhundred-percent-fullwidth non-hundred-percent-height-scrolling\" style=\"--awb-border-radius-top-left:0px;--awb-border-radius-top-right:0px;--awb-border-radius-bottom-right:0px;--awb-border-radius-bottom-left:0px;--awb-flex-wrap:wrap;\" ><div class=\"fusion-builder-row fusion-row\"><div class=\"fusion-layout-column fusion_builder_column fusion-builder-column-0 fusion_builder_column_1_1 1_1 fusion-one-full fusion-column-first fusion-column-last\" style=\"--awb-bg-size:cover;\"><div class=\"fusion-column-wrapper fusion-flex-column-wrapper-legacy\"><div class=\"fusion-title title fusion-title-1 fusion-sep-none fusion-title-text fusion-title-size-one\"><h1 class=\"fusion-title-heading title-heading-left\" style=\"margin:0;\"><strong>In Son Llad\u00f3 wird es Ihnen nicht langweilig. Wir bieten Ihnen verschiedene Aktivit\u00e4ten und Dienstleistungen an, damit Sie und Ihre Familie Ihren Urlaub genie\u00dfen k\u00f6nnen.<\/strong><\/h1><\/div><div class=\"fusion-clearfix\"><\/div><\/div><\/div><\/div><\/div><div class=\"fusion-fullwidth fullwidth-box fusion-builder-row-2 nonhundred-percent-fullwidth non-hundred-percent-height-scrolling\" style=\"--awb-border-radius-top-left:0px;--awb-border-radius-top-right:0px;--awb-border-radius-bottom-right:0px;--awb-border-radius-bottom-left:0px;--awb-flex-wrap:wrap;\" ><div class=\"fusion-builder-row fusion-row\"><div class=\"fusion-layout-column fusion_builder_column fusion-builder-column-1 fusion_builder_column_1_4 1_4 fusion-one-fourth fusion-column-first\" style=\"--awb-bg-size:cover;width:25%;width:calc(25% - ( ( 4% + 4% + 4% ) * 0.25 ) );margin-right: 4%;\"><div class=\"fusion-column-wrapper fusion-flex-column-wrapper-legacy\"><div class=\"fusion-image-element in-legacy-container\" style=\"--awb-caption-title-font-family:var(--h2_typography-font-family);--awb-caption-title-font-weight:var(--h2_typography-font-weight);--awb-caption-title-font-style:var(--h2_typography-font-style);--awb-caption-title-size:var(--h2_typography-font-size);--awb-caption-title-transform:var(--h2_typography-text-transform);--awb-caption-title-line-height:var(--h2_typography-line-height);--awb-caption-title-letter-spacing:var(--h2_typography-letter-spacing);\"><span class=\" fusion-imageframe imageframe-none imageframe-1 hover-type-zoomin\" style=\"border:5px solid #f6f6f6;\"><img decoding=\"async\" width=\"300\" height=\"188\" title=\"piscina\" src=\"https:\/\/agroturismesonllado.com\/wp-content\/uploads\/2018\/05\/piscina-1-300x188.jpeg\" alt class=\"img-responsive wp-image-2312\" srcset=\"https:\/\/agroturismesonllado.com\/wp-content\/uploads\/2018\/05\/piscina-1-300x188.jpeg 300w, https:\/\/agroturismesonllado.com\/wp-content\/uploads\/2018\/05\/piscina-1-768x480.jpeg 768w, https:\/\/agroturismesonllado.com\/wp-content\/uploads\/2018\/05\/piscina-1.jpeg 1020w\" sizes=\"(max-width: 300px) 100vw, 300px\" \/><\/span><\/div><div class=\"fusion-text fusion-text-1\"><p><strong>Der Pool\u00a0<\/strong>mit seinem nat\u00fcrlichen, haut- und umweltfreundlichen Reinigungssystem mittels <strong>Salzelektrolyse\u00a0<\/strong>ist umgeben von einem gro\u00dfen Bereich zum Sonnen mit freiem Blick auf den Garten und die angrenzenden Felder der Finca.<\/p>\n<\/div><div class=\"fusion-clearfix\"><\/div><\/div><\/div><div class=\"fusion-layout-column fusion_builder_column fusion-builder-column-2 fusion_builder_column_1_4 1_4 fusion-one-fourth\" style=\"--awb-bg-size:cover;width:25%;width:calc(25% - ( ( 4% + 4% + 4% ) * 0.25 ) );margin-right: 4%;\"><div class=\"fusion-column-wrapper fusion-flex-column-wrapper-legacy\"><div class=\"fusion-image-element in-legacy-container\" style=\"--awb-caption-title-font-family:var(--h2_typography-font-family);--awb-caption-title-font-weight:var(--h2_typography-font-weight);--awb-caption-title-font-style:var(--h2_typography-font-style);--awb-caption-title-size:var(--h2_typography-font-size);--awb-caption-title-transform:var(--h2_typography-text-transform);--awb-caption-title-line-height:var(--h2_typography-line-height);--awb-caption-title-letter-spacing:var(--h2_typography-letter-spacing);\"><span class=\" fusion-imageframe imageframe-none imageframe-2 hover-type-zoomin\" style=\"border:5px solid #f6f6f6;\"><img decoding=\"async\" width=\"300\" height=\"188\" title=\"bicicletes-min\" src=\"https:\/\/agroturismesonllado.com\/wp-content\/uploads\/2018\/05\/bicicletes-min-1-300x188.jpeg\" alt class=\"img-responsive wp-image-2328\" srcset=\"https:\/\/agroturismesonllado.com\/wp-content\/uploads\/2018\/05\/bicicletes-min-1-300x188.jpeg 300w, https:\/\/agroturismesonllado.com\/wp-content\/uploads\/2018\/05\/bicicletes-min-1-768x480.jpeg 768w, https:\/\/agroturismesonllado.com\/wp-content\/uploads\/2018\/05\/bicicletes-min-1-1024x640.jpeg 1024w, https:\/\/agroturismesonllado.com\/wp-content\/uploads\/2018\/05\/bicicletes-min-1.jpeg 1200w\" sizes=\"(max-width: 300px) 100vw, 300px\" \/><\/span><\/div><div class=\"fusion-text fusion-text-2\"><p><strong>Fahrr\u00e4der<\/strong>:\u00a0Fahren Sie mit dem Fahrrad zum Strand, zu den umliegenden D\u00f6rfern oder folgen Sie den verschiedenen <strong>Radrouten<\/strong>, die direkt an der Finca Son Llad\u00f3 vorbei f\u00fchren (Kartenmaterial vorhanden).<\/p>\n<\/div><div class=\"fusion-clearfix\"><\/div><\/div><\/div><div class=\"fusion-layout-column fusion_builder_column fusion-builder-column-3 fusion_builder_column_1_4 1_4 fusion-one-fourth\" style=\"--awb-bg-size:cover;width:25%;width:calc(25% - ( ( 4% + 4% + 4% ) * 0.25 ) );margin-right: 4%;\"><div class=\"fusion-column-wrapper fusion-flex-column-wrapper-legacy\"><div class=\"fusion-image-element in-legacy-container\" style=\"--awb-caption-title-font-family:var(--h2_typography-font-family);--awb-caption-title-font-weight:var(--h2_typography-font-weight);--awb-caption-title-font-style:var(--h2_typography-font-style);--awb-caption-title-size:var(--h2_typography-font-size);--awb-caption-title-transform:var(--h2_typography-text-transform);--awb-caption-title-line-height:var(--h2_typography-line-height);--awb-caption-title-letter-spacing:var(--h2_typography-letter-spacing);\"><span class=\" fusion-imageframe imageframe-none imageframe-3 hover-type-zoomin\" style=\"border:5px solid #f6f6f6;\"><img decoding=\"async\" width=\"300\" height=\"188\" title=\"barbacoa\" src=\"https:\/\/agroturismesonllado.com\/wp-content\/uploads\/2018\/05\/barbacoa-e1525943425938-1-300x188.jpeg\" alt class=\"img-responsive wp-image-2296\" srcset=\"https:\/\/agroturismesonllado.com\/wp-content\/uploads\/2018\/05\/barbacoa-e1525943425938-1-300x188.jpeg 300w, https:\/\/agroturismesonllado.com\/wp-content\/uploads\/2018\/05\/barbacoa-e1525943425938-1-768x480.jpeg 768w, https:\/\/agroturismesonllado.com\/wp-content\/uploads\/2018\/05\/barbacoa-e1525943425938-1.jpeg 1019w\" sizes=\"(max-width: 300px) 100vw, 300px\" \/><\/span><\/div><div class=\"fusion-text fusion-text-3\"><p><strong>Gartengrill<\/strong><\/p>\n<\/div><div class=\"fusion-clearfix\"><\/div><\/div><\/div><div class=\"fusion-layout-column fusion_builder_column fusion-builder-column-4 fusion_builder_column_1_4 1_4 fusion-one-fourth fusion-column-last\" style=\"--awb-bg-size:cover;width:25%;width:calc(25% - ( ( 4% + 4% + 4% ) * 0.25 ) );\"><div class=\"fusion-column-wrapper fusion-flex-column-wrapper-legacy\"><div class=\"fusion-image-element in-legacy-container\" style=\"--awb-caption-title-font-family:var(--h2_typography-font-family);--awb-caption-title-font-weight:var(--h2_typography-font-weight);--awb-caption-title-font-style:var(--h2_typography-font-style);--awb-caption-title-size:var(--h2_typography-font-size);--awb-caption-title-transform:var(--h2_typography-text-transform);--awb-caption-title-line-height:var(--h2_typography-line-height);--awb-caption-title-letter-spacing:var(--h2_typography-letter-spacing);\"><span class=\" fusion-imageframe imageframe-none imageframe-4 hover-type-zoomin\" style=\"border:5px solid #f6f6f6;\"><img decoding=\"async\" width=\"300\" height=\"188\" title=\"porc-negre\" src=\"https:\/\/agroturismesonllado.com\/wp-content\/uploads\/2018\/05\/porc-negre-1-300x188.jpeg\" alt class=\"img-responsive wp-image-2320\" srcset=\"https:\/\/agroturismesonllado.com\/wp-content\/uploads\/2018\/05\/porc-negre-1-300x188.jpeg 300w, https:\/\/agroturismesonllado.com\/wp-content\/uploads\/2018\/05\/porc-negre-1-768x480.jpeg 768w, https:\/\/agroturismesonllado.com\/wp-content\/uploads\/2018\/05\/porc-negre-1.jpeg 1020w\" sizes=\"(max-width: 300px) 100vw, 300px\" \/><\/span><\/div><div class=\"fusion-text fusion-text-4\"><p><strong>Bauernhof<\/strong> mit autochthonen (einheimischen) Tieren.<\/p>\n<\/div><div class=\"fusion-clearfix\"><\/div><\/div><\/div><\/div><\/div><div class=\"fusion-fullwidth fullwidth-box fusion-builder-row-3 nonhundred-percent-fullwidth non-hundred-percent-height-scrolling\" style=\"--awb-border-radius-top-left:0px;--awb-border-radius-top-right:0px;--awb-border-radius-bottom-right:0px;--awb-border-radius-bottom-left:0px;--awb-flex-wrap:wrap;\" ><div class=\"fusion-builder-row fusion-row\"><div class=\"fusion-layout-column fusion_builder_column fusion-builder-column-5 fusion_builder_column_1_4 1_4 fusion-one-fourth fusion-column-first\" style=\"--awb-bg-size:cover;width:25%;width:calc(25% - ( ( 4% + 4% + 4% ) * 0.25 ) );margin-right: 4%;\"><div class=\"fusion-column-wrapper fusion-flex-column-wrapper-legacy\"><div class=\"fusion-image-element in-legacy-container\" style=\"--awb-caption-title-font-family:var(--h2_typography-font-family);--awb-caption-title-font-weight:var(--h2_typography-font-weight);--awb-caption-title-font-style:var(--h2_typography-font-style);--awb-caption-title-size:var(--h2_typography-font-size);--awb-caption-title-transform:var(--h2_typography-text-transform);--awb-caption-title-line-height:var(--h2_typography-line-height);--awb-caption-title-letter-spacing:var(--h2_typography-letter-spacing);\"><span class=\" fusion-imageframe imageframe-none imageframe-5 hover-type-zoomin\" style=\"border:5px solid #f6f6f6;\"><img decoding=\"async\" width=\"300\" height=\"188\" title=\"areadejocs\" src=\"https:\/\/agroturismesonllado.com\/wp-content\/uploads\/2018\/05\/areadejocs-e1525943563619-1-300x188.jpeg\" alt class=\"img-responsive wp-image-2292\" srcset=\"https:\/\/agroturismesonllado.com\/wp-content\/uploads\/2018\/05\/areadejocs-e1525943563619-1-300x188.jpeg 300w, https:\/\/agroturismesonllado.com\/wp-content\/uploads\/2018\/05\/areadejocs-e1525943563619-1-768x480.jpeg 768w, https:\/\/agroturismesonllado.com\/wp-content\/uploads\/2018\/05\/areadejocs-e1525943563619-1.jpeg 1019w\" sizes=\"(max-width: 300px) 100vw, 300px\" \/><\/span><\/div><div class=\"fusion-text fusion-text-5\"><p><strong>Kinderspielplatz.<\/strong><\/p>\n<\/div><div class=\"fusion-clearfix\"><\/div><\/div><\/div><div class=\"fusion-layout-column fusion_builder_column fusion-builder-column-6 fusion_builder_column_1_4 1_4 fusion-one-fourth\" style=\"--awb-bg-size:cover;width:25%;width:calc(25% - ( ( 4% + 4% + 4% ) * 0.25 ) );margin-right: 4%;\"><div class=\"fusion-column-wrapper fusion-flex-column-wrapper-legacy\"><div class=\"fusion-image-element in-legacy-container\" style=\"--awb-caption-title-font-family:var(--h2_typography-font-family);--awb-caption-title-font-weight:var(--h2_typography-font-weight);--awb-caption-title-font-style:var(--h2_typography-font-style);--awb-caption-title-size:var(--h2_typography-font-size);--awb-caption-title-transform:var(--h2_typography-text-transform);--awb-caption-title-line-height:var(--h2_typography-line-height);--awb-caption-title-letter-spacing:var(--h2_typography-letter-spacing);\"><span class=\" fusion-imageframe imageframe-none imageframe-6 hover-type-zoomin\" style=\"border:5px solid #f6f6f6;\"><img decoding=\"async\" width=\"300\" height=\"188\" title=\"hort\" src=\"https:\/\/agroturismesonllado.com\/wp-content\/uploads\/2018\/05\/hort-1-300x188.jpeg\" alt class=\"img-responsive wp-image-2308\" srcset=\"https:\/\/agroturismesonllado.com\/wp-content\/uploads\/2018\/05\/hort-1-300x188.jpeg 300w, https:\/\/agroturismesonllado.com\/wp-content\/uploads\/2018\/05\/hort-1-768x480.jpeg 768w, https:\/\/agroturismesonllado.com\/wp-content\/uploads\/2018\/05\/hort-1.jpeg 1020w\" sizes=\"(max-width: 300px) 100vw, 300px\" \/><\/span><\/div><div class=\"fusion-text fusion-text-6\"><p><strong>Bio-Gem\u00fcsegarten<\/strong>, in dem Gem\u00fcse der Saison angebaut wird.<\/p>\n<\/div><div class=\"fusion-clearfix\"><\/div><\/div><\/div><div class=\"fusion-layout-column fusion_builder_column fusion-builder-column-7 fusion_builder_column_1_4 1_4 fusion-one-fourth\" style=\"--awb-bg-size:cover;width:25%;width:calc(25% - ( ( 4% + 4% + 4% ) * 0.25 ) );margin-right: 4%;\"><div class=\"fusion-column-wrapper fusion-flex-column-wrapper-legacy\"><div class=\"fusion-image-element in-legacy-container\" style=\"--awb-caption-title-font-family:var(--h2_typography-font-family);--awb-caption-title-font-weight:var(--h2_typography-font-weight);--awb-caption-title-font-style:var(--h2_typography-font-style);--awb-caption-title-size:var(--h2_typography-font-size);--awb-caption-title-transform:var(--h2_typography-text-transform);--awb-caption-title-line-height:var(--h2_typography-line-height);--awb-caption-title-letter-spacing:var(--h2_typography-letter-spacing);\"><span class=\" fusion-imageframe imageframe-none imageframe-7 hover-type-zoomin\" style=\"border:5px solid #f6f6f6;\"><img decoding=\"async\" width=\"300\" height=\"187\" title=\"ponnei\" src=\"https:\/\/agroturismesonllado.com\/wp-content\/uploads\/2018\/02\/ponnei-e1525943067732-1-300x187.jpg\" alt class=\"img-responsive wp-image-1860\" srcset=\"https:\/\/agroturismesonllado.com\/wp-content\/uploads\/2018\/02\/ponnei-e1525943067732-1-300x187.jpg 300w, https:\/\/agroturismesonllado.com\/wp-content\/uploads\/2018\/02\/ponnei-e1525943067732-1.jpg 700w\" sizes=\"(max-width: 300px) 100vw, 300px\" \/><\/span><\/div><div class=\"fusion-text fusion-text-7\"><p><strong>Pony reiten\u00a0<\/strong>f\u00fcr Kinder.<\/p>\n<\/div><div class=\"fusion-clearfix\"><\/div><\/div><\/div><div class=\"fusion-layout-column fusion_builder_column fusion-builder-column-8 fusion_builder_column_1_4 1_4 fusion-one-fourth fusion-column-last\" style=\"--awb-bg-size:cover;width:25%;width:calc(25% - ( ( 4% + 4% + 4% ) * 0.25 ) );\"><div class=\"fusion-column-wrapper fusion-flex-column-wrapper-legacy\"><div class=\"fusion-image-element in-legacy-container\" style=\"--awb-caption-title-font-family:var(--h2_typography-font-family);--awb-caption-title-font-weight:var(--h2_typography-font-weight);--awb-caption-title-font-style:var(--h2_typography-font-style);--awb-caption-title-size:var(--h2_typography-font-size);--awb-caption-title-transform:var(--h2_typography-text-transform);--awb-caption-title-line-height:var(--h2_typography-line-height);--awb-caption-title-letter-spacing:var(--h2_typography-letter-spacing);\"><span class=\" fusion-imageframe imageframe-none imageframe-8 hover-type-zoomin\" style=\"border:5px solid #f6f6f6;\"><img decoding=\"async\" width=\"300\" height=\"188\" title=\"terrassa_coberta-min\" src=\"https:\/\/agroturismesonllado.com\/wp-content\/uploads\/2018\/05\/terrassa_coberta-min-1-300x188.jpeg\" alt class=\"img-responsive wp-image-2332\" srcset=\"https:\/\/agroturismesonllado.com\/wp-content\/uploads\/2018\/05\/terrassa_coberta-min-1-300x188.jpeg 300w, https:\/\/agroturismesonllado.com\/wp-content\/uploads\/2018\/05\/terrassa_coberta-min-1-768x480.jpeg 768w, https:\/\/agroturismesonllado.com\/wp-content\/uploads\/2018\/05\/terrassa_coberta-min-1-1024x640.jpeg 1024w, https:\/\/agroturismesonllado.com\/wp-content\/uploads\/2018\/05\/terrassa_coberta-min-1.jpeg 1200w\" sizes=\"(max-width: 300px) 100vw, 300px\" \/><\/span><\/div><div class=\"fusion-text fusion-text-8\"><p><strong>Die \u00fcberdachte Terrasse\u00a0<\/strong>neben dem Pool ist mit Tischen und einer Bar mit Kaffeemaschine und K\u00fchlschrank ausgestattet (Bar zur Selbstbedienung auf Vertrauensbasis).<\/p>\n<\/div><div class=\"fusion-clearfix\"><\/div><\/div><\/div><\/div><\/div><div class=\"fusion-fullwidth fullwidth-box fusion-builder-row-4 nonhundred-percent-fullwidth non-hundred-percent-height-scrolling\" style=\"--awb-border-radius-top-left:0px;--awb-border-radius-top-right:0px;--awb-border-radius-bottom-right:0px;--awb-border-radius-bottom-left:0px;--awb-flex-wrap:wrap;\" ><div class=\"fusion-builder-row fusion-row\"><div class=\"fusion-layout-column fusion_builder_column fusion-builder-column-9 fusion_builder_column_1_4 1_4 fusion-one-fourth fusion-column-first\" style=\"--awb-bg-size:cover;width:25%;width:calc(25% - ( ( 4% + 4% + 4% ) * 0.25 ) );margin-right: 4%;\"><div class=\"fusion-column-wrapper fusion-flex-column-wrapper-legacy\"><div class=\"fusion-image-element in-legacy-container\" style=\"--awb-caption-title-font-family:var(--h2_typography-font-family);--awb-caption-title-font-weight:var(--h2_typography-font-weight);--awb-caption-title-font-style:var(--h2_typography-font-style);--awb-caption-title-size:var(--h2_typography-font-size);--awb-caption-title-transform:var(--h2_typography-text-transform);--awb-caption-title-line-height:var(--h2_typography-line-height);--awb-caption-title-letter-spacing:var(--h2_typography-letter-spacing);\"><span class=\" fusion-imageframe imageframe-none imageframe-9 hover-type-zoomin\" style=\"border:5px solid #f6f6f6;\"><img decoding=\"async\" width=\"300\" height=\"187\" title=\"obejas\" src=\"https:\/\/agroturismesonllado.com\/wp-content\/uploads\/2018\/02\/obejas-e1525943673238-1-300x187.jpg\" alt class=\"img-responsive wp-image-1868\" srcset=\"https:\/\/agroturismesonllado.com\/wp-content\/uploads\/2018\/02\/obejas-e1525943673238-1-300x187.jpg 300w, https:\/\/agroturismesonllado.com\/wp-content\/uploads\/2018\/02\/obejas-e1525943673238-1.jpg 700w\" sizes=\"(max-width: 300px) 100vw, 300px\" \/><\/span><\/div><div class=\"fusion-text fusion-text-9\"><p>23 ha<strong> bewirtschaftetes Land <\/strong>sowie 1 ha\u00a0<b>mediterraner\u00a0<\/b><strong>Wald.\u00a0<\/strong>Sie d\u00fcrfen \u00fcber die vorhandenen Wege spazieren.<\/p>\n<\/div><div class=\"fusion-clearfix\"><\/div><\/div><\/div><div class=\"fusion-layout-column fusion_builder_column fusion-builder-column-10 fusion_builder_column_1_4 1_4 fusion-one-fourth\" style=\"--awb-bg-size:cover;width:25%;width:calc(25% - ( ( 4% + 4% + 4% ) * 0.25 ) );margin-right: 4%;\"><div class=\"fusion-column-wrapper fusion-flex-column-wrapper-legacy\"><div class=\"fusion-image-element in-legacy-container\" style=\"--awb-caption-title-font-family:var(--h2_typography-font-family);--awb-caption-title-font-weight:var(--h2_typography-font-weight);--awb-caption-title-font-style:var(--h2_typography-font-style);--awb-caption-title-size:var(--h2_typography-font-size);--awb-caption-title-transform:var(--h2_typography-text-transform);--awb-caption-title-line-height:var(--h2_typography-line-height);--awb-caption-title-letter-spacing:var(--h2_typography-letter-spacing);\"><span class=\" fusion-imageframe imageframe-none imageframe-10 hover-type-zoomin\" style=\"border:5px solid #f6f6f6;\"><img decoding=\"async\" width=\"300\" height=\"225\" title=\"P1040139\" src=\"http:\/\/www.agroturismesonllado.com\/wp-content\/uploads\/2018\/06\/P1040139-300x225.jpg\" alt class=\"img-responsive wp-image-2340\"\/><\/span><\/div><div class=\"fusion-text fusion-text-10\"><p>5.000 m2 angelegter\u00a0<strong>Garten\u00a0<\/strong>mit<strong> typisch mallorquinischem Gem\u00fcsegarten.<\/strong><\/p>\n<\/div><div class=\"fusion-clearfix\"><\/div><\/div><\/div><div class=\"fusion-layout-column fusion_builder_column fusion-builder-column-11 fusion_builder_column_1_4 1_4 fusion-one-fourth\" style=\"--awb-bg-size:cover;width:25%;width:calc(25% - ( ( 4% + 4% + 4% ) * 0.25 ) );margin-right: 4%;\"><div class=\"fusion-column-wrapper fusion-flex-column-wrapper-legacy\"><div class=\"fusion-image-element in-legacy-container\" style=\"--awb-caption-title-font-family:var(--h2_typography-font-family);--awb-caption-title-font-weight:var(--h2_typography-font-weight);--awb-caption-title-font-style:var(--h2_typography-font-style);--awb-caption-title-size:var(--h2_typography-font-size);--awb-caption-title-transform:var(--h2_typography-text-transform);--awb-caption-title-line-height:var(--h2_typography-line-height);--awb-caption-title-letter-spacing:var(--h2_typography-letter-spacing);\"><span class=\" fusion-imageframe imageframe-none imageframe-11 hover-type-zoomin\" style=\"border:5px solid #f6f6f6;\"><img decoding=\"async\" width=\"300\" height=\"188\" title=\"aparcament\" src=\"https:\/\/agroturismesonllado.com\/wp-content\/uploads\/2018\/05\/aparcament-e1525943725276-1-300x188.jpeg\" alt class=\"img-responsive wp-image-2288\" srcset=\"https:\/\/agroturismesonllado.com\/wp-content\/uploads\/2018\/05\/aparcament-e1525943725276-1-300x188.jpeg 300w, https:\/\/agroturismesonllado.com\/wp-content\/uploads\/2018\/05\/aparcament-e1525943725276-1-768x480.jpeg 768w, https:\/\/agroturismesonllado.com\/wp-content\/uploads\/2018\/05\/aparcament-e1525943725276-1.jpeg 1019w\" sizes=\"(max-width: 300px) 100vw, 300px\" \/><\/span><\/div><div class=\"fusion-text fusion-text-11\"><p><strong>Parkplatz.<\/strong><\/p>\n<\/div><div class=\"fusion-clearfix\"><\/div><\/div><\/div><div class=\"fusion-layout-column fusion_builder_column fusion-builder-column-12 fusion_builder_column_1_4 1_4 fusion-one-fourth fusion-column-last\" style=\"--awb-bg-size:cover;width:25%;width:calc(25% - ( ( 4% + 4% + 4% ) * 0.25 ) );\"><div class=\"fusion-column-wrapper fusion-flex-column-wrapper-legacy\"><div class=\"fusion-image-element in-legacy-container\" style=\"--awb-caption-title-font-family:var(--h2_typography-font-family);--awb-caption-title-font-weight:var(--h2_typography-font-weight);--awb-caption-title-font-style:var(--h2_typography-font-style);--awb-caption-title-size:var(--h2_typography-font-size);--awb-caption-title-transform:var(--h2_typography-text-transform);--awb-caption-title-line-height:var(--h2_typography-line-height);--awb-caption-title-letter-spacing:var(--h2_typography-letter-spacing);\"><span class=\" fusion-imageframe imageframe-none imageframe-12 hover-type-zoomin\" style=\"border:5px solid #f6f6f6;\"><img decoding=\"async\" width=\"300\" height=\"187\" title=\"bugaderia\" src=\"https:\/\/agroturismesonllado.com\/wp-content\/uploads\/2018\/05\/bugaderia-e1525943758677-1-300x187.jpeg\" alt class=\"img-responsive wp-image-2300\" srcset=\"https:\/\/agroturismesonllado.com\/wp-content\/uploads\/2018\/05\/bugaderia-e1525943758677-1-300x187.jpeg 300w, https:\/\/agroturismesonllado.com\/wp-content\/uploads\/2018\/05\/bugaderia-e1525943758677-1-768x479.jpeg 768w, https:\/\/agroturismesonllado.com\/wp-content\/uploads\/2018\/05\/bugaderia-e1525943758677-1.jpeg 1017w\" sizes=\"(max-width: 300px) 100vw, 300px\" \/><\/span><\/div><div class=\"fusion-text fusion-text-12\"><p><strong>Gemeinschaftswaschraum<\/strong>, ausgestattet mit automatischer Waschmaschine, W\u00e4schest\u00e4nder sowie B\u00fcgeleisen.<\/p>\n<\/div><div class=\"fusion-clearfix\"><\/div><\/div><\/div><\/div><\/div><\/p>\n","protected":false},"excerpt":{"rendered":"","protected":false},"author":1,"featured_media":0,"parent":0,"menu_order":0,"comment_status":"closed","ping_status":"closed","template":"","meta":{"footnotes":""},"class_list":["post-536","page","type-page","status-publish","hentry"],"_links":{"self":[{"href":"https:\/\/agroturismesonllado.com\/de\/wp-json\/wp\/v2\/pages\/536","targetHints":{"allow":["GET"]}}],"collection":[{"href":"https:\/\/agroturismesonllado.com\/de\/wp-json\/wp\/v2\/pages"}],"about":[{"href":"https:\/\/agroturismesonllado.com\/de\/wp-json\/wp\/v2\/types\/page"}],"author":[{"embeddable":true,"href":"https:\/\/agroturismesonllado.com\/de\/wp-json\/wp\/v2\/users\/1"}],"replies":[{"embeddable":true,"href":"https:\/\/agroturismesonllado.com\/de\/wp-json\/wp\/v2\/comments?post=536"}],"version-history":[{"count":1,"href":"https:\/\/agroturismesonllado.com\/de\/wp-json\/wp\/v2\/pages\/536\/revisions"}],"predecessor-version":[{"id":2490,"href":"https:\/\/agroturismesonllado.com\/de\/wp-json\/wp\/v2\/pages\/536\/revisions\/2490"}],"wp:attachment":[{"href":"https:\/\/agroturismesonllado.com\/de\/wp-json\/wp\/v2\/media?parent=536"}],"curies":[{"name":"wp","href":"https:\/\/api.w.org\/{rel}","templated":true}]}}