{"id":530,"date":"2018-06-16T10:41:11","date_gmt":"2018-06-16T10:41:11","guid":{"rendered":"http:\/\/www.agroturismesonllado.com\/startseite\/"},"modified":"2025-06-15T12:40:40","modified_gmt":"2025-06-15T10:40:40","slug":"startseite","status":"publish","type":"page","link":"https:\/\/agroturismesonllado.com\/de\/","title":{"rendered":"Startseite"},"content":{"rendered":"<p><div class=\"fusion-fullwidth fullwidth-box fusion-builder-row-1 nonhundred-percent-fullwidth non-hundred-percent-height-scrolling\" style=\"--awb-border-radius-top-left:0px;--awb-border-radius-top-right:0px;--awb-border-radius-bottom-right:0px;--awb-border-radius-bottom-left:0px;--awb-flex-wrap:wrap;\" ><div class=\"fusion-builder-row fusion-row\"><div class=\"fusion-layout-column fusion_builder_column fusion-builder-column-0 fusion_builder_column_1_1 1_1 fusion-one-full fusion-column-first fusion-column-last fusion-no-large-visibility\" style=\"--awb-bg-size:cover;\"><div class=\"fusion-column-wrapper fusion-flex-column-wrapper-legacy\"><div class=\"fusion-column-content-centered\"><div class=\"fusion-column-content\"><\/div><\/div><div class=\"fusion-clearfix\"><\/div><\/div><\/div><\/div><\/div><div class=\"fusion-fullwidth fullwidth-box fusion-builder-row-2 nonhundred-percent-fullwidth non-hundred-percent-height-scrolling\" style=\"--awb-border-radius-top-left:0px;--awb-border-radius-top-right:0px;--awb-border-radius-bottom-right:0px;--awb-border-radius-bottom-left:0px;--awb-flex-wrap:wrap;\" ><div class=\"fusion-builder-row fusion-row\"><div class=\"fusion-layout-column fusion_builder_column fusion-builder-column-1 fusion_builder_column_1_2 1_2 fusion-one-half fusion-column-first\" style=\"--awb-bg-size:cover;width:50%;width:calc(50% - ( ( 4% ) * 0.5 ) );margin-right: 4%;\"><div class=\"fusion-column-wrapper fusion-flex-column-wrapper-legacy\"><div class=\"fusion-text fusion-text-1\"><h2 style=\"text-align: left;\"><em><strong><span style=\"font-size: 17pt; color: #ff0000;\">25 Jahre Liebe und Gastfreundschaft <\/span><span style=\"font-size: 17pt; color: #000080;\">(2000-2025)<\/span><\/strong><\/em><\/h2>\n<h2 style=\"text-align: left;\"><!--more--><\/h2>\n<\/div><div class=\"fusion-text fusion-text-2\"><p><strong>AUTHENTISCH:<\/strong> Son Llad\u00f3 ist ein echtes mallorquinisches Landgut aus dem 17. Jahrhundert, das von uns restauriert und als Agroturisme aktiviert wurde. Hier finden Sie Ruhe, Natur und Komfort. Die private und l\u00e4ndliche Umgebung l\u00e4dt Sie ein, sich mit der Essenz der Insel, dem Land, den Tieren, dem Meer und den Bergen zu verbinden.<\/p>\n<\/div><div class=\"fusion-text fusion-text-3\"><p><strong>FAMILIE<\/strong>: Wir sind Pep und Maria, Mallorquiner, die ihre Heimat Mallorca lieben und alles daran setzen, dass auch Sie sich wie zu Hause f\u00fchlen.<\/p>\n<p><strong>\u00d6KOLOGISCH:<\/strong> Wir betreiben unseren eigenen Ackerbau sowie die Haltung unserer Tiere nach \u00f6kologischen Prinzipien.<\/p>\n<\/div><div class=\"fusion-text fusion-text-4\"><p><strong>VERPFLICHTUNG:<\/strong> Wir w\u00fcnschen unseren G\u00e4sten maximalen Komfort und Wohlbefinden, gleichzeitig sind wir uns der Notwendigkeit bewusst, aktiven Umweltschutz und eine nachhaltige Entwicklungspolitik umzusetzen.<\/p>\n<p><span style=\"color: #993300;\"><strong>INTERNET<\/strong>: Bei uns finden Sie Hochgeschwindigkeitsinternet mit bis zu 300MB\/Sek.!<\/span><\/p>\n<\/div><div class=\"fusion-clearfix\"><\/div><\/div><\/div><div class=\"fusion-layout-column fusion_builder_column fusion-builder-column-2 fusion_builder_column_1_2 1_2 fusion-one-half fusion-column-last\" style=\"--awb-bg-size:cover;width:50%;width:calc(50% - ( ( 4% ) * 0.5 ) );\"><div class=\"fusion-column-wrapper fusion-flex-column-wrapper-legacy\"><div class=\"fusion-video fusion-youtube\" style=\"--awb-max-width:600px;--awb-max-height:360px;\"><div class=\"video-shortcode\"><div class=\"fluid-width-video-wrapper\" style=\"padding-top:60%;\" ><iframe title=\"YouTube video player 1\" src=\"https:\/\/www.youtube.com\/embed\/wDLBvhVHt9E?wmode=transparent&autoplay=0\" width=\"600\" height=\"360\" allowfullscreen allow=\"autoplay; fullscreen\"><\/iframe><\/div><\/div><\/div><div class=\"fusion-text fusion-text-5\"><p><span style=\"color: #ffffff;\">\u00b7<\/span><\/p>\n<\/div><div class=\"fusion-clearfix\"><\/div><\/div><\/div><\/div><\/div><div class=\"fusion-fullwidth fullwidth-box fusion-builder-row-3 nonhundred-percent-fullwidth non-hundred-percent-height-scrolling fusion-equal-height-columns\" style=\"--awb-border-radius-top-left:0px;--awb-border-radius-top-right:0px;--awb-border-radius-bottom-right:0px;--awb-border-radius-bottom-left:0px;--awb-flex-wrap:wrap;\" ><div class=\"fusion-builder-row fusion-row\"><div class=\"fusion-layout-column fusion_builder_column fusion-builder-column-3 fusion_builder_column_2_5 2_5 fusion-two-fifth fusion-column-first\" style=\"--awb-bg-size:cover;width:40%;width:calc(40% - ( ( 4% + 4% ) * 0.4 ) );margin-right: 4%;\"><div class=\"fusion-column-wrapper fusion-flex-column-wrapper-legacy\"><div class=\"fusion-text fusion-text-6\"><h3><strong>Virtuelle 360\u00ba Tour:<\/strong><\/h3>\n<iframe src=\"https:\/\/www.google.com\/maps\/embed?pb=!4v1594820617885!6m8!1m7!1sCAoSLEFGMVFpcE9ldVdTVzdvRk1INHQzSmYxbHBkVUotcGtycUlSZmh4c01vRlQt!2m2!1d39.40073514544785!2d3.008689370001285!3f251.5985236089412!4f-1.2284308341717747!5f0.7820865974627469\" width=\"600\" height=\"450\" frameborder=\"0\" style=\"border:0;\" allowfullscreen=\"\" aria-hidden=\"false\" tabindex=\"0\"><\/iframe>\n<\/div><div class=\"fusion-clearfix\"><\/div><\/div><\/div><div class=\"fusion-layout-column fusion_builder_column fusion-builder-column-4 fusion_builder_column_1_5 1_5 fusion-one-fifth\" style=\"--awb-bg-size:cover;width:20%;width:calc(20% - ( ( 4% + 4% ) * 0.2 ) );margin-right: 4%;\"><div class=\"fusion-column-wrapper fusion-flex-column-wrapper-legacy\"><div class=\"fusion-clearfix\"><\/div><\/div><\/div><div class=\"fusion-layout-column fusion_builder_column fusion-builder-column-5 fusion_builder_column_2_5 2_5 fusion-two-fifth fusion-column-last\" style=\"--awb-bg-size:cover;width:40%;width:calc(40% - ( ( 4% + 4% ) * 0.4 ) );\"><div class=\"fusion-column-wrapper fusion-flex-column-wrapper-legacy\"><div class=\"fusion-text fusion-text-7\"><h3><strong>Karte:<\/strong><\/h3>\n<h3><iframe style=\"border: 0;\" src=\"https:\/\/www.google.com\/maps\/embed?pb=!1m18!1m12!1m3!1d13970.12261976366!2d3.0011021676663097!3d39.40011367949631!2m3!1f0!2f0!3f0!3m2!1i1024!2i768!4f13.1!3m3!1m2!1s0x1297ae842cd3c463%3A0x7e63339727604439!2sAgroturisme%20Son%20Llado!5e1!3m2!1ses!2ses!4v1622213630657!5m2!1ses!2ses\" width=\"100%\" height=\"450\" allowfullscreen=\"allowfullscreen\"><\/iframe><\/h3>\n<\/div><div class=\"fusion-clearfix\"><\/div><\/div><\/div><\/div><\/div><div class=\"fusion-fullwidth fullwidth-box fusion-builder-row-4 nonhundred-percent-fullwidth non-hundred-percent-height-scrolling\" style=\"--awb-border-radius-top-left:0px;--awb-border-radius-top-right:0px;--awb-border-radius-bottom-right:0px;--awb-border-radius-bottom-left:0px;--awb-padding-top:20px;--awb-flex-wrap:wrap;\" ><div class=\"fusion-builder-row fusion-row\"><div class=\"fusion-layout-column fusion_builder_column fusion-builder-column-6 fusion_builder_column_1_1 1_1 fusion-one-full fusion-column-first fusion-column-last\" style=\"--awb-bg-size:cover;\"><div class=\"fusion-column-wrapper fusion-flex-column-wrapper-legacy\"><div class=\"fusion-text fusion-text-8\"><h3>Wir pr\u00e4sentieren Ihnen ein <strong>echtes Landgut auf Mallorca<\/strong>, dessen Geb\u00e4ude zum Teil aus dem 17. Jahrhundert stammen. Seit der Wiederaufnahme der landwirtschaftlichen T\u00e4tigkeiten im Jahr 2000 im Bereich des Getreideanbaus verf\u00fcgt die Finca dar\u00fcber hinaus \u00fcber Ferienwohnungen\/-h\u00e4user.<\/h3>\n<h3>Beim Besuch der verschiedenen Bereiche unserer Website, werden Sie unsere <strong>mit viel Charme ausgestatteten Unterk\u00fcnfte <\/strong>entdecken \u2013 an einem <strong>wunderbaren R\u00fcckzugsort <\/strong>im S\u00fcden der Insel; eine Urlaubsphilosophie mit echtem Mehrwert und eine <strong>einheimische Familie<\/strong>, die auf Ihre Bed\u00fcrfnisse eingeht und daf\u00fcr sorgt, dass die Zeit auf der Finca Son Llad\u00f3 w\u00e4hrend Ihres Mallorca-Besuchs unvergesslich bleibt.<\/h3>\n<\/div><div class=\"fusion-text fusion-text-9\"><h3>Neben dem aktiv betriebenen <b>Umweltschutz <\/b>arbeiten wir durch die Umsetzung einer <b>nachhaltigen Entwicklungspolitik <\/b>im touristischen Bereich mit <b>landwirtschaftlich-\u00f6kologischen Methoden<\/b>, und wurden durch den Katalanischen Rat f\u00fcr \u00f6kologischen Landbau, CBPAE (Consell Balear de la Producci\u00f3 Agr\u00e0ria Ecol\u00f2gic), <b>zertifiziert<\/b>. Ein weiteres grundlegendes Element ist die Haltung <b>autochthoner Rassen <\/b>unter den Tieren auf unserer Finca.<\/h3>\n<\/div><div class=\"fusion-clearfix\"><\/div><\/div><\/div><\/div><\/div><div class=\"fusion-fullwidth fullwidth-box fusion-builder-row-5 nonhundred-percent-fullwidth non-hundred-percent-height-scrolling\" style=\"--awb-border-radius-top-left:0px;--awb-border-radius-top-right:0px;--awb-border-radius-bottom-right:0px;--awb-border-radius-bottom-left:0px;--awb-padding-top:25px;--awb-flex-wrap:wrap;\" ><div class=\"fusion-builder-row fusion-row\"><div class=\"fusion-layout-column fusion_builder_column fusion-builder-column-7 fusion_builder_column_1_4 1_4 fusion-one-fourth fusion-column-first\" style=\"--awb-bg-size:cover;width:25%;width:calc(25% - ( ( 4% + 4% + 4% ) * 0.25 ) );margin-right: 4%;\"><div class=\"fusion-column-wrapper fusion-flex-column-wrapper-legacy\"><div class=\"fusion-fa-align-center\"><i class=\"fb-icon-element-1 fb-icon-element fontawesome-icon fa-leaf fas circle-no\" style=\"--awb-iconcolor:#8bc34a;--awb-iconcolor-hover:#8bc34a;--awb-font-size:50px;--awb-margin-bottom:20px;\"><\/i><\/div><div class=\"fusion-text fusion-text-10\"><p><strong>SONNENENERGIE<\/strong>. Wir benutzen solarthermische Energie, mit der wir sanit\u00e4res Warmwasser erzeugen. Und photovoltaische Solarenergie, die wir einsetzen, um den Stromverbrauch in den Unterk\u00fcnften und in unseren landwirtschaftlichen Einrichtungen zu senken.<\/p>\n<\/div><div class=\"fusion-clearfix\"><\/div><\/div><\/div><div class=\"fusion-layout-column fusion_builder_column fusion-builder-column-8 fusion_builder_column_1_4 1_4 fusion-one-fourth\" style=\"--awb-bg-size:cover;width:25%;width:calc(25% - ( ( 4% + 4% + 4% ) * 0.25 ) );margin-right: 4%;\"><div class=\"fusion-column-wrapper fusion-flex-column-wrapper-legacy\"><div class=\"fusion-fa-align-center\"><i class=\"fb-icon-element-2 fb-icon-element fontawesome-icon fa-cloud fas circle-no\" style=\"--awb-iconcolor:#8bc34a;--awb-iconcolor-hover:#8bc34a;--awb-font-size:50px;--awb-margin-bottom:20px;\"><\/i><\/div><div class=\"fusion-text fusion-text-11\"><p><strong>REGENWASSER. <\/strong>Die <b>Regenwasserr\u00fcckgewinnung <\/b>ist in unserer Region mit Niederschlagsmengen von nur ca.<b> 300 mm<\/b> pro Jahr und mit <b>salzhaltigem Brunnengrundwasser <\/b>von wesentlicher Bedeutung. <b><\/b>Durch ein Reservoir und ein System aus Pipelines und Pumpen wird Regenwasser von den D\u00e4chern und Terrassen der Finca gesammelt und im Teich gespeichert. So haben wir im Sommer <b>genug Wasser <\/b>zum Bew\u00e4ssern des Gartens, der B\u00e4ume sowie zum Reinigen der Autos und der Terrassen.<\/p>\n<\/div><div class=\"fusion-clearfix\"><\/div><\/div><\/div><div class=\"fusion-layout-column fusion_builder_column fusion-builder-column-9 fusion_builder_column_1_4 1_4 fusion-one-fourth\" style=\"--awb-bg-size:cover;width:25%;width:calc(25% - ( ( 4% + 4% + 4% ) * 0.25 ) );margin-right: 4%;\"><div class=\"fusion-column-wrapper fusion-flex-column-wrapper-legacy\"><div class=\"fusion-fa-align-center\"><i class=\"fb-icon-element-3 fb-icon-element fontawesome-icon fa-recycle fas circle-no\" style=\"--awb-iconcolor:#8bc34a;--awb-iconcolor-hover:#8bc34a;--awb-font-size:50px;--awb-margin-bottom:20px;\"><\/i><\/div><div class=\"fusion-text fusion-text-12\"><p><strong>RECYCLING<\/strong>. Wir sammeln pers\u00f6nlich alle recyclebarem Wertstoffe wie <strong>Glas, Plastik, Papier und Pappkartons<\/strong>, die unsere G\u00e4sten zuvor getrennt haben, ein und bringen sie zusammen mit dem von uns selbst generierten und getrennten M\u00fcll zu den in Campos freigegebenen <b>Sammelstellen <\/b>oder <b>Wertstoffzentren (puntos verdes).<\/b><\/p>\n<\/div><div class=\"fusion-clearfix\"><\/div><\/div><\/div><div class=\"fusion-layout-column fusion_builder_column fusion-builder-column-10 fusion_builder_column_1_4 1_4 fusion-one-fourth fusion-column-last\" style=\"--awb-bg-size:cover;width:25%;width:calc(25% - ( ( 4% + 4% + 4% ) * 0.25 ) );\"><div class=\"fusion-column-wrapper fusion-flex-column-wrapper-legacy\"><div class=\"fusion-fa-align-center\"><i class=\"fb-icon-element-4 fb-icon-element fontawesome-icon fa-filter fas circle-no\" style=\"--awb-iconcolor:#8bc34a;--awb-iconcolor-hover:#8bc34a;--awb-font-size:50px;--awb-margin-bottom:20px;\"><\/i><\/div><div class=\"fusion-text fusion-text-13\"><p><span class=\"Apple-style-span\"><strong>KL\u00c4RANLAGE<\/strong>. Durch den Einbau einer <b>Pflanzenk<\/b><b>l\u00e4ranlage <\/b>mit Schilfbeet, gelang uns die <b>Wiederverwertung <\/b>des auf nat\u00fcrliche und \u00f6kologische Weise <b>gereinigten Abwassers<\/b>. Mit diesem System versorgen wir unseren Boden mit Wasser und organischen Stoffen und generieren eine zus\u00e4tzliche Gr\u00fcnfl\u00e4che, die zur F\u00fctterung verwendet werden kann.<br \/>\n<\/span><\/p>\n<\/div><div class=\"fusion-clearfix\"><\/div><\/div><\/div><\/div><\/div><div class=\"fusion-fullwidth fullwidth-box fusion-builder-row-6 nonhundred-percent-fullwidth non-hundred-percent-height-scrolling\" style=\"--awb-border-radius-top-left:0px;--awb-border-radius-top-right:0px;--awb-border-radius-bottom-right:0px;--awb-border-radius-bottom-left:0px;--awb-padding-top:25px;--awb-flex-wrap:wrap;\" ><div class=\"fusion-builder-row fusion-row\"><div class=\"fusion-layout-column fusion_builder_column fusion-builder-column-11 fusion_builder_column_1_5 1_5 fusion-one-fifth fusion-column-first\" style=\"--awb-bg-size:cover;width:20%;width:calc(20% - ( ( 4% ) * 0.2 ) );margin-right: 4%;\"><div class=\"fusion-column-wrapper fusion-flex-column-wrapper-legacy\"><div class=\"fusion-text fusion-text-14\"><p><img decoding=\"async\" class=\"alignnone size-full wp-image-3290\" src=\"https:\/\/agroturismesonllado.com\/wp-content\/uploads\/2022\/03\/autosroig.jpg\" alt=\"Autos Roig\" width=\"500\" height=\"152\" srcset=\"https:\/\/agroturismesonllado.com\/wp-content\/uploads\/2022\/03\/autosroig-200x61.jpg 200w, https:\/\/agroturismesonllado.com\/wp-content\/uploads\/2022\/03\/autosroig-300x91.jpg 300w, https:\/\/agroturismesonllado.com\/wp-content\/uploads\/2022\/03\/autosroig-400x122.jpg 400w, https:\/\/agroturismesonllado.com\/wp-content\/uploads\/2022\/03\/autosroig.jpg 500w\" sizes=\"(max-width: 500px) 100vw, 500px\" \/><\/p>\n<\/div><div class=\"fusion-clearfix\"><\/div><\/div><\/div><div class=\"fusion-layout-column fusion_builder_column fusion-builder-column-12 fusion_builder_column_4_5 4_5 fusion-four-fifth fusion-column-last\" style=\"--awb-bg-size:cover;width:80%;width:calc(80% - ( ( 4% ) * 0.8 ) );\"><div class=\"fusion-column-wrapper fusion-flex-column-wrapper-legacy\"><div class=\"fusion-text fusion-text-15\"><h3><span style=\"color: #800000;\">Die besten Mietwagen- und Transferangebote auf Mallorca mit <em>ROIG<\/em><\/span> <span style=\"color: #008000;\">&#8211;&gt;<\/span> <strong><a href=\"https:\/\/booking.roig.com\/de\/?partnerID=137469\" target=\"_blank\" rel=\"noopener\">Preise und Buchungen<\/a><\/strong><\/h3>\n<\/div><div class=\"fusion-clearfix\"><\/div><\/div><\/div><\/div><\/div><div class=\"fusion-fullwidth fullwidth-box fusion-builder-row-7 nonhundred-percent-fullwidth non-hundred-percent-height-scrolling\" style=\"--awb-border-radius-top-left:0px;--awb-border-radius-top-right:0px;--awb-border-radius-bottom-right:0px;--awb-border-radius-bottom-left:0px;--awb-padding-top:25px;--awb-flex-wrap:wrap;\" ><div class=\"fusion-builder-row fusion-row\"><div class=\"fusion-layout-column fusion_builder_column fusion-builder-column-13 fusion_builder_column_1_1 1_1 fusion-one-full fusion-column-first fusion-column-last\" style=\"--awb-bg-size:cover;\"><div class=\"fusion-column-wrapper fusion-flex-column-wrapper-legacy\"><div class=\"fusion-text fusion-text-16\"><h3><strong>25 Jahre Liebe und Gastfreundschaft (2000-2025):<\/strong><\/h3>\n<\/div><div class=\"fusion-text fusion-text-17\"><div style=\"width: 1100px;\" class=\"wp-video\"><video class=\"wp-video-shortcode\" id=\"video-530-1\" width=\"1100\" height=\"619\" preload=\"metadata\" controls=\"controls\"><source type=\"video\/mp4\" src=\"https:\/\/agroturismesonllado.com\/wp-content\/uploads\/2025\/06\/SON-LLADO-ENGLISH-SUBTITLES1.mp4?_=1\" \/><a href=\"https:\/\/agroturismesonllado.com\/wp-content\/uploads\/2025\/06\/SON-LLADO-ENGLISH-SUBTITLES1.mp4\">https:\/\/agroturismesonllado.com\/wp-content\/uploads\/2025\/06\/SON-LLADO-ENGLISH-SUBTITLES1.mp4<\/a><\/video><\/div>\n<\/div><div class=\"fusion-clearfix\"><\/div><\/div><\/div><\/div><\/div><\/p>\n","protected":false},"excerpt":{"rendered":"<p>25 Jahre Liebe und Gastfreundschaft (2000-2025)<\/p>\n","protected":false},"author":1,"featured_media":0,"parent":0,"menu_order":0,"comment_status":"closed","ping_status":"closed","template":"","meta":{"footnotes":""},"class_list":["post-530","page","type-page","status-publish","hentry"],"_links":{"self":[{"href":"https:\/\/agroturismesonllado.com\/de\/wp-json\/wp\/v2\/pages\/530","targetHints":{"allow":["GET"]}}],"collection":[{"href":"https:\/\/agroturismesonllado.com\/de\/wp-json\/wp\/v2\/pages"}],"about":[{"href":"https:\/\/agroturismesonllado.com\/de\/wp-json\/wp\/v2\/types\/page"}],"author":[{"embeddable":true,"href":"https:\/\/agroturismesonllado.com\/de\/wp-json\/wp\/v2\/users\/1"}],"replies":[{"embeddable":true,"href":"https:\/\/agroturismesonllado.com\/de\/wp-json\/wp\/v2\/comments?post=530"}],"version-history":[{"count":11,"href":"https:\/\/agroturismesonllado.com\/de\/wp-json\/wp\/v2\/pages\/530\/revisions"}],"predecessor-version":[{"id":3452,"href":"https:\/\/agroturismesonllado.com\/de\/wp-json\/wp\/v2\/pages\/530\/revisions\/3452"}],"wp:attachment":[{"href":"https:\/\/agroturismesonllado.com\/de\/wp-json\/wp\/v2\/media?parent=530"}],"curies":[{"name":"wp","href":"https:\/\/api.w.org\/{rel}","templated":true}]}}