{"id":515,"date":"2018-02-11T22:04:40","date_gmt":"2018-02-11T22:04:40","guid":{"rendered":"http:\/\/www.agroturismesonllado.com\/apartaments\/"},"modified":"2024-12-26T10:50:50","modified_gmt":"2024-12-26T08:50:50","slug":"wohnung","status":"publish","type":"page","link":"https:\/\/agroturismesonllado.com\/de\/wohnung\/","title":{"rendered":"Unterkunft"},"content":{"rendered":"<p><div class=\"fusion-fullwidth fullwidth-box fusion-builder-row-1 nonhundred-percent-fullwidth non-hundred-percent-height-scrolling\" style=\"--awb-border-radius-top-left:0px;--awb-border-radius-top-right:0px;--awb-border-radius-bottom-right:0px;--awb-border-radius-bottom-left:0px;--awb-flex-wrap:wrap;\" ><div class=\"fusion-builder-row fusion-row\"><div class=\"fusion-layout-column fusion_builder_column fusion-builder-column-0 fusion_builder_column_1_5 1_5 fusion-one-fifth fusion-column-first\" style=\"--awb-bg-size:cover;width:20%;width:calc(20% - ( ( 4% + 4% + 4% + 4% ) * 0.2 ) );margin-right: 4%;\"><div class=\"fusion-column-wrapper fusion-flex-column-wrapper-legacy\"><div class=\"fusion-title title fusion-title-1 fusion-sep-none fusion-title-text fusion-title-size-one\"><h1 class=\"fusion-title-heading title-heading-left\" style=\"margin:0;\">La Bovera<\/h1><\/div><div class=\"fusion-image-element in-legacy-container\" style=\"--awb-caption-title-font-family:var(--h2_typography-font-family);--awb-caption-title-font-weight:var(--h2_typography-font-weight);--awb-caption-title-font-style:var(--h2_typography-font-style);--awb-caption-title-size:var(--h2_typography-font-size);--awb-caption-title-transform:var(--h2_typography-text-transform);--awb-caption-title-line-height:var(--h2_typography-line-height);--awb-caption-title-letter-spacing:var(--h2_typography-letter-spacing);\"><span class=\" fusion-imageframe imageframe-none imageframe-1 hover-type-zoomin\" style=\"border:5px solid #f6f6f6;\"><a class=\"fusion-no-lightbox\" href=\"http:\/\/www.agroturismesonllado.com\/wohnung\/bovera\/?lang=de\" target=\"_self\" aria-label=\"bovera_001\"><img decoding=\"async\" width=\"300\" height=\"188\" src=\"https:\/\/agroturismesonllado.com\/wp-content\/uploads\/2018\/04\/bovera_001-1-300x188.jpeg\" alt class=\"img-responsive wp-image-2064\" srcset=\"https:\/\/agroturismesonllado.com\/wp-content\/uploads\/2018\/04\/bovera_001-1-300x188.jpeg 300w, https:\/\/agroturismesonllado.com\/wp-content\/uploads\/2018\/04\/bovera_001-1-768x480.jpeg 768w, https:\/\/agroturismesonllado.com\/wp-content\/uploads\/2018\/04\/bovera_001-1-1024x640.jpeg 1024w, https:\/\/agroturismesonllado.com\/wp-content\/uploads\/2018\/04\/bovera_001-1-1536x960.jpeg 1536w, https:\/\/agroturismesonllado.com\/wp-content\/uploads\/2018\/04\/bovera_001-1.jpeg 1568w\" sizes=\"(max-width: 300px) 100vw, 300px\" \/><\/a><\/span><\/div><div class=\"fusion-sep-clear\"><\/div><div class=\"fusion-separator fusion-full-width-sep\" style=\"margin-left: auto;margin-right: auto;width:100%;\"><div class=\"fusion-separator-border sep-single sep-solid\" style=\"--awb-height:20px;--awb-amount:20px;border-color:#e0dede;border-top-width:1px;\"><\/div><\/div><div class=\"fusion-sep-clear\"><\/div><div class=\"fusion-text fusion-text-1\"><p>Ferienwohnung mit 2 Schlafzimmern im antiken Geb\u00e4udeteil, wo damals die K\u00fche gemolken wurden. Nebengeb\u00e4ude mit separatem Eingang und Terrassen.<\/p>\n<\/div><div class=\"fusion-align-block\"><a class=\"fusion-button button-flat fusion-button-default-size button-default fusion-button-default button-1 fusion-button-span-yes fusion-button-default-type\" target=\"_self\" href=\"https:\/\/agroturismesonllado.com\/de\/wohnung\/bovera\/\"><span class=\"fusion-button-text\">Details<\/span><\/a><\/div><div class=\"fusion-clearfix\"><\/div><\/div><\/div><div class=\"fusion-layout-column fusion_builder_column fusion-builder-column-1 fusion_builder_column_1_5 1_5 fusion-one-fifth\" style=\"--awb-bg-size:cover;width:20%;width:calc(20% - ( ( 4% + 4% + 4% + 4% ) * 0.2 ) );margin-right: 4%;\"><div class=\"fusion-column-wrapper fusion-flex-column-wrapper-legacy\"><div class=\"fusion-title title fusion-title-2 fusion-sep-none fusion-title-text fusion-title-size-one\"><h1 class=\"fusion-title-heading title-heading-left\" style=\"margin:0;\">El Graner<\/h1><\/div><div class=\"fusion-image-element in-legacy-container\" style=\"--awb-caption-title-font-family:var(--h2_typography-font-family);--awb-caption-title-font-weight:var(--h2_typography-font-weight);--awb-caption-title-font-style:var(--h2_typography-font-style);--awb-caption-title-size:var(--h2_typography-font-size);--awb-caption-title-transform:var(--h2_typography-text-transform);--awb-caption-title-line-height:var(--h2_typography-line-height);--awb-caption-title-letter-spacing:var(--h2_typography-letter-spacing);\"><span class=\" fusion-imageframe imageframe-none imageframe-2 hover-type-zoomin\" style=\"border:5px solid #f6f6f6;\"><a class=\"fusion-no-lightbox\" href=\"http:\/\/www.agroturismesonllado.com\/wohnung\/el-graner\/?lang=de\" target=\"_self\" aria-label=\"Es-porxo-001\"><img decoding=\"async\" width=\"300\" height=\"188\" src=\"https:\/\/agroturismesonllado.com\/wp-content\/uploads\/2018\/04\/Es-porxo-001-1-300x188.jpg\" alt class=\"img-responsive wp-image-2220\" srcset=\"https:\/\/agroturismesonllado.com\/wp-content\/uploads\/2018\/04\/Es-porxo-001-1-300x188.jpg 300w, https:\/\/agroturismesonllado.com\/wp-content\/uploads\/2018\/04\/Es-porxo-001-1-768x480.jpg 768w, https:\/\/agroturismesonllado.com\/wp-content\/uploads\/2018\/04\/Es-porxo-001-1-1024x640.jpg 1024w, https:\/\/agroturismesonllado.com\/wp-content\/uploads\/2018\/04\/Es-porxo-001-1-1536x960.jpg 1536w, https:\/\/agroturismesonllado.com\/wp-content\/uploads\/2018\/04\/Es-porxo-001-1.jpg 1568w\" sizes=\"(max-width: 300px) 100vw, 300px\" \/><\/a><\/span><\/div><div class=\"fusion-sep-clear\"><\/div><div class=\"fusion-separator fusion-full-width-sep\" style=\"margin-left: auto;margin-right: auto;width:100%;\"><div class=\"fusion-separator-border sep-single sep-solid\" style=\"--awb-height:20px;--awb-amount:20px;border-color:#e0dede;border-top-width:1px;\"><\/div><\/div><div class=\"fusion-sep-clear\"><\/div><div class=\"fusion-text fusion-text-2\"><p>Ferienwohnung mit 2 Schlafzimmern im Hauptgeb\u00e4ude. Fr\u00fcher waren hier der Getreide\u2013 und Vorratsspeicher sowie ein Taubenschlag.<\/p>\n<\/div><div class=\"fusion-align-block\"><a class=\"fusion-button button-flat fusion-button-default-size button-default fusion-button-default button-2 fusion-button-span-yes fusion-button-default-type\" target=\"_self\" href=\"https:\/\/agroturismesonllado.com\/de\/wohnung\/el-graner\/\"><span class=\"fusion-button-text\">Details<\/span><\/a><\/div><div class=\"fusion-clearfix\"><\/div><\/div><\/div><div class=\"fusion-layout-column fusion_builder_column fusion-builder-column-2 fusion_builder_column_1_5 1_5 fusion-one-fifth\" style=\"--awb-bg-size:cover;width:20%;width:calc(20% - ( ( 4% + 4% + 4% + 4% ) * 0.2 ) );margin-right: 4%;\"><div class=\"fusion-column-wrapper fusion-flex-column-wrapper-legacy\"><div class=\"fusion-title title fusion-title-3 fusion-sep-none fusion-title-text fusion-title-size-one\"><h1 class=\"fusion-title-heading title-heading-left\" style=\"margin:0;\">La Pa\u00efssa<\/h1><\/div><div class=\"fusion-image-element in-legacy-container\" style=\"--awb-caption-title-font-family:var(--h2_typography-font-family);--awb-caption-title-font-weight:var(--h2_typography-font-weight);--awb-caption-title-font-style:var(--h2_typography-font-style);--awb-caption-title-size:var(--h2_typography-font-size);--awb-caption-title-transform:var(--h2_typography-text-transform);--awb-caption-title-line-height:var(--h2_typography-line-height);--awb-caption-title-letter-spacing:var(--h2_typography-letter-spacing);\"><span class=\" fusion-imageframe imageframe-none imageframe-3 hover-type-zoomin\" style=\"border:5px solid #f6f6f6;\"><a class=\"fusion-no-lightbox\" href=\"http:\/\/www.agroturismesonllado.com\/wohnung\/la-paissa\/?lang=de\" target=\"_self\" aria-label=\"paissa_007\"><img decoding=\"async\" width=\"300\" height=\"188\" src=\"https:\/\/agroturismesonllado.com\/wp-content\/uploads\/2018\/04\/paissa_007-1-300x188.jpeg\" alt class=\"img-responsive wp-image-2168\" srcset=\"https:\/\/agroturismesonllado.com\/wp-content\/uploads\/2018\/04\/paissa_007-1-300x188.jpeg 300w, https:\/\/agroturismesonllado.com\/wp-content\/uploads\/2018\/04\/paissa_007-1-768x480.jpeg 768w, https:\/\/agroturismesonllado.com\/wp-content\/uploads\/2018\/04\/paissa_007-1-1024x640.jpeg 1024w, https:\/\/agroturismesonllado.com\/wp-content\/uploads\/2018\/04\/paissa_007-1-1536x960.jpeg 1536w, https:\/\/agroturismesonllado.com\/wp-content\/uploads\/2018\/04\/paissa_007-1.jpeg 1568w\" sizes=\"(max-width: 300px) 100vw, 300px\" \/><\/a><\/span><\/div><div class=\"fusion-sep-clear\"><\/div><div class=\"fusion-separator fusion-full-width-sep\" style=\"margin-left: auto;margin-right: auto;width:100%;\"><div class=\"fusion-separator-border sep-single sep-solid\" style=\"--awb-height:20px;--awb-amount:20px;border-color:#e0dede;border-top-width:1px;\"><\/div><\/div><div class=\"fusion-sep-clear\"><\/div><div class=\"fusion-text fusion-text-3\"><p>Ferienwohnung mit 2 Schlafzimmern.\u00a0Sie entstand aus der Renovierung des fr\u00fcheren Pferdestalls.<\/p>\n<\/div><div class=\"fusion-align-block\"><a class=\"fusion-button button-flat fusion-button-default-size button-default fusion-button-default button-3 fusion-button-span-yes fusion-button-default-type\" target=\"_self\" href=\"https:\/\/agroturismesonllado.com\/de\/wohnung\/la-paissa\/\"><span class=\"fusion-button-text\">Details<\/span><\/a><\/div><div class=\"fusion-clearfix\"><\/div><\/div><\/div><div class=\"fusion-layout-column fusion_builder_column fusion-builder-column-3 fusion_builder_column_1_5 1_5 fusion-one-fifth\" style=\"--awb-bg-size:cover;width:20%;width:calc(20% - ( ( 4% + 4% + 4% + 4% ) * 0.2 ) );margin-right: 4%;\"><div class=\"fusion-column-wrapper fusion-flex-column-wrapper-legacy\"><div class=\"fusion-title title fusion-title-4 fusion-sep-none fusion-title-text fusion-title-size-one\"><h1 class=\"fusion-title-heading title-heading-left\" style=\"margin:0;\">La Volta<\/h1><\/div><div class=\"fusion-image-element in-legacy-container\" style=\"--awb-caption-title-font-family:var(--h2_typography-font-family);--awb-caption-title-font-weight:var(--h2_typography-font-weight);--awb-caption-title-font-style:var(--h2_typography-font-style);--awb-caption-title-size:var(--h2_typography-font-size);--awb-caption-title-transform:var(--h2_typography-text-transform);--awb-caption-title-line-height:var(--h2_typography-line-height);--awb-caption-title-letter-spacing:var(--h2_typography-letter-spacing);\"><span class=\" fusion-imageframe imageframe-none imageframe-4 hover-type-zoomin\" style=\"border:5px solid #f6f6f6;\"><a class=\"fusion-no-lightbox\" href=\"http:\/\/www.agroturismesonllado.com\/wohnung\/la-volta\/?lang=de\" target=\"_self\" aria-label=\"volta_009\"><img decoding=\"async\" width=\"300\" height=\"188\" src=\"https:\/\/agroturismesonllado.com\/wp-content\/uploads\/2018\/04\/volta_009-1-300x188.jpeg\" alt class=\"img-responsive wp-image-2204\" srcset=\"https:\/\/agroturismesonllado.com\/wp-content\/uploads\/2018\/04\/volta_009-1-300x188.jpeg 300w, https:\/\/agroturismesonllado.com\/wp-content\/uploads\/2018\/04\/volta_009-1-768x480.jpeg 768w, https:\/\/agroturismesonllado.com\/wp-content\/uploads\/2018\/04\/volta_009-1-1024x640.jpeg 1024w, https:\/\/agroturismesonllado.com\/wp-content\/uploads\/2018\/04\/volta_009-1-1536x960.jpeg 1536w, https:\/\/agroturismesonllado.com\/wp-content\/uploads\/2018\/04\/volta_009-1-1568x980.jpeg 1568w\" sizes=\"(max-width: 300px) 100vw, 300px\" \/><\/a><\/span><\/div><div class=\"fusion-sep-clear\"><\/div><div class=\"fusion-separator fusion-full-width-sep\" style=\"margin-left: auto;margin-right: auto;width:100%;\"><div class=\"fusion-separator-border sep-single sep-solid\" style=\"--awb-height:20px;--awb-amount:20px;border-color:#e0dede;border-top-width:1px;\"><\/div><\/div><div class=\"fusion-sep-clear\"><\/div><div class=\"fusion-text fusion-text-4\"><p>Ferienwohnung mit 2 Schlafzimmern im Haupthaus. Die R\u00e4ume dienten dem fr\u00fcheren Besitzer, oder besser gesagt, dem Gutsherren als Privatgem\u00e4cher.<\/p>\n<\/div><div class=\"fusion-align-block\"><a class=\"fusion-button button-flat fusion-button-default-size button-default fusion-button-default button-4 fusion-button-span-yes fusion-button-default-type\" target=\"_self\" href=\"https:\/\/agroturismesonllado.com\/de\/wohnung\/la-volta\"><span class=\"fusion-button-text\">Details<\/span><\/a><\/div><div class=\"fusion-clearfix\"><\/div><\/div><\/div><div class=\"fusion-layout-column fusion_builder_column fusion-builder-column-4 fusion_builder_column_1_5 1_5 fusion-one-fifth fusion-column-last\" style=\"--awb-bg-size:cover;width:20%;width:calc(20% - ( ( 4% + 4% + 4% + 4% ) * 0.2 ) );\"><div class=\"fusion-column-wrapper fusion-flex-column-wrapper-legacy\"><div class=\"fusion-title title fusion-title-5 fusion-sep-none fusion-title-text fusion-title-size-one\"><h1 class=\"fusion-title-heading title-heading-left\" style=\"margin:0;\">El Porxo<\/h1><\/div><div class=\"fusion-image-element in-legacy-container\" style=\"--awb-caption-title-font-family:var(--h2_typography-font-family);--awb-caption-title-font-weight:var(--h2_typography-font-weight);--awb-caption-title-font-style:var(--h2_typography-font-style);--awb-caption-title-size:var(--h2_typography-font-size);--awb-caption-title-transform:var(--h2_typography-text-transform);--awb-caption-title-line-height:var(--h2_typography-line-height);--awb-caption-title-letter-spacing:var(--h2_typography-letter-spacing);\"><span class=\" fusion-imageframe imageframe-none imageframe-5 hover-type-zoomin\" style=\"border:5px solid #f6f6f6;\"><a class=\"fusion-no-lightbox\" href=\"http:\/\/www.agroturismesonllado.com\/wohnung\/el-porxo\/?lang=de\" target=\"_self\" aria-label=\"esporxo_006\"><img decoding=\"async\" width=\"300\" height=\"188\" src=\"https:\/\/agroturismesonllado.com\/wp-content\/uploads\/2018\/04\/esporxo_006-1-300x188.jpeg\" alt class=\"img-responsive wp-image-2108\" srcset=\"https:\/\/agroturismesonllado.com\/wp-content\/uploads\/2018\/04\/esporxo_006-1-300x188.jpeg 300w, https:\/\/agroturismesonllado.com\/wp-content\/uploads\/2018\/04\/esporxo_006-1-768x480.jpeg 768w, https:\/\/agroturismesonllado.com\/wp-content\/uploads\/2018\/04\/esporxo_006-1-1024x640.jpeg 1024w, https:\/\/agroturismesonllado.com\/wp-content\/uploads\/2018\/04\/esporxo_006-1-1536x960.jpeg 1536w, https:\/\/agroturismesonllado.com\/wp-content\/uploads\/2018\/04\/esporxo_006-1.jpeg 1568w\" sizes=\"(max-width: 300px) 100vw, 300px\" \/><\/a><\/span><\/div><div class=\"fusion-sep-clear\"><\/div><div class=\"fusion-separator fusion-full-width-sep\" style=\"margin-left: auto;margin-right: auto;width:100%;\"><div class=\"fusion-separator-border sep-single sep-solid\" style=\"--awb-height:20px;--awb-amount:20px;border-color:#e0dede;border-top-width:1px;\"><\/div><\/div><div class=\"fusion-sep-clear\"><\/div><div class=\"fusion-text fusion-text-5\"><p>Ferienhaus mit 3 Schlafzimmern errichtet aus der fr\u00fcheren Scheune.<\/p>\n<\/div><div class=\"fusion-align-block\"><a class=\"fusion-button button-flat fusion-button-default-size button-default fusion-button-default button-5 fusion-button-span-yes fusion-button-default-type\" target=\"_self\" href=\"https:\/\/agroturismesonllado.com\/de\/wohnung\/el-porxo\/\"><span class=\"fusion-button-text\">Details<\/span><\/a><\/div><div class=\"fusion-clearfix\"><\/div><\/div><\/div><div class=\"fusion-layout-column fusion_builder_column fusion-builder-column-5 fusion_builder_column_1_1 1_1 fusion-one-full fusion-column-first fusion-column-last\" style=\"--awb-bg-size:cover;\"><div class=\"fusion-column-wrapper fusion-flex-column-wrapper-legacy\"><div class=\"fusion-title title fusion-title-6 fusion-title-center fusion-title-text fusion-title-size-one\"><div class=\"title-sep-container title-sep-container-left\"><div class=\"title-sep sep-single sep-dotted\" style=\"border-color:#e0dede;\"><\/div><\/div><span class=\"awb-title-spacer\"><\/span><h1 class=\"fusion-title-heading title-heading-center\" style=\"margin:0;\">Preise 2025 (Steuern nicht inbegriffen)<\/h1><span class=\"awb-title-spacer\"><\/span><div class=\"title-sep-container title-sep-container-right\"><div class=\"title-sep sep-single sep-dotted\" style=\"border-color:#e0dede;\"><\/div><\/div><\/div>\n<div class=\"table-2\">\n<table width=\"100%\">\n<thead>\n<tr>\n<th align=\"left\">Appartement\/Haus\/Wohnung<\/th>\n<th align=\"left\">Nov\/ Dez\/ Jan\/ Feb\/ M\u00e4rz<\/th>\n<th align=\"left\">Apr\/ Mai\/ Jun<\/th>\n<th align=\"left\">Jul\/ Aug\/ Sep\/ Okt<\/th>\n<\/tr>\n<\/thead>\n<tbody>\n<tr>\n<td>PA\u00cfSSA (4 Pers)<\/td>\n<td>157,50\u20ac<\/td>\n<td>170,00\u20ac<\/td>\n<td>180,00<\/td>\n<\/tr>\n<tr>\n<td><\/td>\n<td><\/td>\n<td><\/td>\n<td><\/td>\n<\/tr>\n<tr>\n<td>VOLTA (2 Pers)<\/td>\n<td>126,00\u20ac<\/td>\n<td>143,00\u20ac<\/td>\n<td>159,50\u20ac<\/td>\n<\/tr>\n<tr>\n<td><\/td>\n<td><\/td>\n<td><\/td>\n<td><\/td>\n<\/tr>\n<tr>\n<td>GRANER (4 Pers)<\/td>\n<td>168,00\u20ac<\/td>\n<td>180,00\u20ac<\/td>\n<td>195,00\u20ac<\/td>\n<\/tr>\n<tr>\n<td><\/td>\n<td><\/td>\n<td><\/td>\n<td><\/td>\n<\/tr>\n<tr>\n<td>BOVERA (4 Pers)<\/td>\n<td>168,00\u20ac<\/td>\n<td>180,00\u20ac<\/td>\n<td>195,00\u20ac<\/td>\n<\/tr>\n<tr>\n<td><\/td>\n<td><\/td>\n<td><\/td>\n<td><\/td>\n<\/tr>\n<tr>\n<td>PORXO (6 Pers)<\/td>\n<td>220,50\u20ac<\/td>\n<td>235,00\u20ac<\/td>\n<td>250,00\u20ac<\/td>\n<\/tr>\n<tr>\n<td><\/td>\n<td><\/td>\n<td><\/td>\n<td><\/td>\n<\/tr>\n<\/tbody>\n<\/table>\n<\/div>\n<div class=\"fusion-sep-clear\"><\/div><div class=\"fusion-separator fusion-full-width-sep\" style=\"margin-left: auto;margin-right: auto;width:100%;\"><div class=\"fusion-separator-border sep-single sep-dotted\" style=\"--awb-height:20px;--awb-amount:20px;border-color:#e0dede;border-top-width:1px;\"><\/div><\/div><div class=\"fusion-sep-clear\"><\/div><div class=\"fusion-clearfix\"><\/div><\/div><\/div><\/div><\/div><div class=\"fusion-fullwidth fullwidth-box fusion-builder-row-2 nonhundred-percent-fullwidth non-hundred-percent-height-scrolling\" style=\"--awb-border-radius-top-left:0px;--awb-border-radius-top-right:0px;--awb-border-radius-bottom-right:0px;--awb-border-radius-bottom-left:0px;--awb-flex-wrap:wrap;\" ><div class=\"fusion-builder-row fusion-row\"><div class=\"fusion-layout-column fusion_builder_column fusion-builder-column-6 fusion_builder_column_1_1 1_1 fusion-one-full fusion-column-first fusion-column-last\" style=\"--awb-bg-size:cover;\"><div class=\"fusion-column-wrapper fusion-flex-column-wrapper-legacy\"><div class=\"fusion-text fusion-text-6\"><p>Grundpreise <strong>pro Unterkunft und pro Tag<\/strong> in Euro <strong>exklusive 10% MwSt<\/strong>. Der Preis beinhaltet Unterkunft und <strong>Reinigungsservice alle 4 Tage<\/strong> mit Wechsel der Bettw\u00e4sche und Handt\u00fccher.<\/p>\n<p>In nicht in Betracht gezogen F\u00e4llen wenden Sie sich bitte direkt an den Eigent\u00fcmer: <a href=\"mailto:pep@agroturismesonllado.com\">pep@agroturismesonllado.com<\/a><\/p>\n<\/div>\n<div class=\"table-2\">\n<table width=\"100%\">\n<thead>\n<tr>\n<th align=\"left\">Sonstiges<\/th>\n<th align=\"left\">Preis<\/th>\n<\/tr>\n<\/thead>\n<tbody>\n<tr>\n<td align=\"left\">Extra Reinigung<\/td>\n<td align=\"left\">\u00a09,00 \u20ac\/Person\/Tag<\/td>\n<\/tr>\n<tr>\n<td align=\"left\">Zustellbett<\/td>\n<td align=\"left\">19,50 \u20ac\/Person\/Tag<\/td>\n<\/tr>\n<tr>\n<td align=\"left\">Babybett<\/td>\n<td align=\"left\">Kostenlos<\/td>\n<\/tr>\n<tr>\n<td align=\"left\"><\/td>\n<td align=\"left\"><\/td>\n<\/tr>\n<tr>\n<td align=\"left\"><\/td>\n<td align=\"left\"><\/td>\n<\/tr>\n<tr>\n<td align=\"left\"><\/td>\n<td align=\"left\"><\/td>\n<\/tr>\n<\/tbody>\n<\/table>\n<\/div>\n<div class=\"fusion-text fusion-text-7\"><p><strong>Preise ohne MwSt. 10%<\/strong><\/p>\n<p><strong>\u00d6KOSTEUER 2025: 2,- EUR\/ Person (\u00fcber 16 Jahre)\/ Tag plus 10% MwSt.<\/strong><\/p>\n<\/div><div class=\"fusion-clearfix\"><\/div><\/div><\/div><\/div><\/div><\/p>\n","protected":false},"excerpt":{"rendered":"","protected":false},"author":1,"featured_media":0,"parent":0,"menu_order":0,"comment_status":"closed","ping_status":"closed","template":"","meta":{"footnotes":""},"class_list":["post-515","page","type-page","status-publish","hentry"],"_links":{"self":[{"href":"https:\/\/agroturismesonllado.com\/de\/wp-json\/wp\/v2\/pages\/515","targetHints":{"allow":["GET"]}}],"collection":[{"href":"https:\/\/agroturismesonllado.com\/de\/wp-json\/wp\/v2\/pages"}],"about":[{"href":"https:\/\/agroturismesonllado.com\/de\/wp-json\/wp\/v2\/types\/page"}],"author":[{"embeddable":true,"href":"https:\/\/agroturismesonllado.com\/de\/wp-json\/wp\/v2\/users\/1"}],"replies":[{"embeddable":true,"href":"https:\/\/agroturismesonllado.com\/de\/wp-json\/wp\/v2\/comments?post=515"}],"version-history":[{"count":12,"href":"https:\/\/agroturismesonllado.com\/de\/wp-json\/wp\/v2\/pages\/515\/revisions"}],"predecessor-version":[{"id":3378,"href":"https:\/\/agroturismesonllado.com\/de\/wp-json\/wp\/v2\/pages\/515\/revisions\/3378"}],"wp:attachment":[{"href":"https:\/\/agroturismesonllado.com\/de\/wp-json\/wp\/v2\/media?parent=515"}],"curies":[{"name":"wp","href":"https:\/\/api.w.org\/{rel}","templated":true}]}}