{"id":2710,"date":"2018-04-23T15:39:21","date_gmt":"2018-04-23T15:39:21","guid":{"rendered":"https:\/\/agroturismesonllado.com\/wohnung\/el-graner\/"},"modified":"2021-05-30T18:05:17","modified_gmt":"2021-05-30T18:05:17","slug":"el-graner","status":"publish","type":"page","link":"https:\/\/agroturismesonllado.com\/de\/wohnung\/el-graner\/","title":{"rendered":"El Graner"},"content":{"rendered":"<p><div class=\"fusion-fullwidth fullwidth-box fusion-builder-row-1 nonhundred-percent-fullwidth non-hundred-percent-height-scrolling\" style=\"--awb-border-radius-top-left:0px;--awb-border-radius-top-right:0px;--awb-border-radius-bottom-right:0px;--awb-border-radius-bottom-left:0px;--awb-flex-wrap:wrap;\" ><div class=\"fusion-builder-row fusion-row\"><div class=\"fusion-layout-column fusion_builder_column fusion-builder-column-0 fusion_builder_column_2_5 2_5 fusion-two-fifth fusion-column-first\" style=\"--awb-bg-size:cover;width:40%;width:calc(40% - ( ( 4% ) * 0.4 ) );margin-right: 4%;\"><div class=\"fusion-column-wrapper fusion-flex-column-wrapper-legacy\"><div class=\"fusion-title title fusion-title-1 fusion-sep-none fusion-title-text fusion-title-size-one\"><h1 class=\"fusion-title-heading title-heading-left\" style=\"margin:0;\">Ferienwohnung mit 2 Schlafzimmern im Hauptgeb\u00e4ude. Fr\u00fcher waren hier der Getreide\u2013 und Vorratsspeicher sowie ein Taubenschlag.<\/h1><\/div><div class=\"fusion-text fusion-text-1\"><h2>Kapazit\u00e4t f\u00fcr 4 Personen. Zustellbett m\u00f6glich.<\/h2>\n<\/div><div class=\"fusion-clearfix\"><\/div><\/div><\/div><div class=\"fusion-layout-column fusion_builder_column fusion-builder-column-1 fusion_builder_column_3_5 3_5 fusion-three-fifth fusion-column-last\" style=\"--awb-bg-size:cover;width:60%;width:calc(60% - ( ( 4% ) * 0.6 ) );\"><div class=\"fusion-column-wrapper fusion-flex-column-wrapper-legacy\"><div class=\"fusion-tabs fusion-tabs-1 classic nav-is-justified horizontal-tabs icon-position-left mobile-mode-accordion\" style=\"--awb-title-border-radius-top-left:0px;--awb-title-border-radius-top-right:0px;--awb-title-border-radius-bottom-right:0px;--awb-title-border-radius-bottom-left:0px;--awb-inactive-color:#ebeaea;--awb-background-color:#ffffff;--awb-border-color:#ebeaea;--awb-active-border-color:#a0ce4e;\"><div class=\"nav\"><ul class=\"nav-tabs nav-justified\" role=\"tablist\"><li class=\"active\" role=\"presentation\"><a class=\"tab-link\" data-toggle=\"tab\" role=\"tab\" aria-controls=\"tab-c04e56f70595010c700\" aria-selected=\"true\" id=\"fusion-tab-aufteilung\" href=\"#tab-c04e56f70595010c700\"><h4 class=\"fusion-tab-heading\"><i class=\"fontawesome-icon fa-th-large fas\" aria-hidden=\"true\" style=\"font-size:13px;\"><\/i>Aufteilung<\/h4><\/a><\/li><li role=\"presentation\"><a class=\"tab-link\" data-toggle=\"tab\" role=\"tab\" aria-controls=\"tab-e311d223bc93aedbec0\" aria-selected=\"false\" tabindex=\"-1\" id=\"fusion-tab-ausr\u00fcstung\" href=\"#tab-e311d223bc93aedbec0\"><h4 class=\"fusion-tab-heading\"><i class=\"fontawesome-icon fa-list-alt far\" aria-hidden=\"true\" style=\"font-size:13px;\"><\/i>Ausr\u00fcstung<\/h4><\/a><\/li><li role=\"presentation\"><a class=\"tab-link\" data-toggle=\"tab\" role=\"tab\" aria-controls=\"tab-40858e8ef2d476e3dea\" aria-selected=\"false\" tabindex=\"-1\" id=\"fusion-tab-weiterdetails\" href=\"#tab-40858e8ef2d476e3dea\"><h4 class=\"fusion-tab-heading\"><i class=\"fontawesome-icon fa-star fas\" aria-hidden=\"true\" style=\"font-size:13px;\"><\/i>Weiter Details<\/h4><\/a><\/li><\/ul><\/div><div class=\"tab-content\"><div class=\"nav fusion-mobile-tab-nav\"><ul class=\"nav-tabs nav-justified\" role=\"tablist\"><li class=\"active\" role=\"presentation\"><a class=\"tab-link\" data-toggle=\"tab\" role=\"tab\" aria-controls=\"tab-c04e56f70595010c700\" aria-selected=\"true\" id=\"mobile-fusion-tab-aufteilung\" href=\"#tab-c04e56f70595010c700\"><h4 class=\"fusion-tab-heading\"><i class=\"fontawesome-icon fa-th-large fas\" aria-hidden=\"true\" style=\"font-size:13px;\"><\/i>Aufteilung<\/h4><\/a><\/li><\/ul><\/div><div class=\"tab-pane fade fusion-clearfix in active\" role=\"tabpanel\" tabindex=\"0\" aria-labelledby=\"fusion-tab-aufteilung\" id=\"tab-c04e56f70595010c700\">\n<ul>\n<li>2 Doppelzimmer<\/li>\n<li>2 Badezimmer<\/li>\n<li>1 K\u00fcche<\/li>\n<li>1 Wohn-Esszimmer<\/li>\n<li>1 private Terrasse<\/li>\n<li>Insgesamt 85 m2 Wohnraum + 20 m2 private Terrasse<\/li>\n<\/ul>\n<\/div><div class=\"nav fusion-mobile-tab-nav\"><ul class=\"nav-tabs nav-justified\" role=\"tablist\"><li role=\"presentation\"><a class=\"tab-link\" data-toggle=\"tab\" role=\"tab\" aria-controls=\"tab-e311d223bc93aedbec0\" aria-selected=\"false\" tabindex=\"-1\" id=\"mobile-fusion-tab-ausr\u00fcstung\" href=\"#tab-e311d223bc93aedbec0\"><h4 class=\"fusion-tab-heading\"><i class=\"fontawesome-icon fa-list-alt far\" aria-hidden=\"true\" style=\"font-size:13px;\"><\/i>Ausr\u00fcstung<\/h4><\/a><\/li><\/ul><\/div><div class=\"tab-pane fade fusion-clearfix\" role=\"tabpanel\" tabindex=\"0\" aria-labelledby=\"fusion-tab-ausr\u00fcstung\" id=\"tab-e311d223bc93aedbec0\">\n<ul>\n<li>Gemeinschaftsgrill, Backofen und W\u00e4scherei<\/li>\n<li>Klimaanlage <\/li>\n<li>Zentralheizung<\/li>\n<li>Holzofen<\/li>\n<li>Vitrokeramische K\u00fcche<\/li>\n<li>K\u00fchlschrank, Mikrowelle<\/li>\n<li>Geschirr<\/li>\n<li>Bettw\u00e4sche<\/li>\n<li>Handt\u00fccher (Bad und Pool)<\/li>\n<li>Wlan<\/li>\n<li>Smart TV<\/li>\n<\/ul>\n<\/div><div class=\"nav fusion-mobile-tab-nav\"><ul class=\"nav-tabs nav-justified\" role=\"tablist\"><li role=\"presentation\"><a class=\"tab-link\" data-toggle=\"tab\" role=\"tab\" aria-controls=\"tab-40858e8ef2d476e3dea\" aria-selected=\"false\" tabindex=\"-1\" id=\"mobile-fusion-tab-weiterdetails\" href=\"#tab-40858e8ef2d476e3dea\"><h4 class=\"fusion-tab-heading\"><i class=\"fontawesome-icon fa-star fas\" aria-hidden=\"true\" style=\"font-size:13px;\"><\/i>Weiter Details<\/h4><\/a><\/li><\/ul><\/div><div class=\"tab-pane fade fusion-clearfix\" role=\"tabpanel\" tabindex=\"0\" aria-labelledby=\"fusion-tab-weiterdetails\" id=\"tab-40858e8ef2d476e3dea\">\n<p>Blick auf die G\u00e4rten, das \u00d6komuseum und die umliegenden Felder. Hochwertige Holzschreinerei im rustikalen Stil. Aluminiumjalousien. Doppelbett 180 \u00d7 200 cm mit geschnitztem Holzkopfteil. 90 x 190 cm Einzelbetten.<\/p>\n<\/div><\/div><\/div><div class=\"fusion-aligncenter\"><a class=\"fusion-button button-flat button-large button-default fusion-button-default button-1 fusion-button-default-span fusion-button-default-type\" target=\"_self\" href=\"http:\/\/www.agroturismesonllado.com\/de\/reservieren\"><i class=\"fa-calendar-alt fas button-icon-left\" aria-hidden=\"true\"><\/i><span class=\"fusion-button-text\">VERF\u00dcGBARKEIT CHECKEN<\/span><\/a><\/div><div class=\"fusion-clearfix\"><\/div><\/div><\/div><\/div><\/div><div class=\"fusion-fullwidth fullwidth-box fusion-builder-row-2 nonhundred-percent-fullwidth non-hundred-percent-height-scrolling\" style=\"--awb-border-radius-top-left:0px;--awb-border-radius-top-right:0px;--awb-border-radius-bottom-right:0px;--awb-border-radius-bottom-left:0px;--awb-flex-wrap:wrap;\" ><div class=\"fusion-builder-row fusion-row\"><div class=\"fusion-layout-column fusion_builder_column fusion-builder-column-2 fusion_builder_column_1_1 1_1 fusion-one-full fusion-column-first fusion-column-last\" style=\"--awb-bg-size:cover;--awb-margin-bottom:0px;\"><div class=\"fusion-column-wrapper fusion-flex-column-wrapper-legacy\"><div class=\"fusion-text fusion-text-2\"><h2>Virtuelle Apartment-Tour:<\/h2>\n<\/div><iframe src=\"https:\/\/www.google.com\/maps\/embed?pb=!4v1595324979704!6m8!1m7!1sCAoSLEFGMVFpcE93ZHZoWmNFRjAwQjRXdzZlamJlTXd3ZTd5T2Z0MUFyV29QZ2Fa!2m2!1d39.4007301748882!2d3.008504884572232!3f309.0856481945603!4f-24.531123224164602!5f0.7820865974627469\" width=\"600\" height=\"450\" frameborder=\"0\" style=\"border:0;\" allowfullscreen=\"\" aria-hidden=\"false\" tabindex=\"0\"><\/iframe><div class=\"fusion-clearfix\"><\/div><\/div><\/div><\/div><\/div><\/p>\n","protected":false},"excerpt":{"rendered":"","protected":false},"author":1,"featured_media":2220,"parent":515,"menu_order":0,"comment_status":"closed","ping_status":"closed","template":"","meta":{"footnotes":""},"class_list":["post-2710","page","type-page","status-publish","has-post-thumbnail","hentry"],"_links":{"self":[{"href":"https:\/\/agroturismesonllado.com\/de\/wp-json\/wp\/v2\/pages\/2710","targetHints":{"allow":["GET"]}}],"collection":[{"href":"https:\/\/agroturismesonllado.com\/de\/wp-json\/wp\/v2\/pages"}],"about":[{"href":"https:\/\/agroturismesonllado.com\/de\/wp-json\/wp\/v2\/types\/page"}],"author":[{"embeddable":true,"href":"https:\/\/agroturismesonllado.com\/de\/wp-json\/wp\/v2\/users\/1"}],"replies":[{"embeddable":true,"href":"https:\/\/agroturismesonllado.com\/de\/wp-json\/wp\/v2\/comments?post=2710"}],"version-history":[{"count":2,"href":"https:\/\/agroturismesonllado.com\/de\/wp-json\/wp\/v2\/pages\/2710\/revisions"}],"predecessor-version":[{"id":2713,"href":"https:\/\/agroturismesonllado.com\/de\/wp-json\/wp\/v2\/pages\/2710\/revisions\/2713"}],"up":[{"embeddable":true,"href":"https:\/\/agroturismesonllado.com\/de\/wp-json\/wp\/v2\/pages\/515"}],"wp:featuredmedia":[{"embeddable":true,"href":"https:\/\/agroturismesonllado.com\/de\/wp-json\/wp\/v2\/media\/2220"}],"wp:attachment":[{"href":"https:\/\/agroturismesonllado.com\/de\/wp-json\/wp\/v2\/media?parent=2710"}],"curies":[{"name":"wp","href":"https:\/\/api.w.org\/{rel}","templated":true}]}}