{"id":2703,"date":"2021-05-30T15:35:54","date_gmt":"2021-05-30T15:35:54","guid":{"rendered":"https:\/\/agroturismesonllado.com\/wohnung\/bovera\/"},"modified":"2021-05-30T15:49:56","modified_gmt":"2021-05-30T15:49:56","slug":"bovera","status":"publish","type":"page","link":"https:\/\/agroturismesonllado.com\/de\/wohnung\/bovera\/","title":{"rendered":"Bovera"},"content":{"rendered":"<p><div class=\"fusion-fullwidth fullwidth-box fusion-builder-row-1 nonhundred-percent-fullwidth non-hundred-percent-height-scrolling\" style=\"--awb-border-radius-top-left:0px;--awb-border-radius-top-right:0px;--awb-border-radius-bottom-right:0px;--awb-border-radius-bottom-left:0px;--awb-flex-wrap:wrap;\" ><div class=\"fusion-builder-row fusion-row\"><div class=\"fusion-layout-column fusion_builder_column fusion-builder-column-0 fusion_builder_column_2_5 2_5 fusion-two-fifth fusion-column-first\" style=\"--awb-bg-size:cover;width:40%;width:calc(40% - ( ( 4% ) * 0.4 ) );margin-right: 4%;\"><div class=\"fusion-column-wrapper fusion-flex-column-wrapper-legacy\"><div class=\"fusion-title title fusion-title-1 fusion-sep-none fusion-title-text fusion-title-size-one\"><h1 class=\"fusion-title-heading title-heading-left\" style=\"margin:0;\">L\u00e4ndliche Hausvilla mit 2 Zimmern in einem alten Geb\u00e4ude, in dem fr\u00fcher die K\u00fche gemolken wurden (<i>Bovera<\/i> auf Mallorcan). Das Geb\u00e4ude ist isoliert, mit einem Garten ringsherum und direkt neben dem Pool liegend. Es verf\u00fcgt \u00fcber eine Veranda und eine private Terrasse.<\/h1><\/div><div class=\"fusion-text fusion-text-1\"><h2>Kapazit\u00e4t f\u00fcr 4 Personen. Extrabett m\u00f6glich.<\/h2>\n<\/div><div class=\"fusion-clearfix\"><\/div><\/div><\/div><div class=\"fusion-layout-column fusion_builder_column fusion-builder-column-1 fusion_builder_column_3_5 3_5 fusion-three-fifth fusion-column-last\" style=\"--awb-bg-size:cover;width:60%;width:calc(60% - ( ( 4% ) * 0.6 ) );\"><div class=\"fusion-column-wrapper fusion-flex-column-wrapper-legacy\"><div class=\"fusion-tabs fusion-tabs-1 classic nav-is-justified horizontal-tabs icon-position-left mobile-mode-accordion\" style=\"--awb-title-border-radius-top-left:0px;--awb-title-border-radius-top-right:0px;--awb-title-border-radius-bottom-right:0px;--awb-title-border-radius-bottom-left:0px;--awb-inactive-color:#ebeaea;--awb-background-color:#ffffff;--awb-border-color:#ebeaea;--awb-active-border-color:#a0ce4e;\"><div class=\"nav\"><ul class=\"nav-tabs nav-justified\" role=\"tablist\"><li class=\"active\" role=\"presentation\"><a class=\"tab-link\" data-toggle=\"tab\" role=\"tab\" aria-controls=\"tab-949576ad4e9fff2d578\" aria-selected=\"true\" id=\"fusion-tab-aufteilung\" href=\"#tab-949576ad4e9fff2d578\"><h4 class=\"fusion-tab-heading\"><i class=\"fontawesome-icon fa-th-large fas\" aria-hidden=\"true\" style=\"font-size:13px;\"><\/i>Aufteilung<\/h4><\/a><\/li><li role=\"presentation\"><a class=\"tab-link\" data-toggle=\"tab\" role=\"tab\" aria-controls=\"tab-de971bf9d163d38dc5c\" aria-selected=\"false\" tabindex=\"-1\" id=\"fusion-tab-ausstattung\" href=\"#tab-de971bf9d163d38dc5c\"><h4 class=\"fusion-tab-heading\"><i class=\"fontawesome-icon fa-list-alt far\" aria-hidden=\"true\" style=\"font-size:13px;\"><\/i>Ausstattung<\/h4><\/a><\/li><li role=\"presentation\"><a class=\"tab-link\" data-toggle=\"tab\" role=\"tab\" aria-controls=\"tab-14755552d61c1160521\" aria-selected=\"false\" tabindex=\"-1\" id=\"fusion-tab-anderedetails\" href=\"#tab-14755552d61c1160521\"><h4 class=\"fusion-tab-heading\"><i class=\"fontawesome-icon fa-star fas\" aria-hidden=\"true\" style=\"font-size:13px;\"><\/i>Andere Details<\/h4><\/a><\/li><\/ul><\/div><div class=\"tab-content\"><div class=\"nav fusion-mobile-tab-nav\"><ul class=\"nav-tabs nav-justified\" role=\"tablist\"><li class=\"active\" role=\"presentation\"><a class=\"tab-link\" data-toggle=\"tab\" role=\"tab\" aria-controls=\"tab-949576ad4e9fff2d578\" aria-selected=\"true\" id=\"mobile-fusion-tab-aufteilung\" href=\"#tab-949576ad4e9fff2d578\"><h4 class=\"fusion-tab-heading\"><i class=\"fontawesome-icon fa-th-large fas\" aria-hidden=\"true\" style=\"font-size:13px;\"><\/i>Aufteilung<\/h4><\/a><\/li><\/ul><\/div><div class=\"tab-pane fade fusion-clearfix in active\" role=\"tabpanel\" tabindex=\"0\" aria-labelledby=\"fusion-tab-aufteilung\" id=\"tab-949576ad4e9fff2d578\">\n<ul>\n<li>2 Doppelzimmer<\/li>\n<li>2 Badezimmer<\/li>\n<li>1 K\u00fcche<\/li>\n<li>1 Wohn-Esszimmer<\/li>\n<li>1 Veranda<\/li>\n<li>1 private Terrasse<\/li>\n<li>Insgesamt 85 m2 Wohnraum + 40 m2 private Terrasse<\/li>\n<\/ul>\n<\/div><div class=\"nav fusion-mobile-tab-nav\"><ul class=\"nav-tabs nav-justified\" role=\"tablist\"><li role=\"presentation\"><a class=\"tab-link\" data-toggle=\"tab\" role=\"tab\" aria-controls=\"tab-de971bf9d163d38dc5c\" aria-selected=\"false\" tabindex=\"-1\" id=\"mobile-fusion-tab-ausstattung\" href=\"#tab-de971bf9d163d38dc5c\"><h4 class=\"fusion-tab-heading\"><i class=\"fontawesome-icon fa-list-alt far\" aria-hidden=\"true\" style=\"font-size:13px;\"><\/i>Ausstattung<\/h4><\/a><\/li><\/ul><\/div><div class=\"tab-pane fade fusion-clearfix\" role=\"tabpanel\" tabindex=\"0\" aria-labelledby=\"fusion-tab-ausstattung\" id=\"tab-de971bf9d163d38dc5c\">\n<ul>\n<li>Gemeinschaftsgrill und Backofen<\/li>\n<li>Klimaanlage<\/li>\n<li>Deckenventilator in den Schlafzimmern<\/li>\n<li>Zentralheizung<\/li>\n<li>Holzofen<\/li>\n<li>Vitrokeramische K\u00fcche<\/li>\n<li>K\u00fchlschrank, Mikrowelle und Geschirrsp\u00fclmaschine<\/li>\n<li>Geschirr<\/li>\n<li>Bettw\u00e4sche<\/li>\n<li>Handt\u00fccher (Bad und Pool)<\/li>\n<li>Waschmaschine<\/li>\n<li>Wlan<\/li>\n<li>Smart TV<\/li>\n<\/ul>\n<\/div><div class=\"nav fusion-mobile-tab-nav\"><ul class=\"nav-tabs nav-justified\" role=\"tablist\"><li role=\"presentation\"><a class=\"tab-link\" data-toggle=\"tab\" role=\"tab\" aria-controls=\"tab-14755552d61c1160521\" aria-selected=\"false\" tabindex=\"-1\" id=\"mobile-fusion-tab-anderedetails\" href=\"#tab-14755552d61c1160521\"><h4 class=\"fusion-tab-heading\"><i class=\"fontawesome-icon fa-star fas\" aria-hidden=\"true\" style=\"font-size:13px;\"><\/i>Andere Details<\/h4><\/a><\/li><\/ul><\/div><div class=\"tab-pane fade fusion-clearfix\" role=\"tabpanel\" tabindex=\"0\" aria-labelledby=\"fusion-tab-anderedetails\" id=\"tab-14755552d61c1160521\">\n<p>Blick auf die umliegenden G\u00e4rten und Felder. Hochwertige Holzschreinerei im rustikalen Stil. 180x200cm Doppelbett mit schmiedeeisernem Kopfteil. 90x190cm Einzelbetten. Masterw\u00e4nde aus 25 cm dickem Sandstein und bel\u00fcftetem Dach mit D\u00e4mmung, die den Einsatz einer Klimaanlage im Sommer praktisch \u00fcberfl\u00fcssig machen. Spektakul\u00e4re Aussicht auf den Sonnenuntergang.<\/p>\n<\/div><\/div><\/div><div class=\"fusion-aligncenter\"><a class=\"fusion-button button-flat button-large button-default fusion-button-default button-1 fusion-button-default-span fusion-button-default-type\" target=\"_self\" href=\"https:\/\/www.agroturismesonllado.com\/de\/reservieren\"><i class=\"fa-calendar-alt fas button-icon-left\" aria-hidden=\"true\"><\/i><span class=\"fusion-button-text\">Verf\u00fcgbarkeit pr\u00fcfen<\/span><\/a><\/div><div class=\"fusion-clearfix\"><\/div><\/div><\/div><\/div><\/div><div class=\"fusion-fullwidth fullwidth-box fusion-builder-row-2 nonhundred-percent-fullwidth non-hundred-percent-height-scrolling\" style=\"--awb-border-radius-top-left:0px;--awb-border-radius-top-right:0px;--awb-border-radius-bottom-right:0px;--awb-border-radius-bottom-left:0px;--awb-flex-wrap:wrap;\" ><div class=\"fusion-builder-row fusion-row\"><div class=\"fusion-layout-column fusion_builder_column fusion-builder-column-2 fusion_builder_column_1_1 1_1 fusion-one-full fusion-column-first fusion-column-last\" style=\"--awb-bg-size:cover;--awb-margin-bottom:0px;\"><div class=\"fusion-column-wrapper fusion-flex-column-wrapper-legacy\"><div class=\"fusion-text fusion-text-2\"><h2>Virtuelle Unterkunftstour:<\/h2>\n<\/div><iframe src=\"https:\/\/www.google.com\/maps\/embed?pb=!4v1594742999056!6m8!1m7!1sCAoSLEFGMVFpcE1UWjlnZXRDckFkMmEwb3NicmEzQ0t0SzVDaFduaGlZMW1vNHEy!2m2!1d39.40033200382357!2d3.008009937345308!3f172.06004379957784!4f-1.5449707806495212!5f0.7820865974627469\" width=\"600\" height=\"450\" frameborder=\"0\" style=\"border:0;\" allowfullscreen=\"\" aria-hidden=\"false\" tabindex=\"0\"><\/iframe><div class=\"fusion-clearfix\"><\/div><\/div><\/div><\/div><\/div><\/p>\n","protected":false},"excerpt":{"rendered":"","protected":false},"author":1,"featured_media":2076,"parent":515,"menu_order":0,"comment_status":"closed","ping_status":"closed","template":"","meta":{"footnotes":""},"class_list":["post-2703","page","type-page","status-publish","has-post-thumbnail","hentry"],"_links":{"self":[{"href":"https:\/\/agroturismesonllado.com\/de\/wp-json\/wp\/v2\/pages\/2703","targetHints":{"allow":["GET"]}}],"collection":[{"href":"https:\/\/agroturismesonllado.com\/de\/wp-json\/wp\/v2\/pages"}],"about":[{"href":"https:\/\/agroturismesonllado.com\/de\/wp-json\/wp\/v2\/types\/page"}],"author":[{"embeddable":true,"href":"https:\/\/agroturismesonllado.com\/de\/wp-json\/wp\/v2\/users\/1"}],"replies":[{"embeddable":true,"href":"https:\/\/agroturismesonllado.com\/de\/wp-json\/wp\/v2\/comments?post=2703"}],"version-history":[{"count":2,"href":"https:\/\/agroturismesonllado.com\/de\/wp-json\/wp\/v2\/pages\/2703\/revisions"}],"predecessor-version":[{"id":2705,"href":"https:\/\/agroturismesonllado.com\/de\/wp-json\/wp\/v2\/pages\/2703\/revisions\/2705"}],"up":[{"embeddable":true,"href":"https:\/\/agroturismesonllado.com\/de\/wp-json\/wp\/v2\/pages\/515"}],"wp:featuredmedia":[{"embeddable":true,"href":"https:\/\/agroturismesonllado.com\/de\/wp-json\/wp\/v2\/media\/2076"}],"wp:attachment":[{"href":"https:\/\/agroturismesonllado.com\/de\/wp-json\/wp\/v2\/media?parent=2703"}],"curies":[{"name":"wp","href":"https:\/\/api.w.org\/{rel}","templated":true}]}}