{"id":2661,"date":"2018-04-23T15:40:37","date_gmt":"2018-04-23T15:40:37","guid":{"rendered":"https:\/\/agroturismesonllado.com\/wohnung\/la-volta-2\/"},"modified":"2021-06-06T10:31:33","modified_gmt":"2021-06-06T10:31:33","slug":"la-volta","status":"publish","type":"page","link":"https:\/\/agroturismesonllado.com\/de\/wohnung\/la-volta\/","title":{"rendered":"La Volta"},"content":{"rendered":"<p><div class=\"fusion-fullwidth fullwidth-box fusion-builder-row-1 nonhundred-percent-fullwidth non-hundred-percent-height-scrolling\" style=\"--awb-border-radius-top-left:0px;--awb-border-radius-top-right:0px;--awb-border-radius-bottom-right:0px;--awb-border-radius-bottom-left:0px;--awb-flex-wrap:wrap;\" ><div class=\"fusion-builder-row fusion-row\"><div class=\"fusion-layout-column fusion_builder_column fusion-builder-column-0 fusion_builder_column_2_5 2_5 fusion-two-fifth fusion-column-first\" style=\"--awb-bg-size:cover;width:40%;width:calc(40% - ( ( 4% ) * 0.4 ) );margin-right: 4%;\"><div class=\"fusion-column-wrapper fusion-flex-column-wrapper-legacy\"><div class=\"fusion-title title fusion-title-1 fusion-sep-none fusion-title-text fusion-title-size-one\"><h1 class=\"fusion-title-heading title-heading-left\" style=\"margin:0;\"><p>&nbsp;<\/p>\n<p>L\u00e4ndliche Unterkunft im Erdgeschoss des Hauptgeb\u00e4udes. Der Name &#8222;Volta&#8220;, nach dem es benannt ist, definiert eine spezielle Art einer Schlafzimmer-Decke, die aus Sandsteinst\u00fccken besteht, die ein Gew\u00f6lbe bilden.<\/p><\/h1><\/div><div class=\"fusion-text fusion-text-1\"><h2>Ideal f\u00fcr 2 Personen. M\u00f6glichkeit 2 Kinder haben ebenfalls Platz.<\/h2>\n<\/div><div class=\"fusion-clearfix\"><\/div><\/div><\/div><div class=\"fusion-layout-column fusion_builder_column fusion-builder-column-1 fusion_builder_column_3_5 3_5 fusion-three-fifth fusion-column-last\" style=\"--awb-bg-size:cover;width:60%;width:calc(60% - ( ( 4% ) * 0.6 ) );\"><div class=\"fusion-column-wrapper fusion-flex-column-wrapper-legacy\"><div class=\"fusion-tabs fusion-tabs-1 classic nav-is-justified horizontal-tabs icon-position-left mobile-mode-accordion\" style=\"--awb-title-border-radius-top-left:0px;--awb-title-border-radius-top-right:0px;--awb-title-border-radius-bottom-right:0px;--awb-title-border-radius-bottom-left:0px;--awb-inactive-color:#ebeaea;--awb-background-color:#ffffff;--awb-border-color:#ebeaea;--awb-active-border-color:#a0ce4e;\"><div class=\"nav\"><ul class=\"nav-tabs nav-justified\" role=\"tablist\"><li class=\"active\" role=\"presentation\"><a class=\"tab-link\" data-toggle=\"tab\" role=\"tab\" aria-controls=\"tab-c3a34fcb1506fa5fdb7\" aria-selected=\"true\" id=\"fusion-tab-aufteilung\" href=\"#tab-c3a34fcb1506fa5fdb7\"><h4 class=\"fusion-tab-heading\"><i class=\"fontawesome-icon fa fa-th-large\" aria-hidden=\"true\" style=\"font-size:13px;\"><\/i>Aufteilung<\/h4><\/a><\/li><li role=\"presentation\"><a class=\"tab-link\" data-toggle=\"tab\" role=\"tab\" aria-controls=\"tab-c3c3ccafdec81fb2adc\" aria-selected=\"false\" tabindex=\"-1\" id=\"fusion-tab-ausstattung\" href=\"#tab-c3c3ccafdec81fb2adc\"><h4 class=\"fusion-tab-heading\"><i class=\"fontawesome-icon fa-list-alt far\" aria-hidden=\"true\" style=\"font-size:13px;\"><\/i>Ausstattung<\/h4><\/a><\/li><li role=\"presentation\"><a class=\"tab-link\" data-toggle=\"tab\" role=\"tab\" aria-controls=\"tab-67d935dcd9a24be2133\" aria-selected=\"false\" tabindex=\"-1\" id=\"fusion-tab-weiteredetails\" href=\"#tab-67d935dcd9a24be2133\"><h4 class=\"fusion-tab-heading\"><i class=\"fontawesome-icon fa fa-star\" aria-hidden=\"true\" style=\"font-size:13px;\"><\/i>Weitere Details<\/h4><\/a><\/li><\/ul><\/div><div class=\"tab-content\"><div class=\"nav fusion-mobile-tab-nav\"><ul class=\"nav-tabs nav-justified\" role=\"tablist\"><li class=\"active\" role=\"presentation\"><a class=\"tab-link\" data-toggle=\"tab\" role=\"tab\" aria-controls=\"tab-c3a34fcb1506fa5fdb7\" aria-selected=\"true\" id=\"mobile-fusion-tab-aufteilung\" href=\"#tab-c3a34fcb1506fa5fdb7\"><h4 class=\"fusion-tab-heading\"><i class=\"fontawesome-icon fa fa-th-large\" aria-hidden=\"true\" style=\"font-size:13px;\"><\/i>Aufteilung<\/h4><\/a><\/li><\/ul><\/div><div class=\"tab-pane fade fusion-clearfix in active\" role=\"tabpanel\" tabindex=\"0\" aria-labelledby=\"fusion-tab-aufteilung\" id=\"tab-c3a34fcb1506fa5fdb7\">\n<ul>\n<li>1 Doppelzimmer + 1 Dachboden mit 2 Einzelbetten<\/li>\n<li>1 Bad<\/li>\n<li>1 K\u00fcche<\/li>\n<li>1 Wohnzimmer-Esszimmer<\/li>\n<li>1 private Terrasse<\/li>\n<li>Insgesamt 48 m2 Wohnraum + 40 m2 private Terrasse<\/li>\n<li>Unabh\u00e4ngiger Eingangsbereich<\/li>\n<\/ul>\n<\/div><div class=\"nav fusion-mobile-tab-nav\"><ul class=\"nav-tabs nav-justified\" role=\"tablist\"><li role=\"presentation\"><a class=\"tab-link\" data-toggle=\"tab\" role=\"tab\" aria-controls=\"tab-c3c3ccafdec81fb2adc\" aria-selected=\"false\" tabindex=\"-1\" id=\"mobile-fusion-tab-ausstattung\" href=\"#tab-c3c3ccafdec81fb2adc\"><h4 class=\"fusion-tab-heading\"><i class=\"fontawesome-icon fa-list-alt far\" aria-hidden=\"true\" style=\"font-size:13px;\"><\/i>Ausstattung<\/h4><\/a><\/li><\/ul><\/div><div class=\"tab-pane fade fusion-clearfix\" role=\"tabpanel\" tabindex=\"0\" aria-labelledby=\"fusion-tab-ausstattung\" id=\"tab-c3c3ccafdec81fb2adc\">\n<ul>\n<li>Klimaanlage<\/li>\n<li>Zentralheizung<\/li>\n<li>Holzofen<\/li>\n<li>Vitrokeramische K\u00fcche<\/li>\n<li>K\u00fchlschrank<\/li>\n<li>Gemeinschaftsw\u00e4sche<\/li>\n<li>Geschirr<\/li>\n<li>Bettw\u00e4sche<\/li>\n<li>Handt\u00fccher (Bad und Pool)<\/li>\n<li>Smart TV<\/li>\n<li>WLAN<\/li>\n<li>Gemeinschaftsgrill<\/li>\n<\/ul>\n<\/div><div class=\"nav fusion-mobile-tab-nav\"><ul class=\"nav-tabs nav-justified\" role=\"tablist\"><li role=\"presentation\"><a class=\"tab-link\" data-toggle=\"tab\" role=\"tab\" aria-controls=\"tab-67d935dcd9a24be2133\" aria-selected=\"false\" tabindex=\"-1\" id=\"mobile-fusion-tab-weiteredetails\" href=\"#tab-67d935dcd9a24be2133\"><h4 class=\"fusion-tab-heading\"><i class=\"fontawesome-icon fa fa-star\" aria-hidden=\"true\" style=\"font-size:13px;\"><\/i>Weitere Details<\/h4><\/a><\/li><\/ul><\/div><div class=\"tab-pane fade fusion-clearfix\" role=\"tabpanel\" tabindex=\"0\" aria-labelledby=\"fusion-tab-weiteredetails\" id=\"tab-67d935dcd9a24be2133\">\n<p>Blick auf die G\u00e4rten, die vorderen Felder und auf der linken Seite den Verteidigungsturm von Son Llad\u00f3 Vell aus dem 13. Jahrhundert. Hochwertige Holzarbeiten im rustikalen Stil. Doppelbett 180 \u00d7 200 cm, mit schmiedeeisernem Kopfteil. Decke des Hauptschlafzimmers aus Sandsteingew\u00f6lbe aus dem 17. Jahrhundert.<\/p>\n<\/div><\/div><\/div><div class=\"fusion-aligncenter\"><a class=\"fusion-button button-flat button-large button-default fusion-button-default button-1 fusion-button-default-span fusion-button-default-type\" target=\"_self\" href=\"http:\/\/www.agroturismesonllado.com\/de\/reservieren\"><i class=\"fa-calendar-alt fas button-icon-left\" aria-hidden=\"true\"><\/i><span class=\"fusion-button-text\">Jetzt reservieren<\/span><\/a><\/div><div class=\"fusion-clearfix\"><\/div><\/div><\/div><\/div><\/div><div class=\"fusion-fullwidth fullwidth-box fusion-builder-row-2 nonhundred-percent-fullwidth non-hundred-percent-height-scrolling\" style=\"--awb-border-radius-top-left:0px;--awb-border-radius-top-right:0px;--awb-border-radius-bottom-right:0px;--awb-border-radius-bottom-left:0px;--awb-flex-wrap:wrap;\" ><div class=\"fusion-builder-row fusion-row\"><div class=\"fusion-layout-column fusion_builder_column fusion-builder-column-2 fusion_builder_column_1_1 1_1 fusion-one-full fusion-column-first fusion-column-last\" style=\"--awb-bg-size:cover;--awb-margin-bottom:0px;\"><div class=\"fusion-column-wrapper fusion-flex-column-wrapper-legacy\"><div class=\"fusion-text fusion-text-2\"><h2>Hier k\u00f6nnen Sie sich unsere Unterkunft virtuell anschauen:<\/h2>\n<\/div><iframe src=\"https:\/\/www.google.com\/maps\/embed?pb=!4v1594742618142!6m8!1m7!1sCAoSLEFGMVFpcFBhUFdHMzBTZFlwV180UmlsNkNITjR5c3FMOGM1OElBaDNqQVVX!2m2!1d39.40085984256008!2d3.008726013624101!3f47.49172436138474!4f-7.337532935957029!5f0.7820865974627469\" width=\"600\" height=\"450\" frameborder=\"0\" style=\"border:0;\" allowfullscreen=\"\" aria-hidden=\"false\" tabindex=\"0\"><\/iframe><div class=\"fusion-clearfix\"><\/div><\/div><\/div><\/div><\/div><\/p>\n","protected":false},"excerpt":{"rendered":"","protected":false},"author":1,"featured_media":2204,"parent":515,"menu_order":0,"comment_status":"closed","ping_status":"closed","template":"","meta":{"footnotes":""},"class_list":["post-2661","page","type-page","status-publish","has-post-thumbnail","hentry"],"_links":{"self":[{"href":"https:\/\/agroturismesonllado.com\/de\/wp-json\/wp\/v2\/pages\/2661","targetHints":{"allow":["GET"]}}],"collection":[{"href":"https:\/\/agroturismesonllado.com\/de\/wp-json\/wp\/v2\/pages"}],"about":[{"href":"https:\/\/agroturismesonllado.com\/de\/wp-json\/wp\/v2\/types\/page"}],"author":[{"embeddable":true,"href":"https:\/\/agroturismesonllado.com\/de\/wp-json\/wp\/v2\/users\/1"}],"replies":[{"embeddable":true,"href":"https:\/\/agroturismesonllado.com\/de\/wp-json\/wp\/v2\/comments?post=2661"}],"version-history":[{"count":3,"href":"https:\/\/agroturismesonllado.com\/de\/wp-json\/wp\/v2\/pages\/2661\/revisions"}],"predecessor-version":[{"id":2667,"href":"https:\/\/agroturismesonllado.com\/de\/wp-json\/wp\/v2\/pages\/2661\/revisions\/2667"}],"up":[{"embeddable":true,"href":"https:\/\/agroturismesonllado.com\/de\/wp-json\/wp\/v2\/pages\/515"}],"wp:featuredmedia":[{"embeddable":true,"href":"https:\/\/agroturismesonllado.com\/de\/wp-json\/wp\/v2\/media\/2204"}],"wp:attachment":[{"href":"https:\/\/agroturismesonllado.com\/de\/wp-json\/wp\/v2\/media?parent=2661"}],"curies":[{"name":"wp","href":"https:\/\/api.w.org\/{rel}","templated":true}]}}