{"id":2606,"date":"2018-04-23T15:39:51","date_gmt":"2018-04-23T15:39:51","guid":{"rendered":"https:\/\/agroturismesonllado.com\/wohnung\/el-porxo\/"},"modified":"2021-05-27T20:47:59","modified_gmt":"2021-05-27T20:47:59","slug":"el-porxo","status":"publish","type":"page","link":"https:\/\/agroturismesonllado.com\/de\/wohnung\/el-porxo\/","title":{"rendered":"El Porxo"},"content":{"rendered":"<p><div class=\"fusion-fullwidth fullwidth-box fusion-builder-row-1 nonhundred-percent-fullwidth non-hundred-percent-height-scrolling\" style=\"--awb-border-radius-top-left:0px;--awb-border-radius-top-right:0px;--awb-border-radius-bottom-right:0px;--awb-border-radius-bottom-left:0px;--awb-flex-wrap:wrap;\" ><div class=\"fusion-builder-row fusion-row\"><div class=\"fusion-layout-column fusion_builder_column fusion-builder-column-0 fusion_builder_column_2_5 2_5 fusion-two-fifth fusion-column-first\" style=\"--awb-bg-size:cover;width:40%;width:calc(40% - ( ( 4% ) * 0.4 ) );margin-right: 4%;\"><div class=\"fusion-column-wrapper fusion-flex-column-wrapper-legacy\"><div class=\"fusion-title title fusion-title-1 fusion-sep-none fusion-title-text fusion-title-size-one\"><h1 class=\"fusion-title-heading title-heading-left\" style=\"margin:0;\">Eigenst\u00e4ndiges Landhaus, etwa 60 Meter vom Hauptgeb\u00e4ude entfernt. Auf einer Etage verteilt findet man 3 Schlafzimmer. Dieses Landhaus ist das Ergebnis eines Zusammenschlusses sowie der Restaurierung einer alten Scheune mit einem landwirtschaftlichen Stall.<\/h1><\/div><div class=\"fusion-text fusion-text-1\"><h2>Kapazit\u00e4t f\u00fcr 6 Personen. Behindertengerecht ausgestattet.<\/h2>\n<\/div><div class=\"fusion-clearfix\"><\/div><\/div><\/div><div class=\"fusion-layout-column fusion_builder_column fusion-builder-column-1 fusion_builder_column_3_5 3_5 fusion-three-fifth fusion-column-last\" style=\"--awb-bg-size:cover;width:60%;width:calc(60% - ( ( 4% ) * 0.6 ) );\"><div class=\"fusion-column-wrapper fusion-flex-column-wrapper-legacy\"><div class=\"fusion-tabs fusion-tabs-1 classic nav-is-justified horizontal-tabs icon-position-left mobile-mode-accordion\" style=\"--awb-title-border-radius-top-left:0px;--awb-title-border-radius-top-right:0px;--awb-title-border-radius-bottom-right:0px;--awb-title-border-radius-bottom-left:0px;--awb-inactive-color:#ebeaea;--awb-background-color:#ffffff;--awb-border-color:#ebeaea;--awb-active-border-color:#a0ce4e;\"><div class=\"nav\"><ul class=\"nav-tabs nav-justified\" role=\"tablist\"><li class=\"active\" role=\"presentation\"><a class=\"tab-link\" data-toggle=\"tab\" role=\"tab\" aria-controls=\"tab-a076eca1727aba9a992\" aria-selected=\"true\" id=\"fusion-tab-aufteilung\" href=\"#tab-a076eca1727aba9a992\"><h4 class=\"fusion-tab-heading\"><i class=\"fontawesome-icon fa-th-large fas\" aria-hidden=\"true\" style=\"font-size:13px;\"><\/i>Aufteilung<\/h4><\/a><\/li><li role=\"presentation\"><a class=\"tab-link\" data-toggle=\"tab\" role=\"tab\" aria-controls=\"tab-4f4da9f347ae80642fe\" aria-selected=\"false\" tabindex=\"-1\" id=\"fusion-tab-ausstattung\" href=\"#tab-4f4da9f347ae80642fe\"><h4 class=\"fusion-tab-heading\"><i class=\"fontawesome-icon fa-list-alt far\" aria-hidden=\"true\" style=\"font-size:13px;\"><\/i>Ausstattung<\/h4><\/a><\/li><li role=\"presentation\"><a class=\"tab-link\" data-toggle=\"tab\" role=\"tab\" aria-controls=\"tab-016e5d3ba6c6c1926a3\" aria-selected=\"false\" tabindex=\"-1\" id=\"fusion-tab-weiteredetails\" href=\"#tab-016e5d3ba6c6c1926a3\"><h4 class=\"fusion-tab-heading\"><i class=\"fontawesome-icon fa-star fas\" aria-hidden=\"true\" style=\"font-size:13px;\"><\/i>Weitere Details<\/h4><\/a><\/li><\/ul><\/div><div class=\"tab-content\"><div class=\"nav fusion-mobile-tab-nav\"><ul class=\"nav-tabs nav-justified\" role=\"tablist\"><li class=\"active\" role=\"presentation\"><a class=\"tab-link\" data-toggle=\"tab\" role=\"tab\" aria-controls=\"tab-a076eca1727aba9a992\" aria-selected=\"true\" id=\"mobile-fusion-tab-aufteilung\" href=\"#tab-a076eca1727aba9a992\"><h4 class=\"fusion-tab-heading\"><i class=\"fontawesome-icon fa-th-large fas\" aria-hidden=\"true\" style=\"font-size:13px;\"><\/i>Aufteilung<\/h4><\/a><\/li><\/ul><\/div><div class=\"tab-pane fade fusion-clearfix in active\" role=\"tabpanel\" tabindex=\"0\" aria-labelledby=\"fusion-tab-aufteilung\" id=\"tab-a076eca1727aba9a992\">\n<ul>\n<li>3 Doppelzimmer<\/li>\n<li>2 Badezimmer<\/li>\n<li>1 K\u00fcche<\/li>\n<li>1 Wohnzimmer &#8211; Esszimmer<\/li>\n<li>1 Abstellraum &#8211; W\u00e4scherei<\/li>\n<li>1 private \u00fcberdachte Terrasse<\/li>\n<li>1 eigener Grill<\/li>\n<li>Insgesamt 120 m2 Wohnraum + 30 m2 \u00fcberdachte private Terrasse + 30 m2 offene private Terrasse<\/li>\n<\/ul>\n<\/div><div class=\"nav fusion-mobile-tab-nav\"><ul class=\"nav-tabs nav-justified\" role=\"tablist\"><li role=\"presentation\"><a class=\"tab-link\" data-toggle=\"tab\" role=\"tab\" aria-controls=\"tab-4f4da9f347ae80642fe\" aria-selected=\"false\" tabindex=\"-1\" id=\"mobile-fusion-tab-ausstattung\" href=\"#tab-4f4da9f347ae80642fe\"><h4 class=\"fusion-tab-heading\"><i class=\"fontawesome-icon fa-list-alt far\" aria-hidden=\"true\" style=\"font-size:13px;\"><\/i>Ausstattung<\/h4><\/a><\/li><\/ul><\/div><div class=\"tab-pane fade fusion-clearfix\" role=\"tabpanel\" tabindex=\"0\" aria-labelledby=\"fusion-tab-ausstattung\" id=\"tab-4f4da9f347ae80642fe\">\n<ul>\n<li>Klimaanlage<\/li>\n<li>W\u00e4rmepumpe<\/li>\n<li>Holzofen<\/li>\n<li>Deckenventilatoren in Schlafzimmern<\/li>\n<li>Keramikkochfeld, Ofen<\/li>\n<li>Geschirr<\/li>\n<li>K\u00fchlschrank, Geschirrsp\u00fcler<\/li>\n<li>Waschmaschine<\/li>\n<li>Smart TV<\/li>\n<li>Schnelles WLAN mit Glasfasser-Geschwindigkeit<\/li>\n<\/ul>\n<\/div><div class=\"nav fusion-mobile-tab-nav\"><ul class=\"nav-tabs nav-justified\" role=\"tablist\"><li role=\"presentation\"><a class=\"tab-link\" data-toggle=\"tab\" role=\"tab\" aria-controls=\"tab-016e5d3ba6c6c1926a3\" aria-selected=\"false\" tabindex=\"-1\" id=\"mobile-fusion-tab-weiteredetails\" href=\"#tab-016e5d3ba6c6c1926a3\"><h4 class=\"fusion-tab-heading\"><i class=\"fontawesome-icon fa-star fas\" aria-hidden=\"true\" style=\"font-size:13px;\"><\/i>Weitere Details<\/h4><\/a><\/li><\/ul><\/div><div class=\"tab-pane fade fusion-clearfix\" role=\"tabpanel\" tabindex=\"0\" aria-labelledby=\"fusion-tab-weiteredetails\" id=\"tab-016e5d3ba6c6c1926a3\">\n<p>Herrlicher Blick auf die G\u00e4rten und Felder. Innent\u00fcren erstellt in einer hochwertigen rustikalen Holzschreinerei. PVC-Fenster und Aluminium-Fensterl\u00e4den. Doppelbetten mit den Ma\u00dfen 180 \u00d7 200 cm. Einzelbetten mit den Ma\u00dfen 90 \u00d7 200 cm. Bel\u00fcftete Abdeckung. Zwischenabdeckung im Wohnzimmer, im Flur, im Esszimmer und im Hauptschlafzimmer.<\/p>\n<\/div><\/div><\/div><div class=\"fusion-aligncenter\"><a class=\"fusion-button button-flat button-large button-default fusion-button-default button-1 fusion-button-default-span fusion-button-default-type\" target=\"_self\" href=\"https:\/\/agroturismesonllado.com\/de\/reservieren\/\"><i class=\"fa-calendar-alt fas button-icon-left\" aria-hidden=\"true\"><\/i><span class=\"fusion-button-text\">Verf\u00fcgbarkeit pr\u00fcfen<\/span><\/a><\/div><div class=\"fusion-clearfix\"><\/div><\/div><\/div><\/div><\/div><div class=\"fusion-fullwidth fullwidth-box fusion-builder-row-2 nonhundred-percent-fullwidth non-hundred-percent-height-scrolling\" style=\"--awb-border-radius-top-left:0px;--awb-border-radius-top-right:0px;--awb-border-radius-bottom-right:0px;--awb-border-radius-bottom-left:0px;--awb-flex-wrap:wrap;\" ><div class=\"fusion-builder-row fusion-row\"><div class=\"fusion-layout-column fusion_builder_column fusion-builder-column-2 fusion_builder_column_1_1 1_1 fusion-one-full fusion-column-first fusion-column-last\" style=\"--awb-bg-size:cover;--awb-margin-bottom:0px;\"><div class=\"fusion-column-wrapper fusion-flex-column-wrapper-legacy\"><div class=\"fusion-text fusion-text-2\"><h2>Hier k\u00f6nnen Sie diese Unterkunft virtuell besichtigen:<\/h2>\n<\/div><iframe src=\"https:\/\/www.google.com\/maps\/embed?pb=!4v1594215156396!6m8!1m7!1sCAoSLEFGMVFpcE5vNWdzWG50U01VbFcwN0Z2M21MZHRNWW9mSTdhTVhQd0N2dUhT!2m2!1d39.40068809389503!2d3.007889447820631!3f34.494790827912794!4f-14.654985259242835!5f0.7820865974627469\" width=\"600\" height=\"450\" frameborder=\"0\" style=\"border:0;\" allowfullscreen=\"\" aria-hidden=\"false\" tabindex=\"0\"><\/iframe><div class=\"fusion-clearfix\"><\/div><\/div><\/div><\/div><\/div><\/p>\n","protected":false},"excerpt":{"rendered":"","protected":false},"author":1,"featured_media":2108,"parent":515,"menu_order":0,"comment_status":"closed","ping_status":"closed","template":"","meta":{"footnotes":""},"class_list":["post-2606","page","type-page","status-publish","has-post-thumbnail","hentry"],"_links":{"self":[{"href":"https:\/\/agroturismesonllado.com\/de\/wp-json\/wp\/v2\/pages\/2606","targetHints":{"allow":["GET"]}}],"collection":[{"href":"https:\/\/agroturismesonllado.com\/de\/wp-json\/wp\/v2\/pages"}],"about":[{"href":"https:\/\/agroturismesonllado.com\/de\/wp-json\/wp\/v2\/types\/page"}],"author":[{"embeddable":true,"href":"https:\/\/agroturismesonllado.com\/de\/wp-json\/wp\/v2\/users\/1"}],"replies":[{"embeddable":true,"href":"https:\/\/agroturismesonllado.com\/de\/wp-json\/wp\/v2\/comments?post=2606"}],"version-history":[{"count":3,"href":"https:\/\/agroturismesonllado.com\/de\/wp-json\/wp\/v2\/pages\/2606\/revisions"}],"predecessor-version":[{"id":2615,"href":"https:\/\/agroturismesonllado.com\/de\/wp-json\/wp\/v2\/pages\/2606\/revisions\/2615"}],"up":[{"embeddable":true,"href":"https:\/\/agroturismesonllado.com\/de\/wp-json\/wp\/v2\/pages\/515"}],"wp:featuredmedia":[{"embeddable":true,"href":"https:\/\/agroturismesonllado.com\/de\/wp-json\/wp\/v2\/media\/2108"}],"wp:attachment":[{"href":"https:\/\/agroturismesonllado.com\/de\/wp-json\/wp\/v2\/media?parent=2606"}],"curies":[{"name":"wp","href":"https:\/\/api.w.org\/{rel}","templated":true}]}}